{"id":54752,"date":"2021-05-19T12:52:24","date_gmt":"2021-05-19T10:52:24","guid":{"rendered":"https:\/\/cafesnovell.com\/?page_id=54752"},"modified":"2022-05-06T09:31:04","modified_gmt":"2022-05-06T07:31:04","slug":"vending","status":"publish","type":"page","link":"https:\/\/preprod.cafesnovell.com\/ca\/empreses2\/vending\/","title":{"rendered":"Solucions Vending"},"content":{"rendered":"<div class=\"wpb-content-wrapper\">[vc_section full_width=&#8221;stretch_row&#8221; content_placement=&#8221;middle&#8221; css=&#8221;.vc_custom_1651768629229{background-position: center !important;background-repeat: no-repeat !important;background-size: cover !important;}&#8221;][vc_row fullwidth=&#8221;true&#8221; visibility=&#8221;hidden-sm&#8221; el_class=&#8221;first-section-empresa&#8221;][vc_column][vc_single_image image=&#8221;66648&#8243; img_size=&#8221;full&#8221; alignment=&#8221;center&#8221;][\/vc_column][\/vc_row][vc_row fullwidth=&#8221;true&#8221; visibility=&#8221;visible-sm&#8221; el_class=&#8221;first-section-empresa&#8221;][vc_column][vc_single_image image=&#8221;66701&#8243; img_size=&#8221;full&#8221; alignment=&#8221;center&#8221;][\/vc_column][\/vc_row][\/vc_section][vc_section full_width=&#8221;stretch_row&#8221; content_placement=&#8221;top&#8221; css=&#8221;.vc_custom_1651770556750{padding-bottom: 0px !important;background-position: center !important;background-repeat: no-repeat !important;background-size: cover !important;}&#8221; el_class=&#8221;section-text&#8221;][vc_row fullwidth=&#8221;true&#8221; visibility=&#8221;hidden-sm&#8221; css=&#8221;.vc_custom_1651770384872{padding-top: 20px !important;padding-bottom: 70px !important;}&#8221;][vc_column width=&#8221;1\/12&#8243; css=&#8221;.vc_custom_1564138963427{border-bottom-width: 1px !important;padding-top: 25px !important;padding-right: 0px !important;padding-left: 10px !important;border-bottom-color: #ffffff !important;border-bottom-style: solid !important;}&#8221;][\/vc_column][vc_column width=&#8221;6\/12&#8243;][vc_video host=&#8221;self_hosted&#8221; mp4=&#8221;https:\/\/preprod.cafesnovell.com\/wp-content\/uploads\/2021\/05\/vending-final-top-town.mp4&#8243; poster_image=&#8221;https:\/\/preprod.cafesnovell.com\/wp-content\/uploads\/2022\/05\/vlcsnap-2022-05-05-18h52m44s440.png&#8221; autoplay=&#8221;true&#8221; loop=&#8221;true&#8221; aspect_ratio=&#8221;true&#8221;][\/vc_column][vc_column width=&#8221;4\/12&#8243;][vc_column_text css=&#8221;.vc_custom_1651771511383{margin-bottom: 0px !important;}&#8221;]\n<h2><span style=\"color: #006336;\">DESCOBREIX LES SOLUCIONS<\/span><br \/>\n<span style=\"color: #006336;\">DE VENDING 3.0<\/span><\/h2>\n[\/vc_column_text][vc_column_text css=&#8221;.vc_custom_1651771447948{margin-bottom: 0px !important;}&#8221;]Et donem la benvinguda al Vending 3.0.<\/p>\n<p>Tecnologia, Varietat d\u2019assortiment i Sostenibilitat, tot en un mateix servei.<\/p>\n<p>Disposem d\u2019una gran varietat de m\u00e0quines de caf\u00e8 i vending que s\u2019adapten a tot tipus d\u2019empreses i a la soluci\u00f3 de caf\u00e8 triada segons les prefer\u00e8ncies: gra, molt o en c\u00e0psula.<\/p>\n<p>El nostre caf\u00e8 s\u2019ha produ\u00eft respectant el medi ambient i es fabrica tenint en compte tots els par\u00e0metres perqu\u00e8 sigui un producte natural, sense qu\u00edmics i amb envasos 100% compostables.<\/p>\n<p>M\u00faltiples opcions i serveis integrats que s\u2019adaptaran a tu i a la teva empresa amb tecnologia Mifare, rec\u00e0rrega de Wallet entre moltes altres m\u00e9s.[\/vc_column_text][\/vc_column][vc_column width=&#8221;1\/12&#8243;][\/vc_column][\/vc_row][vc_row fullwidth=&#8221;true&#8221; visibility=&#8221;visible-sm&#8221; css=&#8221;.vc_custom_1651770599401{padding-top: 0px !important;padding-bottom: 0px !important;}&#8221;][vc_column width=&#8221;1\/12&#8243; css=&#8221;.vc_custom_1564138963427{border-bottom-width: 1px !important;padding-top: 25px !important;padding-right: 0px !important;padding-left: 10px !important;border-bottom-color: #ffffff !important;border-bottom-style: solid !important;}&#8221;][\/vc_column][vc_column width=&#8221;6\/12&#8243;][vc_video host=&#8221;self_hosted&#8221; mp4=&#8221;https:\/\/preprod.cafesnovell.com\/wp-content\/uploads\/2021\/05\/vending-final-top-town.mp4&#8243; poster_image=&#8221;https:\/\/preprod.cafesnovell.com\/wp-content\/uploads\/2022\/05\/vlcsnap-2022-05-05-18h52m44s440.png&#8221; autoplay=&#8221;true&#8221; loop=&#8221;true&#8221; aspect_ratio=&#8221;true&#8221;][\/vc_column][vc_column width=&#8221;4\/12&#8243;][vc_column_text css=&#8221;.vc_custom_1651771494877{margin-bottom: 0px !important;}&#8221;]\n<h2><span style=\"color: #006336;\">DESCOBREIX LES SOLUCIONS<\/span><br \/>\n<span style=\"color: #006336;\">DE VENDING 3.0<\/span><\/h2>\n[\/vc_column_text][vc_column_text css=&#8221;.vc_custom_1651771458979{margin-bottom: 0px !important;}&#8221;]Et donem la benvinguda al Vending 3.0.<\/p>\n<p>Tecnologia, Varietat d\u2019assortiment i Sostenibilitat, tot en un mateix servei.<\/p>\n<p>Disposem d\u2019una gran varietat de m\u00e0quines de caf\u00e8 i vending que s\u2019adapten a tot tipus d\u2019empreses i a la soluci\u00f3 de caf\u00e8 triada segons les prefer\u00e8ncies: gra, molt o en c\u00e0psula.<\/p>\n<p>El nostre caf\u00e8 s\u2019ha produ\u00eft respectant el medi ambient i es fabrica tenint en compte tots els par\u00e0metres perqu\u00e8 sigui un producte natural, sense qu\u00edmics i amb envasos 100% compostables.<\/p>\n<p>M\u00faltiples opcions i serveis integrats que s\u2019adaptaran a tu i a la teva empresa amb tecnologia Mifare, rec\u00e0rrega de Wallet entre moltes altres m\u00e9s.[\/vc_column_text][\/vc_column][vc_column width=&#8221;1\/12&#8243;][\/vc_column][\/vc_row][vc_row fullwidth=&#8221;true&#8221; visibility=&#8221;hidden-sm&#8221; css=&#8221;.vc_custom_1651770075213{padding-top: 20px !important;padding-bottom: 70px !important;}&#8221;][vc_column width=&#8221;1\/12&#8243; css=&#8221;.vc_custom_1564138963427{border-bottom-width: 1px !important;padding-top: 25px !important;padding-right: 0px !important;padding-left: 10px !important;border-bottom-color: #ffffff !important;border-bottom-style: solid !important;}&#8221;][\/vc_column][vc_column width=&#8221;4\/12&#8243;][vc_column_text css=&#8221;.vc_custom_1651771541174{margin-bottom: 0px !important;}&#8221;]\n<h2><span style=\"color: #006336;\">CAF\u00c8S NOVELL<\/span><br \/>\n<span style=\"color: #006336;\">PROFESSIONAL SOLUTIONS<\/span><\/h2>\n[\/vc_column_text][vc_column_text css=&#8221;.vc_custom_1651772365560{margin-bottom: 0px !important;}&#8221;]Tota l\u2019experi\u00e8ncia Novell, ara tamb\u00e9 per a empreses.<\/p>\n<p>Segons les necessitats de cada empresa, proposem solucions adaptades a cada client i a les caracter\u00edstiques de l\u2019espai del qual disposa, amb diferents tipus de contractaci\u00f3 i maquin\u00e0ria.<\/p>\n<p>Dissenyem espais de coffee break moderns i eficients per a optimitzar el seu \u00fas segons sigui la demanda.<\/p>\n<p>Oferim solucions integrals de office i vending, sempre amb productes de confian\u00e7a amb segells sostenibles, ecol\u00f2gics i compostables.[\/vc_column_text][\/vc_column][vc_column width=&#8221;6\/12&#8243;][vc_video host=&#8221;self_hosted&#8221; mp4=&#8221;https:\/\/preprod.cafesnovell.com\/wp-content\/uploads\/2021\/05\/presentacion-office.mp4&#8243; custom_thumbnail=&#8221;true&#8221; aspect_ratio=&#8221;true&#8221; thumbnail_image=&#8221;66427&#8243;][\/vc_column][vc_column width=&#8221;1\/12&#8243;][\/vc_column][\/vc_row][vc_row fullwidth=&#8221;true&#8221; visibility=&#8221;visible-sm&#8221; css=&#8221;.vc_custom_1651770638241{padding-top: 0px !important;padding-bottom: 0px !important;}&#8221;][vc_column width=&#8221;1\/12&#8243; css=&#8221;.vc_custom_1564138963427{border-bottom-width: 1px !important;padding-top: 25px !important;padding-right: 0px !important;padding-left: 10px !important;border-bottom-color: #ffffff !important;border-bottom-style: solid !important;}&#8221;][\/vc_column][vc_column width=&#8221;6\/12&#8243;][vc_video host=&#8221;self_hosted&#8221; mp4=&#8221;https:\/\/preprod.cafesnovell.com\/wp-content\/uploads\/2021\/05\/presentacion-office.mp4&#8243; custom_thumbnail=&#8221;true&#8221; aspect_ratio=&#8221;true&#8221; thumbnail_image=&#8221;66427&#8243;][\/vc_column][vc_column width=&#8221;4\/12&#8243;][vc_column_text css=&#8221;.vc_custom_1651771569991{margin-bottom: 0px !important;padding-top: 10px !important;}&#8221;]\n<h2><span style=\"color: #006336;\">CAF\u00c8S NOVELL<\/span><br \/>\n<span style=\"color: #006336;\">PROFESSIONAL SOLUTIONS<\/span><\/h2>\n[\/vc_column_text][vc_column_text css=&#8221;.vc_custom_1651772376745{margin-bottom: 0px !important;}&#8221;]Tota l\u2019experi\u00e8ncia Novell, ara tamb\u00e9 per a empreses.<\/p>\n<p>Segons les necessitats de cada empresa, proposem solucions adaptades a cada client i a les caracter\u00edstiques de l\u2019espai del qual disposa, amb diferents tipus de contractaci\u00f3 i maquin\u00e0ria.<\/p>\n<p>Oferim solucions integrals de office i vending, sempre amb productes de confian\u00e7a amb segells sostenibles, ecol\u00f2gics i compostables.<\/p>\n<p>Dissenyem espais de coffee break moderns i eficients per a optimitzar el seu \u00fas segons sigui la demanda.[\/vc_column_text][\/vc_column][vc_column width=&#8221;1\/12&#8243;][\/vc_column][\/vc_row][vc_row fullwidth=&#8221;true&#8221; visibility=&#8221;hidden-sm&#8221; css=&#8221;.vc_custom_1651770655633{padding-top: 20px !important;padding-bottom: 70px !important;}&#8221;][vc_column width=&#8221;1\/12&#8243; css=&#8221;.vc_custom_1564138963427{border-bottom-width: 1px !important;padding-top: 25px !important;padding-right: 0px !important;padding-left: 10px !important;border-bottom-color: #ffffff !important;border-bottom-style: solid !important;}&#8221;][\/vc_column][vc_column width=&#8221;6\/12&#8243;][vc_video host=&#8221;self_hosted&#8221; mp4=&#8221;https:\/\/preprod.cafesnovell.com\/wp-content\/uploads\/2021\/05\/presentacion-quieres-saber-mas.mp4&#8243; custom_thumbnail=&#8221;true&#8221; aspect_ratio=&#8221;true&#8221; thumbnail_image=&#8221;54800&#8243;][\/vc_column][vc_column width=&#8221;4\/12&#8243;][vc_column_text css=&#8221;.vc_custom_1651771602903{margin-bottom: 0px !important;}&#8221;]\n<h2><span style=\"color: #006336;\">SERVEIS INTEGRALS<\/span><br \/>\n<span style=\"color: #006336;\">PER A TOT TIPUS D&#8217;EMPRESES<\/span><\/h2>\n[\/vc_column_text][vc_column_text css=&#8221;.vc_custom_1651771758907{margin-bottom: 0px !important;}&#8221;]Oferim equips amb alta efici\u00e8ncia energ\u00e8tica, fonts d\u2019aigua purificadores i m\u00e0quines de caf\u00e8 adaptades a cada empresa.<\/p>\n<p>A m\u00e9s, tamb\u00e9 proporcionem qualsevol soluci\u00f3 en vending, amb un producte sostenible i respectu\u00f3s amb el medi ambient i amb m\u00faltiples opcions tamb\u00e9 per a esdeveniments i ocasions especials. Comptem amb els \u00faltims avan\u00e7os tecnol\u00f2gics quant a m\u00e8todes de pagament digital i telemetria.<\/p>\n<p>Vols saber m\u00e9s? Contacta\u2019ns[\/vc_column_text][\/vc_column][vc_column width=&#8221;1\/12&#8243;][\/vc_column][\/vc_row][vc_row fullwidth=&#8221;true&#8221; visibility=&#8221;visible-sm&#8221; css=&#8221;.vc_custom_1651770714342{padding-top: 0px !important;padding-bottom: 00px !important;}&#8221;][vc_column width=&#8221;1\/12&#8243; css=&#8221;.vc_custom_1564138963427{border-bottom-width: 1px !important;padding-top: 25px !important;padding-right: 0px !important;padding-left: 10px !important;border-bottom-color: #ffffff !important;border-bottom-style: solid !important;}&#8221;][\/vc_column][vc_column width=&#8221;6\/12&#8243;][vc_video host=&#8221;self_hosted&#8221; mp4=&#8221;https:\/\/preprod.cafesnovell.com\/wp-content\/uploads\/2021\/05\/presentacion-quieres-saber-mas.mp4&#8243; custom_thumbnail=&#8221;true&#8221; aspect_ratio=&#8221;true&#8221; thumbnail_image=&#8221;54800&#8243;][\/vc_column][vc_column width=&#8221;4\/12&#8243;][vc_column_text css=&#8221;.vc_custom_1651771609051{margin-bottom: 0px !important;padding-top: 10px !important;}&#8221;]\n<h2><span style=\"color: #006336;\">SERVEIS INTEGRALS<\/span><br \/>\n<span style=\"color: #006336;\">PER A TOT TIPUS D&#8217;EMPRESES<\/span><\/h2>\n[\/vc_column_text][vc_column_text css=&#8221;.vc_custom_1651771766386{margin-bottom: 0px !important;}&#8221;]Oferim equips amb alta efici\u00e8ncia energ\u00e8tica, fonts d\u2019aigua purificadores i m\u00e0quines de caf\u00e8 adaptades a cada empresa.<\/p>\n<p>A m\u00e9s, tamb\u00e9 proporcionem qualsevol soluci\u00f3 en vending, amb un producte sostenible i respectu\u00f3s amb el medi ambient i amb m\u00faltiples opcions tamb\u00e9 per a esdeveniments i ocasions especials. Comptem amb els \u00faltims avan\u00e7os tecnol\u00f2gics quant a m\u00e8todes de pagament digital i telemetria.<\/p>\n<p>Vols saber m\u00e9s? Contacta\u2019ns[\/vc_column_text][\/vc_column][vc_column width=&#8221;1\/12&#8243;][\/vc_column][\/vc_row][\/vc_section][vc_section el_id=&#8221;mas-informacion&#8221; el_class=&#8221;contacto&#8221; css=&#8221;.vc_custom_1651770266980{border-top-width: 1px !important;padding-bottom: 38px !important;border-top-color: #006340 !important;border-top-style: solid !important;}&#8221;][vc_row el_class=&#8221;demana-info&#8221;][vc_column][vc_column_text css=&#8221;.vc_custom_1651771638576{margin-bottom: 0px !important;}&#8221;]SOL\u00b7LICITA INFORMACI\u00d3[\/vc_column_text][\/vc_column][\/vc_row][vc_row][vc_column]\n<div class=\"wpcf7 no-js\" id=\"wpcf7-f8858-o1\" lang=\"es-ES\" dir=\"ltr\" data-wpcf7-id=\"8858\">\n<div class=\"screen-reader-response\"><p role=\"status\" aria-live=\"polite\" aria-atomic=\"true\"><\/p> <ul><\/ul><\/div>\n<form action=\"\/ca\/wp-json\/wp\/v2\/pages\/54752#wpcf7-f8858-o1\" method=\"post\" class=\"wpcf7-form init\" aria-label=\"Formulario de contacto\" novalidate=\"novalidate\" data-status=\"init\">\n<div style=\"display: none;\">\n<input type=\"hidden\" name=\"_wpcf7\" value=\"8858\" \/>\n<input type=\"hidden\" name=\"_wpcf7_version\" value=\"6.0.3\" \/>\n<input type=\"hidden\" name=\"_wpcf7_locale\" value=\"es_ES\" \/>\n<input type=\"hidden\" name=\"_wpcf7_unit_tag\" value=\"wpcf7-f8858-o1\" \/>\n<input type=\"hidden\" name=\"_wpcf7_container_post\" value=\"0\" \/>\n<input type=\"hidden\" name=\"_wpcf7_posted_data_hash\" value=\"\" \/>\n<input type=\"hidden\" name=\"_wpcf7_recaptcha_response\" value=\"\" \/>\n<\/div>\n<div class=\"input-container\">\n\t<p><span class=\"wpcf7-form-control-wrap\" data-name=\"firstname\"><input size=\"40\" maxlength=\"400\" class=\"wpcf7-form-control wpcf7-text wpcf7-validates-as-required\" aria-required=\"true\" aria-invalid=\"false\" placeholder=\"NOM\" value=\"\" type=\"text\" name=\"firstname\" \/><\/span>\n\t<\/p>\n\t<p><span class=\"wpcf7-form-control-wrap\" data-name=\"lastname\"><input size=\"40\" maxlength=\"400\" class=\"wpcf7-form-control wpcf7-text wpcf7-validates-as-required\" aria-required=\"true\" aria-invalid=\"false\" placeholder=\"COGNOMS\" value=\"\" type=\"text\" name=\"lastname\" \/><\/span>\n\t<\/p>\n<input class=\"wpcf7-form-control wpcf7-hidden\" value=\"Nom Ocult\" type=\"hidden\" name=\"sm-name\" \/>\n\t<p><span class=\"wpcf7-form-control-wrap\" data-name=\"sm-email\"><input size=\"40\" maxlength=\"400\" class=\"wpcf7-form-control wpcf7-email wpcf7-validates-as-required wpcf7-text wpcf7-validates-as-email\" aria-required=\"true\" aria-invalid=\"false\" placeholder=\"EMAIL\" value=\"\" type=\"email\" name=\"sm-email\" \/><\/span>\n\t<\/p>\n<\/div>\n<div class=\"second-input-container\">\n\t<p><span class=\"wpcf7-form-control-wrap\" data-name=\"company\"><input size=\"40\" maxlength=\"400\" class=\"wpcf7-form-control wpcf7-text\" aria-invalid=\"false\" placeholder=\"NOM DE L&#039;EMPRESA\" value=\"\" type=\"text\" name=\"company\" \/><\/span>\n\t<\/p>\n\t<p><span class=\"wpcf7-form-control-wrap\" data-name=\"mobilephone\"><input size=\"40\" maxlength=\"400\" class=\"wpcf7-form-control wpcf7-tel wpcf7-validates-as-required wpcf7-text wpcf7-validates-as-tel\" aria-required=\"true\" aria-invalid=\"false\" placeholder=\"TEL\u00c8FON DE CONTACTE\" value=\"\" type=\"tel\" name=\"mobilephone\" \/><\/span>\n\t<\/p>\n\t<p><span class=\"wpcf7-form-control-wrap\" data-name=\"conocimiento\"><select class=\"wpcf7-form-control wpcf7-select wpcf7-validates-as-required\" aria-required=\"true\" aria-invalid=\"false\" name=\"conocimiento\"><option value=\"COM ENS HAS CONEGUT?\">COM ENS HAS CONEGUT?<\/option><option value=\"XARXES SOCIALS\">XARXES SOCIALS<\/option><option value=\"RECOMANACI\u00d3 D&#039;AMICS O CONEGUTS\">RECOMANACI\u00d3 D&#039;AMICS O CONEGUTS<\/option><option value=\"ALTRES\">ALTRES<\/option><\/select><\/span>\n\t<\/p>\n<\/div>\n<div class=\"second-container contact\">\n\t<p><span class=\"wpcf7-form-control-wrap\" data-name=\"comentario_formulario_empresa\"><textarea cols=\"40\" rows=\"10\" maxlength=\"2000\" class=\"wpcf7-form-control wpcf7-textarea\" aria-invalid=\"false\" placeholder=\"COMENTARIS\" name=\"comentario_formulario_empresa\"><\/textarea><\/span>\n\t<\/p>\n\t<div class=\"container-check\">\n\t\t<p><span class=\"wpcf7-form-control-wrap\" data-name=\"sm-optin\"><span class=\"wpcf7-form-control wpcf7-acceptance\"><span class=\"wpcf7-list-item\"><label><input type=\"checkbox\" name=\"sm-optin\" value=\"1\" aria-invalid=\"false\" \/><span class=\"wpcf7-list-item-label\">Accepto la <a target='_blank' href='\/ca\/politica-de-privacitat\/'>pol\u00edtica de privacitat<\/a> i autoritzo que les meves dades personals puguin ser utilitzades per a l'enviament de comunicacions comercials.<\/span><\/label><\/span><\/span><\/span>\n\t\t<\/p>\n\n <!-- Nuevo input oculto para 1to1clico -->\n\t\t<p><span class=\"wpcf7-form-control-wrap\" data-name=\"consent\"><span class=\"wpcf7-form-control wpcf7-checkbox wpcf7-exclusive-checkbox contact-consent\"><span class=\"wpcf7-list-item first last\"><input type=\"checkbox\" name=\"consent\" value=\"1\" \/><span class=\"wpcf7-list-item-label\">1<\/span><\/span><\/span><\/span>\n\t\t<\/p>\n\t\t<p><input class=\"wpcf7-form-control wpcf7-submit has-spinner\" type=\"submit\" value=\"ENVIAR\" \/>\n\t\t<\/p>\n\t<\/div>\n<\/div><div class=\"wpcf7-response-output\" aria-hidden=\"true\"><\/div>\n<\/form>\n<\/div>\n[\/vc_column][\/vc_row][\/vc_section][vc_section full_width=&#8221;stretch_row&#8221; el_class=&#8221;section-contacto&#8221; css=&#8221;.vc_custom_1651770903195{padding-top: 22px !important;}&#8221;][vc_row][vc_column][vc_column_text css=&#8221;.vc_custom_1651771693494{margin-bottom: 0px !important;}&#8221;]Si ho desitges, tamb\u00e9 ens pots contactar per tel\u00e8fon <span class=\"telefono\"><strong><a href=\"tel:34900101615\">+34 900 101 615<\/a><\/strong><\/span> (de dilluns a divendres, de 8:00h a 18:00h).[\/vc_column_text][\/vc_column][\/vc_row][\/vc_section]\n<\/div>","protected":false},"excerpt":{"rendered":"<p>[vc_section full_width=&#8221;stretch_row&#8221; content_placement=&#8221;middle&#8221; css=&#8221;.vc_custom_1651768629229{background-position: center !important;background-repeat: no-repeat !important;background-size: cover !important;}&#8221;][vc_row fullwidth=&#8221;true&#8221; visibility=&#8221;hidden-sm&#8221; el_class=&#8221;first-section-empresa&#8221;][vc_column][vc_single_image image=&#8221;66648&#8243; img_size=&#8221;full&#8221; alignment=&#8221;center&#8221;][\/vc_column][\/vc_row][vc_row fullwidth=&#8221;true&#8221; visibility=&#8221;visible-sm&#8221; el_class=&#8221;first-section-empresa&#8221;][vc_column][vc_single_image image=&#8221;66701&#8243; img_size=&#8221;full&#8221; alignment=&#8221;center&#8221;][\/vc_column][\/vc_row][\/vc_section][vc_section full_width=&#8221;stretch_row&#8221; content_placement=&#8221;top&#8221; css=&#8221;.vc_custom_1651770556750{padding-bottom: 0px !important;background-position: center !important;background-repeat: no-repeat !important;background-size: cover !important;}&#8221; el_class=&#8221;section-text&#8221;][vc_row fullwidth=&#8221;true&#8221; visibility=&#8221;hidden-sm&#8221; css=&#8221;.vc_custom_1651770384872{padding-top: 20px !important;padding-bottom: 70px !important;}&#8221;][vc_column width=&#8221;1\/12&#8243; css=&#8221;.vc_custom_1564138963427{border-bottom-width: 1px !important;padding-top: 25px !important;padding-right: 0px !important;padding-left: 10px !important;border-bottom-color: #ffffff !important;border-bottom-style: solid !important;}&#8221;][\/vc_column][vc_column [&hellip;]<\/p>\n","protected":false},"author":36,"featured_media":0,"parent":8625,"menu_order":500,"comment_status":"closed","ping_status":"closed","template":"","meta":{"_acf_changed":false,"footnotes":""},"class_list":["post-54752","page","type-page","status-publish","hentry"],"acf":[],"yoast_head":"<!-- This site is optimized with the Yoast SEO plugin v24.4 - https:\/\/yoast.com\/wordpress\/plugins\/seo\/ -->\n<title>Solucions de caf\u00e8 per Vending- Caf\u00e8s Novell<\/title>\n<meta name=\"description\" content=\"Disposem d\u00b4una gran varietat de m\u00e0quines que s\u00b4adapten a tot tipus d\u00b4empreses i a la soluci\u00f3 que prefereixin: gra, m\u00f2lt o en c\u00e0psula.\" \/>\n<meta name=\"robots\" content=\"noindex, follow, max-snippet:-1, max-image-preview:large, max-video-preview:-1\" \/>\n<meta property=\"og:locale\" content=\"ca_ES\" \/>\n<meta property=\"og:type\" content=\"article\" \/>\n<meta property=\"og:title\" content=\"Solucions de caf\u00e8 per Vending- Caf\u00e8s Novell\" \/>\n<meta property=\"og:description\" content=\"Disposem d\u00b4una gran varietat de m\u00e0quines que s\u00b4adapten a tot tipus d\u00b4empreses i a la soluci\u00f3 que prefereixin: gra, m\u00f2lt o en c\u00e0psula.\" \/>\n<meta property=\"og:url\" content=\"https:\/\/preprod.cafesnovell.com\/ca\/empreses2\/vending\/\" \/>\n<meta property=\"og:site_name\" content=\"Caf\u00e8s Novell\" \/>\n<meta property=\"article:modified_time\" content=\"2022-05-06T07:31:04+00:00\" \/>\n<meta name=\"twitter:card\" content=\"summary_large_image\" \/>\n<meta name=\"twitter:label1\" content=\"Temps estimat de lectura\" \/>\n\t<meta name=\"twitter:data1\" content=\"4 minuts\" \/>\n<script type=\"application\/ld+json\" class=\"yoast-schema-graph\">{\"@context\":\"https:\/\/schema.org\",\"@graph\":[{\"@type\":\"WebPage\",\"@id\":\"https:\/\/preprod.cafesnovell.com\/ca\/empreses2\/vending\/\",\"url\":\"https:\/\/preprod.cafesnovell.com\/ca\/empreses2\/vending\/\",\"name\":\"Solucions de caf\u00e8 per Vending- Caf\u00e8s Novell\",\"isPartOf\":{\"@id\":\"https:\/\/preprod.cafesnovell.com\/ca\/#website\"},\"datePublished\":\"2021-05-19T10:52:24+00:00\",\"dateModified\":\"2022-05-06T07:31:04+00:00\",\"description\":\"Disposem d\u00b4una gran varietat de m\u00e0quines que s\u00b4adapten a tot tipus d\u00b4empreses i a la soluci\u00f3 que prefereixin: gra, m\u00f2lt o en c\u00e0psula.\",\"breadcrumb\":{\"@id\":\"https:\/\/preprod.cafesnovell.com\/ca\/empreses2\/vending\/#breadcrumb\"},\"inLanguage\":\"ca\",\"potentialAction\":[{\"@type\":\"ReadAction\",\"target\":[\"https:\/\/preprod.cafesnovell.com\/ca\/empreses2\/vending\/\"]}]},{\"@type\":\"BreadcrumbList\",\"@id\":\"https:\/\/preprod.cafesnovell.com\/ca\/empreses2\/vending\/#breadcrumb\",\"itemListElement\":[{\"@type\":\"ListItem\",\"position\":1,\"name\":\"Inici\",\"item\":\"https:\/\/preprod.cafesnovell.com\/ca\/\"},{\"@type\":\"ListItem\",\"position\":2,\"name\":\"Empreses2\",\"item\":\"https:\/\/preprod.cafesnovell.com\/ca\/empreses2\/\"},{\"@type\":\"ListItem\",\"position\":3,\"name\":\"Solucions Vending\"}]},{\"@type\":\"WebSite\",\"@id\":\"https:\/\/preprod.cafesnovell.com\/ca\/#website\",\"url\":\"https:\/\/preprod.cafesnovell.com\/ca\/\",\"name\":\"Caf\u00e8s Novell\",\"description\":\"Organic Premium Coffee\",\"potentialAction\":[{\"@type\":\"SearchAction\",\"target\":{\"@type\":\"EntryPoint\",\"urlTemplate\":\"https:\/\/preprod.cafesnovell.com\/ca\/?s={search_term_string}\"},\"query-input\":{\"@type\":\"PropertyValueSpecification\",\"valueRequired\":true,\"valueName\":\"search_term_string\"}}],\"inLanguage\":\"ca\"}]}<\/script>\n<!-- \/ Yoast SEO plugin. -->","yoast_head_json":{"title":"Solucions de caf\u00e8 per Vending- Caf\u00e8s Novell","description":"Disposem d\u00b4una gran varietat de m\u00e0quines que s\u00b4adapten a tot tipus d\u00b4empreses i a la soluci\u00f3 que prefereixin: gra, m\u00f2lt o en c\u00e0psula.","robots":{"index":"noindex","follow":"follow","max-snippet":"max-snippet:-1","max-image-preview":"max-image-preview:large","max-video-preview":"max-video-preview:-1"},"og_locale":"ca_ES","og_type":"article","og_title":"Solucions de caf\u00e8 per Vending- Caf\u00e8s Novell","og_description":"Disposem d\u00b4una gran varietat de m\u00e0quines que s\u00b4adapten a tot tipus d\u00b4empreses i a la soluci\u00f3 que prefereixin: gra, m\u00f2lt o en c\u00e0psula.","og_url":"https:\/\/preprod.cafesnovell.com\/ca\/empreses2\/vending\/","og_site_name":"Caf\u00e8s Novell","article_modified_time":"2022-05-06T07:31:04+00:00","twitter_card":"summary_large_image","twitter_misc":{"Temps estimat de lectura":"4 minuts"},"schema":{"@context":"https:\/\/schema.org","@graph":[{"@type":"WebPage","@id":"https:\/\/preprod.cafesnovell.com\/ca\/empreses2\/vending\/","url":"https:\/\/preprod.cafesnovell.com\/ca\/empreses2\/vending\/","name":"Solucions de caf\u00e8 per Vending- Caf\u00e8s Novell","isPartOf":{"@id":"https:\/\/preprod.cafesnovell.com\/ca\/#website"},"datePublished":"2021-05-19T10:52:24+00:00","dateModified":"2022-05-06T07:31:04+00:00","description":"Disposem d\u00b4una gran varietat de m\u00e0quines que s\u00b4adapten a tot tipus d\u00b4empreses i a la soluci\u00f3 que prefereixin: gra, m\u00f2lt o en c\u00e0psula.","breadcrumb":{"@id":"https:\/\/preprod.cafesnovell.com\/ca\/empreses2\/vending\/#breadcrumb"},"inLanguage":"ca","potentialAction":[{"@type":"ReadAction","target":["https:\/\/preprod.cafesnovell.com\/ca\/empreses2\/vending\/"]}]},{"@type":"BreadcrumbList","@id":"https:\/\/preprod.cafesnovell.com\/ca\/empreses2\/vending\/#breadcrumb","itemListElement":[{"@type":"ListItem","position":1,"name":"Inici","item":"https:\/\/preprod.cafesnovell.com\/ca\/"},{"@type":"ListItem","position":2,"name":"Empreses2","item":"https:\/\/preprod.cafesnovell.com\/ca\/empreses2\/"},{"@type":"ListItem","position":3,"name":"Solucions Vending"}]},{"@type":"WebSite","@id":"https:\/\/preprod.cafesnovell.com\/ca\/#website","url":"https:\/\/preprod.cafesnovell.com\/ca\/","name":"Caf\u00e8s Novell","description":"Organic Premium Coffee","potentialAction":[{"@type":"SearchAction","target":{"@type":"EntryPoint","urlTemplate":"https:\/\/preprod.cafesnovell.com\/ca\/?s={search_term_string}"},"query-input":{"@type":"PropertyValueSpecification","valueRequired":true,"valueName":"search_term_string"}}],"inLanguage":"ca"}]}},"_links":{"self":[{"href":"https:\/\/preprod.cafesnovell.com\/ca\/wp-json\/wp\/v2\/pages\/54752","targetHints":{"allow":["GET"]}}],"collection":[{"href":"https:\/\/preprod.cafesnovell.com\/ca\/wp-json\/wp\/v2\/pages"}],"about":[{"href":"https:\/\/preprod.cafesnovell.com\/ca\/wp-json\/wp\/v2\/types\/page"}],"author":[{"embeddable":true,"href":"https:\/\/preprod.cafesnovell.com\/ca\/wp-json\/wp\/v2\/users\/36"}],"replies":[{"embeddable":true,"href":"https:\/\/preprod.cafesnovell.com\/ca\/wp-json\/wp\/v2\/comments?post=54752"}],"version-history":[{"count":0,"href":"https:\/\/preprod.cafesnovell.com\/ca\/wp-json\/wp\/v2\/pages\/54752\/revisions"}],"up":[{"embeddable":true,"href":"https:\/\/preprod.cafesnovell.com\/ca\/wp-json\/wp\/v2\/pages\/8625"}],"wp:attachment":[{"href":"https:\/\/preprod.cafesnovell.com\/ca\/wp-json\/wp\/v2\/media?parent=54752"}],"curies":[{"name":"wp","href":"https:\/\/api.w.org\/{rel}","templated":true}]}}