{"id":8703,"date":"2019-05-13T16:07:03","date_gmt":"2019-05-13T16:07:03","guid":{"rendered":"https:\/\/cafesnovell.com\/restauracio\/"},"modified":"2024-06-17T09:56:52","modified_gmt":"2024-06-17T07:56:52","slug":"restauracio","status":"publish","type":"page","link":"https:\/\/preprod.cafesnovell.com\/ca\/restauracio\/","title":{"rendered":"Restauraci\u00f3"},"content":{"rendered":"<div class=\"wpb-content-wrapper\">[vc_section full_width=&#8221;stretch_row&#8221; css=&#8221;.vc_custom_1570696956977{background-image: url(https:\/\/preprod.cafesnovell.com\/wp-content\/uploads\/2019\/10\/rest-img-1.jpg?id=6728) !important;background-position: center !important;background-repeat: no-repeat !important;background-size: cover !important;}&#8221;][vc_row fullwidth=&#8221;true&#8221;][vc_column width=&#8221;1\/3&#8243; css=&#8221;.vc_custom_1569421771948{margin-left: 50px !important;padding-top: 25px !important;}&#8221;][vc_column_text css=&#8221;.vc_custom_1567420984451{margin-bottom: 0px !important;}&#8221;]\n<p style=\"text-align: left;\">RESTAURACI\u00d3<\/p>\n[\/vc_column_text][\/vc_column][vc_column width=&#8221;1\/3&#8243;][\/vc_column][vc_column width=&#8221;1\/3&#8243;][\/vc_column][\/vc_row][vc_row el_class=&#8221;global-coffee-concept&#8221;][vc_column el_class=&#8221;info-container&#8221;][mk_padding_divider size=&#8221;352&#8243; visibility=&#8221;hidden-sm&#8221;][vc_column_text css=&#8221;.vc_custom_1568036728499{margin-bottom: 24px !important;}&#8221;]GLOBAL COFFEE CONCEPT[\/vc_column_text][vc_btn title=&#8221;SOL\u00b7LICITA INFORMACI\u00d3&#8221; el_class=&#8221;boton-mas-info&#8221; link=&#8221;url:%23mes-informacio|title:Contacte|&#8221;][\/vc_column][\/vc_row][\/vc_section][vc_section full_width=&#8221;stretch_row&#8221; el_class=&#8221;section-text&#8221;][vc_row][vc_column css=&#8221;.vc_custom_1563881993463{padding-top: 27px !important;padding-bottom: 43px !important;}&#8221; el_class=&#8221;info-container description-baristes&#8221;][vc_column_text css=&#8221;.vc_custom_1571405173522{margin-bottom: 0px !important;}&#8221;]Pensem que \u00e9s tan important el que hi ha dins d\u2019una tassa de caf\u00e8 perfecta, com tot el que l\u2019envolta. El nostre <strong>Global Coffee Concept<\/strong> \u00e9s un conjunt de serveis basats en un producte d\u2019alta qualitat i de rendiment excepcional, al qual li sumem una tecnologia que ofereix un millor control de costos i major efici\u00e8ncia, amb l\u2019objectiu d\u2019augmentar els ingressos del teu negoci de restauraci\u00f3.[\/vc_column_text][\/vc_column][\/vc_row][vc_row el_class=&#8221;row-servicios&#8221; css=&#8221;.vc_custom_1567756343322{padding-bottom: 71px !important;}&#8221;][vc_column width=&#8221;1\/12&#8243;][\/vc_column][vc_column width=&#8221;1\/6&#8243;][vc_single_image image=&#8221;315&#8243; img_size=&#8221;full&#8221; alignment=&#8221;center&#8221;][vc_column_text css=&#8221;.vc_custom_1564742126890{margin-bottom: 0px !important;}&#8221;]\n<p style=\"text-align: left;\">SERVEIS INTEGRALS<\/p>\n[\/vc_column_text][\/vc_column][vc_column width=&#8221;1\/6&#8243;][vc_single_image image=&#8221;316&#8243; img_size=&#8221;full&#8221; alignment=&#8221;center&#8221;][vc_column_text css=&#8221;.vc_custom_1564742137346{margin-bottom: 0px !important;}&#8221;]\n<p style=\"text-align: left;\">M\u00c0RQUETING<br \/>\nI COMUNICACI\u00d3<\/p>\n[\/vc_column_text][\/vc_column][vc_column width=&#8221;1\/6&#8243;][vc_single_image image=&#8221;317&#8243; img_size=&#8221;full&#8221; alignment=&#8221;center&#8221;][vc_column_text css=&#8221;.vc_custom_1564742151858{margin-bottom: 0px !important;}&#8221;]\n<p style=\"text-align: left;\">OPTIMITZACI\u00d3<br \/>\nDEL RENDIMIENT<\/p>\n[\/vc_column_text][\/vc_column][vc_column width=&#8221;1\/6&#8243;][vc_single_image image=&#8221;318&#8243; img_size=&#8221;full&#8221; alignment=&#8221;center&#8221;][vc_column_text css=&#8221;.vc_custom_1564742166097{margin-bottom: 0px !important;}&#8221;]\n<p style=\"text-align: left;\">ELABORACI\u00d3<\/p>\n[\/vc_column_text][\/vc_column][vc_column width=&#8221;1\/6&#8243;][vc_single_image image=&#8221;319&#8243; img_size=&#8221;full&#8221; alignment=&#8221;center&#8221;][vc_column_text css=&#8221;.vc_custom_1564742174761{margin-bottom: 0px !important;}&#8221;]\n<p style=\"text-align: left;\">UN BON CAF\u00c8<\/p>\n[\/vc_column_text][\/vc_column][vc_column width=&#8221;1\/12&#8243;][\/vc_column][\/vc_row][\/vc_section][vc_section full_width=&#8221;stretch_row&#8221; css=&#8221;.vc_custom_1570696988939{padding-top: 0px !important;background-image: url(https:\/\/preprod.cafesnovell.com\/wp-content\/uploads\/2019\/10\/fondo.jpg?id=6732) !important;background-position: center !important;background-repeat: no-repeat !important;background-size: cover !important;}&#8221;][vc_row][vc_column el_class=&#8221;info-container&#8221; css=&#8221;.vc_custom_1568021608561{padding-top: 51px !important;padding-bottom: 35px !important;}&#8221;][vc_column_text el_class=&#8221;compromiso&#8221; css=&#8221;.vc_custom_1570453526389{margin-bottom: 0px !important;}&#8221;]\n<p style=\"text-align: left;\">UN COMPROM\u00cdS DE M\u00c9S DE 60 ANYS AMB LA RESTAURACI\u00d3<\/p>\n[\/vc_column_text][\/vc_column][\/vc_row][vc_row css=&#8221;.vc_custom_1569918184965{padding-top: 39px !important;}&#8221;][vc_column width=&#8221;1\/3&#8243; el_class=&#8221;list-restauracio&#8221;][vc_column_text css=&#8221;.vc_custom_1568021383641{margin-bottom: 0px !important;}&#8221;]<strong><span class=\"num\">1<\/span><\/strong>[\/vc_column_text][vc_column_text css=&#8221;.vc_custom_1571405708848{margin-bottom: 28px !important;}&#8221;]<span class=\"title\">OFERIM SERVEI A CAFETERIES, BARS, RESTAURANTS I EMPRESES DE C\u00c0TERING<\/span>[\/vc_column_text][vc_column_text el_class=&#8221;list-restauracio-descr&#8221; css=&#8221;.vc_custom_1571405258355{margin-bottom: 0px !important;}&#8221;]La concepci\u00f3, torrat i comercialitzaci\u00f3 de <em>blends<\/em> de caf\u00e8 per a restauraci\u00f3 ha estat el nostre \u201c<em>core business<\/em>\u201d des de 1958, quan va n\u00e9ixer l\u2019empresa. Actualment, quasi 4.000 cafeteries i restaurants serveixen el nostre caf\u00e8 a Espanya i altres pa\u00efsos on estem presents, com ara It\u00e0lia, Regne Unit, Fran\u00e7a, Estats Units o Hong Kong entre d\u2019altres.[\/vc_column_text][\/vc_column][vc_column width=&#8221;1\/3&#8243; el_class=&#8221;list-restauracio&#8221;][mk_padding_divider size=&#8221;80&#8243; visibility=&#8221;visible-sm&#8221;][vc_column_text css=&#8221;.vc_custom_1568021762749{margin-bottom: 0px !important;}&#8221;]<strong><span class=\"num\">2<\/span><\/strong>[\/vc_column_text][vc_column_text css=&#8221;.vc_custom_1571405282627{margin-bottom: 26px !important;}&#8221;]AUGMENTEM ELS BENEFICIS DEL TEU ESTABLIMENT, ENS OCUPEM DEL TEU NEGOCI[\/vc_column_text][vc_column_text el_class=&#8221;list-restauracio-descr&#8221; css=&#8221;.vc_custom_1571405385201{margin-bottom: 0px !important;}&#8221;]Nuevos productos y nuevas formas de elaboraci\u00f3n forman parte de la innovaci\u00f3n vanguardista que nuestros clientes nos reconocen. Adem\u00e1s, entregamos informes mensuales de los costes y servicios realizados en los diferentes establecimientos para demostrar la rentabilidad de cada taza, con el objetivo de incrementar la facturaci\u00f3n del negocio de nuestros clientes.[\/vc_column_text][\/vc_column][vc_column width=&#8221;1\/3&#8243; el_class=&#8221;list-restauracio&#8221;][mk_padding_divider size=&#8221;80&#8243; visibility=&#8221;visible-sm&#8221;][vc_column_text css=&#8221;.vc_custom_1568021750860{margin-bottom: 0px !important;}&#8221;]<strong><span class=\"num\">3<\/span><\/strong>[\/vc_column_text][vc_column_text css=&#8221;.vc_custom_1568021756972{margin-bottom: 26px !important;}&#8221;]SOM EN\u00d2LEGS DEL CAF\u00c8[\/vc_column_text][vc_column_text el_class=&#8221;list-restauracio-descr&#8221; css=&#8221;.vc_custom_1571405503173{padding-bottom: 54px !important;}&#8221;]Des de la seva creaci\u00f3 el 1982, la <strong>SCA ( Specialty Coffee Association)<\/strong> ha estat per a nosaltres font d\u2019inspiraci\u00f3 i refer\u00e8ncia per al seguiment de les tend\u00e8ncies del caf\u00e8. Som socis des de 1995 i hem aconseguit graduar-nos en totes les seves certificacions per mitj\u00e0 d\u2019exigents proves de degustaci\u00f3 i protocols de tast. Els nostres <strong>baristes SCA<\/strong> i el nostre <strong>Q Grader<\/strong> aconsegueixen adequar el millor blend a les necessitats de cada client, oferint-li sempre la millor soluci\u00f3.[\/vc_column_text][vc_single_image image=&#8221;340&#8243; img_size=&#8221;full&#8221;][vc_single_image image=&#8221;341&#8243; img_size=&#8221;full&#8221; css=&#8221;.vc_custom_1563880390671{padding-bottom: 65px !important;}&#8221;][\/vc_column][\/vc_row][\/vc_section][vc_section css=&#8221;.vc_custom_1570009721649{padding-top: 0px !important;background-position: center !important;background-repeat: no-repeat !important;background-size: cover !important;}&#8221; el_class=&#8221;expo-prod&#8221;][vc_row fullwidth=&#8221;true&#8221; css=&#8221;.vc_custom_1568884742383{border-top-width: 1px !important;border-top-color: #ffffff !important;border-top-style: solid !important;}&#8221; id=&#8221;muestra-productos&#8221;][vc_column width=&#8221;1\/2&#8243; css=&#8221;.vc_custom_1570697029076{border-right-width: 1px !important;border-bottom-width: 1px !important;background-image: url(https:\/\/preprod.cafesnovell.com\/wp-content\/uploads\/2019\/10\/cafe-1-1.jpg?id=6736) !important;background-position: center !important;background-repeat: no-repeat !important;background-size: cover !important;border-right-color: #ffffff !important;border-right-style: solid !important;border-bottom-color: #ffffff !important;border-bottom-style: solid !important;}&#8221; el_class=&#8221;nuestros-cafes&#8221;][mk_padding_divider size=&#8221;310&#8243; visibility=&#8221;hidden-sm&#8221;][mk_padding_divider size=&#8221;20&#8243; visibility=&#8221;visible-sm&#8221;][vc_row_inner is_fullwidth_content=&#8221;false&#8221;][vc_column_inner width=&#8221;1\/4&#8243;][\/vc_column_inner][vc_column_inner el_class=&#8221;boton-ancho&#8221; width=&#8221;1\/2&#8243;][vc_column_text el_class=&#8221;info-container&#8221; css=&#8221;.vc_custom_1568029224471{margin-bottom: 24px !important;}&#8221;]\n<p style=\"text-align: left;\">ELS NOSTRES CAF\u00c8S<\/p>\n[\/vc_column_text][vc_btn title=&#8221;VEURE PRODUCTES&#8221; align=&#8221;center&#8221; link=&#8221;url:https%3A%2F%2Fcafesnovell.com%2Fca%2Frestauracio%2Fcafes%2F|&#8221; el_class=&#8221;boton-mas-info&#8221; el_id=&#8221;boton-especial&#8221;][\/vc_column_inner][vc_column_inner width=&#8221;1\/4&#8243;][\/vc_column_inner][\/vc_row_inner][\/vc_column][vc_column width=&#8221;1\/4&#8243; css=&#8221;.vc_custom_1570697057195{border-right-width: 1px !important;padding-right: 20px !important;padding-left: 20px !important;background-image: url(https:\/\/preprod.cafesnovell.com\/wp-content\/uploads\/2019\/10\/tes-2-1.jpg?id=6740) !important;background-position: center !important;background-repeat: no-repeat !important;background-size: cover !important;border-right-color: #ffffff !important;border-right-style: solid !important;}&#8221; el_class=&#8221;boton-ancho nuestros-tes&#8221; offset=&#8221;vc_col-xs-6&#8243;][mk_padding_divider size=&#8221;310&#8243; visibility=&#8221;hidden-sm&#8221;][mk_padding_divider size=&#8221;20&#8243; visibility=&#8221;visible-sm&#8221;][vc_column_text el_class=&#8221;info-container&#8221; css=&#8221;.vc_custom_1568979909200{margin-bottom: 0px !important;}&#8221;]ELS NOSTRES TES[\/vc_column_text][mk_padding_divider size=&#8221;41&#8243; visibility=&#8221;visible-sm&#8221;][mk_padding_divider size=&#8221;20&#8243; visibility=&#8221;visible-tl&#8221;][vc_btn title=&#8221;VEURE PRODUCTES&#8221; align=&#8221;center&#8221; link=&#8221;url:https%3A%2F%2Fcafesnovell.com%2Fca%2Frestauracio%2Ftes-i-infusions%2F|title:Tes%20i%20Infusions|&#8221; el_class=&#8221;boton-mas-info&#8221;][\/vc_column][vc_column width=&#8221;1\/4&#8243; css=&#8221;.vc_custom_1570697272532{padding-right: 20px !important;padding-left: 20px !important;background-image: url(https:\/\/preprod.cafesnovell.com\/wp-content\/uploads\/2019\/10\/otros-3-1.jpg?id=6744) !important;background-position: center !important;background-repeat: no-repeat !important;background-size: cover !important;}&#8221; el_class=&#8221;boton-ancho otros-productos&#8221; offset=&#8221;vc_col-xs-6&#8243;][mk_padding_divider size=&#8221;310&#8243; visibility=&#8221;hidden-sm&#8221;][mk_padding_divider size=&#8221;20&#8243; visibility=&#8221;visible-sm&#8221;][vc_column_text el_class=&#8221;info-container&#8221; css=&#8221;.vc_custom_1568980466256{margin-bottom: 24px !important;}&#8221;]ALTRES PRODUCTES[\/vc_column_text][vc_btn title=&#8221;VEURE PRODUCTES&#8221; align=&#8221;center&#8221; link=&#8221;url:https%3A%2F%2Fcafesnovell.com%2Fca%2Frestauracio%2Faltres-productes%2F|title:Altres%20productes|&#8221; el_class=&#8221;boton-mas-info&#8221;][\/vc_column][\/vc_row][\/vc_section][vc_section el_class=&#8221;contacto&#8221; css=&#8221;.vc_custom_1567772053659{padding-bottom: 38px !important;}&#8221; el_id=&#8221;mas-informacion&#8221;][vc_row el_class=&#8221;demana-info&#8221;][vc_column][vc_column_text css=&#8221;.vc_custom_1567771777741{margin-bottom: 0px !important;}&#8221;]DESITJA M\u00c9S INFORMACI\u00d3?[\/vc_column_text][\/vc_column][\/vc_row][vc_row][vc_column]\n<div class=\"wpcf7 no-js\" id=\"wpcf7-f8879-o1\" lang=\"es-ES\" dir=\"ltr\" data-wpcf7-id=\"8879\">\n<div class=\"screen-reader-response\"><p role=\"status\" aria-live=\"polite\" aria-atomic=\"true\"><\/p> <ul><\/ul><\/div>\n<form action=\"\/ca\/wp-json\/wp\/v2\/pages\/8703#wpcf7-f8879-o1\" method=\"post\" class=\"wpcf7-form init\" aria-label=\"Formulario de contacto\" novalidate=\"novalidate\" data-status=\"init\">\n<div style=\"display: none;\">\n<input type=\"hidden\" name=\"_wpcf7\" value=\"8879\" \/>\n<input type=\"hidden\" name=\"_wpcf7_version\" value=\"6.0.3\" \/>\n<input type=\"hidden\" name=\"_wpcf7_locale\" value=\"es_ES\" \/>\n<input type=\"hidden\" name=\"_wpcf7_unit_tag\" value=\"wpcf7-f8879-o1\" \/>\n<input type=\"hidden\" name=\"_wpcf7_container_post\" value=\"0\" \/>\n<input type=\"hidden\" name=\"_wpcf7_posted_data_hash\" value=\"\" \/>\n<input type=\"hidden\" name=\"_wpcf7_recaptcha_response\" value=\"\" \/>\n<\/div>\n<div class=\"input-container\">\n\t<p><span class=\"wpcf7-form-control-wrap\" data-name=\"sm-properties1\"><input size=\"40\" maxlength=\"400\" class=\"wpcf7-form-control wpcf7-text wpcf7-validates-as-required\" aria-required=\"true\" aria-invalid=\"false\" placeholder=\"NOM\" value=\"\" type=\"text\" name=\"sm-properties1\" \/><\/span>\n\t<\/p>\n\t<p><span class=\"wpcf7-form-control-wrap\" data-name=\"sm-properties2\"><input size=\"40\" maxlength=\"400\" class=\"wpcf7-form-control wpcf7-text wpcf7-validates-as-required\" aria-required=\"true\" aria-invalid=\"false\" placeholder=\"COGNOMS\" value=\"\" type=\"text\" name=\"sm-properties2\" \/><\/span>\n\t<\/p>\n<input class=\"wpcf7-form-control wpcf7-hidden\" value=\"\" type=\"hidden\" name=\"sm-name\" \/>\n\t<p><span class=\"wpcf7-form-control-wrap\" data-name=\"sm-email\"><input size=\"40\" maxlength=\"400\" class=\"wpcf7-form-control wpcf7-email wpcf7-validates-as-required wpcf7-text wpcf7-validates-as-email\" aria-required=\"true\" aria-invalid=\"false\" placeholder=\"EMAIL\" value=\"\" type=\"email\" name=\"sm-email\" \/><\/span>\n\t<\/p>\n<\/div>\n<div class=\"second-input-container\">\n\t<p><span class=\"wpcf7-form-control-wrap\" data-name=\"sm-company\"><input size=\"40\" maxlength=\"400\" class=\"wpcf7-form-control wpcf7-text wpcf7-validates-as-required\" aria-required=\"true\" aria-invalid=\"false\" placeholder=\"NOM DE L&#039;EMPRESA\" value=\"\" type=\"text\" name=\"sm-company\" \/><\/span>\n\t<\/p>\n\t<p><span class=\"wpcf7-form-control-wrap\" data-name=\"sm-phone\"><input size=\"40\" maxlength=\"400\" class=\"wpcf7-form-control wpcf7-tel wpcf7-validates-as-required wpcf7-text wpcf7-validates-as-tel\" aria-required=\"true\" aria-invalid=\"false\" placeholder=\"TEL\u00c8FON DE CONTACTE\" value=\"\" type=\"tel\" name=\"sm-phone\" \/><\/span>\n\t<\/p>\n<\/div>\n<div class=\"second-container contact\">\n\t<p><span class=\"wpcf7-form-control-wrap\" data-name=\"sm-properties3\"><textarea cols=\"40\" rows=\"10\" maxlength=\"2000\" class=\"wpcf7-form-control wpcf7-textarea wpcf7-validates-as-required\" aria-required=\"true\" aria-invalid=\"false\" placeholder=\"COMENTARIS\" name=\"sm-properties3\"><\/textarea><\/span>\n\t<\/p>\n\t<div class=\"container-check\">\n\t\t<p><span class=\"wpcf7-form-control-wrap\" data-name=\"sm-optin\"><span class=\"wpcf7-form-control wpcf7-acceptance\"><span class=\"wpcf7-list-item\"><label><input type=\"checkbox\" name=\"sm-optin\" value=\"1\" aria-invalid=\"false\" \/><span class=\"wpcf7-list-item-label\">Accepto la <a target='_blank' href='\/ca\/politica-de-privacitat\/'>pol\u00edtica de privacitat<\/a> i autoritzo que les meves dades personals puguin ser utilitzades per a l'enviament de comunicacions comercials.<\/span><\/label><\/span><\/span><\/span>\n\t\t<\/p>\n\n <!-- Nuevo input oculto para 1to1clico -->\n\t\t<p><span class=\"wpcf7-form-control-wrap\" data-name=\"consent\"><span class=\"wpcf7-form-control wpcf7-checkbox wpcf7-exclusive-checkbox contact-consent\"><span class=\"wpcf7-list-item first last\"><input type=\"checkbox\" name=\"consent\" value=\"1\" \/><span class=\"wpcf7-list-item-label\">1<\/span><\/span><\/span><\/span><br \/>\n<input class=\"wpcf7-form-control wpcf7-submit has-spinner\" type=\"submit\" value=\"ENVIAR\" \/>\n\t\t<\/p>\n\t<\/div>\n<\/div><div class=\"wpcf7-response-output\" aria-hidden=\"true\"><\/div>\n<\/form>\n<\/div>\n[\/vc_column][\/vc_row][\/vc_section][vc_section full_width=&#8221;stretch_row&#8221; el_class=&#8221;section-contacto&#8221; css=&#8221;.vc_custom_1563956909552{padding-top: 22px !important;}&#8221;][vc_row][vc_column][vc_column_text css=&#8221;.vc_custom_1632220703051{margin-bottom: 0px !important;}&#8221;]Si ho desitges, tamb\u00e9 ens pots contactar per tel\u00e8fon: <strong>+34 900 101 615<\/strong> (de dilluns a divendres, de 8.00h a 18.00h)[\/vc_column_text][\/vc_column][\/vc_row][\/vc_section]\n<\/div>","protected":false},"excerpt":{"rendered":"<p>[vc_section full_width=&#8221;stretch_row&#8221; css=&#8221;.vc_custom_1570696956977{background-image: url(https:\/\/preprod.cafesnovell.com\/wp-content\/uploads\/2019\/10\/rest-img-1.jpg?id=6728) !important;background-position: center !important;background-repeat: no-repeat !important;background-size: cover !important;}&#8221;][vc_row fullwidth=&#8221;true&#8221;][vc_column width=&#8221;1\/3&#8243; css=&#8221;.vc_custom_1569421771948{margin-left: 50px !important;padding-top: 25px !important;}&#8221;][vc_column_text css=&#8221;.vc_custom_1567420984451{margin-bottom: 0px !important;}&#8221;] RESTAURACI\u00d3 [\/vc_column_text][\/vc_column][vc_column width=&#8221;1\/3&#8243;][\/vc_column][vc_column width=&#8221;1\/3&#8243;][\/vc_column][\/vc_row][vc_row el_class=&#8221;global-coffee-concept&#8221;][vc_column el_class=&#8221;info-container&#8221;][mk_padding_divider size=&#8221;352&#8243; visibility=&#8221;hidden-sm&#8221;][vc_column_text css=&#8221;.vc_custom_1568036728499{margin-bottom: 24px !important;}&#8221;]GLOBAL COFFEE CONCEPT[\/vc_column_text][vc_btn title=&#8221;SOL\u00b7LICITA INFORMACI\u00d3&#8221; el_class=&#8221;boton-mas-info&#8221; link=&#8221;url:%23mes-informacio|title:Contacte|&#8221;][\/vc_column][\/vc_row][\/vc_section][vc_section full_width=&#8221;stretch_row&#8221; el_class=&#8221;section-text&#8221;][vc_row][vc_column css=&#8221;.vc_custom_1563881993463{padding-top: 27px !important;padding-bottom: 43px !important;}&#8221; el_class=&#8221;info-container description-baristes&#8221;][vc_column_text css=&#8221;.vc_custom_1571405173522{margin-bottom: 0px !important;}&#8221;]Pensem que \u00e9s tan important el [&hellip;]<\/p>\n","protected":false},"author":1,"featured_media":0,"parent":0,"menu_order":20,"comment_status":"closed","ping_status":"closed","template":"","meta":{"_acf_changed":false,"footnotes":""},"class_list":["post-8703","page","type-page","status-publish","hentry"],"acf":[],"yoast_head":"<!-- This site is optimized with the Yoast SEO plugin v24.4 - https:\/\/yoast.com\/wordpress\/plugins\/seo\/ -->\n<title>Caf\u00e9s Novell - Distribuci\u00f3n de caf\u00e9 de alta calidad para restauraci\u00f3n<\/title>\n<meta name=\"description\" content=\"Caf\u00e8s Novell un compromiso de m\u00e1s de 60 a\u00f1os con la restauraci\u00f3n. Caf\u00e9s y t\u00e9s para bares y cafeter\u00edas\" \/>\n<meta name=\"robots\" content=\"noindex, follow, max-snippet:-1, max-image-preview:large, max-video-preview:-1\" \/>\n<meta property=\"og:locale\" content=\"ca_ES\" \/>\n<meta property=\"og:type\" content=\"article\" \/>\n<meta property=\"og:title\" content=\"Caf\u00e9s Novell - Distribuci\u00f3n de caf\u00e9 de alta calidad para restauraci\u00f3n\" \/>\n<meta property=\"og:description\" content=\"Caf\u00e8s Novell un compromiso de m\u00e1s de 60 a\u00f1os con la restauraci\u00f3n. Caf\u00e9s y t\u00e9s para bares y cafeter\u00edas\" \/>\n<meta property=\"og:url\" content=\"https:\/\/preprod.cafesnovell.com\/ca\/restauracio\/\" \/>\n<meta property=\"og:site_name\" content=\"Caf\u00e8s Novell\" \/>\n<meta property=\"article:modified_time\" content=\"2024-06-17T07:56:52+00:00\" \/>\n<meta name=\"twitter:card\" content=\"summary_large_image\" \/>\n<meta name=\"twitter:label1\" content=\"Temps estimat de lectura\" \/>\n\t<meta name=\"twitter:data1\" content=\"4 minuts\" \/>\n<script type=\"application\/ld+json\" class=\"yoast-schema-graph\">{\"@context\":\"https:\/\/schema.org\",\"@graph\":[{\"@type\":\"WebPage\",\"@id\":\"https:\/\/preprod.cafesnovell.com\/ca\/restauracio\/\",\"url\":\"https:\/\/preprod.cafesnovell.com\/ca\/restauracio\/\",\"name\":\"Caf\u00e9s Novell - Distribuci\u00f3n de caf\u00e9 de alta calidad para restauraci\u00f3n\",\"isPartOf\":{\"@id\":\"https:\/\/preprod.cafesnovell.com\/ca\/#website\"},\"datePublished\":\"2019-05-13T16:07:03+00:00\",\"dateModified\":\"2024-06-17T07:56:52+00:00\",\"description\":\"Caf\u00e8s Novell un compromiso de m\u00e1s de 60 a\u00f1os con la restauraci\u00f3n. Caf\u00e9s y t\u00e9s para bares y cafeter\u00edas\",\"breadcrumb\":{\"@id\":\"https:\/\/preprod.cafesnovell.com\/ca\/restauracio\/#breadcrumb\"},\"inLanguage\":\"ca\",\"potentialAction\":[{\"@type\":\"ReadAction\",\"target\":[\"https:\/\/preprod.cafesnovell.com\/ca\/restauracio\/\"]}]},{\"@type\":\"BreadcrumbList\",\"@id\":\"https:\/\/preprod.cafesnovell.com\/ca\/restauracio\/#breadcrumb\",\"itemListElement\":[{\"@type\":\"ListItem\",\"position\":1,\"name\":\"Inici\",\"item\":\"https:\/\/preprod.cafesnovell.com\/ca\/\"},{\"@type\":\"ListItem\",\"position\":2,\"name\":\"Restauraci\u00f3\"}]},{\"@type\":\"WebSite\",\"@id\":\"https:\/\/preprod.cafesnovell.com\/ca\/#website\",\"url\":\"https:\/\/preprod.cafesnovell.com\/ca\/\",\"name\":\"Caf\u00e8s Novell\",\"description\":\"Organic Premium Coffee\",\"potentialAction\":[{\"@type\":\"SearchAction\",\"target\":{\"@type\":\"EntryPoint\",\"urlTemplate\":\"https:\/\/preprod.cafesnovell.com\/ca\/?s={search_term_string}\"},\"query-input\":{\"@type\":\"PropertyValueSpecification\",\"valueRequired\":true,\"valueName\":\"search_term_string\"}}],\"inLanguage\":\"ca\"}]}<\/script>\n<!-- \/ Yoast SEO plugin. -->","yoast_head_json":{"title":"Caf\u00e9s Novell - Distribuci\u00f3n de caf\u00e9 de alta calidad para restauraci\u00f3n","description":"Caf\u00e8s Novell un compromiso de m\u00e1s de 60 a\u00f1os con la restauraci\u00f3n. Caf\u00e9s y t\u00e9s para bares y cafeter\u00edas","robots":{"index":"noindex","follow":"follow","max-snippet":"max-snippet:-1","max-image-preview":"max-image-preview:large","max-video-preview":"max-video-preview:-1"},"og_locale":"ca_ES","og_type":"article","og_title":"Caf\u00e9s Novell - Distribuci\u00f3n de caf\u00e9 de alta calidad para restauraci\u00f3n","og_description":"Caf\u00e8s Novell un compromiso de m\u00e1s de 60 a\u00f1os con la restauraci\u00f3n. Caf\u00e9s y t\u00e9s para bares y cafeter\u00edas","og_url":"https:\/\/preprod.cafesnovell.com\/ca\/restauracio\/","og_site_name":"Caf\u00e8s Novell","article_modified_time":"2024-06-17T07:56:52+00:00","twitter_card":"summary_large_image","twitter_misc":{"Temps estimat de lectura":"4 minuts"},"schema":{"@context":"https:\/\/schema.org","@graph":[{"@type":"WebPage","@id":"https:\/\/preprod.cafesnovell.com\/ca\/restauracio\/","url":"https:\/\/preprod.cafesnovell.com\/ca\/restauracio\/","name":"Caf\u00e9s Novell - Distribuci\u00f3n de caf\u00e9 de alta calidad para restauraci\u00f3n","isPartOf":{"@id":"https:\/\/preprod.cafesnovell.com\/ca\/#website"},"datePublished":"2019-05-13T16:07:03+00:00","dateModified":"2024-06-17T07:56:52+00:00","description":"Caf\u00e8s Novell un compromiso de m\u00e1s de 60 a\u00f1os con la restauraci\u00f3n. Caf\u00e9s y t\u00e9s para bares y cafeter\u00edas","breadcrumb":{"@id":"https:\/\/preprod.cafesnovell.com\/ca\/restauracio\/#breadcrumb"},"inLanguage":"ca","potentialAction":[{"@type":"ReadAction","target":["https:\/\/preprod.cafesnovell.com\/ca\/restauracio\/"]}]},{"@type":"BreadcrumbList","@id":"https:\/\/preprod.cafesnovell.com\/ca\/restauracio\/#breadcrumb","itemListElement":[{"@type":"ListItem","position":1,"name":"Inici","item":"https:\/\/preprod.cafesnovell.com\/ca\/"},{"@type":"ListItem","position":2,"name":"Restauraci\u00f3"}]},{"@type":"WebSite","@id":"https:\/\/preprod.cafesnovell.com\/ca\/#website","url":"https:\/\/preprod.cafesnovell.com\/ca\/","name":"Caf\u00e8s Novell","description":"Organic Premium Coffee","potentialAction":[{"@type":"SearchAction","target":{"@type":"EntryPoint","urlTemplate":"https:\/\/preprod.cafesnovell.com\/ca\/?s={search_term_string}"},"query-input":{"@type":"PropertyValueSpecification","valueRequired":true,"valueName":"search_term_string"}}],"inLanguage":"ca"}]}},"_links":{"self":[{"href":"https:\/\/preprod.cafesnovell.com\/ca\/wp-json\/wp\/v2\/pages\/8703","targetHints":{"allow":["GET"]}}],"collection":[{"href":"https:\/\/preprod.cafesnovell.com\/ca\/wp-json\/wp\/v2\/pages"}],"about":[{"href":"https:\/\/preprod.cafesnovell.com\/ca\/wp-json\/wp\/v2\/types\/page"}],"author":[{"embeddable":true,"href":"https:\/\/preprod.cafesnovell.com\/ca\/wp-json\/wp\/v2\/users\/1"}],"replies":[{"embeddable":true,"href":"https:\/\/preprod.cafesnovell.com\/ca\/wp-json\/wp\/v2\/comments?post=8703"}],"version-history":[{"count":0,"href":"https:\/\/preprod.cafesnovell.com\/ca\/wp-json\/wp\/v2\/pages\/8703\/revisions"}],"wp:attachment":[{"href":"https:\/\/preprod.cafesnovell.com\/ca\/wp-json\/wp\/v2\/media?parent=8703"}],"curies":[{"name":"wp","href":"https:\/\/api.w.org\/{rel}","templated":true}]}}