{"id":10341,"date":"2019-10-02T14:18:21","date_gmt":"2019-10-02T14:18:21","guid":{"rendered":"https:\/\/cafesnovell.com\/producto\/mate-verd\/"},"modified":"2021-08-10T12:14:02","modified_gmt":"2021-08-10T10:14:02","slug":"mate-verd","status":"publish","type":"product","link":"https:\/\/preprod.cafesnovell.com\/ca\/producto\/mate-verd\/","title":{"rendered":"Mate Verd (200g)"},"content":{"rendered":"<p><span class=\"bold-product\">Propietats Principals:<\/span><br \/>\nBeguda estimulant que elimina la fatiga.<\/p>\n<p><span class=\"bold-product\">Recomanacions de consum:<\/span><br \/>\nIdeal per a comen\u00e7ar el dia.<\/p>\n<p><span class=\"bold-product\">Origen i caracter\u00edstiques:<\/span><br \/>\nFulles seques i trossos de troncs de l\u2019arbre llex paraguarensis procedent d\u2019Argentina. Font energ\u00e8tica de la ment i el cos, \u00e9s una beguda estimulant que elimina la fatiga. Caracter\u00edstic sabor madur, entre dol\u00e7 i amarg.<\/p>\n<p><span class=\"bold-product\">Format:<\/span><br \/>\nBossa de 200 grs.<\/p>\n","protected":false},"excerpt":{"rendered":"<p>Fulles seques i trossos de troncs de l\u2019arbre llex paraguarensis procedent d\u2019Argentina. Font energ\u00e8tica de la ment i el cos, \u00e9s una beguda estimulant que elimina la fatiga. Caracter\u00edstic sabor madur, entre dol\u00e7 i amarg.<\/p>\n","protected":false},"featured_media":5331,"template":"","meta":{"_acf_changed":false},"product_brand":[],"product_cat":[126,127],"product_tag":[],"class_list":{"0":"post-10341","1":"product","2":"type-product","3":"status-publish","4":"has-post-thumbnail","6":"product_cat-tes-i-infusions","7":"product_cat-granel-ca","9":"first","10":"outofstock","11":"taxable","12":"shipping-taxable","13":"purchasable","14":"product-type-simple"},"bundled_by":[],"bundle_stock_status":"outofstock","bundle_stock_quantity":null,"bundle_virtual":false,"bundle_layout":"","bundle_add_to_cart_form_location":"","bundle_editable_in_cart":false,"bundle_sold_individually_context":"","bundle_item_grouping":"","bundle_min_size":"","bundle_max_size":"","bundle_price":[],"bundled_items":[],"bundle_sell_ids":[],"acf":[],"yoast_head":"<!-- This site is optimized with the Yoast SEO plugin v24.4 - https:\/\/yoast.com\/wordpress\/plugins\/seo\/ -->\n<title>Mate Verd (200g) - Caf\u00e8s Novell<\/title>\n<meta name=\"description\" content=\"Bebida estimulante que elimina la fatiga. De caracter\u00edstico sabor maduro, entre dulce y amargo es una fuente energ\u00e9tica de la mente y el cuerpo.\" \/>\n<meta name=\"robots\" content=\"noindex, follow, max-snippet:-1, max-image-preview:large, max-video-preview:-1\" \/>\n<meta property=\"og:locale\" content=\"ca_ES\" \/>\n<meta property=\"og:type\" content=\"article\" \/>\n<meta property=\"og:title\" content=\"Mate Verd (200g) - Caf\u00e8s Novell\" \/>\n<meta property=\"og:description\" content=\"Bebida estimulante que elimina la fatiga. De caracter\u00edstico sabor maduro, entre dulce y amargo es una fuente energ\u00e9tica de la mente y el cuerpo.\" \/>\n<meta property=\"og:url\" content=\"https:\/\/preprod.cafesnovell.com\/ca\/producto\/mate-verd\/\" \/>\n<meta property=\"og:site_name\" content=\"Caf\u00e8s Novell\" \/>\n<meta property=\"article:modified_time\" content=\"2021-08-10T10:14:02+00:00\" \/>\n<meta property=\"og:image\" content=\"https:\/\/preprod.cafesnovell.com\/wp-content\/uploads\/2019\/10\/0629.jpg\" \/>\n\t<meta property=\"og:image:width\" content=\"600\" \/>\n\t<meta property=\"og:image:height\" content=\"600\" \/>\n\t<meta property=\"og:image:type\" content=\"image\/jpeg\" \/>\n<meta name=\"twitter:card\" content=\"summary_large_image\" \/>\n<script type=\"application\/ld+json\" class=\"yoast-schema-graph\">{\"@context\":\"https:\/\/schema.org\",\"@graph\":[{\"@type\":\"WebPage\",\"@id\":\"https:\/\/preprod.cafesnovell.com\/ca\/producto\/mate-verd\/\",\"url\":\"https:\/\/preprod.cafesnovell.com\/ca\/producto\/mate-verd\/\",\"name\":\"Mate Verd (200g) - Caf\u00e8s Novell\",\"isPartOf\":{\"@id\":\"https:\/\/preprod.cafesnovell.com\/ca\/#website\"},\"primaryImageOfPage\":{\"@id\":\"https:\/\/preprod.cafesnovell.com\/ca\/producto\/mate-verd\/#primaryimage\"},\"image\":{\"@id\":\"https:\/\/preprod.cafesnovell.com\/ca\/producto\/mate-verd\/#primaryimage\"},\"thumbnailUrl\":\"https:\/\/preprod.cafesnovell.com\/wp-content\/uploads\/2019\/10\/0629.jpg\",\"datePublished\":\"2019-10-02T14:18:21+00:00\",\"dateModified\":\"2021-08-10T10:14:02+00:00\",\"description\":\"Bebida estimulante que elimina la fatiga. De caracter\u00edstico sabor maduro, entre dulce y amargo es una fuente energ\u00e9tica de la mente y el cuerpo.\",\"breadcrumb\":{\"@id\":\"https:\/\/preprod.cafesnovell.com\/ca\/producto\/mate-verd\/#breadcrumb\"},\"inLanguage\":\"ca\",\"potentialAction\":[{\"@type\":\"ReadAction\",\"target\":[\"https:\/\/preprod.cafesnovell.com\/ca\/producto\/mate-verd\/\"]}]},{\"@type\":\"ImageObject\",\"inLanguage\":\"ca\",\"@id\":\"https:\/\/preprod.cafesnovell.com\/ca\/producto\/mate-verd\/#primaryimage\",\"url\":\"https:\/\/preprod.cafesnovell.com\/wp-content\/uploads\/2019\/10\/0629.jpg\",\"contentUrl\":\"https:\/\/preprod.cafesnovell.com\/wp-content\/uploads\/2019\/10\/0629.jpg\",\"width\":600,\"height\":600,\"caption\":\"Herbal & teas mate verd\"},{\"@type\":\"BreadcrumbList\",\"@id\":\"https:\/\/preprod.cafesnovell.com\/ca\/producto\/mate-verd\/#breadcrumb\",\"itemListElement\":[{\"@type\":\"ListItem\",\"position\":1,\"name\":\"Inici\",\"item\":\"https:\/\/preprod.cafesnovell.com\/ca\/\"},{\"@type\":\"ListItem\",\"position\":2,\"name\":\"Botiga\",\"item\":\"https:\/\/preprod.cafesnovell.com\/ca\/botiga\/\"},{\"@type\":\"ListItem\",\"position\":3,\"name\":\"Mate Verd (200g)\"}]},{\"@type\":\"WebSite\",\"@id\":\"https:\/\/preprod.cafesnovell.com\/ca\/#website\",\"url\":\"https:\/\/preprod.cafesnovell.com\/ca\/\",\"name\":\"Caf\u00e8s Novell\",\"description\":\"Organic Premium Coffee\",\"potentialAction\":[{\"@type\":\"SearchAction\",\"target\":{\"@type\":\"EntryPoint\",\"urlTemplate\":\"https:\/\/preprod.cafesnovell.com\/ca\/?s={search_term_string}\"},\"query-input\":{\"@type\":\"PropertyValueSpecification\",\"valueRequired\":true,\"valueName\":\"search_term_string\"}}],\"inLanguage\":\"ca\"}]}<\/script>\n<!-- \/ Yoast SEO plugin. -->","yoast_head_json":{"title":"Mate Verd (200g) - Caf\u00e8s Novell","description":"Bebida estimulante que elimina la fatiga. De caracter\u00edstico sabor maduro, entre dulce y amargo es una fuente energ\u00e9tica de la mente y el cuerpo.","robots":{"index":"noindex","follow":"follow","max-snippet":"max-snippet:-1","max-image-preview":"max-image-preview:large","max-video-preview":"max-video-preview:-1"},"og_locale":"ca_ES","og_type":"article","og_title":"Mate Verd (200g) - Caf\u00e8s Novell","og_description":"Bebida estimulante que elimina la fatiga. De caracter\u00edstico sabor maduro, entre dulce y amargo es una fuente energ\u00e9tica de la mente y el cuerpo.","og_url":"https:\/\/preprod.cafesnovell.com\/ca\/producto\/mate-verd\/","og_site_name":"Caf\u00e8s Novell","article_modified_time":"2021-08-10T10:14:02+00:00","og_image":[{"width":600,"height":600,"url":"https:\/\/preprod.cafesnovell.com\/wp-content\/uploads\/2019\/10\/0629.jpg","type":"image\/jpeg"}],"twitter_card":"summary_large_image","schema":{"@context":"https:\/\/schema.org","@graph":[{"@type":"WebPage","@id":"https:\/\/preprod.cafesnovell.com\/ca\/producto\/mate-verd\/","url":"https:\/\/preprod.cafesnovell.com\/ca\/producto\/mate-verd\/","name":"Mate Verd (200g) - Caf\u00e8s Novell","isPartOf":{"@id":"https:\/\/preprod.cafesnovell.com\/ca\/#website"},"primaryImageOfPage":{"@id":"https:\/\/preprod.cafesnovell.com\/ca\/producto\/mate-verd\/#primaryimage"},"image":{"@id":"https:\/\/preprod.cafesnovell.com\/ca\/producto\/mate-verd\/#primaryimage"},"thumbnailUrl":"https:\/\/preprod.cafesnovell.com\/wp-content\/uploads\/2019\/10\/0629.jpg","datePublished":"2019-10-02T14:18:21+00:00","dateModified":"2021-08-10T10:14:02+00:00","description":"Bebida estimulante que elimina la fatiga. De caracter\u00edstico sabor maduro, entre dulce y amargo es una fuente energ\u00e9tica de la mente y el cuerpo.","breadcrumb":{"@id":"https:\/\/preprod.cafesnovell.com\/ca\/producto\/mate-verd\/#breadcrumb"},"inLanguage":"ca","potentialAction":[{"@type":"ReadAction","target":["https:\/\/preprod.cafesnovell.com\/ca\/producto\/mate-verd\/"]}]},{"@type":"ImageObject","inLanguage":"ca","@id":"https:\/\/preprod.cafesnovell.com\/ca\/producto\/mate-verd\/#primaryimage","url":"https:\/\/preprod.cafesnovell.com\/wp-content\/uploads\/2019\/10\/0629.jpg","contentUrl":"https:\/\/preprod.cafesnovell.com\/wp-content\/uploads\/2019\/10\/0629.jpg","width":600,"height":600,"caption":"Herbal & teas mate verd"},{"@type":"BreadcrumbList","@id":"https:\/\/preprod.cafesnovell.com\/ca\/producto\/mate-verd\/#breadcrumb","itemListElement":[{"@type":"ListItem","position":1,"name":"Inici","item":"https:\/\/preprod.cafesnovell.com\/ca\/"},{"@type":"ListItem","position":2,"name":"Botiga","item":"https:\/\/preprod.cafesnovell.com\/ca\/botiga\/"},{"@type":"ListItem","position":3,"name":"Mate Verd (200g)"}]},{"@type":"WebSite","@id":"https:\/\/preprod.cafesnovell.com\/ca\/#website","url":"https:\/\/preprod.cafesnovell.com\/ca\/","name":"Caf\u00e8s Novell","description":"Organic Premium Coffee","potentialAction":[{"@type":"SearchAction","target":{"@type":"EntryPoint","urlTemplate":"https:\/\/preprod.cafesnovell.com\/ca\/?s={search_term_string}"},"query-input":{"@type":"PropertyValueSpecification","valueRequired":true,"valueName":"search_term_string"}}],"inLanguage":"ca"}]}},"df_price":5.8,"df_sale_price":"","df_regular_price":5.8,"df_image_link":"https:\/\/preprod.cafesnovell.com\/wp-content\/uploads\/2019\/10\/0629-300x300.jpg","_links":{"self":[{"href":"https:\/\/preprod.cafesnovell.com\/ca\/wp-json\/wp\/v2\/product\/10341","targetHints":{"allow":["GET"]}}],"collection":[{"href":"https:\/\/preprod.cafesnovell.com\/ca\/wp-json\/wp\/v2\/product"}],"about":[{"href":"https:\/\/preprod.cafesnovell.com\/ca\/wp-json\/wp\/v2\/types\/product"}],"wp:featuredmedia":[{"embeddable":true,"href":"https:\/\/preprod.cafesnovell.com\/ca\/wp-json\/wp\/v2\/media\/5331"}],"wp:attachment":[{"href":"https:\/\/preprod.cafesnovell.com\/ca\/wp-json\/wp\/v2\/media?parent=10341"}],"wp:term":[{"taxonomy":"product_brand","embeddable":true,"href":"https:\/\/preprod.cafesnovell.com\/ca\/wp-json\/wp\/v2\/product_brand?post=10341"},{"taxonomy":"product_cat","embeddable":true,"href":"https:\/\/preprod.cafesnovell.com\/ca\/wp-json\/wp\/v2\/product_cat?post=10341"},{"taxonomy":"product_tag","embeddable":true,"href":"https:\/\/preprod.cafesnovell.com\/ca\/wp-json\/wp\/v2\/product_tag?post=10341"}],"curies":[{"name":"wp","href":"https:\/\/api.w.org\/{rel}","templated":true}]}}