{"id":10344,"date":"2019-10-02T14:18:20","date_gmt":"2019-10-02T14:18:20","guid":{"rendered":"https:\/\/cafesnovell.com\/producto\/rooibos-supergrade\/"},"modified":"2021-08-10T12:16:48","modified_gmt":"2021-08-10T10:16:48","slug":"rooibos-supergrade","status":"publish","type":"product","link":"https:\/\/preprod.cafesnovell.com\/ca\/producto\/rooibos-supergrade\/","title":{"rendered":"Rooibos Supergrade (250g)"},"content":{"rendered":"<p><span class=\"bold-product\">Propietats Principals:<\/span><br \/>\nTe ric en minerals i vitamina C, actua com un antihistam\u00ednic natural.<\/p>\n<p><span class=\"bold-product\">Recomanacions de consum:<\/span><br \/>\nRecomanat per als trastorns digestius i intestinals.<\/p>\n<p><span class=\"bold-product\">Origen i caracter\u00edstiques:<\/span><br \/>\nFulles de l\u2019arbust vermell Camelia Sinensis origin\u00e0ria de la zona de Cedaberg, a Sud-\u00e0frica. Dol\u00e7, afruitat, refrescant i de color vermell. Sense sucre, sacia l\u2019\u00e0nsia de menjar.<\/p>\n<p><span class=\"bold-product\">Format:<\/span><br \/>\nBossa de 250 grs.<\/p>\n","protected":false},"excerpt":{"rendered":"<p>Fulles de l\u2019arbust vermell Camelia Sinensis origin\u00e0ria de la zona de Cedaberg, a Sud-\u00e0frica. Ric en minerals i vitamina C, actua com un antihistam\u00ednic natural. Recomanat per als trastorns digestius i intestinals. Dol\u00e7, afruitat, refrescant i de color vermell. Sense sucre, sacia l\u2019\u00e0nsia de menjar.<\/p>\n","protected":false},"featured_media":5316,"template":"","meta":{"_acf_changed":false},"product_brand":[],"product_cat":[126,127],"product_tag":[],"class_list":{"0":"post-10344","1":"product","2":"type-product","3":"status-publish","4":"has-post-thumbnail","6":"product_cat-tes-i-infusions","7":"product_cat-granel-ca","9":"first","10":"outofstock","11":"taxable","12":"shipping-taxable","13":"purchasable","14":"product-type-simple"},"bundled_by":[],"bundle_stock_status":"outofstock","bundle_stock_quantity":null,"bundle_virtual":false,"bundle_layout":"","bundle_add_to_cart_form_location":"","bundle_editable_in_cart":false,"bundle_sold_individually_context":"","bundle_item_grouping":"","bundle_min_size":"","bundle_max_size":"","bundle_price":[],"bundled_items":[],"bundle_sell_ids":[],"acf":[],"yoast_head":"<!-- This site is optimized with the Yoast SEO plugin v24.4 - https:\/\/yoast.com\/wordpress\/plugins\/seo\/ -->\n<title>Rooibos Supergrade (250g) - Caf\u00e8s Novell<\/title>\n<meta name=\"description\" content=\"T\u00e9 rico en minerales y vitamina C, act\u00faa como antihistam\u00ednico natural. Hojas del arbusto rojo Camelia Sinensis, originario de la zona de Cedaberg en Sud \u00c1frica. Dulce, afrutado, refrescante y de color rojo. Sin az\u00facar, sacia el ansia de comer\" \/>\n<meta name=\"robots\" content=\"noindex, follow, max-snippet:-1, max-image-preview:large, max-video-preview:-1\" \/>\n<meta property=\"og:locale\" content=\"ca_ES\" \/>\n<meta property=\"og:type\" content=\"article\" \/>\n<meta property=\"og:title\" content=\"Rooibos Supergrade (250g) - Caf\u00e8s Novell\" \/>\n<meta property=\"og:description\" content=\"T\u00e9 rico en minerales y vitamina C, act\u00faa como antihistam\u00ednico natural. Hojas del arbusto rojo Camelia Sinensis, originario de la zona de Cedaberg en Sud \u00c1frica. Dulce, afrutado, refrescante y de color rojo. Sin az\u00facar, sacia el ansia de comer\" \/>\n<meta property=\"og:url\" content=\"https:\/\/preprod.cafesnovell.com\/ca\/producto\/rooibos-supergrade\/\" \/>\n<meta property=\"og:site_name\" content=\"Caf\u00e8s Novell\" \/>\n<meta property=\"article:modified_time\" content=\"2021-08-10T10:16:48+00:00\" \/>\n<meta property=\"og:image\" content=\"https:\/\/preprod.cafesnovell.com\/wp-content\/uploads\/2019\/10\/0626.jpg\" \/>\n\t<meta property=\"og:image:width\" content=\"600\" \/>\n\t<meta property=\"og:image:height\" content=\"600\" \/>\n\t<meta property=\"og:image:type\" content=\"image\/jpeg\" \/>\n<meta name=\"twitter:card\" content=\"summary_large_image\" \/>\n<script type=\"application\/ld+json\" class=\"yoast-schema-graph\">{\"@context\":\"https:\/\/schema.org\",\"@graph\":[{\"@type\":\"WebPage\",\"@id\":\"https:\/\/preprod.cafesnovell.com\/ca\/producto\/rooibos-supergrade\/\",\"url\":\"https:\/\/preprod.cafesnovell.com\/ca\/producto\/rooibos-supergrade\/\",\"name\":\"Rooibos Supergrade (250g) - Caf\u00e8s Novell\",\"isPartOf\":{\"@id\":\"https:\/\/preprod.cafesnovell.com\/ca\/#website\"},\"primaryImageOfPage\":{\"@id\":\"https:\/\/preprod.cafesnovell.com\/ca\/producto\/rooibos-supergrade\/#primaryimage\"},\"image\":{\"@id\":\"https:\/\/preprod.cafesnovell.com\/ca\/producto\/rooibos-supergrade\/#primaryimage\"},\"thumbnailUrl\":\"https:\/\/preprod.cafesnovell.com\/wp-content\/uploads\/2019\/10\/0626.jpg\",\"datePublished\":\"2019-10-02T14:18:20+00:00\",\"dateModified\":\"2021-08-10T10:16:48+00:00\",\"description\":\"T\u00e9 rico en minerales y vitamina C, act\u00faa como antihistam\u00ednico natural. Hojas del arbusto rojo Camelia Sinensis, originario de la zona de Cedaberg en Sud \u00c1frica. Dulce, afrutado, refrescante y de color rojo. Sin az\u00facar, sacia el ansia de comer\",\"breadcrumb\":{\"@id\":\"https:\/\/preprod.cafesnovell.com\/ca\/producto\/rooibos-supergrade\/#breadcrumb\"},\"inLanguage\":\"ca\",\"potentialAction\":[{\"@type\":\"ReadAction\",\"target\":[\"https:\/\/preprod.cafesnovell.com\/ca\/producto\/rooibos-supergrade\/\"]}]},{\"@type\":\"ImageObject\",\"inLanguage\":\"ca\",\"@id\":\"https:\/\/preprod.cafesnovell.com\/ca\/producto\/rooibos-supergrade\/#primaryimage\",\"url\":\"https:\/\/preprod.cafesnovell.com\/wp-content\/uploads\/2019\/10\/0626.jpg\",\"contentUrl\":\"https:\/\/preprod.cafesnovell.com\/wp-content\/uploads\/2019\/10\/0626.jpg\",\"width\":600,\"height\":600,\"caption\":\"T\u00e9\"},{\"@type\":\"BreadcrumbList\",\"@id\":\"https:\/\/preprod.cafesnovell.com\/ca\/producto\/rooibos-supergrade\/#breadcrumb\",\"itemListElement\":[{\"@type\":\"ListItem\",\"position\":1,\"name\":\"Inici\",\"item\":\"https:\/\/preprod.cafesnovell.com\/ca\/\"},{\"@type\":\"ListItem\",\"position\":2,\"name\":\"Botiga\",\"item\":\"https:\/\/preprod.cafesnovell.com\/ca\/botiga\/\"},{\"@type\":\"ListItem\",\"position\":3,\"name\":\"Rooibos Supergrade (250g)\"}]},{\"@type\":\"WebSite\",\"@id\":\"https:\/\/preprod.cafesnovell.com\/ca\/#website\",\"url\":\"https:\/\/preprod.cafesnovell.com\/ca\/\",\"name\":\"Caf\u00e8s Novell\",\"description\":\"Organic Premium Coffee\",\"potentialAction\":[{\"@type\":\"SearchAction\",\"target\":{\"@type\":\"EntryPoint\",\"urlTemplate\":\"https:\/\/preprod.cafesnovell.com\/ca\/?s={search_term_string}\"},\"query-input\":{\"@type\":\"PropertyValueSpecification\",\"valueRequired\":true,\"valueName\":\"search_term_string\"}}],\"inLanguage\":\"ca\"}]}<\/script>\n<!-- \/ Yoast SEO plugin. -->","yoast_head_json":{"title":"Rooibos Supergrade (250g) - Caf\u00e8s Novell","description":"T\u00e9 rico en minerales y vitamina C, act\u00faa como antihistam\u00ednico natural. Hojas del arbusto rojo Camelia Sinensis, originario de la zona de Cedaberg en Sud \u00c1frica. Dulce, afrutado, refrescante y de color rojo. Sin az\u00facar, sacia el ansia de comer","robots":{"index":"noindex","follow":"follow","max-snippet":"max-snippet:-1","max-image-preview":"max-image-preview:large","max-video-preview":"max-video-preview:-1"},"og_locale":"ca_ES","og_type":"article","og_title":"Rooibos Supergrade (250g) - Caf\u00e8s Novell","og_description":"T\u00e9 rico en minerales y vitamina C, act\u00faa como antihistam\u00ednico natural. Hojas del arbusto rojo Camelia Sinensis, originario de la zona de Cedaberg en Sud \u00c1frica. Dulce, afrutado, refrescante y de color rojo. Sin az\u00facar, sacia el ansia de comer","og_url":"https:\/\/preprod.cafesnovell.com\/ca\/producto\/rooibos-supergrade\/","og_site_name":"Caf\u00e8s Novell","article_modified_time":"2021-08-10T10:16:48+00:00","og_image":[{"width":600,"height":600,"url":"https:\/\/preprod.cafesnovell.com\/wp-content\/uploads\/2019\/10\/0626.jpg","type":"image\/jpeg"}],"twitter_card":"summary_large_image","schema":{"@context":"https:\/\/schema.org","@graph":[{"@type":"WebPage","@id":"https:\/\/preprod.cafesnovell.com\/ca\/producto\/rooibos-supergrade\/","url":"https:\/\/preprod.cafesnovell.com\/ca\/producto\/rooibos-supergrade\/","name":"Rooibos Supergrade (250g) - Caf\u00e8s Novell","isPartOf":{"@id":"https:\/\/preprod.cafesnovell.com\/ca\/#website"},"primaryImageOfPage":{"@id":"https:\/\/preprod.cafesnovell.com\/ca\/producto\/rooibos-supergrade\/#primaryimage"},"image":{"@id":"https:\/\/preprod.cafesnovell.com\/ca\/producto\/rooibos-supergrade\/#primaryimage"},"thumbnailUrl":"https:\/\/preprod.cafesnovell.com\/wp-content\/uploads\/2019\/10\/0626.jpg","datePublished":"2019-10-02T14:18:20+00:00","dateModified":"2021-08-10T10:16:48+00:00","description":"T\u00e9 rico en minerales y vitamina C, act\u00faa como antihistam\u00ednico natural. Hojas del arbusto rojo Camelia Sinensis, originario de la zona de Cedaberg en Sud \u00c1frica. Dulce, afrutado, refrescante y de color rojo. Sin az\u00facar, sacia el ansia de comer","breadcrumb":{"@id":"https:\/\/preprod.cafesnovell.com\/ca\/producto\/rooibos-supergrade\/#breadcrumb"},"inLanguage":"ca","potentialAction":[{"@type":"ReadAction","target":["https:\/\/preprod.cafesnovell.com\/ca\/producto\/rooibos-supergrade\/"]}]},{"@type":"ImageObject","inLanguage":"ca","@id":"https:\/\/preprod.cafesnovell.com\/ca\/producto\/rooibos-supergrade\/#primaryimage","url":"https:\/\/preprod.cafesnovell.com\/wp-content\/uploads\/2019\/10\/0626.jpg","contentUrl":"https:\/\/preprod.cafesnovell.com\/wp-content\/uploads\/2019\/10\/0626.jpg","width":600,"height":600,"caption":"T\u00e9"},{"@type":"BreadcrumbList","@id":"https:\/\/preprod.cafesnovell.com\/ca\/producto\/rooibos-supergrade\/#breadcrumb","itemListElement":[{"@type":"ListItem","position":1,"name":"Inici","item":"https:\/\/preprod.cafesnovell.com\/ca\/"},{"@type":"ListItem","position":2,"name":"Botiga","item":"https:\/\/preprod.cafesnovell.com\/ca\/botiga\/"},{"@type":"ListItem","position":3,"name":"Rooibos Supergrade (250g)"}]},{"@type":"WebSite","@id":"https:\/\/preprod.cafesnovell.com\/ca\/#website","url":"https:\/\/preprod.cafesnovell.com\/ca\/","name":"Caf\u00e8s Novell","description":"Organic Premium Coffee","potentialAction":[{"@type":"SearchAction","target":{"@type":"EntryPoint","urlTemplate":"https:\/\/preprod.cafesnovell.com\/ca\/?s={search_term_string}"},"query-input":{"@type":"PropertyValueSpecification","valueRequired":true,"valueName":"search_term_string"}}],"inLanguage":"ca"}]}},"df_price":12.2,"df_sale_price":"","df_regular_price":12.2,"df_image_link":"https:\/\/preprod.cafesnovell.com\/wp-content\/uploads\/2019\/10\/0626-300x300.jpg","_links":{"self":[{"href":"https:\/\/preprod.cafesnovell.com\/ca\/wp-json\/wp\/v2\/product\/10344","targetHints":{"allow":["GET"]}}],"collection":[{"href":"https:\/\/preprod.cafesnovell.com\/ca\/wp-json\/wp\/v2\/product"}],"about":[{"href":"https:\/\/preprod.cafesnovell.com\/ca\/wp-json\/wp\/v2\/types\/product"}],"wp:featuredmedia":[{"embeddable":true,"href":"https:\/\/preprod.cafesnovell.com\/ca\/wp-json\/wp\/v2\/media\/5316"}],"wp:attachment":[{"href":"https:\/\/preprod.cafesnovell.com\/ca\/wp-json\/wp\/v2\/media?parent=10344"}],"wp:term":[{"taxonomy":"product_brand","embeddable":true,"href":"https:\/\/preprod.cafesnovell.com\/ca\/wp-json\/wp\/v2\/product_brand?post=10344"},{"taxonomy":"product_cat","embeddable":true,"href":"https:\/\/preprod.cafesnovell.com\/ca\/wp-json\/wp\/v2\/product_cat?post=10344"},{"taxonomy":"product_tag","embeddable":true,"href":"https:\/\/preprod.cafesnovell.com\/ca\/wp-json\/wp\/v2\/product_tag?post=10344"}],"curies":[{"name":"wp","href":"https:\/\/api.w.org\/{rel}","templated":true}]}}