{"id":10367,"date":"2019-10-02T14:18:17","date_gmt":"2019-10-02T14:18:17","guid":{"rendered":"https:\/\/cafesnovell.com\/producto\/passio-prohibida\/"},"modified":"2023-06-07T17:02:53","modified_gmt":"2023-06-07T15:02:53","slug":"passio-prohibida","status":"publish","type":"product","link":"https:\/\/preprod.cafesnovell.com\/ca\/producto\/passio-prohibida\/","title":{"rendered":"Passi\u00f3 Prohibida"},"content":{"rendered":"","protected":false},"excerpt":{"rendered":"<p>Combinaci\u00f3 de fruites de color intens. Sabor dol\u00e7 i perfumat. Rica en vitamines, ferro, calci i potassi. Associat amb el desig sexual i l&#8217;amor passional.<\/p>\n<p>Ingredients: Maduixa, grosella, m\u00f3res, hibisc.<\/p>\n","protected":false},"featured_media":67880,"template":"","meta":{"_acf_changed":false},"product_brand":[],"product_cat":[126,2524,129],"product_tag":[],"class_list":{"0":"post-10367","1":"product","2":"type-product","3":"status-publish","4":"has-post-thumbnail","6":"product_cat-tes-i-infusions","7":"product_cat-tes-i-infusions-novell-go","8":"product_cat-piramides-ca","10":"first","11":"instock","12":"taxable","13":"shipping-taxable","14":"purchasable","15":"product-type-simple"},"bundled_by":[],"bundle_stock_status":"instock","bundle_stock_quantity":null,"bundle_virtual":false,"bundle_layout":"","bundle_add_to_cart_form_location":"","bundle_editable_in_cart":false,"bundle_sold_individually_context":"","bundle_item_grouping":"","bundle_min_size":"","bundle_max_size":"","bundle_price":[],"bundled_items":[],"bundle_sell_ids":[],"acf":[],"yoast_head":"<!-- This site is optimized with the Yoast SEO plugin v24.4 - https:\/\/yoast.com\/wordpress\/plugins\/seo\/ -->\n<title>Passi\u00f3 Prohibida - Caf\u00e8s Novell<\/title>\n<meta name=\"description\" content=\"T\u00e9 Pasi\u00f3n Prohibida en pir\u00e1mide. Ingredientes: Fresa, grosella, moras, hibisco. Rica en vitaminas, hierro, calcio y potasio.\" \/>\n<meta name=\"robots\" content=\"noindex, follow, max-snippet:-1, max-image-preview:large, max-video-preview:-1\" \/>\n<meta property=\"og:locale\" content=\"ca_ES\" \/>\n<meta property=\"og:type\" content=\"article\" \/>\n<meta property=\"og:title\" content=\"Passi\u00f3 Prohibida - Caf\u00e8s Novell\" \/>\n<meta property=\"og:description\" content=\"T\u00e9 Pasi\u00f3n Prohibida en pir\u00e1mide. Ingredientes: Fresa, grosella, moras, hibisco. Rica en vitaminas, hierro, calcio y potasio.\" \/>\n<meta property=\"og:url\" content=\"https:\/\/preprod.cafesnovell.com\/ca\/producto\/passio-prohibida\/\" \/>\n<meta property=\"og:site_name\" content=\"Caf\u00e8s Novell\" \/>\n<meta property=\"article:modified_time\" content=\"2023-06-07T15:02:53+00:00\" \/>\n<meta property=\"og:image\" content=\"https:\/\/preprod.cafesnovell.com\/wp-content\/uploads\/2019\/10\/pack_ht_passio_prohibida_hi_res.jpg\" \/>\n\t<meta property=\"og:image:width\" content=\"600\" \/>\n\t<meta property=\"og:image:height\" content=\"600\" \/>\n\t<meta property=\"og:image:type\" content=\"image\/jpeg\" \/>\n<meta name=\"twitter:card\" content=\"summary_large_image\" \/>\n<script type=\"application\/ld+json\" class=\"yoast-schema-graph\">{\"@context\":\"https:\/\/schema.org\",\"@graph\":[{\"@type\":\"WebPage\",\"@id\":\"https:\/\/preprod.cafesnovell.com\/ca\/producto\/passio-prohibida\/\",\"url\":\"https:\/\/preprod.cafesnovell.com\/ca\/producto\/passio-prohibida\/\",\"name\":\"Passi\u00f3 Prohibida - Caf\u00e8s Novell\",\"isPartOf\":{\"@id\":\"https:\/\/preprod.cafesnovell.com\/ca\/#website\"},\"primaryImageOfPage\":{\"@id\":\"https:\/\/preprod.cafesnovell.com\/ca\/producto\/passio-prohibida\/#primaryimage\"},\"image\":{\"@id\":\"https:\/\/preprod.cafesnovell.com\/ca\/producto\/passio-prohibida\/#primaryimage\"},\"thumbnailUrl\":\"https:\/\/preprod.cafesnovell.com\/wp-content\/uploads\/2019\/10\/pack_ht_passio_prohibida_hi_res.jpg\",\"datePublished\":\"2019-10-02T14:18:17+00:00\",\"dateModified\":\"2023-06-07T15:02:53+00:00\",\"description\":\"T\u00e9 Pasi\u00f3n Prohibida en pir\u00e1mide. Ingredientes: Fresa, grosella, moras, hibisco. Rica en vitaminas, hierro, calcio y potasio.\",\"breadcrumb\":{\"@id\":\"https:\/\/preprod.cafesnovell.com\/ca\/producto\/passio-prohibida\/#breadcrumb\"},\"inLanguage\":\"ca\",\"potentialAction\":[{\"@type\":\"ReadAction\",\"target\":[\"https:\/\/preprod.cafesnovell.com\/ca\/producto\/passio-prohibida\/\"]}]},{\"@type\":\"ImageObject\",\"inLanguage\":\"ca\",\"@id\":\"https:\/\/preprod.cafesnovell.com\/ca\/producto\/passio-prohibida\/#primaryimage\",\"url\":\"https:\/\/preprod.cafesnovell.com\/wp-content\/uploads\/2019\/10\/pack_ht_passio_prohibida_hi_res.jpg\",\"contentUrl\":\"https:\/\/preprod.cafesnovell.com\/wp-content\/uploads\/2019\/10\/pack_ht_passio_prohibida_hi_res.jpg\",\"width\":600,\"height\":600},{\"@type\":\"BreadcrumbList\",\"@id\":\"https:\/\/preprod.cafesnovell.com\/ca\/producto\/passio-prohibida\/#breadcrumb\",\"itemListElement\":[{\"@type\":\"ListItem\",\"position\":1,\"name\":\"Inici\",\"item\":\"https:\/\/preprod.cafesnovell.com\/ca\/\"},{\"@type\":\"ListItem\",\"position\":2,\"name\":\"Botiga\",\"item\":\"https:\/\/preprod.cafesnovell.com\/ca\/botiga\/\"},{\"@type\":\"ListItem\",\"position\":3,\"name\":\"Passi\u00f3 Prohibida\"}]},{\"@type\":\"WebSite\",\"@id\":\"https:\/\/preprod.cafesnovell.com\/ca\/#website\",\"url\":\"https:\/\/preprod.cafesnovell.com\/ca\/\",\"name\":\"Caf\u00e8s Novell\",\"description\":\"Organic Premium Coffee\",\"potentialAction\":[{\"@type\":\"SearchAction\",\"target\":{\"@type\":\"EntryPoint\",\"urlTemplate\":\"https:\/\/preprod.cafesnovell.com\/ca\/?s={search_term_string}\"},\"query-input\":{\"@type\":\"PropertyValueSpecification\",\"valueRequired\":true,\"valueName\":\"search_term_string\"}}],\"inLanguage\":\"ca\"}]}<\/script>\n<!-- \/ Yoast SEO plugin. -->","yoast_head_json":{"title":"Passi\u00f3 Prohibida - Caf\u00e8s Novell","description":"T\u00e9 Pasi\u00f3n Prohibida en pir\u00e1mide. Ingredientes: Fresa, grosella, moras, hibisco. Rica en vitaminas, hierro, calcio y potasio.","robots":{"index":"noindex","follow":"follow","max-snippet":"max-snippet:-1","max-image-preview":"max-image-preview:large","max-video-preview":"max-video-preview:-1"},"og_locale":"ca_ES","og_type":"article","og_title":"Passi\u00f3 Prohibida - Caf\u00e8s Novell","og_description":"T\u00e9 Pasi\u00f3n Prohibida en pir\u00e1mide. Ingredientes: Fresa, grosella, moras, hibisco. Rica en vitaminas, hierro, calcio y potasio.","og_url":"https:\/\/preprod.cafesnovell.com\/ca\/producto\/passio-prohibida\/","og_site_name":"Caf\u00e8s Novell","article_modified_time":"2023-06-07T15:02:53+00:00","og_image":[{"width":600,"height":600,"url":"https:\/\/preprod.cafesnovell.com\/wp-content\/uploads\/2019\/10\/pack_ht_passio_prohibida_hi_res.jpg","type":"image\/jpeg"}],"twitter_card":"summary_large_image","schema":{"@context":"https:\/\/schema.org","@graph":[{"@type":"WebPage","@id":"https:\/\/preprod.cafesnovell.com\/ca\/producto\/passio-prohibida\/","url":"https:\/\/preprod.cafesnovell.com\/ca\/producto\/passio-prohibida\/","name":"Passi\u00f3 Prohibida - Caf\u00e8s Novell","isPartOf":{"@id":"https:\/\/preprod.cafesnovell.com\/ca\/#website"},"primaryImageOfPage":{"@id":"https:\/\/preprod.cafesnovell.com\/ca\/producto\/passio-prohibida\/#primaryimage"},"image":{"@id":"https:\/\/preprod.cafesnovell.com\/ca\/producto\/passio-prohibida\/#primaryimage"},"thumbnailUrl":"https:\/\/preprod.cafesnovell.com\/wp-content\/uploads\/2019\/10\/pack_ht_passio_prohibida_hi_res.jpg","datePublished":"2019-10-02T14:18:17+00:00","dateModified":"2023-06-07T15:02:53+00:00","description":"T\u00e9 Pasi\u00f3n Prohibida en pir\u00e1mide. Ingredientes: Fresa, grosella, moras, hibisco. Rica en vitaminas, hierro, calcio y potasio.","breadcrumb":{"@id":"https:\/\/preprod.cafesnovell.com\/ca\/producto\/passio-prohibida\/#breadcrumb"},"inLanguage":"ca","potentialAction":[{"@type":"ReadAction","target":["https:\/\/preprod.cafesnovell.com\/ca\/producto\/passio-prohibida\/"]}]},{"@type":"ImageObject","inLanguage":"ca","@id":"https:\/\/preprod.cafesnovell.com\/ca\/producto\/passio-prohibida\/#primaryimage","url":"https:\/\/preprod.cafesnovell.com\/wp-content\/uploads\/2019\/10\/pack_ht_passio_prohibida_hi_res.jpg","contentUrl":"https:\/\/preprod.cafesnovell.com\/wp-content\/uploads\/2019\/10\/pack_ht_passio_prohibida_hi_res.jpg","width":600,"height":600},{"@type":"BreadcrumbList","@id":"https:\/\/preprod.cafesnovell.com\/ca\/producto\/passio-prohibida\/#breadcrumb","itemListElement":[{"@type":"ListItem","position":1,"name":"Inici","item":"https:\/\/preprod.cafesnovell.com\/ca\/"},{"@type":"ListItem","position":2,"name":"Botiga","item":"https:\/\/preprod.cafesnovell.com\/ca\/botiga\/"},{"@type":"ListItem","position":3,"name":"Passi\u00f3 Prohibida"}]},{"@type":"WebSite","@id":"https:\/\/preprod.cafesnovell.com\/ca\/#website","url":"https:\/\/preprod.cafesnovell.com\/ca\/","name":"Caf\u00e8s Novell","description":"Organic Premium Coffee","potentialAction":[{"@type":"SearchAction","target":{"@type":"EntryPoint","urlTemplate":"https:\/\/preprod.cafesnovell.com\/ca\/?s={search_term_string}"},"query-input":{"@type":"PropertyValueSpecification","valueRequired":true,"valueName":"search_term_string"}}],"inLanguage":"ca"}]}},"df_price":6.6,"df_sale_price":"","df_regular_price":6.6,"df_image_link":"https:\/\/preprod.cafesnovell.com\/wp-content\/uploads\/2019\/10\/pack_ht_passio_prohibida_hi_res-300x300.jpg","_links":{"self":[{"href":"https:\/\/preprod.cafesnovell.com\/ca\/wp-json\/wp\/v2\/product\/10367","targetHints":{"allow":["GET"]}}],"collection":[{"href":"https:\/\/preprod.cafesnovell.com\/ca\/wp-json\/wp\/v2\/product"}],"about":[{"href":"https:\/\/preprod.cafesnovell.com\/ca\/wp-json\/wp\/v2\/types\/product"}],"wp:featuredmedia":[{"embeddable":true,"href":"https:\/\/preprod.cafesnovell.com\/ca\/wp-json\/wp\/v2\/media\/67880"}],"wp:attachment":[{"href":"https:\/\/preprod.cafesnovell.com\/ca\/wp-json\/wp\/v2\/media?parent=10367"}],"wp:term":[{"taxonomy":"product_brand","embeddable":true,"href":"https:\/\/preprod.cafesnovell.com\/ca\/wp-json\/wp\/v2\/product_brand?post=10367"},{"taxonomy":"product_cat","embeddable":true,"href":"https:\/\/preprod.cafesnovell.com\/ca\/wp-json\/wp\/v2\/product_cat?post=10367"},{"taxonomy":"product_tag","embeddable":true,"href":"https:\/\/preprod.cafesnovell.com\/ca\/wp-json\/wp\/v2\/product_tag?post=10367"}],"curies":[{"name":"wp","href":"https:\/\/api.w.org\/{rel}","templated":true}]}}