{"id":37939,"date":"2020-05-08T16:40:55","date_gmt":"2020-05-08T15:40:55","guid":{"rendered":"https:\/\/cafesnovell.com\/?post_type=product&#038;p=37939"},"modified":"2021-11-30T00:00:17","modified_gmt":"2021-11-29T22:00:17","slug":"hario-v60-gerra","status":"publish","type":"product","link":"https:\/\/preprod.cafesnovell.com\/ca\/producto\/hario-v60-gerra\/","title":{"rendered":"Gerra Hario V60"},"content":{"rendered":"","protected":false},"excerpt":{"rendered":"<p><span class=\"bold-product\">Propietats Principals:<br \/>\n<\/span><span lang=\"ca\">Gerra de vidre transparent de Hario de 800 ml. Resistent a la calor, \u00fatil tant per a l&#8217;elaboraci\u00f3 com per al servei del caf\u00e8. Est\u00e0 especialment dissenyada per a ser utilitzada amb con de degoteig V60 de Hario o altres cafeteres com Aeropress. <\/span><\/p>\n<p><span class=\"bold-product\">Caracter\u00edstiques:<br \/>\n<\/span><span lang=\"ca\">Amb tapa de silicona, que impedeix la sortida de la calor.<br \/>\nCapacitat de 800 ml.<br \/>\n<\/span>El vidre transparent, resistent a la calor, permet observar l&#8217;elaboraci\u00f3 del caf\u00e8.<\/p>\n","protected":false},"featured_media":37175,"template":"","meta":{"_acf_changed":false},"product_brand":[],"product_cat":[2553,125,1229],"product_tag":[],"class_list":{"0":"post-37939","1":"product","2":"type-product","3":"status-publish","4":"has-post-thumbnail","6":"product_cat-descomptes-en-cafeteres-i-complements","7":"product_cat-complements","8":"product_cat-accessoris-cafeteres","10":"first","11":"instock","12":"taxable","13":"shipping-taxable","14":"purchasable","15":"product-type-simple"},"bundled_by":[],"bundle_stock_status":"instock","bundle_stock_quantity":2,"bundle_virtual":false,"bundle_layout":"","bundle_add_to_cart_form_location":"","bundle_editable_in_cart":false,"bundle_sold_individually_context":"","bundle_item_grouping":"","bundle_min_size":"","bundle_max_size":"","bundle_price":[],"bundled_items":[],"bundle_sell_ids":[],"acf":[],"yoast_head":"<!-- This site is optimized with the Yoast SEO plugin v24.4 - https:\/\/yoast.com\/wordpress\/plugins\/seo\/ -->\n<title>Gerra Hario V60 - Range Server<\/title>\n<meta name=\"description\" content=\"Gerra de vidre transparent de Hario de 800 ml. Resistent a la calor, \u00fatil tant per a l&#039;elaboraci\u00f3 com per al servei del caf\u00e8.\" \/>\n<meta name=\"robots\" content=\"noindex, follow, max-snippet:-1, max-image-preview:large, max-video-preview:-1\" \/>\n<meta property=\"og:locale\" content=\"ca_ES\" \/>\n<meta property=\"og:type\" content=\"article\" \/>\n<meta property=\"og:title\" content=\"Gerra Hario V60 - Range Server\" \/>\n<meta property=\"og:description\" content=\"Gerra de vidre transparent de Hario de 800 ml. Resistent a la calor, \u00fatil tant per a l&#039;elaboraci\u00f3 com per al servei del caf\u00e8.\" \/>\n<meta property=\"og:url\" content=\"https:\/\/preprod.cafesnovell.com\/ca\/producto\/hario-v60-gerra\/\" \/>\n<meta property=\"og:site_name\" content=\"Caf\u00e8s Novell\" \/>\n<meta property=\"article:modified_time\" content=\"2021-11-29T22:00:17+00:00\" \/>\n<meta property=\"og:image\" content=\"https:\/\/preprod.cafesnovell.com\/wp-content\/uploads\/2020\/04\/hario-v60-server-800ml-web.jpg\" \/>\n\t<meta property=\"og:image:width\" content=\"600\" \/>\n\t<meta property=\"og:image:height\" content=\"600\" \/>\n\t<meta property=\"og:image:type\" content=\"image\/jpeg\" \/>\n<meta name=\"twitter:card\" content=\"summary_large_image\" \/>\n<script type=\"application\/ld+json\" class=\"yoast-schema-graph\">{\"@context\":\"https:\/\/schema.org\",\"@graph\":[{\"@type\":\"WebPage\",\"@id\":\"https:\/\/preprod.cafesnovell.com\/ca\/producto\/hario-v60-gerra\/\",\"url\":\"https:\/\/preprod.cafesnovell.com\/ca\/producto\/hario-v60-gerra\/\",\"name\":\"Gerra Hario V60 - Range Server\",\"isPartOf\":{\"@id\":\"https:\/\/preprod.cafesnovell.com\/ca\/#website\"},\"primaryImageOfPage\":{\"@id\":\"https:\/\/preprod.cafesnovell.com\/ca\/producto\/hario-v60-gerra\/#primaryimage\"},\"image\":{\"@id\":\"https:\/\/preprod.cafesnovell.com\/ca\/producto\/hario-v60-gerra\/#primaryimage\"},\"thumbnailUrl\":\"https:\/\/preprod.cafesnovell.com\/wp-content\/uploads\/2020\/04\/hario-v60-server-800ml-web.jpg\",\"datePublished\":\"2020-05-08T15:40:55+00:00\",\"dateModified\":\"2021-11-29T22:00:17+00:00\",\"description\":\"Gerra de vidre transparent de Hario de 800 ml. Resistent a la calor, \u00fatil tant per a l'elaboraci\u00f3 com per al servei del caf\u00e8.\",\"breadcrumb\":{\"@id\":\"https:\/\/preprod.cafesnovell.com\/ca\/producto\/hario-v60-gerra\/#breadcrumb\"},\"inLanguage\":\"ca\",\"potentialAction\":[{\"@type\":\"ReadAction\",\"target\":[\"https:\/\/preprod.cafesnovell.com\/ca\/producto\/hario-v60-gerra\/\"]}]},{\"@type\":\"ImageObject\",\"inLanguage\":\"ca\",\"@id\":\"https:\/\/preprod.cafesnovell.com\/ca\/producto\/hario-v60-gerra\/#primaryimage\",\"url\":\"https:\/\/preprod.cafesnovell.com\/wp-content\/uploads\/2020\/04\/hario-v60-server-800ml-web.jpg\",\"contentUrl\":\"https:\/\/preprod.cafesnovell.com\/wp-content\/uploads\/2020\/04\/hario-v60-server-800ml-web.jpg\",\"width\":600,\"height\":600},{\"@type\":\"BreadcrumbList\",\"@id\":\"https:\/\/preprod.cafesnovell.com\/ca\/producto\/hario-v60-gerra\/#breadcrumb\",\"itemListElement\":[{\"@type\":\"ListItem\",\"position\":1,\"name\":\"Inici\",\"item\":\"https:\/\/preprod.cafesnovell.com\/ca\/\"},{\"@type\":\"ListItem\",\"position\":2,\"name\":\"Botiga\",\"item\":\"https:\/\/preprod.cafesnovell.com\/ca\/botiga\/\"},{\"@type\":\"ListItem\",\"position\":3,\"name\":\"Gerra Hario V60\"}]},{\"@type\":\"WebSite\",\"@id\":\"https:\/\/preprod.cafesnovell.com\/ca\/#website\",\"url\":\"https:\/\/preprod.cafesnovell.com\/ca\/\",\"name\":\"Caf\u00e8s Novell\",\"description\":\"Organic Premium Coffee\",\"potentialAction\":[{\"@type\":\"SearchAction\",\"target\":{\"@type\":\"EntryPoint\",\"urlTemplate\":\"https:\/\/preprod.cafesnovell.com\/ca\/?s={search_term_string}\"},\"query-input\":{\"@type\":\"PropertyValueSpecification\",\"valueRequired\":true,\"valueName\":\"search_term_string\"}}],\"inLanguage\":\"ca\"}]}<\/script>\n<!-- \/ Yoast SEO plugin. -->","yoast_head_json":{"title":"Gerra Hario V60 - Range Server","description":"Gerra de vidre transparent de Hario de 800 ml. Resistent a la calor, \u00fatil tant per a l'elaboraci\u00f3 com per al servei del caf\u00e8.","robots":{"index":"noindex","follow":"follow","max-snippet":"max-snippet:-1","max-image-preview":"max-image-preview:large","max-video-preview":"max-video-preview:-1"},"og_locale":"ca_ES","og_type":"article","og_title":"Gerra Hario V60 - Range Server","og_description":"Gerra de vidre transparent de Hario de 800 ml. Resistent a la calor, \u00fatil tant per a l'elaboraci\u00f3 com per al servei del caf\u00e8.","og_url":"https:\/\/preprod.cafesnovell.com\/ca\/producto\/hario-v60-gerra\/","og_site_name":"Caf\u00e8s Novell","article_modified_time":"2021-11-29T22:00:17+00:00","og_image":[{"width":600,"height":600,"url":"https:\/\/preprod.cafesnovell.com\/wp-content\/uploads\/2020\/04\/hario-v60-server-800ml-web.jpg","type":"image\/jpeg"}],"twitter_card":"summary_large_image","schema":{"@context":"https:\/\/schema.org","@graph":[{"@type":"WebPage","@id":"https:\/\/preprod.cafesnovell.com\/ca\/producto\/hario-v60-gerra\/","url":"https:\/\/preprod.cafesnovell.com\/ca\/producto\/hario-v60-gerra\/","name":"Gerra Hario V60 - Range Server","isPartOf":{"@id":"https:\/\/preprod.cafesnovell.com\/ca\/#website"},"primaryImageOfPage":{"@id":"https:\/\/preprod.cafesnovell.com\/ca\/producto\/hario-v60-gerra\/#primaryimage"},"image":{"@id":"https:\/\/preprod.cafesnovell.com\/ca\/producto\/hario-v60-gerra\/#primaryimage"},"thumbnailUrl":"https:\/\/preprod.cafesnovell.com\/wp-content\/uploads\/2020\/04\/hario-v60-server-800ml-web.jpg","datePublished":"2020-05-08T15:40:55+00:00","dateModified":"2021-11-29T22:00:17+00:00","description":"Gerra de vidre transparent de Hario de 800 ml. Resistent a la calor, \u00fatil tant per a l'elaboraci\u00f3 com per al servei del caf\u00e8.","breadcrumb":{"@id":"https:\/\/preprod.cafesnovell.com\/ca\/producto\/hario-v60-gerra\/#breadcrumb"},"inLanguage":"ca","potentialAction":[{"@type":"ReadAction","target":["https:\/\/preprod.cafesnovell.com\/ca\/producto\/hario-v60-gerra\/"]}]},{"@type":"ImageObject","inLanguage":"ca","@id":"https:\/\/preprod.cafesnovell.com\/ca\/producto\/hario-v60-gerra\/#primaryimage","url":"https:\/\/preprod.cafesnovell.com\/wp-content\/uploads\/2020\/04\/hario-v60-server-800ml-web.jpg","contentUrl":"https:\/\/preprod.cafesnovell.com\/wp-content\/uploads\/2020\/04\/hario-v60-server-800ml-web.jpg","width":600,"height":600},{"@type":"BreadcrumbList","@id":"https:\/\/preprod.cafesnovell.com\/ca\/producto\/hario-v60-gerra\/#breadcrumb","itemListElement":[{"@type":"ListItem","position":1,"name":"Inici","item":"https:\/\/preprod.cafesnovell.com\/ca\/"},{"@type":"ListItem","position":2,"name":"Botiga","item":"https:\/\/preprod.cafesnovell.com\/ca\/botiga\/"},{"@type":"ListItem","position":3,"name":"Gerra Hario V60"}]},{"@type":"WebSite","@id":"https:\/\/preprod.cafesnovell.com\/ca\/#website","url":"https:\/\/preprod.cafesnovell.com\/ca\/","name":"Caf\u00e8s Novell","description":"Organic Premium Coffee","potentialAction":[{"@type":"SearchAction","target":{"@type":"EntryPoint","urlTemplate":"https:\/\/preprod.cafesnovell.com\/ca\/?s={search_term_string}"},"query-input":{"@type":"PropertyValueSpecification","valueRequired":true,"valueName":"search_term_string"}}],"inLanguage":"ca"}]}},"df_price":27.95,"df_sale_price":"","df_regular_price":27.95,"df_image_link":"https:\/\/preprod.cafesnovell.com\/wp-content\/uploads\/2020\/04\/hario-v60-server-800ml-web-300x300.jpg","_links":{"self":[{"href":"https:\/\/preprod.cafesnovell.com\/ca\/wp-json\/wp\/v2\/product\/37939","targetHints":{"allow":["GET"]}}],"collection":[{"href":"https:\/\/preprod.cafesnovell.com\/ca\/wp-json\/wp\/v2\/product"}],"about":[{"href":"https:\/\/preprod.cafesnovell.com\/ca\/wp-json\/wp\/v2\/types\/product"}],"wp:featuredmedia":[{"embeddable":true,"href":"https:\/\/preprod.cafesnovell.com\/ca\/wp-json\/wp\/v2\/media\/37175"}],"wp:attachment":[{"href":"https:\/\/preprod.cafesnovell.com\/ca\/wp-json\/wp\/v2\/media?parent=37939"}],"wp:term":[{"taxonomy":"product_brand","embeddable":true,"href":"https:\/\/preprod.cafesnovell.com\/ca\/wp-json\/wp\/v2\/product_brand?post=37939"},{"taxonomy":"product_cat","embeddable":true,"href":"https:\/\/preprod.cafesnovell.com\/ca\/wp-json\/wp\/v2\/product_cat?post=37939"},{"taxonomy":"product_tag","embeddable":true,"href":"https:\/\/preprod.cafesnovell.com\/ca\/wp-json\/wp\/v2\/product_tag?post=37939"}],"curies":[{"name":"wp","href":"https:\/\/api.w.org\/{rel}","templated":true}]}}