{"id":40014,"date":"2020-06-12T11:33:37","date_gmt":"2020-06-12T10:33:37","guid":{"rendered":"https:\/\/cafesnovell.com\/?post_type=product&#038;p=40014"},"modified":"2021-11-30T00:00:20","modified_gmt":"2021-11-29T22:00:20","slug":"set-cafetera-brewer-4-tasses","status":"publish","type":"product","link":"https:\/\/preprod.cafesnovell.com\/ca\/producto\/set-cafetera-brewer-4-tasses\/","title":{"rendered":"Set Cafetera Kinto Brewer"},"content":{"rendered":"","protected":false},"excerpt":{"rendered":"<p><span class=\"bold-product\">Propietats Principals:<\/span><br \/>\nCafetera de degoteig Brewer Stand Set 4 Tasses, elaborada de vidre, fusta de Noguera i llaut\u00f3. Gaudeix de la riquesa d&#8217;anar a poc a poc amb aquesta cafetera <span class=\"hiddenSpellError\">slow<\/span>\u00a0<span class=\"hiddenSpellError\">coffee<\/span>\u00a0<span class=\"hiddenSpellError\">style<\/span> que es pot col\u00b7locar a qualsevol servidor o tassa.<\/p>\n<p><span class=\"bold-product\">Caracter\u00edstiques:<\/span><br \/>\nCapacitat d&#8217;1 a 4 tasses.<br \/>\nApta per a rentavaixelles<br \/>\nFiltre stainless steel, que extreu l&#8217;oli de caf\u00e8 i treu la riquesa i l&#8217;aroma del caf\u00e8 elaborat.<\/p>\n","protected":false},"featured_media":37199,"template":"","meta":{"_acf_changed":false},"product_brand":[],"product_cat":[131,1230,1265],"product_tag":[],"class_list":{"0":"post-40014","1":"product","2":"type-product","3":"status-publish","4":"has-post-thumbnail","6":"product_cat-cafeteres","7":"product_cat-cafeteres-de-filtre","8":"product_cat-idees-per-regalar","10":"first","11":"outofstock","12":"taxable","13":"shipping-taxable","14":"purchasable","15":"product-type-simple"},"bundled_by":[],"bundle_stock_status":"outofstock","bundle_stock_quantity":0,"bundle_virtual":false,"bundle_layout":"","bundle_add_to_cart_form_location":"","bundle_editable_in_cart":false,"bundle_sold_individually_context":"","bundle_item_grouping":"","bundle_min_size":"","bundle_max_size":"","bundle_price":[],"bundled_items":[],"bundle_sell_ids":[],"acf":[],"yoast_head":"<!-- This site is optimized with the Yoast SEO plugin v24.4 - https:\/\/yoast.com\/wordpress\/plugins\/seo\/ -->\n<title>Set Cafetera Kinto Brewer - Caf\u00e8s Novell<\/title>\n<meta name=\"description\" content=\"Set de cafetera Kinto Brewer amb capacitat per a 4 tasses. La forma m\u00e9s elegant de gaudir del caf\u00e8 de filtre per als amants del disseny.\" \/>\n<meta name=\"robots\" content=\"noindex, follow, max-snippet:-1, max-image-preview:large, max-video-preview:-1\" \/>\n<meta property=\"og:locale\" content=\"ca_ES\" \/>\n<meta property=\"og:type\" content=\"article\" \/>\n<meta property=\"og:title\" content=\"Set Cafetera Kinto Brewer - Caf\u00e8s Novell\" \/>\n<meta property=\"og:description\" content=\"Set de cafetera Kinto Brewer amb capacitat per a 4 tasses. La forma m\u00e9s elegant de gaudir del caf\u00e8 de filtre per als amants del disseny.\" \/>\n<meta property=\"og:url\" content=\"https:\/\/preprod.cafesnovell.com\/ca\/producto\/set-cafetera-brewer-4-tasses\/\" \/>\n<meta property=\"og:site_name\" content=\"Caf\u00e8s Novell\" \/>\n<meta property=\"article:modified_time\" content=\"2021-11-29T22:00:20+00:00\" \/>\n<meta property=\"og:image\" content=\"https:\/\/preprod.cafesnovell.com\/wp-content\/uploads\/2020\/04\/kinto-brewer-stand-set-4-cups-web.jpg\" \/>\n\t<meta property=\"og:image:width\" content=\"600\" \/>\n\t<meta property=\"og:image:height\" content=\"600\" \/>\n\t<meta property=\"og:image:type\" content=\"image\/jpeg\" \/>\n<meta name=\"twitter:card\" content=\"summary_large_image\" \/>\n<script type=\"application\/ld+json\" class=\"yoast-schema-graph\">{\"@context\":\"https:\/\/schema.org\",\"@graph\":[{\"@type\":\"WebPage\",\"@id\":\"https:\/\/preprod.cafesnovell.com\/ca\/producto\/set-cafetera-brewer-4-tasses\/\",\"url\":\"https:\/\/preprod.cafesnovell.com\/ca\/producto\/set-cafetera-brewer-4-tasses\/\",\"name\":\"Set Cafetera Kinto Brewer - Caf\u00e8s Novell\",\"isPartOf\":{\"@id\":\"https:\/\/preprod.cafesnovell.com\/ca\/#website\"},\"primaryImageOfPage\":{\"@id\":\"https:\/\/preprod.cafesnovell.com\/ca\/producto\/set-cafetera-brewer-4-tasses\/#primaryimage\"},\"image\":{\"@id\":\"https:\/\/preprod.cafesnovell.com\/ca\/producto\/set-cafetera-brewer-4-tasses\/#primaryimage\"},\"thumbnailUrl\":\"https:\/\/preprod.cafesnovell.com\/wp-content\/uploads\/2020\/04\/kinto-brewer-stand-set-4-cups-web.jpg\",\"datePublished\":\"2020-06-12T10:33:37+00:00\",\"dateModified\":\"2021-11-29T22:00:20+00:00\",\"description\":\"Set de cafetera Kinto Brewer amb capacitat per a 4 tasses. La forma m\u00e9s elegant de gaudir del caf\u00e8 de filtre per als amants del disseny.\",\"breadcrumb\":{\"@id\":\"https:\/\/preprod.cafesnovell.com\/ca\/producto\/set-cafetera-brewer-4-tasses\/#breadcrumb\"},\"inLanguage\":\"ca\",\"potentialAction\":[{\"@type\":\"ReadAction\",\"target\":[\"https:\/\/preprod.cafesnovell.com\/ca\/producto\/set-cafetera-brewer-4-tasses\/\"]}]},{\"@type\":\"ImageObject\",\"inLanguage\":\"ca\",\"@id\":\"https:\/\/preprod.cafesnovell.com\/ca\/producto\/set-cafetera-brewer-4-tasses\/#primaryimage\",\"url\":\"https:\/\/preprod.cafesnovell.com\/wp-content\/uploads\/2020\/04\/kinto-brewer-stand-set-4-cups-web.jpg\",\"contentUrl\":\"https:\/\/preprod.cafesnovell.com\/wp-content\/uploads\/2020\/04\/kinto-brewer-stand-set-4-cups-web.jpg\",\"width\":600,\"height\":600},{\"@type\":\"BreadcrumbList\",\"@id\":\"https:\/\/preprod.cafesnovell.com\/ca\/producto\/set-cafetera-brewer-4-tasses\/#breadcrumb\",\"itemListElement\":[{\"@type\":\"ListItem\",\"position\":1,\"name\":\"Inici\",\"item\":\"https:\/\/preprod.cafesnovell.com\/ca\/\"},{\"@type\":\"ListItem\",\"position\":2,\"name\":\"Botiga\",\"item\":\"https:\/\/preprod.cafesnovell.com\/ca\/botiga\/\"},{\"@type\":\"ListItem\",\"position\":3,\"name\":\"Set Cafetera Kinto Brewer\"}]},{\"@type\":\"WebSite\",\"@id\":\"https:\/\/preprod.cafesnovell.com\/ca\/#website\",\"url\":\"https:\/\/preprod.cafesnovell.com\/ca\/\",\"name\":\"Caf\u00e8s Novell\",\"description\":\"Organic Premium Coffee\",\"potentialAction\":[{\"@type\":\"SearchAction\",\"target\":{\"@type\":\"EntryPoint\",\"urlTemplate\":\"https:\/\/preprod.cafesnovell.com\/ca\/?s={search_term_string}\"},\"query-input\":{\"@type\":\"PropertyValueSpecification\",\"valueRequired\":true,\"valueName\":\"search_term_string\"}}],\"inLanguage\":\"ca\"}]}<\/script>\n<!-- \/ Yoast SEO plugin. -->","yoast_head_json":{"title":"Set Cafetera Kinto Brewer - Caf\u00e8s Novell","description":"Set de cafetera Kinto Brewer amb capacitat per a 4 tasses. La forma m\u00e9s elegant de gaudir del caf\u00e8 de filtre per als amants del disseny.","robots":{"index":"noindex","follow":"follow","max-snippet":"max-snippet:-1","max-image-preview":"max-image-preview:large","max-video-preview":"max-video-preview:-1"},"og_locale":"ca_ES","og_type":"article","og_title":"Set Cafetera Kinto Brewer - Caf\u00e8s Novell","og_description":"Set de cafetera Kinto Brewer amb capacitat per a 4 tasses. La forma m\u00e9s elegant de gaudir del caf\u00e8 de filtre per als amants del disseny.","og_url":"https:\/\/preprod.cafesnovell.com\/ca\/producto\/set-cafetera-brewer-4-tasses\/","og_site_name":"Caf\u00e8s Novell","article_modified_time":"2021-11-29T22:00:20+00:00","og_image":[{"width":600,"height":600,"url":"https:\/\/preprod.cafesnovell.com\/wp-content\/uploads\/2020\/04\/kinto-brewer-stand-set-4-cups-web.jpg","type":"image\/jpeg"}],"twitter_card":"summary_large_image","schema":{"@context":"https:\/\/schema.org","@graph":[{"@type":"WebPage","@id":"https:\/\/preprod.cafesnovell.com\/ca\/producto\/set-cafetera-brewer-4-tasses\/","url":"https:\/\/preprod.cafesnovell.com\/ca\/producto\/set-cafetera-brewer-4-tasses\/","name":"Set Cafetera Kinto Brewer - Caf\u00e8s Novell","isPartOf":{"@id":"https:\/\/preprod.cafesnovell.com\/ca\/#website"},"primaryImageOfPage":{"@id":"https:\/\/preprod.cafesnovell.com\/ca\/producto\/set-cafetera-brewer-4-tasses\/#primaryimage"},"image":{"@id":"https:\/\/preprod.cafesnovell.com\/ca\/producto\/set-cafetera-brewer-4-tasses\/#primaryimage"},"thumbnailUrl":"https:\/\/preprod.cafesnovell.com\/wp-content\/uploads\/2020\/04\/kinto-brewer-stand-set-4-cups-web.jpg","datePublished":"2020-06-12T10:33:37+00:00","dateModified":"2021-11-29T22:00:20+00:00","description":"Set de cafetera Kinto Brewer amb capacitat per a 4 tasses. La forma m\u00e9s elegant de gaudir del caf\u00e8 de filtre per als amants del disseny.","breadcrumb":{"@id":"https:\/\/preprod.cafesnovell.com\/ca\/producto\/set-cafetera-brewer-4-tasses\/#breadcrumb"},"inLanguage":"ca","potentialAction":[{"@type":"ReadAction","target":["https:\/\/preprod.cafesnovell.com\/ca\/producto\/set-cafetera-brewer-4-tasses\/"]}]},{"@type":"ImageObject","inLanguage":"ca","@id":"https:\/\/preprod.cafesnovell.com\/ca\/producto\/set-cafetera-brewer-4-tasses\/#primaryimage","url":"https:\/\/preprod.cafesnovell.com\/wp-content\/uploads\/2020\/04\/kinto-brewer-stand-set-4-cups-web.jpg","contentUrl":"https:\/\/preprod.cafesnovell.com\/wp-content\/uploads\/2020\/04\/kinto-brewer-stand-set-4-cups-web.jpg","width":600,"height":600},{"@type":"BreadcrumbList","@id":"https:\/\/preprod.cafesnovell.com\/ca\/producto\/set-cafetera-brewer-4-tasses\/#breadcrumb","itemListElement":[{"@type":"ListItem","position":1,"name":"Inici","item":"https:\/\/preprod.cafesnovell.com\/ca\/"},{"@type":"ListItem","position":2,"name":"Botiga","item":"https:\/\/preprod.cafesnovell.com\/ca\/botiga\/"},{"@type":"ListItem","position":3,"name":"Set Cafetera Kinto Brewer"}]},{"@type":"WebSite","@id":"https:\/\/preprod.cafesnovell.com\/ca\/#website","url":"https:\/\/preprod.cafesnovell.com\/ca\/","name":"Caf\u00e8s Novell","description":"Organic Premium Coffee","potentialAction":[{"@type":"SearchAction","target":{"@type":"EntryPoint","urlTemplate":"https:\/\/preprod.cafesnovell.com\/ca\/?s={search_term_string}"},"query-input":{"@type":"PropertyValueSpecification","valueRequired":true,"valueName":"search_term_string"}}],"inLanguage":"ca"}]}},"df_price":200,"df_sale_price":"","df_regular_price":200,"df_image_link":"https:\/\/preprod.cafesnovell.com\/wp-content\/uploads\/2020\/04\/kinto-brewer-stand-set-4-cups-web-300x300.jpg","_links":{"self":[{"href":"https:\/\/preprod.cafesnovell.com\/ca\/wp-json\/wp\/v2\/product\/40014","targetHints":{"allow":["GET"]}}],"collection":[{"href":"https:\/\/preprod.cafesnovell.com\/ca\/wp-json\/wp\/v2\/product"}],"about":[{"href":"https:\/\/preprod.cafesnovell.com\/ca\/wp-json\/wp\/v2\/types\/product"}],"wp:featuredmedia":[{"embeddable":true,"href":"https:\/\/preprod.cafesnovell.com\/ca\/wp-json\/wp\/v2\/media\/37199"}],"wp:attachment":[{"href":"https:\/\/preprod.cafesnovell.com\/ca\/wp-json\/wp\/v2\/media?parent=40014"}],"wp:term":[{"taxonomy":"product_brand","embeddable":true,"href":"https:\/\/preprod.cafesnovell.com\/ca\/wp-json\/wp\/v2\/product_brand?post=40014"},{"taxonomy":"product_cat","embeddable":true,"href":"https:\/\/preprod.cafesnovell.com\/ca\/wp-json\/wp\/v2\/product_cat?post=40014"},{"taxonomy":"product_tag","embeddable":true,"href":"https:\/\/preprod.cafesnovell.com\/ca\/wp-json\/wp\/v2\/product_tag?post=40014"}],"curies":[{"name":"wp","href":"https:\/\/api.w.org\/{rel}","templated":true}]}}