{"id":40819,"date":"2020-06-16T08:21:45","date_gmt":"2020-06-16T07:21:45","guid":{"rendered":"https:\/\/cafesnovell.com\/?post_type=product&#038;p=40819"},"modified":"2024-01-26T11:46:27","modified_gmt":"2024-01-26T10:46:27","slug":"moka-bialetti-induccio-vermella","status":"publish","type":"product","link":"https:\/\/preprod.cafesnovell.com\/ca\/producto\/moka-bialetti-induccio-vermella\/","title":{"rendered":"Cafetera Moka Bialetti"},"content":{"rendered":"","protected":false},"excerpt":{"rendered":"<p><span class=\"bold-product\">Propietats Principals:<\/span><br \/>\nCl\u00e0ssica cafetera per casa, model Bialetti Inducci\u00f3 en color Vermell (capacitat de 3 o 6 tasses, segons selecci\u00f3. \u00c9s la primera Moka dissenyada per Bialetti apta per plaques d&#8217;inducci\u00f3, feta amb acer inoxidable, alumini i silici, una elegant barreja de materials fins i altament funcionals.<\/p>\n<p><span class=\"bold-product\">Caracter\u00edstiques:<\/span><br \/>\nApta per a totes les plaques, les d&#8217;inducci\u00f3 incloses.<br \/>\nV\u00e0lvula de seguretat patentada per Bialetti.<br \/>\nFabricada en acer inoxidable, alumini i silici.<\/p>\n","protected":false},"featured_media":100393,"template":"","meta":{"_acf_changed":false},"product_brand":[],"product_cat":[131,1226],"product_tag":[],"class_list":{"0":"post-40819","1":"product","2":"type-product","3":"status-publish","4":"has-post-thumbnail","6":"product_cat-cafeteres","7":"product_cat-cafeteres-italianes","9":"first","10":"instock","11":"taxable","12":"shipping-taxable","13":"purchasable","14":"product-type-simple"},"bundled_by":[],"bundle_stock_status":"instock","bundle_stock_quantity":4,"bundle_virtual":false,"bundle_layout":"","bundle_add_to_cart_form_location":"","bundle_editable_in_cart":false,"bundle_sold_individually_context":"","bundle_item_grouping":"","bundle_min_size":"","bundle_max_size":"","bundle_price":[],"bundled_items":[],"bundle_sell_ids":[],"acf":[],"yoast_head":"<!-- This site is optimized with the Yoast SEO plugin v24.4 - https:\/\/yoast.com\/wordpress\/plugins\/seo\/ -->\n<title>Cafetera Moka Bialetti<\/title>\n<meta name=\"description\" content=\"Cl\u00e0ssica cafetera per casa, model Bialetti Inducci\u00f3 Vermella. \u00c9s la primera Moka dissenyada per Bialetti apta per plaques d&#039;inducci\u00f3.\" \/>\n<meta name=\"robots\" content=\"noindex, follow, max-snippet:-1, max-image-preview:large, max-video-preview:-1\" \/>\n<meta property=\"og:locale\" content=\"ca_ES\" \/>\n<meta property=\"og:type\" content=\"article\" \/>\n<meta property=\"og:title\" content=\"Cafetera Moka Bialetti\" \/>\n<meta property=\"og:description\" content=\"Cl\u00e0ssica cafetera per casa, model Bialetti Inducci\u00f3 Vermella. \u00c9s la primera Moka dissenyada per Bialetti apta per plaques d&#039;inducci\u00f3.\" \/>\n<meta property=\"og:url\" content=\"https:\/\/preprod.cafesnovell.com\/ca\/producto\/moka-bialetti-induccio-vermella\/\" \/>\n<meta property=\"og:site_name\" content=\"Caf\u00e8s Novell\" \/>\n<meta property=\"article:modified_time\" content=\"2024-01-26T10:46:27+00:00\" \/>\n<meta property=\"og:image\" content=\"https:\/\/preprod.cafesnovell.com\/wp-content\/uploads\/2020\/04\/bialetti-inducci-red-6c-web.jpg\" \/>\n\t<meta property=\"og:image:width\" content=\"600\" \/>\n\t<meta property=\"og:image:height\" content=\"600\" \/>\n\t<meta property=\"og:image:type\" content=\"image\/jpeg\" \/>\n<meta name=\"twitter:card\" content=\"summary_large_image\" \/>\n<script type=\"application\/ld+json\" class=\"yoast-schema-graph\">{\"@context\":\"https:\/\/schema.org\",\"@graph\":[{\"@type\":\"WebPage\",\"@id\":\"https:\/\/preprod.cafesnovell.com\/ca\/producto\/moka-bialetti-induccio-vermella\/\",\"url\":\"https:\/\/preprod.cafesnovell.com\/ca\/producto\/moka-bialetti-induccio-vermella\/\",\"name\":\"Cafetera Moka Bialetti\",\"isPartOf\":{\"@id\":\"https:\/\/preprod.cafesnovell.com\/ca\/#website\"},\"primaryImageOfPage\":{\"@id\":\"https:\/\/preprod.cafesnovell.com\/ca\/producto\/moka-bialetti-induccio-vermella\/#primaryimage\"},\"image\":{\"@id\":\"https:\/\/preprod.cafesnovell.com\/ca\/producto\/moka-bialetti-induccio-vermella\/#primaryimage\"},\"thumbnailUrl\":\"https:\/\/preprod.cafesnovell.com\/wp-content\/uploads\/2020\/06\/induction_roja.jpg\",\"datePublished\":\"2020-06-16T07:21:45+00:00\",\"dateModified\":\"2024-01-26T10:46:27+00:00\",\"description\":\"Cl\u00e0ssica cafetera per casa, model Bialetti Inducci\u00f3 Vermella. \u00c9s la primera Moka dissenyada per Bialetti apta per plaques d'inducci\u00f3.\",\"breadcrumb\":{\"@id\":\"https:\/\/preprod.cafesnovell.com\/ca\/producto\/moka-bialetti-induccio-vermella\/#breadcrumb\"},\"inLanguage\":\"ca\",\"potentialAction\":[{\"@type\":\"ReadAction\",\"target\":[\"https:\/\/preprod.cafesnovell.com\/ca\/producto\/moka-bialetti-induccio-vermella\/\"]}]},{\"@type\":\"ImageObject\",\"inLanguage\":\"ca\",\"@id\":\"https:\/\/preprod.cafesnovell.com\/ca\/producto\/moka-bialetti-induccio-vermella\/#primaryimage\",\"url\":\"https:\/\/preprod.cafesnovell.com\/wp-content\/uploads\/2020\/06\/induction_roja.jpg\",\"contentUrl\":\"https:\/\/preprod.cafesnovell.com\/wp-content\/uploads\/2020\/06\/induction_roja.jpg\",\"width\":600,\"height\":600},{\"@type\":\"BreadcrumbList\",\"@id\":\"https:\/\/preprod.cafesnovell.com\/ca\/producto\/moka-bialetti-induccio-vermella\/#breadcrumb\",\"itemListElement\":[{\"@type\":\"ListItem\",\"position\":1,\"name\":\"Inici\",\"item\":\"https:\/\/preprod.cafesnovell.com\/ca\/\"},{\"@type\":\"ListItem\",\"position\":2,\"name\":\"Botiga\",\"item\":\"https:\/\/preprod.cafesnovell.com\/ca\/botiga\/\"},{\"@type\":\"ListItem\",\"position\":3,\"name\":\"Cafetera Moka Bialetti\"}]},{\"@type\":\"WebSite\",\"@id\":\"https:\/\/preprod.cafesnovell.com\/ca\/#website\",\"url\":\"https:\/\/preprod.cafesnovell.com\/ca\/\",\"name\":\"Caf\u00e8s Novell\",\"description\":\"Organic Premium Coffee\",\"potentialAction\":[{\"@type\":\"SearchAction\",\"target\":{\"@type\":\"EntryPoint\",\"urlTemplate\":\"https:\/\/preprod.cafesnovell.com\/ca\/?s={search_term_string}\"},\"query-input\":{\"@type\":\"PropertyValueSpecification\",\"valueRequired\":true,\"valueName\":\"search_term_string\"}}],\"inLanguage\":\"ca\"}]}<\/script>\n<!-- \/ Yoast SEO plugin. -->","yoast_head_json":{"title":"Cafetera Moka Bialetti","description":"Cl\u00e0ssica cafetera per casa, model Bialetti Inducci\u00f3 Vermella. \u00c9s la primera Moka dissenyada per Bialetti apta per plaques d'inducci\u00f3.","robots":{"index":"noindex","follow":"follow","max-snippet":"max-snippet:-1","max-image-preview":"max-image-preview:large","max-video-preview":"max-video-preview:-1"},"og_locale":"ca_ES","og_type":"article","og_title":"Cafetera Moka Bialetti","og_description":"Cl\u00e0ssica cafetera per casa, model Bialetti Inducci\u00f3 Vermella. \u00c9s la primera Moka dissenyada per Bialetti apta per plaques d'inducci\u00f3.","og_url":"https:\/\/preprod.cafesnovell.com\/ca\/producto\/moka-bialetti-induccio-vermella\/","og_site_name":"Caf\u00e8s Novell","article_modified_time":"2024-01-26T10:46:27+00:00","og_image":[{"width":600,"height":600,"url":"https:\/\/preprod.cafesnovell.com\/wp-content\/uploads\/2020\/04\/bialetti-inducci-red-6c-web.jpg","type":"image\/jpeg"}],"twitter_card":"summary_large_image","schema":{"@context":"https:\/\/schema.org","@graph":[{"@type":"WebPage","@id":"https:\/\/preprod.cafesnovell.com\/ca\/producto\/moka-bialetti-induccio-vermella\/","url":"https:\/\/preprod.cafesnovell.com\/ca\/producto\/moka-bialetti-induccio-vermella\/","name":"Cafetera Moka Bialetti","isPartOf":{"@id":"https:\/\/preprod.cafesnovell.com\/ca\/#website"},"primaryImageOfPage":{"@id":"https:\/\/preprod.cafesnovell.com\/ca\/producto\/moka-bialetti-induccio-vermella\/#primaryimage"},"image":{"@id":"https:\/\/preprod.cafesnovell.com\/ca\/producto\/moka-bialetti-induccio-vermella\/#primaryimage"},"thumbnailUrl":"https:\/\/preprod.cafesnovell.com\/wp-content\/uploads\/2020\/06\/induction_roja.jpg","datePublished":"2020-06-16T07:21:45+00:00","dateModified":"2024-01-26T10:46:27+00:00","description":"Cl\u00e0ssica cafetera per casa, model Bialetti Inducci\u00f3 Vermella. \u00c9s la primera Moka dissenyada per Bialetti apta per plaques d'inducci\u00f3.","breadcrumb":{"@id":"https:\/\/preprod.cafesnovell.com\/ca\/producto\/moka-bialetti-induccio-vermella\/#breadcrumb"},"inLanguage":"ca","potentialAction":[{"@type":"ReadAction","target":["https:\/\/preprod.cafesnovell.com\/ca\/producto\/moka-bialetti-induccio-vermella\/"]}]},{"@type":"ImageObject","inLanguage":"ca","@id":"https:\/\/preprod.cafesnovell.com\/ca\/producto\/moka-bialetti-induccio-vermella\/#primaryimage","url":"https:\/\/preprod.cafesnovell.com\/wp-content\/uploads\/2020\/06\/induction_roja.jpg","contentUrl":"https:\/\/preprod.cafesnovell.com\/wp-content\/uploads\/2020\/06\/induction_roja.jpg","width":600,"height":600},{"@type":"BreadcrumbList","@id":"https:\/\/preprod.cafesnovell.com\/ca\/producto\/moka-bialetti-induccio-vermella\/#breadcrumb","itemListElement":[{"@type":"ListItem","position":1,"name":"Inici","item":"https:\/\/preprod.cafesnovell.com\/ca\/"},{"@type":"ListItem","position":2,"name":"Botiga","item":"https:\/\/preprod.cafesnovell.com\/ca\/botiga\/"},{"@type":"ListItem","position":3,"name":"Cafetera Moka Bialetti"}]},{"@type":"WebSite","@id":"https:\/\/preprod.cafesnovell.com\/ca\/#website","url":"https:\/\/preprod.cafesnovell.com\/ca\/","name":"Caf\u00e8s Novell","description":"Organic Premium Coffee","potentialAction":[{"@type":"SearchAction","target":{"@type":"EntryPoint","urlTemplate":"https:\/\/preprod.cafesnovell.com\/ca\/?s={search_term_string}"},"query-input":{"@type":"PropertyValueSpecification","valueRequired":true,"valueName":"search_term_string"}}],"inLanguage":"ca"}]}},"df_price":45,"df_sale_price":"","df_regular_price":45,"df_image_link":"https:\/\/preprod.cafesnovell.com\/wp-content\/uploads\/2020\/06\/induction_roja-300x300.jpg","_links":{"self":[{"href":"https:\/\/preprod.cafesnovell.com\/ca\/wp-json\/wp\/v2\/product\/40819","targetHints":{"allow":["GET"]}}],"collection":[{"href":"https:\/\/preprod.cafesnovell.com\/ca\/wp-json\/wp\/v2\/product"}],"about":[{"href":"https:\/\/preprod.cafesnovell.com\/ca\/wp-json\/wp\/v2\/types\/product"}],"wp:featuredmedia":[{"embeddable":true,"href":"https:\/\/preprod.cafesnovell.com\/ca\/wp-json\/wp\/v2\/media\/100393"}],"wp:attachment":[{"href":"https:\/\/preprod.cafesnovell.com\/ca\/wp-json\/wp\/v2\/media?parent=40819"}],"wp:term":[{"taxonomy":"product_brand","embeddable":true,"href":"https:\/\/preprod.cafesnovell.com\/ca\/wp-json\/wp\/v2\/product_brand?post=40819"},{"taxonomy":"product_cat","embeddable":true,"href":"https:\/\/preprod.cafesnovell.com\/ca\/wp-json\/wp\/v2\/product_cat?post=40819"},{"taxonomy":"product_tag","embeddable":true,"href":"https:\/\/preprod.cafesnovell.com\/ca\/wp-json\/wp\/v2\/product_tag?post=40819"}],"curies":[{"name":"wp","href":"https:\/\/api.w.org\/{rel}","templated":true}]}}