{"id":44367,"date":"2020-09-28T18:34:41","date_gmt":"2020-09-28T17:34:41","guid":{"rendered":"https:\/\/cafesnovell.com\/?post_type=product&#038;p=44367"},"modified":"2024-11-22T14:38:27","modified_gmt":"2024-11-22T13:38:27","slug":"netejador-careli","status":"publish","type":"product","link":"https:\/\/preprod.cafesnovell.com\/ca\/producto\/netejador-careli\/","title":{"rendered":"Netejador de Cafeteres Careli"},"content":{"rendered":"<p><span class=\"bold-product\">Propietats Principals:<\/span><br \/>\nDescalcificador per a cafeteres, amb funci\u00f3 detergent, desincrustant i higienitzant per a tota mena de m\u00e0quines de caf\u00e8 dom\u00e8stiques. Elimina amb delicadesa la cal\u00e7 i higienitza la teva m\u00e0quina de caf\u00e8 per a assegurar una experi\u00e8ncia de degustaci\u00f3 perfecta com el primer dia.<\/p>\n<p>Tamb\u00e9 apte per a desincrustar rentadores, rentavaixelles, aires condicionats, radiadors, calderes, sanitaris, aixetes, canonades\u2026 que per acci\u00f3 del vapor o de l&#8217;aigua calenta estiguin calcificades.<\/p>\n<p><span class=\"bold-product\">Format:<br \/>\n<\/span>2 sobres de descalcificador.<\/p>\n","protected":false},"excerpt":{"rendered":"<p><span class=\"bold-product\">Propietats Principals:<\/span><br \/>\nDescalcificador per a cafeteres, amb funci\u00f3 detergent, desincrustant i higienitzant per a tota mena de m\u00e0quines de caf\u00e8 dom\u00e8stiques. Elimina amb delicadesa la cal\u00e7 i higienitza la teva m\u00e0quina de caf\u00e8 per a assegurar una experi\u00e8ncia de degustaci\u00f3 perfecta com el primer dia.<\/p>\n<p>Tamb\u00e9 apte per a desincrustar rentadores, rentavaixelles, aires condicionats, radiadors, calderes, sanitaris, aixetes, canonades\u2026 que per acci\u00f3 del vapor o de l&#8217;aigua calenta estiguin calcificades.<\/p>\n<p><span class=\"bold-product\">Format:<br \/>\n<\/span>2 sobres de descalcificador.<\/p>\n","protected":false},"featured_media":44371,"template":"","meta":{"_acf_changed":false},"product_brand":[],"product_cat":[131,1229],"product_tag":[],"class_list":{"0":"post-44367","1":"product","2":"type-product","3":"status-publish","4":"has-post-thumbnail","6":"product_cat-cafeteres","7":"product_cat-accessoris-cafeteres","9":"first","10":"instock","11":"taxable","12":"shipping-taxable","13":"purchasable","14":"product-type-simple"},"bundled_by":[],"bundle_stock_status":"instock","bundle_stock_quantity":1,"bundle_virtual":false,"bundle_layout":"","bundle_add_to_cart_form_location":"","bundle_editable_in_cart":false,"bundle_sold_individually_context":"","bundle_item_grouping":"","bundle_min_size":"","bundle_max_size":"","bundle_price":[],"bundled_items":[],"bundle_sell_ids":[],"acf":[],"yoast_head":"<!-- This site is optimized with the Yoast SEO plugin v24.4 - https:\/\/yoast.com\/wordpress\/plugins\/seo\/ -->\n<title>Netejador de Cafeteres Careli<\/title>\n<meta name=\"description\" content=\"Descalcificador per a cafeteres, amb funci\u00f3 detergent, desincrustant i higienitzant per a tota mena de m\u00e0quines de caf\u00e8 dom\u00e8stiques.\" \/>\n<meta name=\"robots\" content=\"noindex, follow, max-snippet:-1, max-image-preview:large, max-video-preview:-1\" \/>\n<meta property=\"og:locale\" content=\"ca_ES\" \/>\n<meta property=\"og:type\" content=\"article\" \/>\n<meta property=\"og:title\" content=\"Netejador de Cafeteres Careli\" \/>\n<meta property=\"og:description\" content=\"Descalcificador per a cafeteres, amb funci\u00f3 detergent, desincrustant i higienitzant per a tota mena de m\u00e0quines de caf\u00e8 dom\u00e8stiques.\" \/>\n<meta property=\"og:url\" content=\"https:\/\/preprod.cafesnovell.com\/ca\/producto\/netejador-careli\/\" \/>\n<meta property=\"og:site_name\" content=\"Caf\u00e8s Novell\" \/>\n<meta property=\"article:modified_time\" content=\"2024-11-22T13:38:27+00:00\" \/>\n<meta property=\"og:image\" content=\"https:\/\/preprod.cafesnovell.com\/wp-content\/uploads\/2020\/09\/limpiador-cafeteras.jpg\" \/>\n\t<meta property=\"og:image:width\" content=\"938\" \/>\n\t<meta property=\"og:image:height\" content=\"938\" \/>\n\t<meta property=\"og:image:type\" content=\"image\/jpeg\" \/>\n<meta name=\"twitter:card\" content=\"summary_large_image\" \/>\n<script type=\"application\/ld+json\" class=\"yoast-schema-graph\">{\"@context\":\"https:\/\/schema.org\",\"@graph\":[{\"@type\":\"WebPage\",\"@id\":\"https:\/\/preprod.cafesnovell.com\/ca\/producto\/netejador-careli\/\",\"url\":\"https:\/\/preprod.cafesnovell.com\/ca\/producto\/netejador-careli\/\",\"name\":\"Netejador de Cafeteres Careli\",\"isPartOf\":{\"@id\":\"https:\/\/preprod.cafesnovell.com\/ca\/#website\"},\"primaryImageOfPage\":{\"@id\":\"https:\/\/preprod.cafesnovell.com\/ca\/producto\/netejador-careli\/#primaryimage\"},\"image\":{\"@id\":\"https:\/\/preprod.cafesnovell.com\/ca\/producto\/netejador-careli\/#primaryimage\"},\"thumbnailUrl\":\"https:\/\/preprod.cafesnovell.com\/wp-content\/uploads\/2020\/09\/limpiador-cafeteras.jpg\",\"datePublished\":\"2020-09-28T17:34:41+00:00\",\"dateModified\":\"2024-11-22T13:38:27+00:00\",\"description\":\"Descalcificador per a cafeteres, amb funci\u00f3 detergent, desincrustant i higienitzant per a tota mena de m\u00e0quines de caf\u00e8 dom\u00e8stiques.\",\"breadcrumb\":{\"@id\":\"https:\/\/preprod.cafesnovell.com\/ca\/producto\/netejador-careli\/#breadcrumb\"},\"inLanguage\":\"ca\",\"potentialAction\":[{\"@type\":\"ReadAction\",\"target\":[\"https:\/\/preprod.cafesnovell.com\/ca\/producto\/netejador-careli\/\"]}]},{\"@type\":\"ImageObject\",\"inLanguage\":\"ca\",\"@id\":\"https:\/\/preprod.cafesnovell.com\/ca\/producto\/netejador-careli\/#primaryimage\",\"url\":\"https:\/\/preprod.cafesnovell.com\/wp-content\/uploads\/2020\/09\/limpiador-cafeteras.jpg\",\"contentUrl\":\"https:\/\/preprod.cafesnovell.com\/wp-content\/uploads\/2020\/09\/limpiador-cafeteras.jpg\",\"width\":938,\"height\":938},{\"@type\":\"BreadcrumbList\",\"@id\":\"https:\/\/preprod.cafesnovell.com\/ca\/producto\/netejador-careli\/#breadcrumb\",\"itemListElement\":[{\"@type\":\"ListItem\",\"position\":1,\"name\":\"Inici\",\"item\":\"https:\/\/preprod.cafesnovell.com\/ca\/\"},{\"@type\":\"ListItem\",\"position\":2,\"name\":\"Botiga\",\"item\":\"https:\/\/preprod.cafesnovell.com\/ca\/botiga\/\"},{\"@type\":\"ListItem\",\"position\":3,\"name\":\"Netejador de Cafeteres Careli\"}]},{\"@type\":\"WebSite\",\"@id\":\"https:\/\/preprod.cafesnovell.com\/ca\/#website\",\"url\":\"https:\/\/preprod.cafesnovell.com\/ca\/\",\"name\":\"Caf\u00e8s Novell\",\"description\":\"Organic Premium Coffee\",\"potentialAction\":[{\"@type\":\"SearchAction\",\"target\":{\"@type\":\"EntryPoint\",\"urlTemplate\":\"https:\/\/preprod.cafesnovell.com\/ca\/?s={search_term_string}\"},\"query-input\":{\"@type\":\"PropertyValueSpecification\",\"valueRequired\":true,\"valueName\":\"search_term_string\"}}],\"inLanguage\":\"ca\"}]}<\/script>\n<!-- \/ Yoast SEO plugin. -->","yoast_head_json":{"title":"Netejador de Cafeteres Careli","description":"Descalcificador per a cafeteres, amb funci\u00f3 detergent, desincrustant i higienitzant per a tota mena de m\u00e0quines de caf\u00e8 dom\u00e8stiques.","robots":{"index":"noindex","follow":"follow","max-snippet":"max-snippet:-1","max-image-preview":"max-image-preview:large","max-video-preview":"max-video-preview:-1"},"og_locale":"ca_ES","og_type":"article","og_title":"Netejador de Cafeteres Careli","og_description":"Descalcificador per a cafeteres, amb funci\u00f3 detergent, desincrustant i higienitzant per a tota mena de m\u00e0quines de caf\u00e8 dom\u00e8stiques.","og_url":"https:\/\/preprod.cafesnovell.com\/ca\/producto\/netejador-careli\/","og_site_name":"Caf\u00e8s Novell","article_modified_time":"2024-11-22T13:38:27+00:00","og_image":[{"width":938,"height":938,"url":"https:\/\/preprod.cafesnovell.com\/wp-content\/uploads\/2020\/09\/limpiador-cafeteras.jpg","type":"image\/jpeg"}],"twitter_card":"summary_large_image","schema":{"@context":"https:\/\/schema.org","@graph":[{"@type":"WebPage","@id":"https:\/\/preprod.cafesnovell.com\/ca\/producto\/netejador-careli\/","url":"https:\/\/preprod.cafesnovell.com\/ca\/producto\/netejador-careli\/","name":"Netejador de Cafeteres Careli","isPartOf":{"@id":"https:\/\/preprod.cafesnovell.com\/ca\/#website"},"primaryImageOfPage":{"@id":"https:\/\/preprod.cafesnovell.com\/ca\/producto\/netejador-careli\/#primaryimage"},"image":{"@id":"https:\/\/preprod.cafesnovell.com\/ca\/producto\/netejador-careli\/#primaryimage"},"thumbnailUrl":"https:\/\/preprod.cafesnovell.com\/wp-content\/uploads\/2020\/09\/limpiador-cafeteras.jpg","datePublished":"2020-09-28T17:34:41+00:00","dateModified":"2024-11-22T13:38:27+00:00","description":"Descalcificador per a cafeteres, amb funci\u00f3 detergent, desincrustant i higienitzant per a tota mena de m\u00e0quines de caf\u00e8 dom\u00e8stiques.","breadcrumb":{"@id":"https:\/\/preprod.cafesnovell.com\/ca\/producto\/netejador-careli\/#breadcrumb"},"inLanguage":"ca","potentialAction":[{"@type":"ReadAction","target":["https:\/\/preprod.cafesnovell.com\/ca\/producto\/netejador-careli\/"]}]},{"@type":"ImageObject","inLanguage":"ca","@id":"https:\/\/preprod.cafesnovell.com\/ca\/producto\/netejador-careli\/#primaryimage","url":"https:\/\/preprod.cafesnovell.com\/wp-content\/uploads\/2020\/09\/limpiador-cafeteras.jpg","contentUrl":"https:\/\/preprod.cafesnovell.com\/wp-content\/uploads\/2020\/09\/limpiador-cafeteras.jpg","width":938,"height":938},{"@type":"BreadcrumbList","@id":"https:\/\/preprod.cafesnovell.com\/ca\/producto\/netejador-careli\/#breadcrumb","itemListElement":[{"@type":"ListItem","position":1,"name":"Inici","item":"https:\/\/preprod.cafesnovell.com\/ca\/"},{"@type":"ListItem","position":2,"name":"Botiga","item":"https:\/\/preprod.cafesnovell.com\/ca\/botiga\/"},{"@type":"ListItem","position":3,"name":"Netejador de Cafeteres Careli"}]},{"@type":"WebSite","@id":"https:\/\/preprod.cafesnovell.com\/ca\/#website","url":"https:\/\/preprod.cafesnovell.com\/ca\/","name":"Caf\u00e8s Novell","description":"Organic Premium Coffee","potentialAction":[{"@type":"SearchAction","target":{"@type":"EntryPoint","urlTemplate":"https:\/\/preprod.cafesnovell.com\/ca\/?s={search_term_string}"},"query-input":{"@type":"PropertyValueSpecification","valueRequired":true,"valueName":"search_term_string"}}],"inLanguage":"ca"}]}},"df_price":3.5,"df_sale_price":"","df_regular_price":3.5,"df_image_link":"https:\/\/preprod.cafesnovell.com\/wp-content\/uploads\/2020\/09\/limpiador-cafeteras-300x300.jpg","_links":{"self":[{"href":"https:\/\/preprod.cafesnovell.com\/ca\/wp-json\/wp\/v2\/product\/44367","targetHints":{"allow":["GET"]}}],"collection":[{"href":"https:\/\/preprod.cafesnovell.com\/ca\/wp-json\/wp\/v2\/product"}],"about":[{"href":"https:\/\/preprod.cafesnovell.com\/ca\/wp-json\/wp\/v2\/types\/product"}],"wp:featuredmedia":[{"embeddable":true,"href":"https:\/\/preprod.cafesnovell.com\/ca\/wp-json\/wp\/v2\/media\/44371"}],"wp:attachment":[{"href":"https:\/\/preprod.cafesnovell.com\/ca\/wp-json\/wp\/v2\/media?parent=44367"}],"wp:term":[{"taxonomy":"product_brand","embeddable":true,"href":"https:\/\/preprod.cafesnovell.com\/ca\/wp-json\/wp\/v2\/product_brand?post=44367"},{"taxonomy":"product_cat","embeddable":true,"href":"https:\/\/preprod.cafesnovell.com\/ca\/wp-json\/wp\/v2\/product_cat?post=44367"},{"taxonomy":"product_tag","embeddable":true,"href":"https:\/\/preprod.cafesnovell.com\/ca\/wp-json\/wp\/v2\/product_tag?post=44367"}],"curies":[{"name":"wp","href":"https:\/\/api.w.org\/{rel}","templated":true}]}}