{"id":52501,"date":"2021-03-25T12:56:22","date_gmt":"2021-03-25T11:56:23","guid":{"rendered":"https:\/\/cafesnovell.com\/?post_type=product&#038;p=52501"},"modified":"2021-11-30T00:00:14","modified_gmt":"2021-11-29T22:00:14","slug":"cafetera-delonghi-sa-ecam-23-120-b","status":"publish","type":"product","link":"https:\/\/preprod.cafesnovell.com\/ca\/producto\/cafetera-delonghi-sa-ecam-23-120-b\/","title":{"rendered":"Cafetera Superautom\u00e0tica De&#8217;Longhi"},"content":{"rendered":"","protected":false},"excerpt":{"rendered":"<p><span class=\"bold-product\">Com aconseguir la teva cafetera amb caf\u00e8 de regal?<br \/>\n<\/span>Aconsegueix la cafetera superautom\u00e0tica De&#8217;Longhi ECAM 23.120.B + 60\u20ac de CAF\u00c8 DE REGAL.<\/p>\n<p>Nom\u00e9s has de seguir 3 passes:<br \/>\n1. Compra la teva cafetera De\u2019Longhi<br \/>\n2. Rebr\u00e0s un cup\u00f3 amb 60\u20ac per a gastar en caf\u00e8<br \/>\n3. Gasta el teu cup\u00f3 en les teves pr\u00f2ximes compres!<\/p>\n<p><span class=\"bold-product\">Propietats Principals:<br \/>\n<\/span>Tria la teva varietat preferida de caf\u00e8 en gra Novell i prepara&#8217;t una tassa de caf\u00e8 perfecta com un aut\u00e8ntic barista: del gra a la tassa.<\/p>\n<ul>\n<li>El nou panell de control permet preparar qualsevol tipus de caf\u00e8 amb nom\u00e9s pr\u00e9mer un bot\u00f3.<\/li>\n<li>Preparaci\u00f3 de 2 tasses d&#8217;espresso al mateix temps.<\/li>\n<li>La roda et permetr\u00e0 augmentar o disminuir la intensitat de l&#8217;aroma del caf\u00e8. Escull entre caf\u00e8 curt o llarg pressionant els botons.<\/li>\n<li>El Sistema Cappuccino t&#8217;ofereix la possibilitat de crear una deliciosa i cremosa escuma de llet.<\/li>\n<li>Cos pintat brillant i interf\u00edcie de botons t\u00e0ctils.<\/li>\n<li>Tapa de conservaci\u00f3 de l&#8217;aroma.<\/li>\n<\/ul>\n<p style=\"text-align: left;\"><span class=\"bold-product\">Caracter\u00edstiques:<br \/>\n<\/span>Dimensions: 23,8x43x35,1<br \/>\nCapacitat del recipient de grans de caf\u00e8: 250<br \/>\nPes: 9 Kg<br \/>\nPot\u00e8ncia: 1450 W<br \/>\nPressi\u00f3: 15 bar<\/p>\n<p><a href=\"https:\/\/preprod.cafesnovell.com\/wp-content\/uploads\/2021\/03\/ecam-23.120.b.pdf\">Veure m\u00e9s informaci\u00f3 a la fitxa t\u00e8cnica<\/a><br \/>\n<em>Garantia oferida pel fabricant De&#8217;Longhi.<\/em><\/p>\n","protected":false},"featured_media":53855,"template":"","meta":{"_acf_changed":false},"product_brand":[],"product_cat":[131,1225],"product_tag":[],"class_list":{"0":"post-52501","1":"product","2":"type-product","3":"status-publish","4":"has-post-thumbnail","6":"product_cat-cafeteres","7":"product_cat-cafeteres-superautomatiques","9":"first","10":"outofstock","11":"taxable","12":"shipping-taxable","13":"purchasable","14":"product-type-simple"},"bundled_by":[],"bundle_stock_status":"outofstock","bundle_stock_quantity":0,"bundle_virtual":false,"bundle_layout":"","bundle_add_to_cart_form_location":"","bundle_editable_in_cart":false,"bundle_sold_individually_context":"","bundle_item_grouping":"","bundle_min_size":"","bundle_max_size":"","bundle_price":[],"bundled_items":[],"bundle_sell_ids":[],"acf":[],"yoast_head":"<!-- This site is optimized with the Yoast SEO plugin v24.4 - https:\/\/yoast.com\/wordpress\/plugins\/seo\/ -->\n<title>Cafetera Superautom\u00e0tica De&#039;Longhi<\/title>\n<meta name=\"description\" content=\"Cafetera de&#039;Longhi Superautom\u00e1tica 22.360.S\" \/>\n<meta name=\"robots\" content=\"noindex, follow, max-snippet:-1, max-image-preview:large, max-video-preview:-1\" \/>\n<meta property=\"og:locale\" content=\"ca_ES\" \/>\n<meta property=\"og:type\" content=\"article\" \/>\n<meta property=\"og:title\" content=\"Cafetera Superautom\u00e0tica De&#039;Longhi\" \/>\n<meta property=\"og:description\" content=\"Cafetera de&#039;Longhi Superautom\u00e1tica 22.360.S\" \/>\n<meta property=\"og:url\" content=\"https:\/\/preprod.cafesnovell.com\/ca\/producto\/cafetera-delonghi-sa-ecam-23-120-b\/\" \/>\n<meta property=\"og:site_name\" content=\"Caf\u00e8s Novell\" \/>\n<meta property=\"article:modified_time\" content=\"2021-11-29T22:00:14+00:00\" \/>\n<meta property=\"og:image\" content=\"https:\/\/preprod.cafesnovell.com\/wp-content\/uploads\/2021\/03\/delonghi-etiqueta-credit-60.jpg\" \/>\n\t<meta property=\"og:image:width\" content=\"600\" \/>\n\t<meta property=\"og:image:height\" content=\"600\" \/>\n\t<meta property=\"og:image:type\" content=\"image\/jpeg\" \/>\n<meta name=\"twitter:card\" content=\"summary_large_image\" \/>\n<script type=\"application\/ld+json\" class=\"yoast-schema-graph\">{\"@context\":\"https:\/\/schema.org\",\"@graph\":[{\"@type\":\"WebPage\",\"@id\":\"https:\/\/preprod.cafesnovell.com\/ca\/producto\/cafetera-delonghi-sa-ecam-23-120-b\/\",\"url\":\"https:\/\/preprod.cafesnovell.com\/ca\/producto\/cafetera-delonghi-sa-ecam-23-120-b\/\",\"name\":\"Cafetera Superautom\u00e0tica De'Longhi\",\"isPartOf\":{\"@id\":\"https:\/\/preprod.cafesnovell.com\/ca\/#website\"},\"primaryImageOfPage\":{\"@id\":\"https:\/\/preprod.cafesnovell.com\/ca\/producto\/cafetera-delonghi-sa-ecam-23-120-b\/#primaryimage\"},\"image\":{\"@id\":\"https:\/\/preprod.cafesnovell.com\/ca\/producto\/cafetera-delonghi-sa-ecam-23-120-b\/#primaryimage\"},\"thumbnailUrl\":\"https:\/\/preprod.cafesnovell.com\/wp-content\/uploads\/2021\/03\/delonghi-etiqueta-credit-60.jpg\",\"datePublished\":\"2021-03-25T11:56:23+00:00\",\"dateModified\":\"2021-11-29T22:00:14+00:00\",\"description\":\"Cafetera de'Longhi Superautom\u00e1tica 22.360.S\",\"breadcrumb\":{\"@id\":\"https:\/\/preprod.cafesnovell.com\/ca\/producto\/cafetera-delonghi-sa-ecam-23-120-b\/#breadcrumb\"},\"inLanguage\":\"ca\",\"potentialAction\":[{\"@type\":\"ReadAction\",\"target\":[\"https:\/\/preprod.cafesnovell.com\/ca\/producto\/cafetera-delonghi-sa-ecam-23-120-b\/\"]}]},{\"@type\":\"ImageObject\",\"inLanguage\":\"ca\",\"@id\":\"https:\/\/preprod.cafesnovell.com\/ca\/producto\/cafetera-delonghi-sa-ecam-23-120-b\/#primaryimage\",\"url\":\"https:\/\/preprod.cafesnovell.com\/wp-content\/uploads\/2021\/03\/delonghi-etiqueta-credit-60.jpg\",\"contentUrl\":\"https:\/\/preprod.cafesnovell.com\/wp-content\/uploads\/2021\/03\/delonghi-etiqueta-credit-60.jpg\",\"width\":600,\"height\":600},{\"@type\":\"BreadcrumbList\",\"@id\":\"https:\/\/preprod.cafesnovell.com\/ca\/producto\/cafetera-delonghi-sa-ecam-23-120-b\/#breadcrumb\",\"itemListElement\":[{\"@type\":\"ListItem\",\"position\":1,\"name\":\"Inici\",\"item\":\"https:\/\/preprod.cafesnovell.com\/ca\/\"},{\"@type\":\"ListItem\",\"position\":2,\"name\":\"Botiga\",\"item\":\"https:\/\/preprod.cafesnovell.com\/ca\/botiga\/\"},{\"@type\":\"ListItem\",\"position\":3,\"name\":\"Cafetera Superautom\u00e0tica De&#8217;Longhi\"}]},{\"@type\":\"WebSite\",\"@id\":\"https:\/\/preprod.cafesnovell.com\/ca\/#website\",\"url\":\"https:\/\/preprod.cafesnovell.com\/ca\/\",\"name\":\"Caf\u00e8s Novell\",\"description\":\"Organic Premium Coffee\",\"potentialAction\":[{\"@type\":\"SearchAction\",\"target\":{\"@type\":\"EntryPoint\",\"urlTemplate\":\"https:\/\/preprod.cafesnovell.com\/ca\/?s={search_term_string}\"},\"query-input\":{\"@type\":\"PropertyValueSpecification\",\"valueRequired\":true,\"valueName\":\"search_term_string\"}}],\"inLanguage\":\"ca\"}]}<\/script>\n<!-- \/ Yoast SEO plugin. -->","yoast_head_json":{"title":"Cafetera Superautom\u00e0tica De'Longhi","description":"Cafetera de'Longhi Superautom\u00e1tica 22.360.S","robots":{"index":"noindex","follow":"follow","max-snippet":"max-snippet:-1","max-image-preview":"max-image-preview:large","max-video-preview":"max-video-preview:-1"},"og_locale":"ca_ES","og_type":"article","og_title":"Cafetera Superautom\u00e0tica De'Longhi","og_description":"Cafetera de'Longhi Superautom\u00e1tica 22.360.S","og_url":"https:\/\/preprod.cafesnovell.com\/ca\/producto\/cafetera-delonghi-sa-ecam-23-120-b\/","og_site_name":"Caf\u00e8s Novell","article_modified_time":"2021-11-29T22:00:14+00:00","og_image":[{"width":600,"height":600,"url":"https:\/\/preprod.cafesnovell.com\/wp-content\/uploads\/2021\/03\/delonghi-etiqueta-credit-60.jpg","type":"image\/jpeg"}],"twitter_card":"summary_large_image","schema":{"@context":"https:\/\/schema.org","@graph":[{"@type":"WebPage","@id":"https:\/\/preprod.cafesnovell.com\/ca\/producto\/cafetera-delonghi-sa-ecam-23-120-b\/","url":"https:\/\/preprod.cafesnovell.com\/ca\/producto\/cafetera-delonghi-sa-ecam-23-120-b\/","name":"Cafetera Superautom\u00e0tica De'Longhi","isPartOf":{"@id":"https:\/\/preprod.cafesnovell.com\/ca\/#website"},"primaryImageOfPage":{"@id":"https:\/\/preprod.cafesnovell.com\/ca\/producto\/cafetera-delonghi-sa-ecam-23-120-b\/#primaryimage"},"image":{"@id":"https:\/\/preprod.cafesnovell.com\/ca\/producto\/cafetera-delonghi-sa-ecam-23-120-b\/#primaryimage"},"thumbnailUrl":"https:\/\/preprod.cafesnovell.com\/wp-content\/uploads\/2021\/03\/delonghi-etiqueta-credit-60.jpg","datePublished":"2021-03-25T11:56:23+00:00","dateModified":"2021-11-29T22:00:14+00:00","description":"Cafetera de'Longhi Superautom\u00e1tica 22.360.S","breadcrumb":{"@id":"https:\/\/preprod.cafesnovell.com\/ca\/producto\/cafetera-delonghi-sa-ecam-23-120-b\/#breadcrumb"},"inLanguage":"ca","potentialAction":[{"@type":"ReadAction","target":["https:\/\/preprod.cafesnovell.com\/ca\/producto\/cafetera-delonghi-sa-ecam-23-120-b\/"]}]},{"@type":"ImageObject","inLanguage":"ca","@id":"https:\/\/preprod.cafesnovell.com\/ca\/producto\/cafetera-delonghi-sa-ecam-23-120-b\/#primaryimage","url":"https:\/\/preprod.cafesnovell.com\/wp-content\/uploads\/2021\/03\/delonghi-etiqueta-credit-60.jpg","contentUrl":"https:\/\/preprod.cafesnovell.com\/wp-content\/uploads\/2021\/03\/delonghi-etiqueta-credit-60.jpg","width":600,"height":600},{"@type":"BreadcrumbList","@id":"https:\/\/preprod.cafesnovell.com\/ca\/producto\/cafetera-delonghi-sa-ecam-23-120-b\/#breadcrumb","itemListElement":[{"@type":"ListItem","position":1,"name":"Inici","item":"https:\/\/preprod.cafesnovell.com\/ca\/"},{"@type":"ListItem","position":2,"name":"Botiga","item":"https:\/\/preprod.cafesnovell.com\/ca\/botiga\/"},{"@type":"ListItem","position":3,"name":"Cafetera Superautom\u00e0tica De&#8217;Longhi"}]},{"@type":"WebSite","@id":"https:\/\/preprod.cafesnovell.com\/ca\/#website","url":"https:\/\/preprod.cafesnovell.com\/ca\/","name":"Caf\u00e8s Novell","description":"Organic Premium Coffee","potentialAction":[{"@type":"SearchAction","target":{"@type":"EntryPoint","urlTemplate":"https:\/\/preprod.cafesnovell.com\/ca\/?s={search_term_string}"},"query-input":{"@type":"PropertyValueSpecification","valueRequired":true,"valueName":"search_term_string"}}],"inLanguage":"ca"}]}},"df_price":519,"df_sale_price":"","df_regular_price":519,"df_image_link":"https:\/\/preprod.cafesnovell.com\/wp-content\/uploads\/2021\/03\/delonghi-etiqueta-credit-60-300x300.jpg","_links":{"self":[{"href":"https:\/\/preprod.cafesnovell.com\/ca\/wp-json\/wp\/v2\/product\/52501","targetHints":{"allow":["GET"]}}],"collection":[{"href":"https:\/\/preprod.cafesnovell.com\/ca\/wp-json\/wp\/v2\/product"}],"about":[{"href":"https:\/\/preprod.cafesnovell.com\/ca\/wp-json\/wp\/v2\/types\/product"}],"wp:featuredmedia":[{"embeddable":true,"href":"https:\/\/preprod.cafesnovell.com\/ca\/wp-json\/wp\/v2\/media\/53855"}],"wp:attachment":[{"href":"https:\/\/preprod.cafesnovell.com\/ca\/wp-json\/wp\/v2\/media?parent=52501"}],"wp:term":[{"taxonomy":"product_brand","embeddable":true,"href":"https:\/\/preprod.cafesnovell.com\/ca\/wp-json\/wp\/v2\/product_brand?post=52501"},{"taxonomy":"product_cat","embeddable":true,"href":"https:\/\/preprod.cafesnovell.com\/ca\/wp-json\/wp\/v2\/product_cat?post=52501"},{"taxonomy":"product_tag","embeddable":true,"href":"https:\/\/preprod.cafesnovell.com\/ca\/wp-json\/wp\/v2\/product_tag?post=52501"}],"curies":[{"name":"wp","href":"https:\/\/api.w.org\/{rel}","templated":true}]}}