{"id":55669,"date":"2021-07-08T10:25:36","date_gmt":"2021-07-08T11:38:52","guid":{"rendered":"https:\/\/cafesnovell.com\/?post_type=product&#038;p=55669"},"modified":"2024-03-18T09:51:35","modified_gmt":"2024-03-18T08:51:35","slug":"tassa-vidre-espresso-kronos-kinto","status":"publish","type":"product","link":"https:\/\/preprod.cafesnovell.com\/ca\/producto\/tassa-vidre-espresso-kronos-kinto\/","title":{"rendered":"Tassa Kronos Kinto per Espresso"},"content":{"rendered":"","protected":false},"excerpt":{"rendered":"<p>Tassa Kronos de doble vidre per a caf\u00e8 espresso de la marca de la marca de disseny japonesa Kinto.<\/p>\n<p>Una tassa perfecta per a gaudir del teu caf\u00e8 amb el millor disseny. \u00c9s important anar amb compte en prendre begudes calentes: fins i tot si la superf\u00edcie de la tassa es percep freda, la beguda encara pot estar calenta.<\/p>\n<p>Caracter\u00edstiques t\u00e8cniques:<br \/>\n&#8211; 1 tassa de doble vidre per a espresso Kinto.<br \/>\n&#8211; Mesures de la tassa:\u00a0\u03c655\u00a0x H70 x W65 mm<br \/>\n&#8211; Capacitat: 80 ml<br \/>\n&#8211; Vidre resistent al calor i apte per a rentavaixelles i microones.<br \/>\n&#8211; No sobreescalfar en el microones ni escalfar sense aigua.<\/p>\n","protected":false},"featured_media":56479,"template":"","meta":{"_acf_changed":false},"product_brand":[],"product_cat":[2553,125,1249],"product_tag":[],"class_list":{"0":"post-55669","1":"product","2":"type-product","3":"status-publish","4":"has-post-thumbnail","6":"product_cat-descomptes-en-cafeteres-i-complements","7":"product_cat-complements","8":"product_cat-tasses-mugs-cafe","10":"first","11":"instock","12":"taxable","13":"shipping-taxable","14":"purchasable","15":"product-type-simple"},"bundled_by":[],"bundle_stock_status":"instock","bundle_stock_quantity":20,"bundle_virtual":false,"bundle_layout":"","bundle_add_to_cart_form_location":"","bundle_editable_in_cart":false,"bundle_sold_individually_context":"","bundle_item_grouping":"","bundle_min_size":"","bundle_max_size":"","bundle_price":[],"bundled_items":[],"bundle_sell_ids":[],"acf":[],"yoast_head":"<!-- This site is optimized with the Yoast SEO plugin v24.4 - https:\/\/yoast.com\/wordpress\/plugins\/seo\/ -->\n<title>Tassa Kronos Kinto per Espresso - Caf\u00e8s Novell<\/title>\n<meta name=\"description\" content=\"Tassa de vidre per espresso Kronos, de la marca Kinto. Compost per materials d&#039;alta resist\u00e8ncia t\u00e8rmica. Apte per a microones i rentavaixelles.\" \/>\n<meta name=\"robots\" content=\"noindex, follow, max-snippet:-1, max-image-preview:large, max-video-preview:-1\" \/>\n<meta property=\"og:locale\" content=\"ca_ES\" \/>\n<meta property=\"og:type\" content=\"article\" \/>\n<meta property=\"og:title\" content=\"Tassa Kronos Kinto per Espresso - Caf\u00e8s Novell\" \/>\n<meta property=\"og:description\" content=\"Tassa de vidre per espresso Kronos, de la marca Kinto. Compost per materials d&#039;alta resist\u00e8ncia t\u00e8rmica. Apte per a microones i rentavaixelles.\" \/>\n<meta property=\"og:url\" content=\"https:\/\/preprod.cafesnovell.com\/ca\/producto\/tassa-vidre-espresso-kronos-kinto\/\" \/>\n<meta property=\"og:site_name\" content=\"Caf\u00e8s Novell\" \/>\n<meta property=\"article:modified_time\" content=\"2024-03-18T08:51:35+00:00\" \/>\n<meta property=\"og:image\" content=\"https:\/\/preprod.cafesnovell.com\/wp-content\/uploads\/2021\/07\/double-wall-espresso.jpg\" \/>\n\t<meta property=\"og:image:width\" content=\"600\" \/>\n\t<meta property=\"og:image:height\" content=\"600\" \/>\n\t<meta property=\"og:image:type\" content=\"image\/jpeg\" \/>\n<meta name=\"twitter:card\" content=\"summary_large_image\" \/>\n<script type=\"application\/ld+json\" class=\"yoast-schema-graph\">{\"@context\":\"https:\/\/schema.org\",\"@graph\":[{\"@type\":\"WebPage\",\"@id\":\"https:\/\/preprod.cafesnovell.com\/ca\/producto\/tassa-vidre-espresso-kronos-kinto\/\",\"url\":\"https:\/\/preprod.cafesnovell.com\/ca\/producto\/tassa-vidre-espresso-kronos-kinto\/\",\"name\":\"Tassa Kronos Kinto per Espresso - Caf\u00e8s Novell\",\"isPartOf\":{\"@id\":\"https:\/\/preprod.cafesnovell.com\/ca\/#website\"},\"primaryImageOfPage\":{\"@id\":\"https:\/\/preprod.cafesnovell.com\/ca\/producto\/tassa-vidre-espresso-kronos-kinto\/#primaryimage\"},\"image\":{\"@id\":\"https:\/\/preprod.cafesnovell.com\/ca\/producto\/tassa-vidre-espresso-kronos-kinto\/#primaryimage\"},\"thumbnailUrl\":\"https:\/\/preprod.cafesnovell.com\/wp-content\/uploads\/2021\/07\/double-wall-espresso.jpg\",\"datePublished\":\"2021-07-08T11:38:52+00:00\",\"dateModified\":\"2024-03-18T08:51:35+00:00\",\"description\":\"Tassa de vidre per espresso Kronos, de la marca Kinto. Compost per materials d'alta resist\u00e8ncia t\u00e8rmica. Apte per a microones i rentavaixelles.\",\"breadcrumb\":{\"@id\":\"https:\/\/preprod.cafesnovell.com\/ca\/producto\/tassa-vidre-espresso-kronos-kinto\/#breadcrumb\"},\"inLanguage\":\"ca\",\"potentialAction\":[{\"@type\":\"ReadAction\",\"target\":[\"https:\/\/preprod.cafesnovell.com\/ca\/producto\/tassa-vidre-espresso-kronos-kinto\/\"]}]},{\"@type\":\"ImageObject\",\"inLanguage\":\"ca\",\"@id\":\"https:\/\/preprod.cafesnovell.com\/ca\/producto\/tassa-vidre-espresso-kronos-kinto\/#primaryimage\",\"url\":\"https:\/\/preprod.cafesnovell.com\/wp-content\/uploads\/2021\/07\/double-wall-espresso.jpg\",\"contentUrl\":\"https:\/\/preprod.cafesnovell.com\/wp-content\/uploads\/2021\/07\/double-wall-espresso.jpg\",\"width\":600,\"height\":600},{\"@type\":\"BreadcrumbList\",\"@id\":\"https:\/\/preprod.cafesnovell.com\/ca\/producto\/tassa-vidre-espresso-kronos-kinto\/#breadcrumb\",\"itemListElement\":[{\"@type\":\"ListItem\",\"position\":1,\"name\":\"Inici\",\"item\":\"https:\/\/preprod.cafesnovell.com\/ca\/\"},{\"@type\":\"ListItem\",\"position\":2,\"name\":\"Botiga\",\"item\":\"https:\/\/preprod.cafesnovell.com\/ca\/botiga\/\"},{\"@type\":\"ListItem\",\"position\":3,\"name\":\"Tassa Kronos Kinto per Espresso\"}]},{\"@type\":\"WebSite\",\"@id\":\"https:\/\/preprod.cafesnovell.com\/ca\/#website\",\"url\":\"https:\/\/preprod.cafesnovell.com\/ca\/\",\"name\":\"Caf\u00e8s Novell\",\"description\":\"Organic Premium Coffee\",\"potentialAction\":[{\"@type\":\"SearchAction\",\"target\":{\"@type\":\"EntryPoint\",\"urlTemplate\":\"https:\/\/preprod.cafesnovell.com\/ca\/?s={search_term_string}\"},\"query-input\":{\"@type\":\"PropertyValueSpecification\",\"valueRequired\":true,\"valueName\":\"search_term_string\"}}],\"inLanguage\":\"ca\"}]}<\/script>\n<!-- \/ Yoast SEO plugin. -->","yoast_head_json":{"title":"Tassa Kronos Kinto per Espresso - Caf\u00e8s Novell","description":"Tassa de vidre per espresso Kronos, de la marca Kinto. Compost per materials d'alta resist\u00e8ncia t\u00e8rmica. Apte per a microones i rentavaixelles.","robots":{"index":"noindex","follow":"follow","max-snippet":"max-snippet:-1","max-image-preview":"max-image-preview:large","max-video-preview":"max-video-preview:-1"},"og_locale":"ca_ES","og_type":"article","og_title":"Tassa Kronos Kinto per Espresso - Caf\u00e8s Novell","og_description":"Tassa de vidre per espresso Kronos, de la marca Kinto. Compost per materials d'alta resist\u00e8ncia t\u00e8rmica. Apte per a microones i rentavaixelles.","og_url":"https:\/\/preprod.cafesnovell.com\/ca\/producto\/tassa-vidre-espresso-kronos-kinto\/","og_site_name":"Caf\u00e8s Novell","article_modified_time":"2024-03-18T08:51:35+00:00","og_image":[{"width":600,"height":600,"url":"https:\/\/preprod.cafesnovell.com\/wp-content\/uploads\/2021\/07\/double-wall-espresso.jpg","type":"image\/jpeg"}],"twitter_card":"summary_large_image","schema":{"@context":"https:\/\/schema.org","@graph":[{"@type":"WebPage","@id":"https:\/\/preprod.cafesnovell.com\/ca\/producto\/tassa-vidre-espresso-kronos-kinto\/","url":"https:\/\/preprod.cafesnovell.com\/ca\/producto\/tassa-vidre-espresso-kronos-kinto\/","name":"Tassa Kronos Kinto per Espresso - Caf\u00e8s Novell","isPartOf":{"@id":"https:\/\/preprod.cafesnovell.com\/ca\/#website"},"primaryImageOfPage":{"@id":"https:\/\/preprod.cafesnovell.com\/ca\/producto\/tassa-vidre-espresso-kronos-kinto\/#primaryimage"},"image":{"@id":"https:\/\/preprod.cafesnovell.com\/ca\/producto\/tassa-vidre-espresso-kronos-kinto\/#primaryimage"},"thumbnailUrl":"https:\/\/preprod.cafesnovell.com\/wp-content\/uploads\/2021\/07\/double-wall-espresso.jpg","datePublished":"2021-07-08T11:38:52+00:00","dateModified":"2024-03-18T08:51:35+00:00","description":"Tassa de vidre per espresso Kronos, de la marca Kinto. Compost per materials d'alta resist\u00e8ncia t\u00e8rmica. Apte per a microones i rentavaixelles.","breadcrumb":{"@id":"https:\/\/preprod.cafesnovell.com\/ca\/producto\/tassa-vidre-espresso-kronos-kinto\/#breadcrumb"},"inLanguage":"ca","potentialAction":[{"@type":"ReadAction","target":["https:\/\/preprod.cafesnovell.com\/ca\/producto\/tassa-vidre-espresso-kronos-kinto\/"]}]},{"@type":"ImageObject","inLanguage":"ca","@id":"https:\/\/preprod.cafesnovell.com\/ca\/producto\/tassa-vidre-espresso-kronos-kinto\/#primaryimage","url":"https:\/\/preprod.cafesnovell.com\/wp-content\/uploads\/2021\/07\/double-wall-espresso.jpg","contentUrl":"https:\/\/preprod.cafesnovell.com\/wp-content\/uploads\/2021\/07\/double-wall-espresso.jpg","width":600,"height":600},{"@type":"BreadcrumbList","@id":"https:\/\/preprod.cafesnovell.com\/ca\/producto\/tassa-vidre-espresso-kronos-kinto\/#breadcrumb","itemListElement":[{"@type":"ListItem","position":1,"name":"Inici","item":"https:\/\/preprod.cafesnovell.com\/ca\/"},{"@type":"ListItem","position":2,"name":"Botiga","item":"https:\/\/preprod.cafesnovell.com\/ca\/botiga\/"},{"@type":"ListItem","position":3,"name":"Tassa Kronos Kinto per Espresso"}]},{"@type":"WebSite","@id":"https:\/\/preprod.cafesnovell.com\/ca\/#website","url":"https:\/\/preprod.cafesnovell.com\/ca\/","name":"Caf\u00e8s Novell","description":"Organic Premium Coffee","potentialAction":[{"@type":"SearchAction","target":{"@type":"EntryPoint","urlTemplate":"https:\/\/preprod.cafesnovell.com\/ca\/?s={search_term_string}"},"query-input":{"@type":"PropertyValueSpecification","valueRequired":true,"valueName":"search_term_string"}}],"inLanguage":"ca"}]}},"df_price":11,"df_sale_price":"","df_regular_price":11,"df_image_link":"https:\/\/preprod.cafesnovell.com\/wp-content\/uploads\/2021\/07\/double-wall-espresso-300x300.jpg","_links":{"self":[{"href":"https:\/\/preprod.cafesnovell.com\/ca\/wp-json\/wp\/v2\/product\/55669","targetHints":{"allow":["GET"]}}],"collection":[{"href":"https:\/\/preprod.cafesnovell.com\/ca\/wp-json\/wp\/v2\/product"}],"about":[{"href":"https:\/\/preprod.cafesnovell.com\/ca\/wp-json\/wp\/v2\/types\/product"}],"wp:featuredmedia":[{"embeddable":true,"href":"https:\/\/preprod.cafesnovell.com\/ca\/wp-json\/wp\/v2\/media\/56479"}],"wp:attachment":[{"href":"https:\/\/preprod.cafesnovell.com\/ca\/wp-json\/wp\/v2\/media?parent=55669"}],"wp:term":[{"taxonomy":"product_brand","embeddable":true,"href":"https:\/\/preprod.cafesnovell.com\/ca\/wp-json\/wp\/v2\/product_brand?post=55669"},{"taxonomy":"product_cat","embeddable":true,"href":"https:\/\/preprod.cafesnovell.com\/ca\/wp-json\/wp\/v2\/product_cat?post=55669"},{"taxonomy":"product_tag","embeddable":true,"href":"https:\/\/preprod.cafesnovell.com\/ca\/wp-json\/wp\/v2\/product_tag?post=55669"}],"curies":[{"name":"wp","href":"https:\/\/api.w.org\/{rel}","templated":true}]}}