{"id":55926,"date":"2021-06-30T09:54:27","date_gmt":"2021-08-11T08:43:45","guid":{"rendered":"https:\/\/cafesnovell.com\/?post_type=product&#038;p=55926"},"modified":"2022-06-16T10:50:41","modified_gmt":"2022-06-16T08:50:41","slug":"travel-mug-novell","status":"publish","type":"product","link":"https:\/\/preprod.cafesnovell.com\/ca\/producto\/travel-mug-novell\/","title":{"rendered":"Travel Mug Novell"},"content":{"rendered":"","protected":false},"excerpt":{"rendered":"<p>La\u00a0Travel\u00a0Mug\u00a0Novell\u00a0est\u00e0 elaborada amb p\u00f2sits de caf\u00e8 reciclats, convertint-la en el complement perfecte per als\u00a0coffee\u00a0lovers\u00a0que busquen disseny i sostenibilitat.<\/p>\n<p>La Travel Mug est\u00e0 elaborada amb un material innovador desenvolupat per l&#8217;empresa alemanya Kaffeeform. Es tracta de fibres de p\u00f2sits de caf\u00e8 reciclats, en les qual nom\u00e9s s&#8217;usen pol\u00edmers d&#8217;origen vegetal com a agents aglutinants. Zero pl\u00e0stics!<\/p>\n<p>Excepcionalment duradora, robusta i lleugera, amb la Travel Mug de Novell podr\u00e0s portar-te el teu caf\u00e8 calent a totes parts. Oblida&#8217;t de prendre-t&#8217;ho amb presses i gaudeix-lo en qualsevol moment!<\/p>\n<p>Caracter\u00edstiques t\u00e8cniques:<br \/>\n&#8211; Capacitat:\u00a0300ml<br \/>\n&#8211; Pes: 130\u00a0gr<br \/>\n&#8211; 100% Plastic-free<\/p>\n","protected":false},"featured_media":55709,"template":"","meta":{"_acf_changed":false},"product_brand":[],"product_cat":[1249,1248],"product_tag":[],"class_list":{"0":"post-55926","1":"product","2":"type-product","3":"status-publish","4":"has-post-thumbnail","6":"product_cat-tasses-mugs-cafe","7":"product_cat-take-away-ca","9":"first","10":"outofstock","11":"taxable","12":"shipping-taxable","13":"purchasable","14":"product-type-simple"},"bundled_by":[],"bundle_stock_status":"outofstock","bundle_stock_quantity":0,"bundle_virtual":false,"bundle_layout":"","bundle_add_to_cart_form_location":"","bundle_editable_in_cart":false,"bundle_sold_individually_context":"","bundle_item_grouping":"","bundle_min_size":"","bundle_max_size":"","bundle_price":[],"bundled_items":[],"bundle_sell_ids":[],"acf":[],"yoast_head":"<!-- This site is optimized with the Yoast SEO plugin v24.4 - https:\/\/yoast.com\/wordpress\/plugins\/seo\/ -->\n<title>Travel Mug Novell - Caf\u00e8s Novell<\/title>\n<meta name=\"description\" content=\"La Travel Mug est\u00e0 elaborada per marro de caf\u00e8 reciclat, amb un disseny elegant i conscienci\u00f3s, ideal per a amants del cafe.\" \/>\n<meta name=\"robots\" content=\"noindex, follow, max-snippet:-1, max-image-preview:large, max-video-preview:-1\" \/>\n<meta property=\"og:locale\" content=\"ca_ES\" \/>\n<meta property=\"og:type\" content=\"article\" \/>\n<meta property=\"og:title\" content=\"Travel Mug Novell - Caf\u00e8s Novell\" \/>\n<meta property=\"og:description\" content=\"La Travel Mug est\u00e0 elaborada per marro de caf\u00e8 reciclat, amb un disseny elegant i conscienci\u00f3s, ideal per a amants del cafe.\" \/>\n<meta property=\"og:url\" content=\"https:\/\/preprod.cafesnovell.com\/ca\/producto\/travel-mug-novell\/\" \/>\n<meta property=\"og:site_name\" content=\"Caf\u00e8s Novell\" \/>\n<meta property=\"article:modified_time\" content=\"2022-06-16T08:50:41+00:00\" \/>\n<meta property=\"og:image\" content=\"https:\/\/preprod.cafesnovell.com\/wp-content\/uploads\/2021\/06\/take_away_marro_tassa_sola_low_res.jpg\" \/>\n\t<meta property=\"og:image:width\" content=\"1017\" \/>\n\t<meta property=\"og:image:height\" content=\"1200\" \/>\n\t<meta property=\"og:image:type\" content=\"image\/jpeg\" \/>\n<meta name=\"twitter:card\" content=\"summary_large_image\" \/>\n<script type=\"application\/ld+json\" class=\"yoast-schema-graph\">{\"@context\":\"https:\/\/schema.org\",\"@graph\":[{\"@type\":\"WebPage\",\"@id\":\"https:\/\/preprod.cafesnovell.com\/ca\/producto\/travel-mug-novell\/\",\"url\":\"https:\/\/preprod.cafesnovell.com\/ca\/producto\/travel-mug-novell\/\",\"name\":\"Travel Mug Novell - Caf\u00e8s Novell\",\"isPartOf\":{\"@id\":\"https:\/\/preprod.cafesnovell.com\/ca\/#website\"},\"primaryImageOfPage\":{\"@id\":\"https:\/\/preprod.cafesnovell.com\/ca\/producto\/travel-mug-novell\/#primaryimage\"},\"image\":{\"@id\":\"https:\/\/preprod.cafesnovell.com\/ca\/producto\/travel-mug-novell\/#primaryimage\"},\"thumbnailUrl\":\"https:\/\/preprod.cafesnovell.com\/wp-content\/uploads\/2021\/06\/take_away_marro_tassa_sola_low_res.jpg\",\"datePublished\":\"2021-08-11T08:43:45+00:00\",\"dateModified\":\"2022-06-16T08:50:41+00:00\",\"description\":\"La Travel Mug est\u00e0 elaborada per marro de caf\u00e8 reciclat, amb un disseny elegant i conscienci\u00f3s, ideal per a amants del cafe.\",\"breadcrumb\":{\"@id\":\"https:\/\/preprod.cafesnovell.com\/ca\/producto\/travel-mug-novell\/#breadcrumb\"},\"inLanguage\":\"ca\",\"potentialAction\":[{\"@type\":\"ReadAction\",\"target\":[\"https:\/\/preprod.cafesnovell.com\/ca\/producto\/travel-mug-novell\/\"]}]},{\"@type\":\"ImageObject\",\"inLanguage\":\"ca\",\"@id\":\"https:\/\/preprod.cafesnovell.com\/ca\/producto\/travel-mug-novell\/#primaryimage\",\"url\":\"https:\/\/preprod.cafesnovell.com\/wp-content\/uploads\/2021\/06\/take_away_marro_tassa_sola_low_res.jpg\",\"contentUrl\":\"https:\/\/preprod.cafesnovell.com\/wp-content\/uploads\/2021\/06\/take_away_marro_tassa_sola_low_res.jpg\",\"width\":1017,\"height\":1200},{\"@type\":\"BreadcrumbList\",\"@id\":\"https:\/\/preprod.cafesnovell.com\/ca\/producto\/travel-mug-novell\/#breadcrumb\",\"itemListElement\":[{\"@type\":\"ListItem\",\"position\":1,\"name\":\"Inici\",\"item\":\"https:\/\/preprod.cafesnovell.com\/ca\/\"},{\"@type\":\"ListItem\",\"position\":2,\"name\":\"Botiga\",\"item\":\"https:\/\/preprod.cafesnovell.com\/ca\/botiga\/\"},{\"@type\":\"ListItem\",\"position\":3,\"name\":\"Travel Mug Novell\"}]},{\"@type\":\"WebSite\",\"@id\":\"https:\/\/preprod.cafesnovell.com\/ca\/#website\",\"url\":\"https:\/\/preprod.cafesnovell.com\/ca\/\",\"name\":\"Caf\u00e8s Novell\",\"description\":\"Organic Premium Coffee\",\"potentialAction\":[{\"@type\":\"SearchAction\",\"target\":{\"@type\":\"EntryPoint\",\"urlTemplate\":\"https:\/\/preprod.cafesnovell.com\/ca\/?s={search_term_string}\"},\"query-input\":{\"@type\":\"PropertyValueSpecification\",\"valueRequired\":true,\"valueName\":\"search_term_string\"}}],\"inLanguage\":\"ca\"}]}<\/script>\n<!-- \/ Yoast SEO plugin. -->","yoast_head_json":{"title":"Travel Mug Novell - Caf\u00e8s Novell","description":"La Travel Mug est\u00e0 elaborada per marro de caf\u00e8 reciclat, amb un disseny elegant i conscienci\u00f3s, ideal per a amants del cafe.","robots":{"index":"noindex","follow":"follow","max-snippet":"max-snippet:-1","max-image-preview":"max-image-preview:large","max-video-preview":"max-video-preview:-1"},"og_locale":"ca_ES","og_type":"article","og_title":"Travel Mug Novell - Caf\u00e8s Novell","og_description":"La Travel Mug est\u00e0 elaborada per marro de caf\u00e8 reciclat, amb un disseny elegant i conscienci\u00f3s, ideal per a amants del cafe.","og_url":"https:\/\/preprod.cafesnovell.com\/ca\/producto\/travel-mug-novell\/","og_site_name":"Caf\u00e8s Novell","article_modified_time":"2022-06-16T08:50:41+00:00","og_image":[{"width":1017,"height":1200,"url":"https:\/\/preprod.cafesnovell.com\/wp-content\/uploads\/2021\/06\/take_away_marro_tassa_sola_low_res.jpg","type":"image\/jpeg"}],"twitter_card":"summary_large_image","schema":{"@context":"https:\/\/schema.org","@graph":[{"@type":"WebPage","@id":"https:\/\/preprod.cafesnovell.com\/ca\/producto\/travel-mug-novell\/","url":"https:\/\/preprod.cafesnovell.com\/ca\/producto\/travel-mug-novell\/","name":"Travel Mug Novell - Caf\u00e8s Novell","isPartOf":{"@id":"https:\/\/preprod.cafesnovell.com\/ca\/#website"},"primaryImageOfPage":{"@id":"https:\/\/preprod.cafesnovell.com\/ca\/producto\/travel-mug-novell\/#primaryimage"},"image":{"@id":"https:\/\/preprod.cafesnovell.com\/ca\/producto\/travel-mug-novell\/#primaryimage"},"thumbnailUrl":"https:\/\/preprod.cafesnovell.com\/wp-content\/uploads\/2021\/06\/take_away_marro_tassa_sola_low_res.jpg","datePublished":"2021-08-11T08:43:45+00:00","dateModified":"2022-06-16T08:50:41+00:00","description":"La Travel Mug est\u00e0 elaborada per marro de caf\u00e8 reciclat, amb un disseny elegant i conscienci\u00f3s, ideal per a amants del cafe.","breadcrumb":{"@id":"https:\/\/preprod.cafesnovell.com\/ca\/producto\/travel-mug-novell\/#breadcrumb"},"inLanguage":"ca","potentialAction":[{"@type":"ReadAction","target":["https:\/\/preprod.cafesnovell.com\/ca\/producto\/travel-mug-novell\/"]}]},{"@type":"ImageObject","inLanguage":"ca","@id":"https:\/\/preprod.cafesnovell.com\/ca\/producto\/travel-mug-novell\/#primaryimage","url":"https:\/\/preprod.cafesnovell.com\/wp-content\/uploads\/2021\/06\/take_away_marro_tassa_sola_low_res.jpg","contentUrl":"https:\/\/preprod.cafesnovell.com\/wp-content\/uploads\/2021\/06\/take_away_marro_tassa_sola_low_res.jpg","width":1017,"height":1200},{"@type":"BreadcrumbList","@id":"https:\/\/preprod.cafesnovell.com\/ca\/producto\/travel-mug-novell\/#breadcrumb","itemListElement":[{"@type":"ListItem","position":1,"name":"Inici","item":"https:\/\/preprod.cafesnovell.com\/ca\/"},{"@type":"ListItem","position":2,"name":"Botiga","item":"https:\/\/preprod.cafesnovell.com\/ca\/botiga\/"},{"@type":"ListItem","position":3,"name":"Travel Mug Novell"}]},{"@type":"WebSite","@id":"https:\/\/preprod.cafesnovell.com\/ca\/#website","url":"https:\/\/preprod.cafesnovell.com\/ca\/","name":"Caf\u00e8s Novell","description":"Organic Premium Coffee","potentialAction":[{"@type":"SearchAction","target":{"@type":"EntryPoint","urlTemplate":"https:\/\/preprod.cafesnovell.com\/ca\/?s={search_term_string}"},"query-input":{"@type":"PropertyValueSpecification","valueRequired":true,"valueName":"search_term_string"}}],"inLanguage":"ca"}]}},"df_price":14.9,"df_sale_price":"","df_regular_price":14.9,"df_image_link":"https:\/\/preprod.cafesnovell.com\/wp-content\/uploads\/2021\/06\/take_away_marro_tassa_sola_low_res-300x300.jpg","_links":{"self":[{"href":"https:\/\/preprod.cafesnovell.com\/ca\/wp-json\/wp\/v2\/product\/55926","targetHints":{"allow":["GET"]}}],"collection":[{"href":"https:\/\/preprod.cafesnovell.com\/ca\/wp-json\/wp\/v2\/product"}],"about":[{"href":"https:\/\/preprod.cafesnovell.com\/ca\/wp-json\/wp\/v2\/types\/product"}],"wp:featuredmedia":[{"embeddable":true,"href":"https:\/\/preprod.cafesnovell.com\/ca\/wp-json\/wp\/v2\/media\/55709"}],"wp:attachment":[{"href":"https:\/\/preprod.cafesnovell.com\/ca\/wp-json\/wp\/v2\/media?parent=55926"}],"wp:term":[{"taxonomy":"product_brand","embeddable":true,"href":"https:\/\/preprod.cafesnovell.com\/ca\/wp-json\/wp\/v2\/product_brand?post=55926"},{"taxonomy":"product_cat","embeddable":true,"href":"https:\/\/preprod.cafesnovell.com\/ca\/wp-json\/wp\/v2\/product_cat?post=55926"},{"taxonomy":"product_tag","embeddable":true,"href":"https:\/\/preprod.cafesnovell.com\/ca\/wp-json\/wp\/v2\/product_tag?post=55926"}],"curies":[{"name":"wp","href":"https:\/\/api.w.org\/{rel}","templated":true}]}}