{"id":55978,"date":"2021-07-20T16:52:24","date_gmt":"2021-07-20T14:54:18","guid":{"rendered":"https:\/\/cafesnovell.com\/?post_type=product&#038;p=55978"},"modified":"2024-08-15T11:53:19","modified_gmt":"2024-08-15T09:53:19","slug":"infusor-cold-brew-de-cafe-hario-marro","status":"publish","type":"product","link":"https:\/\/preprod.cafesnovell.com\/ca\/producto\/infusor-cold-brew-de-cafe-hario-marro\/","title":{"rendered":"Infusor Cold Brew de Caf\u00e8 Hario"},"content":{"rendered":"","protected":false},"excerpt":{"rendered":"","protected":false},"featured_media":56450,"template":"","meta":{"_acf_changed":false},"product_brand":[],"product_cat":[2553,2538,131,1230,125,1249,1229,1248],"product_tag":[],"class_list":{"0":"post-55978","1":"product","2":"type-product","3":"status-publish","4":"has-post-thumbnail","6":"product_cat-descomptes-en-cafeteres-i-complements","7":"product_cat-cafeteres-i-complements-en-promocio","8":"product_cat-cafeteres","9":"product_cat-cafeteres-de-filtre","10":"product_cat-complements","11":"product_cat-tasses-mugs-cafe","12":"product_cat-accessoris-cafeteres","13":"product_cat-take-away-ca","15":"first","16":"instock","17":"taxable","18":"shipping-taxable","19":"purchasable","20":"product-type-simple"},"bundled_by":["85426","101308"],"bundle_stock_status":"instock","bundle_stock_quantity":18,"bundle_virtual":false,"bundle_layout":"","bundle_add_to_cart_form_location":"","bundle_editable_in_cart":false,"bundle_sold_individually_context":"","bundle_item_grouping":"","bundle_min_size":"","bundle_max_size":"","bundle_price":[],"bundled_items":[],"bundle_sell_ids":[],"acf":[],"yoast_head":"<!-- This site is optimized with the Yoast SEO plugin v24.4 - https:\/\/yoast.com\/wordpress\/plugins\/seo\/ -->\n<title>Infusor Cold Brew de Caf\u00e8 Hario - Caf\u00e8s Novell<\/title>\n<meta name=\"description\" content=\"Prepara el teu caf\u00e8 fred per portar de la manera m\u00e9s f\u00e0cil i c\u00f2moda amb la &#039;Cold Brew Coffee Bottle&#039;. Dissenyada amb un filtre desmuntable.\" \/>\n<meta name=\"robots\" content=\"noindex, follow, max-snippet:-1, max-image-preview:large, max-video-preview:-1\" \/>\n<meta property=\"og:locale\" content=\"ca_ES\" \/>\n<meta property=\"og:type\" content=\"article\" \/>\n<meta property=\"og:title\" content=\"Infusor Cold Brew de Caf\u00e8 Hario - Caf\u00e8s Novell\" \/>\n<meta property=\"og:description\" content=\"Prepara el teu caf\u00e8 fred per portar de la manera m\u00e9s f\u00e0cil i c\u00f2moda amb la &#039;Cold Brew Coffee Bottle&#039;. Dissenyada amb un filtre desmuntable.\" \/>\n<meta property=\"og:url\" content=\"https:\/\/preprod.cafesnovell.com\/ca\/producto\/infusor-cold-brew-de-cafe-hario-marro\/\" \/>\n<meta property=\"og:site_name\" content=\"Caf\u00e8s Novell\" \/>\n<meta property=\"article:modified_time\" content=\"2024-08-15T09:53:19+00:00\" \/>\n<meta property=\"og:image\" content=\"https:\/\/preprod.cafesnovell.com\/wp-content\/uploads\/2021\/07\/hario-botella-con-filtro-para-cafe-frio-650ml-marron.jpg\" \/>\n\t<meta property=\"og:image:width\" content=\"600\" \/>\n\t<meta property=\"og:image:height\" content=\"600\" \/>\n\t<meta property=\"og:image:type\" content=\"image\/jpeg\" \/>\n<meta name=\"twitter:card\" content=\"summary_large_image\" \/>\n<script type=\"application\/ld+json\" class=\"yoast-schema-graph\">{\"@context\":\"https:\/\/schema.org\",\"@graph\":[{\"@type\":\"WebPage\",\"@id\":\"https:\/\/preprod.cafesnovell.com\/ca\/producto\/infusor-cold-brew-de-cafe-hario-marro\/\",\"url\":\"https:\/\/preprod.cafesnovell.com\/ca\/producto\/infusor-cold-brew-de-cafe-hario-marro\/\",\"name\":\"Infusor Cold Brew de Caf\u00e8 Hario - Caf\u00e8s Novell\",\"isPartOf\":{\"@id\":\"https:\/\/preprod.cafesnovell.com\/ca\/#website\"},\"primaryImageOfPage\":{\"@id\":\"https:\/\/preprod.cafesnovell.com\/ca\/producto\/infusor-cold-brew-de-cafe-hario-marro\/#primaryimage\"},\"image\":{\"@id\":\"https:\/\/preprod.cafesnovell.com\/ca\/producto\/infusor-cold-brew-de-cafe-hario-marro\/#primaryimage\"},\"thumbnailUrl\":\"https:\/\/preprod.cafesnovell.com\/wp-content\/uploads\/2021\/07\/hario-botella-con-filtro-para-cafe-frio-650ml-marron.jpg\",\"datePublished\":\"2021-07-20T14:54:18+00:00\",\"dateModified\":\"2024-08-15T09:53:19+00:00\",\"description\":\"Prepara el teu caf\u00e8 fred per portar de la manera m\u00e9s f\u00e0cil i c\u00f2moda amb la 'Cold Brew Coffee Bottle'. Dissenyada amb un filtre desmuntable.\",\"breadcrumb\":{\"@id\":\"https:\/\/preprod.cafesnovell.com\/ca\/producto\/infusor-cold-brew-de-cafe-hario-marro\/#breadcrumb\"},\"inLanguage\":\"ca\",\"potentialAction\":[{\"@type\":\"ReadAction\",\"target\":[\"https:\/\/preprod.cafesnovell.com\/ca\/producto\/infusor-cold-brew-de-cafe-hario-marro\/\"]}]},{\"@type\":\"ImageObject\",\"inLanguage\":\"ca\",\"@id\":\"https:\/\/preprod.cafesnovell.com\/ca\/producto\/infusor-cold-brew-de-cafe-hario-marro\/#primaryimage\",\"url\":\"https:\/\/preprod.cafesnovell.com\/wp-content\/uploads\/2021\/07\/hario-botella-con-filtro-para-cafe-frio-650ml-marron.jpg\",\"contentUrl\":\"https:\/\/preprod.cafesnovell.com\/wp-content\/uploads\/2021\/07\/hario-botella-con-filtro-para-cafe-frio-650ml-marron.jpg\",\"width\":600,\"height\":600},{\"@type\":\"BreadcrumbList\",\"@id\":\"https:\/\/preprod.cafesnovell.com\/ca\/producto\/infusor-cold-brew-de-cafe-hario-marro\/#breadcrumb\",\"itemListElement\":[{\"@type\":\"ListItem\",\"position\":1,\"name\":\"Inici\",\"item\":\"https:\/\/preprod.cafesnovell.com\/ca\/\"},{\"@type\":\"ListItem\",\"position\":2,\"name\":\"Botiga\",\"item\":\"https:\/\/preprod.cafesnovell.com\/ca\/botiga\/\"},{\"@type\":\"ListItem\",\"position\":3,\"name\":\"Infusor Cold Brew de Caf\u00e8 Hario\"}]},{\"@type\":\"WebSite\",\"@id\":\"https:\/\/preprod.cafesnovell.com\/ca\/#website\",\"url\":\"https:\/\/preprod.cafesnovell.com\/ca\/\",\"name\":\"Caf\u00e8s Novell\",\"description\":\"Organic Premium Coffee\",\"potentialAction\":[{\"@type\":\"SearchAction\",\"target\":{\"@type\":\"EntryPoint\",\"urlTemplate\":\"https:\/\/preprod.cafesnovell.com\/ca\/?s={search_term_string}\"},\"query-input\":{\"@type\":\"PropertyValueSpecification\",\"valueRequired\":true,\"valueName\":\"search_term_string\"}}],\"inLanguage\":\"ca\"}]}<\/script>\n<!-- \/ Yoast SEO plugin. -->","yoast_head_json":{"title":"Infusor Cold Brew de Caf\u00e8 Hario - Caf\u00e8s Novell","description":"Prepara el teu caf\u00e8 fred per portar de la manera m\u00e9s f\u00e0cil i c\u00f2moda amb la 'Cold Brew Coffee Bottle'. Dissenyada amb un filtre desmuntable.","robots":{"index":"noindex","follow":"follow","max-snippet":"max-snippet:-1","max-image-preview":"max-image-preview:large","max-video-preview":"max-video-preview:-1"},"og_locale":"ca_ES","og_type":"article","og_title":"Infusor Cold Brew de Caf\u00e8 Hario - Caf\u00e8s Novell","og_description":"Prepara el teu caf\u00e8 fred per portar de la manera m\u00e9s f\u00e0cil i c\u00f2moda amb la 'Cold Brew Coffee Bottle'. Dissenyada amb un filtre desmuntable.","og_url":"https:\/\/preprod.cafesnovell.com\/ca\/producto\/infusor-cold-brew-de-cafe-hario-marro\/","og_site_name":"Caf\u00e8s Novell","article_modified_time":"2024-08-15T09:53:19+00:00","og_image":[{"width":600,"height":600,"url":"https:\/\/preprod.cafesnovell.com\/wp-content\/uploads\/2021\/07\/hario-botella-con-filtro-para-cafe-frio-650ml-marron.jpg","type":"image\/jpeg"}],"twitter_card":"summary_large_image","schema":{"@context":"https:\/\/schema.org","@graph":[{"@type":"WebPage","@id":"https:\/\/preprod.cafesnovell.com\/ca\/producto\/infusor-cold-brew-de-cafe-hario-marro\/","url":"https:\/\/preprod.cafesnovell.com\/ca\/producto\/infusor-cold-brew-de-cafe-hario-marro\/","name":"Infusor Cold Brew de Caf\u00e8 Hario - Caf\u00e8s Novell","isPartOf":{"@id":"https:\/\/preprod.cafesnovell.com\/ca\/#website"},"primaryImageOfPage":{"@id":"https:\/\/preprod.cafesnovell.com\/ca\/producto\/infusor-cold-brew-de-cafe-hario-marro\/#primaryimage"},"image":{"@id":"https:\/\/preprod.cafesnovell.com\/ca\/producto\/infusor-cold-brew-de-cafe-hario-marro\/#primaryimage"},"thumbnailUrl":"https:\/\/preprod.cafesnovell.com\/wp-content\/uploads\/2021\/07\/hario-botella-con-filtro-para-cafe-frio-650ml-marron.jpg","datePublished":"2021-07-20T14:54:18+00:00","dateModified":"2024-08-15T09:53:19+00:00","description":"Prepara el teu caf\u00e8 fred per portar de la manera m\u00e9s f\u00e0cil i c\u00f2moda amb la 'Cold Brew Coffee Bottle'. Dissenyada amb un filtre desmuntable.","breadcrumb":{"@id":"https:\/\/preprod.cafesnovell.com\/ca\/producto\/infusor-cold-brew-de-cafe-hario-marro\/#breadcrumb"},"inLanguage":"ca","potentialAction":[{"@type":"ReadAction","target":["https:\/\/preprod.cafesnovell.com\/ca\/producto\/infusor-cold-brew-de-cafe-hario-marro\/"]}]},{"@type":"ImageObject","inLanguage":"ca","@id":"https:\/\/preprod.cafesnovell.com\/ca\/producto\/infusor-cold-brew-de-cafe-hario-marro\/#primaryimage","url":"https:\/\/preprod.cafesnovell.com\/wp-content\/uploads\/2021\/07\/hario-botella-con-filtro-para-cafe-frio-650ml-marron.jpg","contentUrl":"https:\/\/preprod.cafesnovell.com\/wp-content\/uploads\/2021\/07\/hario-botella-con-filtro-para-cafe-frio-650ml-marron.jpg","width":600,"height":600},{"@type":"BreadcrumbList","@id":"https:\/\/preprod.cafesnovell.com\/ca\/producto\/infusor-cold-brew-de-cafe-hario-marro\/#breadcrumb","itemListElement":[{"@type":"ListItem","position":1,"name":"Inici","item":"https:\/\/preprod.cafesnovell.com\/ca\/"},{"@type":"ListItem","position":2,"name":"Botiga","item":"https:\/\/preprod.cafesnovell.com\/ca\/botiga\/"},{"@type":"ListItem","position":3,"name":"Infusor Cold Brew de Caf\u00e8 Hario"}]},{"@type":"WebSite","@id":"https:\/\/preprod.cafesnovell.com\/ca\/#website","url":"https:\/\/preprod.cafesnovell.com\/ca\/","name":"Caf\u00e8s Novell","description":"Organic Premium Coffee","potentialAction":[{"@type":"SearchAction","target":{"@type":"EntryPoint","urlTemplate":"https:\/\/preprod.cafesnovell.com\/ca\/?s={search_term_string}"},"query-input":{"@type":"PropertyValueSpecification","valueRequired":true,"valueName":"search_term_string"}}],"inLanguage":"ca"}]}},"df_price":29.9,"df_sale_price":"","df_regular_price":29.9,"df_image_link":"https:\/\/preprod.cafesnovell.com\/wp-content\/uploads\/2021\/07\/hario-botella-con-filtro-para-cafe-frio-650ml-marron-300x300.jpg","_links":{"self":[{"href":"https:\/\/preprod.cafesnovell.com\/ca\/wp-json\/wp\/v2\/product\/55978","targetHints":{"allow":["GET"]}}],"collection":[{"href":"https:\/\/preprod.cafesnovell.com\/ca\/wp-json\/wp\/v2\/product"}],"about":[{"href":"https:\/\/preprod.cafesnovell.com\/ca\/wp-json\/wp\/v2\/types\/product"}],"wp:featuredmedia":[{"embeddable":true,"href":"https:\/\/preprod.cafesnovell.com\/ca\/wp-json\/wp\/v2\/media\/56450"}],"wp:attachment":[{"href":"https:\/\/preprod.cafesnovell.com\/ca\/wp-json\/wp\/v2\/media?parent=55978"}],"wp:term":[{"taxonomy":"product_brand","embeddable":true,"href":"https:\/\/preprod.cafesnovell.com\/ca\/wp-json\/wp\/v2\/product_brand?post=55978"},{"taxonomy":"product_cat","embeddable":true,"href":"https:\/\/preprod.cafesnovell.com\/ca\/wp-json\/wp\/v2\/product_cat?post=55978"},{"taxonomy":"product_tag","embeddable":true,"href":"https:\/\/preprod.cafesnovell.com\/ca\/wp-json\/wp\/v2\/product_tag?post=55978"}],"curies":[{"name":"wp","href":"https:\/\/api.w.org\/{rel}","templated":true}]}}