{"id":56766,"date":"2021-07-15T11:31:47","date_gmt":"2021-07-15T09:31:48","guid":{"rendered":"https:\/\/cafesnovell.com\/?post_type=product&#038;p=56766"},"modified":"2023-11-19T23:01:46","modified_gmt":"2023-11-19T22:01:46","slug":"infusio-relaxant-30u-copia","status":"publish","type":"product","link":"https:\/\/preprod.cafesnovell.com\/ca\/producto\/infusio-relaxant-30u-copia\/","title":{"rendered":"Infusi\u00f3 Relaxant"},"content":{"rendered":"","protected":false},"excerpt":{"rendered":"<p>Aquesta infusi\u00f3 \u00e9s una barreja quasi alqu\u00edmica dels elements enunciats, i, per aix\u00f2, resulta suau i irresistiblement arom\u00e0tica. No du te\u00efna.<\/p>\n<p>Un aut\u00e8ntic gresol de cultures. Aix\u00f2 s\u00ed: cultures, totes elles, arrelades al Mediterrani. Un encreuament reeixit entre el rooibos del sud afric\u00e0 i la nostra til\u00b7la de tota la vida, als quals s\u2019afegeix llimona i melissa. Indueix al son, \u00e9s un relaxant muscular, un antiestressant i elimina la fatiga. Si el somni m\u00e9s plaent tingu\u00e9s gust, aquest seria el d\u2019aquesta infusi\u00f3.<\/p>\n","protected":false},"featured_media":42512,"template":"","meta":{"_acf_changed":false},"product_brand":[],"product_cat":[126,2524,128],"product_tag":[],"class_list":{"0":"post-56766","1":"product","2":"type-product","3":"status-publish","4":"has-post-thumbnail","6":"product_cat-tes-i-infusions","7":"product_cat-tes-i-infusions-novell-go","8":"product_cat-organique","10":"first","11":"instock","12":"taxable","13":"shipping-taxable","14":"purchasable","15":"product-type-variable"},"bundled_by":[],"bundle_stock_status":"instock","bundle_stock_quantity":null,"bundle_virtual":false,"bundle_layout":"","bundle_add_to_cart_form_location":"","bundle_editable_in_cart":false,"bundle_sold_individually_context":"","bundle_item_grouping":"","bundle_min_size":"","bundle_max_size":"","bundle_price":[],"bundled_items":[],"bundle_sell_ids":[],"acf":[],"yoast_head":"<!-- This site is optimized with the Yoast SEO plugin v24.4 - https:\/\/yoast.com\/wordpress\/plugins\/seo\/ -->\n<title>Infusi\u00f3 Relaxant - Caf\u00e8s Novell<\/title>\n<meta name=\"description\" content=\"Infusi\u00f3 relaxant org\u00e1nica en pir\u00e1mide (ingredients: rooibos, melissa, pell de llimona i til\u00b7la). Resulta suau i irresistiblement arom\u00e0tica. No du te\u00efna.\" \/>\n<meta name=\"robots\" content=\"noindex, follow, max-snippet:-1, max-image-preview:large, max-video-preview:-1\" \/>\n<meta property=\"og:locale\" content=\"ca_ES\" \/>\n<meta property=\"og:type\" content=\"article\" \/>\n<meta property=\"og:title\" content=\"Infusi\u00f3 Relaxant - Caf\u00e8s Novell\" \/>\n<meta property=\"og:description\" content=\"Infusi\u00f3 relaxant org\u00e1nica en pir\u00e1mide (ingredients: rooibos, melissa, pell de llimona i til\u00b7la). Resulta suau i irresistiblement arom\u00e0tica. No du te\u00efna.\" \/>\n<meta property=\"og:url\" content=\"https:\/\/preprod.cafesnovell.com\/ca\/producto\/infusio-relaxant-30u-copia\/\" \/>\n<meta property=\"og:site_name\" content=\"Caf\u00e8s Novell\" \/>\n<meta property=\"article:modified_time\" content=\"2023-11-19T22:01:46+00:00\" \/>\n<meta property=\"og:image\" content=\"https:\/\/preprod.cafesnovell.com\/wp-content\/uploads\/2020\/06\/capseta_relaxing_brew_low_res.jpg\" \/>\n\t<meta property=\"og:image:width\" content=\"600\" \/>\n\t<meta property=\"og:image:height\" content=\"600\" \/>\n\t<meta property=\"og:image:type\" content=\"image\/jpeg\" \/>\n<meta name=\"twitter:card\" content=\"summary_large_image\" \/>\n<script type=\"application\/ld+json\" class=\"yoast-schema-graph\">{\"@context\":\"https:\/\/schema.org\",\"@graph\":[{\"@type\":\"WebPage\",\"@id\":\"https:\/\/preprod.cafesnovell.com\/ca\/producto\/infusio-relaxant-30u-copia\/\",\"url\":\"https:\/\/preprod.cafesnovell.com\/ca\/producto\/infusio-relaxant-30u-copia\/\",\"name\":\"Infusi\u00f3 Relaxant - Caf\u00e8s Novell\",\"isPartOf\":{\"@id\":\"https:\/\/preprod.cafesnovell.com\/ca\/#website\"},\"primaryImageOfPage\":{\"@id\":\"https:\/\/preprod.cafesnovell.com\/ca\/producto\/infusio-relaxant-30u-copia\/#primaryimage\"},\"image\":{\"@id\":\"https:\/\/preprod.cafesnovell.com\/ca\/producto\/infusio-relaxant-30u-copia\/#primaryimage\"},\"thumbnailUrl\":\"https:\/\/preprod.cafesnovell.com\/wp-content\/uploads\/2020\/06\/capseta_relaxing_brew_low_res.jpg\",\"datePublished\":\"2021-07-15T09:31:48+00:00\",\"dateModified\":\"2023-11-19T22:01:46+00:00\",\"description\":\"Infusi\u00f3 relaxant org\u00e1nica en pir\u00e1mide (ingredients: rooibos, melissa, pell de llimona i til\u00b7la). Resulta suau i irresistiblement arom\u00e0tica. No du te\u00efna.\",\"breadcrumb\":{\"@id\":\"https:\/\/preprod.cafesnovell.com\/ca\/producto\/infusio-relaxant-30u-copia\/#breadcrumb\"},\"inLanguage\":\"ca\",\"potentialAction\":[{\"@type\":\"ReadAction\",\"target\":[\"https:\/\/preprod.cafesnovell.com\/ca\/producto\/infusio-relaxant-30u-copia\/\"]}]},{\"@type\":\"ImageObject\",\"inLanguage\":\"ca\",\"@id\":\"https:\/\/preprod.cafesnovell.com\/ca\/producto\/infusio-relaxant-30u-copia\/#primaryimage\",\"url\":\"https:\/\/preprod.cafesnovell.com\/wp-content\/uploads\/2020\/06\/capseta_relaxing_brew_low_res.jpg\",\"contentUrl\":\"https:\/\/preprod.cafesnovell.com\/wp-content\/uploads\/2020\/06\/capseta_relaxing_brew_low_res.jpg\",\"width\":600,\"height\":600},{\"@type\":\"BreadcrumbList\",\"@id\":\"https:\/\/preprod.cafesnovell.com\/ca\/producto\/infusio-relaxant-30u-copia\/#breadcrumb\",\"itemListElement\":[{\"@type\":\"ListItem\",\"position\":1,\"name\":\"Inici\",\"item\":\"https:\/\/preprod.cafesnovell.com\/ca\/\"},{\"@type\":\"ListItem\",\"position\":2,\"name\":\"Botiga\",\"item\":\"https:\/\/preprod.cafesnovell.com\/ca\/botiga\/\"},{\"@type\":\"ListItem\",\"position\":3,\"name\":\"Infusi\u00f3 Relaxant\"}]},{\"@type\":\"WebSite\",\"@id\":\"https:\/\/preprod.cafesnovell.com\/ca\/#website\",\"url\":\"https:\/\/preprod.cafesnovell.com\/ca\/\",\"name\":\"Caf\u00e8s Novell\",\"description\":\"Organic Premium Coffee\",\"potentialAction\":[{\"@type\":\"SearchAction\",\"target\":{\"@type\":\"EntryPoint\",\"urlTemplate\":\"https:\/\/preprod.cafesnovell.com\/ca\/?s={search_term_string}\"},\"query-input\":{\"@type\":\"PropertyValueSpecification\",\"valueRequired\":true,\"valueName\":\"search_term_string\"}}],\"inLanguage\":\"ca\"}]}<\/script>\n<!-- \/ Yoast SEO plugin. -->","yoast_head_json":{"title":"Infusi\u00f3 Relaxant - Caf\u00e8s Novell","description":"Infusi\u00f3 relaxant org\u00e1nica en pir\u00e1mide (ingredients: rooibos, melissa, pell de llimona i til\u00b7la). Resulta suau i irresistiblement arom\u00e0tica. No du te\u00efna.","robots":{"index":"noindex","follow":"follow","max-snippet":"max-snippet:-1","max-image-preview":"max-image-preview:large","max-video-preview":"max-video-preview:-1"},"og_locale":"ca_ES","og_type":"article","og_title":"Infusi\u00f3 Relaxant - Caf\u00e8s Novell","og_description":"Infusi\u00f3 relaxant org\u00e1nica en pir\u00e1mide (ingredients: rooibos, melissa, pell de llimona i til\u00b7la). Resulta suau i irresistiblement arom\u00e0tica. No du te\u00efna.","og_url":"https:\/\/preprod.cafesnovell.com\/ca\/producto\/infusio-relaxant-30u-copia\/","og_site_name":"Caf\u00e8s Novell","article_modified_time":"2023-11-19T22:01:46+00:00","og_image":[{"width":600,"height":600,"url":"https:\/\/preprod.cafesnovell.com\/wp-content\/uploads\/2020\/06\/capseta_relaxing_brew_low_res.jpg","type":"image\/jpeg"}],"twitter_card":"summary_large_image","schema":{"@context":"https:\/\/schema.org","@graph":[{"@type":"WebPage","@id":"https:\/\/preprod.cafesnovell.com\/ca\/producto\/infusio-relaxant-30u-copia\/","url":"https:\/\/preprod.cafesnovell.com\/ca\/producto\/infusio-relaxant-30u-copia\/","name":"Infusi\u00f3 Relaxant - Caf\u00e8s Novell","isPartOf":{"@id":"https:\/\/preprod.cafesnovell.com\/ca\/#website"},"primaryImageOfPage":{"@id":"https:\/\/preprod.cafesnovell.com\/ca\/producto\/infusio-relaxant-30u-copia\/#primaryimage"},"image":{"@id":"https:\/\/preprod.cafesnovell.com\/ca\/producto\/infusio-relaxant-30u-copia\/#primaryimage"},"thumbnailUrl":"https:\/\/preprod.cafesnovell.com\/wp-content\/uploads\/2020\/06\/capseta_relaxing_brew_low_res.jpg","datePublished":"2021-07-15T09:31:48+00:00","dateModified":"2023-11-19T22:01:46+00:00","description":"Infusi\u00f3 relaxant org\u00e1nica en pir\u00e1mide (ingredients: rooibos, melissa, pell de llimona i til\u00b7la). Resulta suau i irresistiblement arom\u00e0tica. No du te\u00efna.","breadcrumb":{"@id":"https:\/\/preprod.cafesnovell.com\/ca\/producto\/infusio-relaxant-30u-copia\/#breadcrumb"},"inLanguage":"ca","potentialAction":[{"@type":"ReadAction","target":["https:\/\/preprod.cafesnovell.com\/ca\/producto\/infusio-relaxant-30u-copia\/"]}]},{"@type":"ImageObject","inLanguage":"ca","@id":"https:\/\/preprod.cafesnovell.com\/ca\/producto\/infusio-relaxant-30u-copia\/#primaryimage","url":"https:\/\/preprod.cafesnovell.com\/wp-content\/uploads\/2020\/06\/capseta_relaxing_brew_low_res.jpg","contentUrl":"https:\/\/preprod.cafesnovell.com\/wp-content\/uploads\/2020\/06\/capseta_relaxing_brew_low_res.jpg","width":600,"height":600},{"@type":"BreadcrumbList","@id":"https:\/\/preprod.cafesnovell.com\/ca\/producto\/infusio-relaxant-30u-copia\/#breadcrumb","itemListElement":[{"@type":"ListItem","position":1,"name":"Inici","item":"https:\/\/preprod.cafesnovell.com\/ca\/"},{"@type":"ListItem","position":2,"name":"Botiga","item":"https:\/\/preprod.cafesnovell.com\/ca\/botiga\/"},{"@type":"ListItem","position":3,"name":"Infusi\u00f3 Relaxant"}]},{"@type":"WebSite","@id":"https:\/\/preprod.cafesnovell.com\/ca\/#website","url":"https:\/\/preprod.cafesnovell.com\/ca\/","name":"Caf\u00e8s Novell","description":"Organic Premium Coffee","potentialAction":[{"@type":"SearchAction","target":{"@type":"EntryPoint","urlTemplate":"https:\/\/preprod.cafesnovell.com\/ca\/?s={search_term_string}"},"query-input":{"@type":"PropertyValueSpecification","valueRequired":true,"valueName":"search_term_string"}}],"inLanguage":"ca"}]}},"df_price":4,"df_sale_price":"","df_regular_price":4,"df_image_link":"https:\/\/preprod.cafesnovell.com\/wp-content\/uploads\/2020\/06\/capseta_relaxing_brew_low_res-300x300.jpg","_links":{"self":[{"href":"https:\/\/preprod.cafesnovell.com\/ca\/wp-json\/wp\/v2\/product\/56766","targetHints":{"allow":["GET"]}}],"collection":[{"href":"https:\/\/preprod.cafesnovell.com\/ca\/wp-json\/wp\/v2\/product"}],"about":[{"href":"https:\/\/preprod.cafesnovell.com\/ca\/wp-json\/wp\/v2\/types\/product"}],"wp:featuredmedia":[{"embeddable":true,"href":"https:\/\/preprod.cafesnovell.com\/ca\/wp-json\/wp\/v2\/media\/42512"}],"wp:attachment":[{"href":"https:\/\/preprod.cafesnovell.com\/ca\/wp-json\/wp\/v2\/media?parent=56766"}],"wp:term":[{"taxonomy":"product_brand","embeddable":true,"href":"https:\/\/preprod.cafesnovell.com\/ca\/wp-json\/wp\/v2\/product_brand?post=56766"},{"taxonomy":"product_cat","embeddable":true,"href":"https:\/\/preprod.cafesnovell.com\/ca\/wp-json\/wp\/v2\/product_cat?post=56766"},{"taxonomy":"product_tag","embeddable":true,"href":"https:\/\/preprod.cafesnovell.com\/ca\/wp-json\/wp\/v2\/product_tag?post=56766"}],"curies":[{"name":"wp","href":"https:\/\/api.w.org\/{rel}","templated":true}]}}