{"id":56807,"date":"2021-07-15T11:44:24","date_gmt":"2021-07-15T09:44:24","guid":{"rendered":"https:\/\/cafesnovell.com\/?post_type=product&#038;p=56807"},"modified":"2023-11-19T23:01:44","modified_gmt":"2023-11-19T22:01:44","slug":"menta-poniol-30u-copia","status":"publish","type":"product","link":"https:\/\/preprod.cafesnovell.com\/ca\/producto\/menta-poniol-30u-copia\/","title":{"rendered":"Menta Poniol"},"content":{"rendered":"","protected":false},"excerpt":{"rendered":"<p>Si n\u2019\u00e9s, de plaent, passejar per un bosc, en una tarda estival, quan el sol ja ha deixat d\u2019esgarrapar-nos la pell! Llavors, herbes crescudes a la vora del cam\u00ed aromen els nostres passos. Com la menta, les fulles de la qual, de bell dibuix, no poden deixa de dur-nos als llavis d\u2019un mateix gest peremptori de set i devoci\u00f3.<\/p>\n<p>La infusi\u00f3 de les fulles de menta ens suggereix frescor i netedat, i desferma en la nostra consci\u00e8ncia alguns somiejos silvestres. Menta \u00e9s sin\u00f2nim de llibertat: la del nen, en els dies sense fi de l\u2019estiu. Molt arom\u00e0tica, vigoritzant, rica en vitamina B i minerals.<\/p>\n<p>&nbsp;<\/p>\n<p>Podem imaginar la m\u00edtica Cle\u00f2patra mig aclucant els ulls en prendre\u2019n una infusi\u00f3, o m\u00e9s en\u00e7\u00e0, Mustaf\u00e0 Kemal Atat\u00fcrk, el \u2018pare dels turcs\u2019 ofegant la seva decepci\u00f3 davant la derrota de l\u2019imperi otom\u00e0 en una tassa ben fonda plena de camamilla (que segur que el devia tornar a fer creure en els plaers senzills de la vida).<\/p>\n","protected":false},"featured_media":42500,"template":"","meta":{"_acf_changed":false},"product_brand":[],"product_cat":[2550,126,2524,128],"product_tag":[],"class_list":{"0":"post-56807","1":"product","2":"type-product","3":"status-publish","4":"has-post-thumbnail","6":"product_cat-productes-organics","7":"product_cat-tes-i-infusions","8":"product_cat-tes-i-infusions-novell-go","9":"product_cat-organique","11":"first","12":"instock","13":"sale","14":"taxable","15":"shipping-taxable","16":"purchasable","17":"product-type-variable"},"bundled_by":[],"bundle_stock_status":"instock","bundle_stock_quantity":null,"bundle_virtual":false,"bundle_layout":"","bundle_add_to_cart_form_location":"","bundle_editable_in_cart":false,"bundle_sold_individually_context":"","bundle_item_grouping":"","bundle_min_size":"","bundle_max_size":"","bundle_price":[],"bundled_items":[],"bundle_sell_ids":[],"acf":[],"yoast_head":"<!-- This site is optimized with the Yoast SEO plugin v24.4 - https:\/\/yoast.com\/wordpress\/plugins\/seo\/ -->\n<title>Menta Poniol - Caf\u00e8s Novell<\/title>\n<meta name=\"description\" content=\"Infusi\u00f3 de menta poniol org\u00e1nica en pir\u00e1mide (ingredients: menta i poniol). Molt arom\u00e0tica, vigoritzant, rica en vitamina B i minerals.\" \/>\n<meta name=\"robots\" content=\"noindex, follow, max-snippet:-1, max-image-preview:large, max-video-preview:-1\" \/>\n<meta property=\"og:locale\" content=\"ca_ES\" \/>\n<meta property=\"og:type\" content=\"article\" \/>\n<meta property=\"og:title\" content=\"Menta Poniol - Caf\u00e8s Novell\" \/>\n<meta property=\"og:description\" content=\"Infusi\u00f3 de menta poniol org\u00e1nica en pir\u00e1mide (ingredients: menta i poniol). Molt arom\u00e0tica, vigoritzant, rica en vitamina B i minerals.\" \/>\n<meta property=\"og:url\" content=\"https:\/\/preprod.cafesnovell.com\/ca\/producto\/menta-poniol-30u-copia\/\" \/>\n<meta property=\"og:site_name\" content=\"Caf\u00e8s Novell\" \/>\n<meta property=\"article:modified_time\" content=\"2023-11-19T22:01:44+00:00\" \/>\n<meta property=\"og:image\" content=\"https:\/\/preprod.cafesnovell.com\/wp-content\/uploads\/2020\/06\/capseta_pennyroyal_mint_low_res.jpg\" \/>\n\t<meta property=\"og:image:width\" content=\"600\" \/>\n\t<meta property=\"og:image:height\" content=\"600\" \/>\n\t<meta property=\"og:image:type\" content=\"image\/jpeg\" \/>\n<meta name=\"twitter:card\" content=\"summary_large_image\" \/>\n<script type=\"application\/ld+json\" class=\"yoast-schema-graph\">{\"@context\":\"https:\/\/schema.org\",\"@graph\":[{\"@type\":\"WebPage\",\"@id\":\"https:\/\/preprod.cafesnovell.com\/ca\/producto\/menta-poniol-30u-copia\/\",\"url\":\"https:\/\/preprod.cafesnovell.com\/ca\/producto\/menta-poniol-30u-copia\/\",\"name\":\"Menta Poniol - Caf\u00e8s Novell\",\"isPartOf\":{\"@id\":\"https:\/\/preprod.cafesnovell.com\/ca\/#website\"},\"primaryImageOfPage\":{\"@id\":\"https:\/\/preprod.cafesnovell.com\/ca\/producto\/menta-poniol-30u-copia\/#primaryimage\"},\"image\":{\"@id\":\"https:\/\/preprod.cafesnovell.com\/ca\/producto\/menta-poniol-30u-copia\/#primaryimage\"},\"thumbnailUrl\":\"https:\/\/preprod.cafesnovell.com\/wp-content\/uploads\/2020\/06\/capseta_pennyroyal_mint_low_res.jpg\",\"datePublished\":\"2021-07-15T09:44:24+00:00\",\"dateModified\":\"2023-11-19T22:01:44+00:00\",\"description\":\"Infusi\u00f3 de menta poniol org\u00e1nica en pir\u00e1mide (ingredients: menta i poniol). Molt arom\u00e0tica, vigoritzant, rica en vitamina B i minerals.\",\"breadcrumb\":{\"@id\":\"https:\/\/preprod.cafesnovell.com\/ca\/producto\/menta-poniol-30u-copia\/#breadcrumb\"},\"inLanguage\":\"ca\",\"potentialAction\":[{\"@type\":\"ReadAction\",\"target\":[\"https:\/\/preprod.cafesnovell.com\/ca\/producto\/menta-poniol-30u-copia\/\"]}]},{\"@type\":\"ImageObject\",\"inLanguage\":\"ca\",\"@id\":\"https:\/\/preprod.cafesnovell.com\/ca\/producto\/menta-poniol-30u-copia\/#primaryimage\",\"url\":\"https:\/\/preprod.cafesnovell.com\/wp-content\/uploads\/2020\/06\/capseta_pennyroyal_mint_low_res.jpg\",\"contentUrl\":\"https:\/\/preprod.cafesnovell.com\/wp-content\/uploads\/2020\/06\/capseta_pennyroyal_mint_low_res.jpg\",\"width\":600,\"height\":600},{\"@type\":\"BreadcrumbList\",\"@id\":\"https:\/\/preprod.cafesnovell.com\/ca\/producto\/menta-poniol-30u-copia\/#breadcrumb\",\"itemListElement\":[{\"@type\":\"ListItem\",\"position\":1,\"name\":\"Inici\",\"item\":\"https:\/\/preprod.cafesnovell.com\/ca\/\"},{\"@type\":\"ListItem\",\"position\":2,\"name\":\"Botiga\",\"item\":\"https:\/\/preprod.cafesnovell.com\/ca\/botiga\/\"},{\"@type\":\"ListItem\",\"position\":3,\"name\":\"Menta Poniol\"}]},{\"@type\":\"WebSite\",\"@id\":\"https:\/\/preprod.cafesnovell.com\/ca\/#website\",\"url\":\"https:\/\/preprod.cafesnovell.com\/ca\/\",\"name\":\"Caf\u00e8s Novell\",\"description\":\"Organic Premium Coffee\",\"potentialAction\":[{\"@type\":\"SearchAction\",\"target\":{\"@type\":\"EntryPoint\",\"urlTemplate\":\"https:\/\/preprod.cafesnovell.com\/ca\/?s={search_term_string}\"},\"query-input\":{\"@type\":\"PropertyValueSpecification\",\"valueRequired\":true,\"valueName\":\"search_term_string\"}}],\"inLanguage\":\"ca\"}]}<\/script>\n<!-- \/ Yoast SEO plugin. -->","yoast_head_json":{"title":"Menta Poniol - Caf\u00e8s Novell","description":"Infusi\u00f3 de menta poniol org\u00e1nica en pir\u00e1mide (ingredients: menta i poniol). Molt arom\u00e0tica, vigoritzant, rica en vitamina B i minerals.","robots":{"index":"noindex","follow":"follow","max-snippet":"max-snippet:-1","max-image-preview":"max-image-preview:large","max-video-preview":"max-video-preview:-1"},"og_locale":"ca_ES","og_type":"article","og_title":"Menta Poniol - Caf\u00e8s Novell","og_description":"Infusi\u00f3 de menta poniol org\u00e1nica en pir\u00e1mide (ingredients: menta i poniol). Molt arom\u00e0tica, vigoritzant, rica en vitamina B i minerals.","og_url":"https:\/\/preprod.cafesnovell.com\/ca\/producto\/menta-poniol-30u-copia\/","og_site_name":"Caf\u00e8s Novell","article_modified_time":"2023-11-19T22:01:44+00:00","og_image":[{"width":600,"height":600,"url":"https:\/\/preprod.cafesnovell.com\/wp-content\/uploads\/2020\/06\/capseta_pennyroyal_mint_low_res.jpg","type":"image\/jpeg"}],"twitter_card":"summary_large_image","schema":{"@context":"https:\/\/schema.org","@graph":[{"@type":"WebPage","@id":"https:\/\/preprod.cafesnovell.com\/ca\/producto\/menta-poniol-30u-copia\/","url":"https:\/\/preprod.cafesnovell.com\/ca\/producto\/menta-poniol-30u-copia\/","name":"Menta Poniol - Caf\u00e8s Novell","isPartOf":{"@id":"https:\/\/preprod.cafesnovell.com\/ca\/#website"},"primaryImageOfPage":{"@id":"https:\/\/preprod.cafesnovell.com\/ca\/producto\/menta-poniol-30u-copia\/#primaryimage"},"image":{"@id":"https:\/\/preprod.cafesnovell.com\/ca\/producto\/menta-poniol-30u-copia\/#primaryimage"},"thumbnailUrl":"https:\/\/preprod.cafesnovell.com\/wp-content\/uploads\/2020\/06\/capseta_pennyroyal_mint_low_res.jpg","datePublished":"2021-07-15T09:44:24+00:00","dateModified":"2023-11-19T22:01:44+00:00","description":"Infusi\u00f3 de menta poniol org\u00e1nica en pir\u00e1mide (ingredients: menta i poniol). Molt arom\u00e0tica, vigoritzant, rica en vitamina B i minerals.","breadcrumb":{"@id":"https:\/\/preprod.cafesnovell.com\/ca\/producto\/menta-poniol-30u-copia\/#breadcrumb"},"inLanguage":"ca","potentialAction":[{"@type":"ReadAction","target":["https:\/\/preprod.cafesnovell.com\/ca\/producto\/menta-poniol-30u-copia\/"]}]},{"@type":"ImageObject","inLanguage":"ca","@id":"https:\/\/preprod.cafesnovell.com\/ca\/producto\/menta-poniol-30u-copia\/#primaryimage","url":"https:\/\/preprod.cafesnovell.com\/wp-content\/uploads\/2020\/06\/capseta_pennyroyal_mint_low_res.jpg","contentUrl":"https:\/\/preprod.cafesnovell.com\/wp-content\/uploads\/2020\/06\/capseta_pennyroyal_mint_low_res.jpg","width":600,"height":600},{"@type":"BreadcrumbList","@id":"https:\/\/preprod.cafesnovell.com\/ca\/producto\/menta-poniol-30u-copia\/#breadcrumb","itemListElement":[{"@type":"ListItem","position":1,"name":"Inici","item":"https:\/\/preprod.cafesnovell.com\/ca\/"},{"@type":"ListItem","position":2,"name":"Botiga","item":"https:\/\/preprod.cafesnovell.com\/ca\/botiga\/"},{"@type":"ListItem","position":3,"name":"Menta Poniol"}]},{"@type":"WebSite","@id":"https:\/\/preprod.cafesnovell.com\/ca\/#website","url":"https:\/\/preprod.cafesnovell.com\/ca\/","name":"Caf\u00e8s Novell","description":"Organic Premium Coffee","potentialAction":[{"@type":"SearchAction","target":{"@type":"EntryPoint","urlTemplate":"https:\/\/preprod.cafesnovell.com\/ca\/?s={search_term_string}"},"query-input":{"@type":"PropertyValueSpecification","valueRequired":true,"valueName":"search_term_string"}}],"inLanguage":"ca"}]}},"df_price":4,"df_sale_price":"","df_regular_price":4,"df_image_link":"https:\/\/preprod.cafesnovell.com\/wp-content\/uploads\/2020\/06\/capseta_pennyroyal_mint_low_res-300x300.jpg","_links":{"self":[{"href":"https:\/\/preprod.cafesnovell.com\/ca\/wp-json\/wp\/v2\/product\/56807","targetHints":{"allow":["GET"]}}],"collection":[{"href":"https:\/\/preprod.cafesnovell.com\/ca\/wp-json\/wp\/v2\/product"}],"about":[{"href":"https:\/\/preprod.cafesnovell.com\/ca\/wp-json\/wp\/v2\/types\/product"}],"wp:featuredmedia":[{"embeddable":true,"href":"https:\/\/preprod.cafesnovell.com\/ca\/wp-json\/wp\/v2\/media\/42500"}],"wp:attachment":[{"href":"https:\/\/preprod.cafesnovell.com\/ca\/wp-json\/wp\/v2\/media?parent=56807"}],"wp:term":[{"taxonomy":"product_brand","embeddable":true,"href":"https:\/\/preprod.cafesnovell.com\/ca\/wp-json\/wp\/v2\/product_brand?post=56807"},{"taxonomy":"product_cat","embeddable":true,"href":"https:\/\/preprod.cafesnovell.com\/ca\/wp-json\/wp\/v2\/product_cat?post=56807"},{"taxonomy":"product_tag","embeddable":true,"href":"https:\/\/preprod.cafesnovell.com\/ca\/wp-json\/wp\/v2\/product_tag?post=56807"}],"curies":[{"name":"wp","href":"https:\/\/api.w.org\/{rel}","templated":true}]}}