{"id":56857,"date":"2021-07-15T12:06:38","date_gmt":"2021-07-15T10:06:38","guid":{"rendered":"https:\/\/cafesnovell.com\/?post_type=product&#038;p=56857"},"modified":"2023-11-19T23:01:42","modified_gmt":"2023-11-19T22:01:42","slug":"kukitcha-te-verd-30u-copia-2","status":"publish","type":"product","link":"https:\/\/preprod.cafesnovell.com\/ca\/producto\/kukitcha-te-verd-30u-copia-2\/","title":{"rendered":"Kukitcha Te Verd"},"content":{"rendered":"","protected":false},"excerpt":{"rendered":"<p>Aquest te gaudeix d\u2019una bella historia. En situem l\u2019origen en els jardins de te de la regi\u00f3 d\u2019Uji, al sud de Kyoto. La subst\u00e0ncia de la infusi\u00f3 s\u00f3n les tiges, pec\u00edols i branquetes de la planta, no pas les fulles: tot aix\u00f2 era el que aconseguien arreplegar els camperols m\u00e9s humils, i aquesta era la seva beguda.<\/p>\n<p>Avui dia es considera un te verd per a entesos. T\u00e9 un gust lleuger i \u00e9s molt baix en te\u00efna. Els beneficis per a la salut s\u00f3n incomptables: ric en minerals, magnesi i calci. A Occident, \u00e9s un dels m\u00e9s apreciats pel seu poder alcalinitzant i remineralitzant.<\/p>\n","protected":false},"featured_media":42492,"template":"","meta":{"_acf_changed":false},"product_brand":[],"product_cat":[2550,126,2524,128],"product_tag":[],"class_list":{"0":"post-56857","1":"product","2":"type-product","3":"status-publish","4":"has-post-thumbnail","6":"product_cat-productes-organics","7":"product_cat-tes-i-infusions","8":"product_cat-tes-i-infusions-novell-go","9":"product_cat-organique","11":"first","12":"instock","13":"taxable","14":"shipping-taxable","15":"purchasable","16":"product-type-variable"},"bundled_by":[],"bundle_stock_status":"instock","bundle_stock_quantity":null,"bundle_virtual":false,"bundle_layout":"","bundle_add_to_cart_form_location":"","bundle_editable_in_cart":false,"bundle_sold_individually_context":"","bundle_item_grouping":"","bundle_min_size":"","bundle_max_size":"","bundle_price":[],"bundled_items":[],"bundle_sell_ids":[],"acf":[],"yoast_head":"<!-- This site is optimized with the Yoast SEO plugin v24.4 - https:\/\/yoast.com\/wordpress\/plugins\/seo\/ -->\n<title>Kukitcha Te Verd - Caf\u00e8s Novell<\/title>\n<meta name=\"description\" content=\"T\u00e9 verde Kukitcha org\u00e1nico en pir\u00e1mide. Ingredientes: T\u00e9 verde Kukitcha. Tiene un sabor ligero y es muy bajo en te\u00edna. Los bene\ufb01cios para la salud son incontables: rico en minerales, magnesio y calcio\" \/>\n<meta name=\"robots\" content=\"noindex, follow, max-snippet:-1, max-image-preview:large, max-video-preview:-1\" \/>\n<meta property=\"og:locale\" content=\"ca_ES\" \/>\n<meta property=\"og:type\" content=\"article\" \/>\n<meta property=\"og:title\" content=\"Kukitcha Te Verd - Caf\u00e8s Novell\" \/>\n<meta property=\"og:description\" content=\"T\u00e9 verde Kukitcha org\u00e1nico en pir\u00e1mide. Ingredientes: T\u00e9 verde Kukitcha. Tiene un sabor ligero y es muy bajo en te\u00edna. Los bene\ufb01cios para la salud son incontables: rico en minerales, magnesio y calcio\" \/>\n<meta property=\"og:url\" content=\"https:\/\/preprod.cafesnovell.com\/ca\/producto\/kukitcha-te-verd-30u-copia-2\/\" \/>\n<meta property=\"og:site_name\" content=\"Caf\u00e8s Novell\" \/>\n<meta property=\"article:modified_time\" content=\"2023-11-19T22:01:42+00:00\" \/>\n<meta property=\"og:image\" content=\"https:\/\/preprod.cafesnovell.com\/wp-content\/uploads\/2020\/06\/capseta_kukicha_green_tea_low_res.jpg\" \/>\n\t<meta property=\"og:image:width\" content=\"600\" \/>\n\t<meta property=\"og:image:height\" content=\"600\" \/>\n\t<meta property=\"og:image:type\" content=\"image\/jpeg\" \/>\n<meta name=\"twitter:card\" content=\"summary_large_image\" \/>\n<script type=\"application\/ld+json\" class=\"yoast-schema-graph\">{\"@context\":\"https:\/\/schema.org\",\"@graph\":[{\"@type\":\"WebPage\",\"@id\":\"https:\/\/preprod.cafesnovell.com\/ca\/producto\/kukitcha-te-verd-30u-copia-2\/\",\"url\":\"https:\/\/preprod.cafesnovell.com\/ca\/producto\/kukitcha-te-verd-30u-copia-2\/\",\"name\":\"Kukitcha Te Verd - Caf\u00e8s Novell\",\"isPartOf\":{\"@id\":\"https:\/\/preprod.cafesnovell.com\/ca\/#website\"},\"primaryImageOfPage\":{\"@id\":\"https:\/\/preprod.cafesnovell.com\/ca\/producto\/kukitcha-te-verd-30u-copia-2\/#primaryimage\"},\"image\":{\"@id\":\"https:\/\/preprod.cafesnovell.com\/ca\/producto\/kukitcha-te-verd-30u-copia-2\/#primaryimage\"},\"thumbnailUrl\":\"https:\/\/preprod.cafesnovell.com\/wp-content\/uploads\/2020\/06\/capseta_kukicha_green_tea_low_res.jpg\",\"datePublished\":\"2021-07-15T10:06:38+00:00\",\"dateModified\":\"2023-11-19T22:01:42+00:00\",\"description\":\"T\u00e9 verde Kukitcha org\u00e1nico en pir\u00e1mide. Ingredientes: T\u00e9 verde Kukitcha. Tiene un sabor ligero y es muy bajo en te\u00edna. Los bene\ufb01cios para la salud son incontables: rico en minerales, magnesio y calcio\",\"breadcrumb\":{\"@id\":\"https:\/\/preprod.cafesnovell.com\/ca\/producto\/kukitcha-te-verd-30u-copia-2\/#breadcrumb\"},\"inLanguage\":\"ca\",\"potentialAction\":[{\"@type\":\"ReadAction\",\"target\":[\"https:\/\/preprod.cafesnovell.com\/ca\/producto\/kukitcha-te-verd-30u-copia-2\/\"]}]},{\"@type\":\"ImageObject\",\"inLanguage\":\"ca\",\"@id\":\"https:\/\/preprod.cafesnovell.com\/ca\/producto\/kukitcha-te-verd-30u-copia-2\/#primaryimage\",\"url\":\"https:\/\/preprod.cafesnovell.com\/wp-content\/uploads\/2020\/06\/capseta_kukicha_green_tea_low_res.jpg\",\"contentUrl\":\"https:\/\/preprod.cafesnovell.com\/wp-content\/uploads\/2020\/06\/capseta_kukicha_green_tea_low_res.jpg\",\"width\":600,\"height\":600},{\"@type\":\"BreadcrumbList\",\"@id\":\"https:\/\/preprod.cafesnovell.com\/ca\/producto\/kukitcha-te-verd-30u-copia-2\/#breadcrumb\",\"itemListElement\":[{\"@type\":\"ListItem\",\"position\":1,\"name\":\"Inici\",\"item\":\"https:\/\/preprod.cafesnovell.com\/ca\/\"},{\"@type\":\"ListItem\",\"position\":2,\"name\":\"Botiga\",\"item\":\"https:\/\/preprod.cafesnovell.com\/ca\/botiga\/\"},{\"@type\":\"ListItem\",\"position\":3,\"name\":\"Kukitcha Te Verd\"}]},{\"@type\":\"WebSite\",\"@id\":\"https:\/\/preprod.cafesnovell.com\/ca\/#website\",\"url\":\"https:\/\/preprod.cafesnovell.com\/ca\/\",\"name\":\"Caf\u00e8s Novell\",\"description\":\"Organic Premium Coffee\",\"potentialAction\":[{\"@type\":\"SearchAction\",\"target\":{\"@type\":\"EntryPoint\",\"urlTemplate\":\"https:\/\/preprod.cafesnovell.com\/ca\/?s={search_term_string}\"},\"query-input\":{\"@type\":\"PropertyValueSpecification\",\"valueRequired\":true,\"valueName\":\"search_term_string\"}}],\"inLanguage\":\"ca\"}]}<\/script>\n<!-- \/ Yoast SEO plugin. -->","yoast_head_json":{"title":"Kukitcha Te Verd - Caf\u00e8s Novell","description":"T\u00e9 verde Kukitcha org\u00e1nico en pir\u00e1mide. Ingredientes: T\u00e9 verde Kukitcha. Tiene un sabor ligero y es muy bajo en te\u00edna. Los bene\ufb01cios para la salud son incontables: rico en minerales, magnesio y calcio","robots":{"index":"noindex","follow":"follow","max-snippet":"max-snippet:-1","max-image-preview":"max-image-preview:large","max-video-preview":"max-video-preview:-1"},"og_locale":"ca_ES","og_type":"article","og_title":"Kukitcha Te Verd - Caf\u00e8s Novell","og_description":"T\u00e9 verde Kukitcha org\u00e1nico en pir\u00e1mide. Ingredientes: T\u00e9 verde Kukitcha. Tiene un sabor ligero y es muy bajo en te\u00edna. Los bene\ufb01cios para la salud son incontables: rico en minerales, magnesio y calcio","og_url":"https:\/\/preprod.cafesnovell.com\/ca\/producto\/kukitcha-te-verd-30u-copia-2\/","og_site_name":"Caf\u00e8s Novell","article_modified_time":"2023-11-19T22:01:42+00:00","og_image":[{"width":600,"height":600,"url":"https:\/\/preprod.cafesnovell.com\/wp-content\/uploads\/2020\/06\/capseta_kukicha_green_tea_low_res.jpg","type":"image\/jpeg"}],"twitter_card":"summary_large_image","schema":{"@context":"https:\/\/schema.org","@graph":[{"@type":"WebPage","@id":"https:\/\/preprod.cafesnovell.com\/ca\/producto\/kukitcha-te-verd-30u-copia-2\/","url":"https:\/\/preprod.cafesnovell.com\/ca\/producto\/kukitcha-te-verd-30u-copia-2\/","name":"Kukitcha Te Verd - Caf\u00e8s Novell","isPartOf":{"@id":"https:\/\/preprod.cafesnovell.com\/ca\/#website"},"primaryImageOfPage":{"@id":"https:\/\/preprod.cafesnovell.com\/ca\/producto\/kukitcha-te-verd-30u-copia-2\/#primaryimage"},"image":{"@id":"https:\/\/preprod.cafesnovell.com\/ca\/producto\/kukitcha-te-verd-30u-copia-2\/#primaryimage"},"thumbnailUrl":"https:\/\/preprod.cafesnovell.com\/wp-content\/uploads\/2020\/06\/capseta_kukicha_green_tea_low_res.jpg","datePublished":"2021-07-15T10:06:38+00:00","dateModified":"2023-11-19T22:01:42+00:00","description":"T\u00e9 verde Kukitcha org\u00e1nico en pir\u00e1mide. Ingredientes: T\u00e9 verde Kukitcha. Tiene un sabor ligero y es muy bajo en te\u00edna. Los bene\ufb01cios para la salud son incontables: rico en minerales, magnesio y calcio","breadcrumb":{"@id":"https:\/\/preprod.cafesnovell.com\/ca\/producto\/kukitcha-te-verd-30u-copia-2\/#breadcrumb"},"inLanguage":"ca","potentialAction":[{"@type":"ReadAction","target":["https:\/\/preprod.cafesnovell.com\/ca\/producto\/kukitcha-te-verd-30u-copia-2\/"]}]},{"@type":"ImageObject","inLanguage":"ca","@id":"https:\/\/preprod.cafesnovell.com\/ca\/producto\/kukitcha-te-verd-30u-copia-2\/#primaryimage","url":"https:\/\/preprod.cafesnovell.com\/wp-content\/uploads\/2020\/06\/capseta_kukicha_green_tea_low_res.jpg","contentUrl":"https:\/\/preprod.cafesnovell.com\/wp-content\/uploads\/2020\/06\/capseta_kukicha_green_tea_low_res.jpg","width":600,"height":600},{"@type":"BreadcrumbList","@id":"https:\/\/preprod.cafesnovell.com\/ca\/producto\/kukitcha-te-verd-30u-copia-2\/#breadcrumb","itemListElement":[{"@type":"ListItem","position":1,"name":"Inici","item":"https:\/\/preprod.cafesnovell.com\/ca\/"},{"@type":"ListItem","position":2,"name":"Botiga","item":"https:\/\/preprod.cafesnovell.com\/ca\/botiga\/"},{"@type":"ListItem","position":3,"name":"Kukitcha Te Verd"}]},{"@type":"WebSite","@id":"https:\/\/preprod.cafesnovell.com\/ca\/#website","url":"https:\/\/preprod.cafesnovell.com\/ca\/","name":"Caf\u00e8s Novell","description":"Organic Premium Coffee","potentialAction":[{"@type":"SearchAction","target":{"@type":"EntryPoint","urlTemplate":"https:\/\/preprod.cafesnovell.com\/ca\/?s={search_term_string}"},"query-input":{"@type":"PropertyValueSpecification","valueRequired":true,"valueName":"search_term_string"}}],"inLanguage":"ca"}]}},"df_price":4,"df_sale_price":"","df_regular_price":4,"df_image_link":"https:\/\/preprod.cafesnovell.com\/wp-content\/uploads\/2020\/06\/capseta_kukicha_green_tea_low_res-300x300.jpg","_links":{"self":[{"href":"https:\/\/preprod.cafesnovell.com\/ca\/wp-json\/wp\/v2\/product\/56857","targetHints":{"allow":["GET"]}}],"collection":[{"href":"https:\/\/preprod.cafesnovell.com\/ca\/wp-json\/wp\/v2\/product"}],"about":[{"href":"https:\/\/preprod.cafesnovell.com\/ca\/wp-json\/wp\/v2\/types\/product"}],"wp:featuredmedia":[{"embeddable":true,"href":"https:\/\/preprod.cafesnovell.com\/ca\/wp-json\/wp\/v2\/media\/42492"}],"wp:attachment":[{"href":"https:\/\/preprod.cafesnovell.com\/ca\/wp-json\/wp\/v2\/media?parent=56857"}],"wp:term":[{"taxonomy":"product_brand","embeddable":true,"href":"https:\/\/preprod.cafesnovell.com\/ca\/wp-json\/wp\/v2\/product_brand?post=56857"},{"taxonomy":"product_cat","embeddable":true,"href":"https:\/\/preprod.cafesnovell.com\/ca\/wp-json\/wp\/v2\/product_cat?post=56857"},{"taxonomy":"product_tag","embeddable":true,"href":"https:\/\/preprod.cafesnovell.com\/ca\/wp-json\/wp\/v2\/product_tag?post=56857"}],"curies":[{"name":"wp","href":"https:\/\/api.w.org\/{rel}","templated":true}]}}