{"id":56881,"date":"2021-07-15T12:16:29","date_gmt":"2021-07-15T10:16:29","guid":{"rendered":"https:\/\/cafesnovell.com\/?post_type=product&#038;p=56881"},"modified":"2023-11-19T23:01:41","modified_gmt":"2023-11-19T22:01:41","slug":"darjeeling-te-negre-30u-copia","status":"publish","type":"product","link":"https:\/\/preprod.cafesnovell.com\/ca\/producto\/darjeeling-te-negre-30u-copia\/","title":{"rendered":"Darjeeling Te Negre"},"content":{"rendered":"","protected":false},"excerpt":{"rendered":"<p>Aquest \u00e9s un te indi: n\u2019hem de buscar l\u2019origen a l\u2019oest de l\u2019Estat de Bengala. Per a molts connaisseurs, es tracta de la joia m\u00e9s preuada pel que fa a aquesta beguda. T\u00e8cnicament, ens trobem davant un GFOP1: \u00e9s a dir, un Golden Flowery Orange Pekoe First Grade.<\/p>\n<p>Te exquisit, amb cos i un gust molt agradable.<\/p>\n","protected":false},"featured_media":42484,"template":"","meta":{"_acf_changed":false},"product_brand":[],"product_cat":[2550,126,2524,128],"product_tag":[],"class_list":{"0":"post-56881","1":"product","2":"type-product","3":"status-publish","4":"has-post-thumbnail","6":"product_cat-productes-organics","7":"product_cat-tes-i-infusions","8":"product_cat-tes-i-infusions-novell-go","9":"product_cat-organique","11":"first","12":"instock","13":"taxable","14":"shipping-taxable","15":"purchasable","16":"product-type-variable"},"bundled_by":[],"bundle_stock_status":"instock","bundle_stock_quantity":null,"bundle_virtual":false,"bundle_layout":"","bundle_add_to_cart_form_location":"","bundle_editable_in_cart":false,"bundle_sold_individually_context":"","bundle_item_grouping":"","bundle_min_size":"","bundle_max_size":"","bundle_price":[],"bundled_items":[],"bundle_sell_ids":[],"acf":[],"yoast_head":"<!-- This site is optimized with the Yoast SEO plugin v24.4 - https:\/\/yoast.com\/wordpress\/plugins\/seo\/ -->\n<title>Darjeeling Te Negre - Caf\u00e8s Novell<\/title>\n<meta name=\"description\" content=\"T\u00e9 negro Darjeeling org\u00e1nico en pir\u00e1mide. Ingredientes: T\u00e9 negro Darjeeling. Este es un t\u00e9 indio: hay que buscar su origen en el oeste del estado de Bengala. Para muchos connaisseurs, se trata de la m\u00e1s aquilatada joya en lo que respecta a esta bebida. T\u00e9cnicamente, es un GFOP1: es decir, un Golden Flowery Orange Pekoe First Grade\" \/>\n<meta name=\"robots\" content=\"noindex, follow, max-snippet:-1, max-image-preview:large, max-video-preview:-1\" \/>\n<meta property=\"og:locale\" content=\"ca_ES\" \/>\n<meta property=\"og:type\" content=\"article\" \/>\n<meta property=\"og:title\" content=\"Darjeeling Te Negre - Caf\u00e8s Novell\" \/>\n<meta property=\"og:description\" content=\"T\u00e9 negro Darjeeling org\u00e1nico en pir\u00e1mide. Ingredientes: T\u00e9 negro Darjeeling. Este es un t\u00e9 indio: hay que buscar su origen en el oeste del estado de Bengala. Para muchos connaisseurs, se trata de la m\u00e1s aquilatada joya en lo que respecta a esta bebida. T\u00e9cnicamente, es un GFOP1: es decir, un Golden Flowery Orange Pekoe First Grade\" \/>\n<meta property=\"og:url\" content=\"https:\/\/preprod.cafesnovell.com\/ca\/producto\/darjeeling-te-negre-30u-copia\/\" \/>\n<meta property=\"og:site_name\" content=\"Caf\u00e8s Novell\" \/>\n<meta property=\"article:modified_time\" content=\"2023-11-19T22:01:41+00:00\" \/>\n<meta property=\"og:image\" content=\"https:\/\/preprod.cafesnovell.com\/wp-content\/uploads\/2020\/06\/capseta_darjeeling_black_tea_low_res.jpg\" \/>\n\t<meta property=\"og:image:width\" content=\"600\" \/>\n\t<meta property=\"og:image:height\" content=\"600\" \/>\n\t<meta property=\"og:image:type\" content=\"image\/jpeg\" \/>\n<meta name=\"twitter:card\" content=\"summary_large_image\" \/>\n<script type=\"application\/ld+json\" class=\"yoast-schema-graph\">{\"@context\":\"https:\/\/schema.org\",\"@graph\":[{\"@type\":\"WebPage\",\"@id\":\"https:\/\/preprod.cafesnovell.com\/ca\/producto\/darjeeling-te-negre-30u-copia\/\",\"url\":\"https:\/\/preprod.cafesnovell.com\/ca\/producto\/darjeeling-te-negre-30u-copia\/\",\"name\":\"Darjeeling Te Negre - Caf\u00e8s Novell\",\"isPartOf\":{\"@id\":\"https:\/\/preprod.cafesnovell.com\/ca\/#website\"},\"primaryImageOfPage\":{\"@id\":\"https:\/\/preprod.cafesnovell.com\/ca\/producto\/darjeeling-te-negre-30u-copia\/#primaryimage\"},\"image\":{\"@id\":\"https:\/\/preprod.cafesnovell.com\/ca\/producto\/darjeeling-te-negre-30u-copia\/#primaryimage\"},\"thumbnailUrl\":\"https:\/\/preprod.cafesnovell.com\/wp-content\/uploads\/2020\/06\/capseta_darjeeling_black_tea_low_res.jpg\",\"datePublished\":\"2021-07-15T10:16:29+00:00\",\"dateModified\":\"2023-11-19T22:01:41+00:00\",\"description\":\"T\u00e9 negro Darjeeling org\u00e1nico en pir\u00e1mide. Ingredientes: T\u00e9 negro Darjeeling. Este es un t\u00e9 indio: hay que buscar su origen en el oeste del estado de Bengala. Para muchos connaisseurs, se trata de la m\u00e1s aquilatada joya en lo que respecta a esta bebida. T\u00e9cnicamente, es un GFOP1: es decir, un Golden Flowery Orange Pekoe First Grade\",\"breadcrumb\":{\"@id\":\"https:\/\/preprod.cafesnovell.com\/ca\/producto\/darjeeling-te-negre-30u-copia\/#breadcrumb\"},\"inLanguage\":\"ca\",\"potentialAction\":[{\"@type\":\"ReadAction\",\"target\":[\"https:\/\/preprod.cafesnovell.com\/ca\/producto\/darjeeling-te-negre-30u-copia\/\"]}]},{\"@type\":\"ImageObject\",\"inLanguage\":\"ca\",\"@id\":\"https:\/\/preprod.cafesnovell.com\/ca\/producto\/darjeeling-te-negre-30u-copia\/#primaryimage\",\"url\":\"https:\/\/preprod.cafesnovell.com\/wp-content\/uploads\/2020\/06\/capseta_darjeeling_black_tea_low_res.jpg\",\"contentUrl\":\"https:\/\/preprod.cafesnovell.com\/wp-content\/uploads\/2020\/06\/capseta_darjeeling_black_tea_low_res.jpg\",\"width\":600,\"height\":600},{\"@type\":\"BreadcrumbList\",\"@id\":\"https:\/\/preprod.cafesnovell.com\/ca\/producto\/darjeeling-te-negre-30u-copia\/#breadcrumb\",\"itemListElement\":[{\"@type\":\"ListItem\",\"position\":1,\"name\":\"Inici\",\"item\":\"https:\/\/preprod.cafesnovell.com\/ca\/\"},{\"@type\":\"ListItem\",\"position\":2,\"name\":\"Botiga\",\"item\":\"https:\/\/preprod.cafesnovell.com\/ca\/botiga\/\"},{\"@type\":\"ListItem\",\"position\":3,\"name\":\"Darjeeling Te Negre\"}]},{\"@type\":\"WebSite\",\"@id\":\"https:\/\/preprod.cafesnovell.com\/ca\/#website\",\"url\":\"https:\/\/preprod.cafesnovell.com\/ca\/\",\"name\":\"Caf\u00e8s Novell\",\"description\":\"Organic Premium Coffee\",\"potentialAction\":[{\"@type\":\"SearchAction\",\"target\":{\"@type\":\"EntryPoint\",\"urlTemplate\":\"https:\/\/preprod.cafesnovell.com\/ca\/?s={search_term_string}\"},\"query-input\":{\"@type\":\"PropertyValueSpecification\",\"valueRequired\":true,\"valueName\":\"search_term_string\"}}],\"inLanguage\":\"ca\"}]}<\/script>\n<!-- \/ Yoast SEO plugin. -->","yoast_head_json":{"title":"Darjeeling Te Negre - Caf\u00e8s Novell","description":"T\u00e9 negro Darjeeling org\u00e1nico en pir\u00e1mide. Ingredientes: T\u00e9 negro Darjeeling. Este es un t\u00e9 indio: hay que buscar su origen en el oeste del estado de Bengala. Para muchos connaisseurs, se trata de la m\u00e1s aquilatada joya en lo que respecta a esta bebida. T\u00e9cnicamente, es un GFOP1: es decir, un Golden Flowery Orange Pekoe First Grade","robots":{"index":"noindex","follow":"follow","max-snippet":"max-snippet:-1","max-image-preview":"max-image-preview:large","max-video-preview":"max-video-preview:-1"},"og_locale":"ca_ES","og_type":"article","og_title":"Darjeeling Te Negre - Caf\u00e8s Novell","og_description":"T\u00e9 negro Darjeeling org\u00e1nico en pir\u00e1mide. Ingredientes: T\u00e9 negro Darjeeling. Este es un t\u00e9 indio: hay que buscar su origen en el oeste del estado de Bengala. Para muchos connaisseurs, se trata de la m\u00e1s aquilatada joya en lo que respecta a esta bebida. T\u00e9cnicamente, es un GFOP1: es decir, un Golden Flowery Orange Pekoe First Grade","og_url":"https:\/\/preprod.cafesnovell.com\/ca\/producto\/darjeeling-te-negre-30u-copia\/","og_site_name":"Caf\u00e8s Novell","article_modified_time":"2023-11-19T22:01:41+00:00","og_image":[{"width":600,"height":600,"url":"https:\/\/preprod.cafesnovell.com\/wp-content\/uploads\/2020\/06\/capseta_darjeeling_black_tea_low_res.jpg","type":"image\/jpeg"}],"twitter_card":"summary_large_image","schema":{"@context":"https:\/\/schema.org","@graph":[{"@type":"WebPage","@id":"https:\/\/preprod.cafesnovell.com\/ca\/producto\/darjeeling-te-negre-30u-copia\/","url":"https:\/\/preprod.cafesnovell.com\/ca\/producto\/darjeeling-te-negre-30u-copia\/","name":"Darjeeling Te Negre - Caf\u00e8s Novell","isPartOf":{"@id":"https:\/\/preprod.cafesnovell.com\/ca\/#website"},"primaryImageOfPage":{"@id":"https:\/\/preprod.cafesnovell.com\/ca\/producto\/darjeeling-te-negre-30u-copia\/#primaryimage"},"image":{"@id":"https:\/\/preprod.cafesnovell.com\/ca\/producto\/darjeeling-te-negre-30u-copia\/#primaryimage"},"thumbnailUrl":"https:\/\/preprod.cafesnovell.com\/wp-content\/uploads\/2020\/06\/capseta_darjeeling_black_tea_low_res.jpg","datePublished":"2021-07-15T10:16:29+00:00","dateModified":"2023-11-19T22:01:41+00:00","description":"T\u00e9 negro Darjeeling org\u00e1nico en pir\u00e1mide. Ingredientes: T\u00e9 negro Darjeeling. Este es un t\u00e9 indio: hay que buscar su origen en el oeste del estado de Bengala. Para muchos connaisseurs, se trata de la m\u00e1s aquilatada joya en lo que respecta a esta bebida. T\u00e9cnicamente, es un GFOP1: es decir, un Golden Flowery Orange Pekoe First Grade","breadcrumb":{"@id":"https:\/\/preprod.cafesnovell.com\/ca\/producto\/darjeeling-te-negre-30u-copia\/#breadcrumb"},"inLanguage":"ca","potentialAction":[{"@type":"ReadAction","target":["https:\/\/preprod.cafesnovell.com\/ca\/producto\/darjeeling-te-negre-30u-copia\/"]}]},{"@type":"ImageObject","inLanguage":"ca","@id":"https:\/\/preprod.cafesnovell.com\/ca\/producto\/darjeeling-te-negre-30u-copia\/#primaryimage","url":"https:\/\/preprod.cafesnovell.com\/wp-content\/uploads\/2020\/06\/capseta_darjeeling_black_tea_low_res.jpg","contentUrl":"https:\/\/preprod.cafesnovell.com\/wp-content\/uploads\/2020\/06\/capseta_darjeeling_black_tea_low_res.jpg","width":600,"height":600},{"@type":"BreadcrumbList","@id":"https:\/\/preprod.cafesnovell.com\/ca\/producto\/darjeeling-te-negre-30u-copia\/#breadcrumb","itemListElement":[{"@type":"ListItem","position":1,"name":"Inici","item":"https:\/\/preprod.cafesnovell.com\/ca\/"},{"@type":"ListItem","position":2,"name":"Botiga","item":"https:\/\/preprod.cafesnovell.com\/ca\/botiga\/"},{"@type":"ListItem","position":3,"name":"Darjeeling Te Negre"}]},{"@type":"WebSite","@id":"https:\/\/preprod.cafesnovell.com\/ca\/#website","url":"https:\/\/preprod.cafesnovell.com\/ca\/","name":"Caf\u00e8s Novell","description":"Organic Premium Coffee","potentialAction":[{"@type":"SearchAction","target":{"@type":"EntryPoint","urlTemplate":"https:\/\/preprod.cafesnovell.com\/ca\/?s={search_term_string}"},"query-input":{"@type":"PropertyValueSpecification","valueRequired":true,"valueName":"search_term_string"}}],"inLanguage":"ca"}]}},"df_price":4,"df_sale_price":"","df_regular_price":4,"df_image_link":"https:\/\/preprod.cafesnovell.com\/wp-content\/uploads\/2020\/06\/capseta_darjeeling_black_tea_low_res-300x300.jpg","_links":{"self":[{"href":"https:\/\/preprod.cafesnovell.com\/ca\/wp-json\/wp\/v2\/product\/56881","targetHints":{"allow":["GET"]}}],"collection":[{"href":"https:\/\/preprod.cafesnovell.com\/ca\/wp-json\/wp\/v2\/product"}],"about":[{"href":"https:\/\/preprod.cafesnovell.com\/ca\/wp-json\/wp\/v2\/types\/product"}],"wp:featuredmedia":[{"embeddable":true,"href":"https:\/\/preprod.cafesnovell.com\/ca\/wp-json\/wp\/v2\/media\/42484"}],"wp:attachment":[{"href":"https:\/\/preprod.cafesnovell.com\/ca\/wp-json\/wp\/v2\/media?parent=56881"}],"wp:term":[{"taxonomy":"product_brand","embeddable":true,"href":"https:\/\/preprod.cafesnovell.com\/ca\/wp-json\/wp\/v2\/product_brand?post=56881"},{"taxonomy":"product_cat","embeddable":true,"href":"https:\/\/preprod.cafesnovell.com\/ca\/wp-json\/wp\/v2\/product_cat?post=56881"},{"taxonomy":"product_tag","embeddable":true,"href":"https:\/\/preprod.cafesnovell.com\/ca\/wp-json\/wp\/v2\/product_tag?post=56881"}],"curies":[{"name":"wp","href":"https:\/\/api.w.org\/{rel}","templated":true}]}}