{"id":57007,"date":"2021-07-16T12:20:09","date_gmt":"2021-07-16T10:20:09","guid":{"rendered":"https:\/\/cafesnovell.com\/?post_type=product&#038;p=57007"},"modified":"2022-12-01T14:40:34","modified_gmt":"2022-12-01T12:40:34","slug":"cafetera-superautomatica-delonghi-targeta-regal-copia","status":"publish","type":"product","link":"https:\/\/preprod.cafesnovell.com\/ca\/producto\/cafetera-superautomatica-delonghi-targeta-regal-copia\/","title":{"rendered":"Cafetera Superautom\u00e0tica De&#8217;Longhi"},"content":{"rendered":"","protected":false},"excerpt":{"rendered":"<p>Tria la teva varietat preferida de caf\u00e8 en gra Novell i prepara&#8217;t una tassa de caf\u00e8 perfecta com un aut\u00e8ntic barista: del gra a la tassa.<\/p>\n<ul>\n<li>El nou panell de control permet preparar qualsevol tipus de caf\u00e8 amb nom\u00e9s pr\u00e9mer un bot\u00f3.<\/li>\n<li>Preparaci\u00f3 de 2 tasses d&#8217;espresso al mateix temps.<\/li>\n<li>La roda et permetr\u00e0 augmentar o disminuir la intensitat de l&#8217;aroma del caf\u00e8. Escull entre caf\u00e8 curt o llarg pressionant els botons.<\/li>\n<li>El Sistema Cappuccino t&#8217;ofereix la possibilitat de crear una deliciosa i cremosa escuma de llet.<\/li>\n<li>Cos pintat brillant i interf\u00edcie de botons t\u00e0ctils.<\/li>\n<li>Tapa de conservaci\u00f3 de l&#8217;aroma.<\/li>\n<\/ul>\n","protected":false},"featured_media":72934,"template":"","meta":{"_acf_changed":false},"product_brand":[],"product_cat":[2553,131,1225],"product_tag":[],"class_list":{"0":"post-57007","1":"product","2":"type-product","3":"status-publish","4":"has-post-thumbnail","6":"product_cat-descomptes-en-cafeteres-i-complements","7":"product_cat-cafeteres","8":"product_cat-cafeteres-superautomatiques","10":"first","11":"instock","12":"taxable","13":"shipping-taxable","14":"purchasable","15":"product-type-simple"},"bundled_by":["73173"],"bundle_stock_status":"instock","bundle_stock_quantity":2,"bundle_virtual":false,"bundle_layout":"","bundle_add_to_cart_form_location":"","bundle_editable_in_cart":false,"bundle_sold_individually_context":"","bundle_item_grouping":"","bundle_min_size":"","bundle_max_size":"","bundle_price":[],"bundled_items":[],"bundle_sell_ids":[],"acf":[],"yoast_head":"<!-- This site is optimized with the Yoast SEO plugin v24.4 - https:\/\/yoast.com\/wordpress\/plugins\/seo\/ -->\n<title>Cafetera Superautom\u00e0tica De&#039;Longhi<\/title>\n<meta name=\"description\" content=\"Cafetera de&#039;Longhi Superautom\u00e1tica 22.360.S\" \/>\n<meta name=\"robots\" content=\"noindex, follow, max-snippet:-1, max-image-preview:large, max-video-preview:-1\" \/>\n<meta property=\"og:locale\" content=\"ca_ES\" \/>\n<meta property=\"og:type\" content=\"article\" \/>\n<meta property=\"og:title\" content=\"Cafetera Superautom\u00e0tica De&#039;Longhi\" \/>\n<meta property=\"og:description\" content=\"Cafetera de&#039;Longhi Superautom\u00e1tica 22.360.S\" \/>\n<meta property=\"og:url\" content=\"https:\/\/preprod.cafesnovell.com\/ca\/producto\/cafetera-superautomatica-delonghi-targeta-regal-copia\/\" \/>\n<meta property=\"og:site_name\" content=\"Caf\u00e8s Novell\" \/>\n<meta property=\"article:modified_time\" content=\"2022-12-01T12:40:34+00:00\" \/>\n<meta property=\"og:image\" content=\"https:\/\/preprod.cafesnovell.com\/wp-content\/uploads\/2021\/07\/delonghi-superauto.jpg\" \/>\n\t<meta property=\"og:image:width\" content=\"600\" \/>\n\t<meta property=\"og:image:height\" content=\"600\" \/>\n\t<meta property=\"og:image:type\" content=\"image\/jpeg\" \/>\n<meta name=\"twitter:card\" content=\"summary_large_image\" \/>\n<script type=\"application\/ld+json\" class=\"yoast-schema-graph\">{\"@context\":\"https:\/\/schema.org\",\"@graph\":[{\"@type\":\"WebPage\",\"@id\":\"https:\/\/preprod.cafesnovell.com\/ca\/producto\/cafetera-superautomatica-delonghi-targeta-regal-copia\/\",\"url\":\"https:\/\/preprod.cafesnovell.com\/ca\/producto\/cafetera-superautomatica-delonghi-targeta-regal-copia\/\",\"name\":\"Cafetera Superautom\u00e0tica De'Longhi\",\"isPartOf\":{\"@id\":\"https:\/\/preprod.cafesnovell.com\/ca\/#website\"},\"primaryImageOfPage\":{\"@id\":\"https:\/\/preprod.cafesnovell.com\/ca\/producto\/cafetera-superautomatica-delonghi-targeta-regal-copia\/#primaryimage\"},\"image\":{\"@id\":\"https:\/\/preprod.cafesnovell.com\/ca\/producto\/cafetera-superautomatica-delonghi-targeta-regal-copia\/#primaryimage\"},\"thumbnailUrl\":\"https:\/\/preprod.cafesnovell.com\/wp-content\/uploads\/2021\/07\/delonghi-superauto.jpg\",\"datePublished\":\"2021-07-16T10:20:09+00:00\",\"dateModified\":\"2022-12-01T12:40:34+00:00\",\"description\":\"Cafetera de'Longhi Superautom\u00e1tica 22.360.S\",\"breadcrumb\":{\"@id\":\"https:\/\/preprod.cafesnovell.com\/ca\/producto\/cafetera-superautomatica-delonghi-targeta-regal-copia\/#breadcrumb\"},\"inLanguage\":\"ca\",\"potentialAction\":[{\"@type\":\"ReadAction\",\"target\":[\"https:\/\/preprod.cafesnovell.com\/ca\/producto\/cafetera-superautomatica-delonghi-targeta-regal-copia\/\"]}]},{\"@type\":\"ImageObject\",\"inLanguage\":\"ca\",\"@id\":\"https:\/\/preprod.cafesnovell.com\/ca\/producto\/cafetera-superautomatica-delonghi-targeta-regal-copia\/#primaryimage\",\"url\":\"https:\/\/preprod.cafesnovell.com\/wp-content\/uploads\/2021\/07\/delonghi-superauto.jpg\",\"contentUrl\":\"https:\/\/preprod.cafesnovell.com\/wp-content\/uploads\/2021\/07\/delonghi-superauto.jpg\",\"width\":600,\"height\":600},{\"@type\":\"BreadcrumbList\",\"@id\":\"https:\/\/preprod.cafesnovell.com\/ca\/producto\/cafetera-superautomatica-delonghi-targeta-regal-copia\/#breadcrumb\",\"itemListElement\":[{\"@type\":\"ListItem\",\"position\":1,\"name\":\"Inici\",\"item\":\"https:\/\/preprod.cafesnovell.com\/ca\/\"},{\"@type\":\"ListItem\",\"position\":2,\"name\":\"Botiga\",\"item\":\"https:\/\/preprod.cafesnovell.com\/ca\/botiga\/\"},{\"@type\":\"ListItem\",\"position\":3,\"name\":\"Cafetera Superautom\u00e0tica De&#8217;Longhi\"}]},{\"@type\":\"WebSite\",\"@id\":\"https:\/\/preprod.cafesnovell.com\/ca\/#website\",\"url\":\"https:\/\/preprod.cafesnovell.com\/ca\/\",\"name\":\"Caf\u00e8s Novell\",\"description\":\"Organic Premium Coffee\",\"potentialAction\":[{\"@type\":\"SearchAction\",\"target\":{\"@type\":\"EntryPoint\",\"urlTemplate\":\"https:\/\/preprod.cafesnovell.com\/ca\/?s={search_term_string}\"},\"query-input\":{\"@type\":\"PropertyValueSpecification\",\"valueRequired\":true,\"valueName\":\"search_term_string\"}}],\"inLanguage\":\"ca\"}]}<\/script>\n<!-- \/ Yoast SEO plugin. -->","yoast_head_json":{"title":"Cafetera Superautom\u00e0tica De'Longhi","description":"Cafetera de'Longhi Superautom\u00e1tica 22.360.S","robots":{"index":"noindex","follow":"follow","max-snippet":"max-snippet:-1","max-image-preview":"max-image-preview:large","max-video-preview":"max-video-preview:-1"},"og_locale":"ca_ES","og_type":"article","og_title":"Cafetera Superautom\u00e0tica De'Longhi","og_description":"Cafetera de'Longhi Superautom\u00e1tica 22.360.S","og_url":"https:\/\/preprod.cafesnovell.com\/ca\/producto\/cafetera-superautomatica-delonghi-targeta-regal-copia\/","og_site_name":"Caf\u00e8s Novell","article_modified_time":"2022-12-01T12:40:34+00:00","og_image":[{"width":600,"height":600,"url":"https:\/\/preprod.cafesnovell.com\/wp-content\/uploads\/2021\/07\/delonghi-superauto.jpg","type":"image\/jpeg"}],"twitter_card":"summary_large_image","schema":{"@context":"https:\/\/schema.org","@graph":[{"@type":"WebPage","@id":"https:\/\/preprod.cafesnovell.com\/ca\/producto\/cafetera-superautomatica-delonghi-targeta-regal-copia\/","url":"https:\/\/preprod.cafesnovell.com\/ca\/producto\/cafetera-superautomatica-delonghi-targeta-regal-copia\/","name":"Cafetera Superautom\u00e0tica De'Longhi","isPartOf":{"@id":"https:\/\/preprod.cafesnovell.com\/ca\/#website"},"primaryImageOfPage":{"@id":"https:\/\/preprod.cafesnovell.com\/ca\/producto\/cafetera-superautomatica-delonghi-targeta-regal-copia\/#primaryimage"},"image":{"@id":"https:\/\/preprod.cafesnovell.com\/ca\/producto\/cafetera-superautomatica-delonghi-targeta-regal-copia\/#primaryimage"},"thumbnailUrl":"https:\/\/preprod.cafesnovell.com\/wp-content\/uploads\/2021\/07\/delonghi-superauto.jpg","datePublished":"2021-07-16T10:20:09+00:00","dateModified":"2022-12-01T12:40:34+00:00","description":"Cafetera de'Longhi Superautom\u00e1tica 22.360.S","breadcrumb":{"@id":"https:\/\/preprod.cafesnovell.com\/ca\/producto\/cafetera-superautomatica-delonghi-targeta-regal-copia\/#breadcrumb"},"inLanguage":"ca","potentialAction":[{"@type":"ReadAction","target":["https:\/\/preprod.cafesnovell.com\/ca\/producto\/cafetera-superautomatica-delonghi-targeta-regal-copia\/"]}]},{"@type":"ImageObject","inLanguage":"ca","@id":"https:\/\/preprod.cafesnovell.com\/ca\/producto\/cafetera-superautomatica-delonghi-targeta-regal-copia\/#primaryimage","url":"https:\/\/preprod.cafesnovell.com\/wp-content\/uploads\/2021\/07\/delonghi-superauto.jpg","contentUrl":"https:\/\/preprod.cafesnovell.com\/wp-content\/uploads\/2021\/07\/delonghi-superauto.jpg","width":600,"height":600},{"@type":"BreadcrumbList","@id":"https:\/\/preprod.cafesnovell.com\/ca\/producto\/cafetera-superautomatica-delonghi-targeta-regal-copia\/#breadcrumb","itemListElement":[{"@type":"ListItem","position":1,"name":"Inici","item":"https:\/\/preprod.cafesnovell.com\/ca\/"},{"@type":"ListItem","position":2,"name":"Botiga","item":"https:\/\/preprod.cafesnovell.com\/ca\/botiga\/"},{"@type":"ListItem","position":3,"name":"Cafetera Superautom\u00e0tica De&#8217;Longhi"}]},{"@type":"WebSite","@id":"https:\/\/preprod.cafesnovell.com\/ca\/#website","url":"https:\/\/preprod.cafesnovell.com\/ca\/","name":"Caf\u00e8s Novell","description":"Organic Premium Coffee","potentialAction":[{"@type":"SearchAction","target":{"@type":"EntryPoint","urlTemplate":"https:\/\/preprod.cafesnovell.com\/ca\/?s={search_term_string}"},"query-input":{"@type":"PropertyValueSpecification","valueRequired":true,"valueName":"search_term_string"}}],"inLanguage":"ca"}]}},"df_price":599,"df_sale_price":"","df_regular_price":599,"df_image_link":"https:\/\/preprod.cafesnovell.com\/wp-content\/uploads\/2021\/07\/delonghi-superauto-300x300.jpg","_links":{"self":[{"href":"https:\/\/preprod.cafesnovell.com\/ca\/wp-json\/wp\/v2\/product\/57007","targetHints":{"allow":["GET"]}}],"collection":[{"href":"https:\/\/preprod.cafesnovell.com\/ca\/wp-json\/wp\/v2\/product"}],"about":[{"href":"https:\/\/preprod.cafesnovell.com\/ca\/wp-json\/wp\/v2\/types\/product"}],"wp:featuredmedia":[{"embeddable":true,"href":"https:\/\/preprod.cafesnovell.com\/ca\/wp-json\/wp\/v2\/media\/72934"}],"wp:attachment":[{"href":"https:\/\/preprod.cafesnovell.com\/ca\/wp-json\/wp\/v2\/media?parent=57007"}],"wp:term":[{"taxonomy":"product_brand","embeddable":true,"href":"https:\/\/preprod.cafesnovell.com\/ca\/wp-json\/wp\/v2\/product_brand?post=57007"},{"taxonomy":"product_cat","embeddable":true,"href":"https:\/\/preprod.cafesnovell.com\/ca\/wp-json\/wp\/v2\/product_cat?post=57007"},{"taxonomy":"product_tag","embeddable":true,"href":"https:\/\/preprod.cafesnovell.com\/ca\/wp-json\/wp\/v2\/product_tag?post=57007"}],"curies":[{"name":"wp","href":"https:\/\/api.w.org\/{rel}","templated":true}]}}