{"id":62174,"date":"2021-12-07T13:46:55","date_gmt":"2021-12-07T11:46:56","guid":{"rendered":"https:\/\/cafesnovell.com\/?post_type=product&#038;p=62174"},"modified":"2024-11-15T08:45:22","modified_gmt":"2024-11-15T07:45:22","slug":"prensa-francesa","status":"publish","type":"product","link":"https:\/\/preprod.cafesnovell.com\/ca\/producto\/prensa-francesa\/","title":{"rendered":"Prensa Francesa"},"content":{"rendered":"","protected":false},"excerpt":{"rendered":"<p><span class=\"bold-product\">Propietats Principals:<\/span><br \/>\nExcel.lent complement pels bons baristes. Combina la senzillesa i la practicitat per poder elaborar un bon caf\u00e8 premsat en poqu\u00edssim temps. Durant l&#8217;elaboraci\u00f3 del caf\u00e8, el mateix barista far\u00e0 el premsat, control.lant en tot moment l&#8217;execuci-o del proc\u00e9s. Es f\u00e0cil de traslladar i es pot fer servir a qualsevol lloc, tamb\u00e9 directament sobre la tassa. Perfecte pels amants del bon caf\u00e8.<\/p>\n<p><span class=\"bold-product\">Caracter\u00edstiques:<\/span><br \/>\nFabricada en copoli\u00e9ster, polipropil\u00e9 i elastomer, lliure de BPA.<\/p>\n<p>Inclou 350 filtres, cullera, embut i remenador.<\/p>\n","protected":false},"featured_media":62178,"template":"","meta":{"_acf_changed":false},"product_brand":[],"product_cat":[131,1230,1265],"product_tag":[],"class_list":{"0":"post-62174","1":"product","2":"type-product","3":"status-publish","4":"has-post-thumbnail","6":"product_cat-cafeteres","7":"product_cat-cafeteres-de-filtre","8":"product_cat-idees-per-regalar","10":"first","11":"instock","12":"taxable","13":"shipping-taxable","14":"purchasable","15":"product-type-simple"},"bundled_by":[],"bundle_stock_status":"instock","bundle_stock_quantity":4,"bundle_virtual":false,"bundle_layout":"","bundle_add_to_cart_form_location":"","bundle_editable_in_cart":false,"bundle_sold_individually_context":"","bundle_item_grouping":"","bundle_min_size":"","bundle_max_size":"","bundle_price":[],"bundled_items":[],"bundle_sell_ids":[],"acf":[],"yoast_head":"<!-- This site is optimized with the Yoast SEO plugin v24.4 - https:\/\/yoast.com\/wordpress\/plugins\/seo\/ -->\n<title>Prensa Francesa<\/title>\n<meta name=\"description\" content=\"Aquesta nova premsa de caf\u00e8 aconsegueix una extracci\u00f3 perfecta de la teva beguda preferida: temperatura adequada, immersi\u00f3 total i filtrat r\u00e0pid.\" \/>\n<meta name=\"robots\" content=\"noindex, follow, max-snippet:-1, max-image-preview:large, max-video-preview:-1\" \/>\n<meta property=\"og:locale\" content=\"ca_ES\" \/>\n<meta property=\"og:type\" content=\"article\" \/>\n<meta property=\"og:title\" content=\"Prensa Francesa\" \/>\n<meta property=\"og:description\" content=\"Aquesta nova premsa de caf\u00e8 aconsegueix una extracci\u00f3 perfecta de la teva beguda preferida: temperatura adequada, immersi\u00f3 total i filtrat r\u00e0pid.\" \/>\n<meta property=\"og:url\" content=\"https:\/\/preprod.cafesnovell.com\/ca\/producto\/prensa-francesa\/\" \/>\n<meta property=\"og:site_name\" content=\"Caf\u00e8s Novell\" \/>\n<meta property=\"article:modified_time\" content=\"2024-11-15T07:45:22+00:00\" \/>\n<meta property=\"og:image\" content=\"https:\/\/preprod.cafesnovell.com\/wp-content\/uploads\/2021\/12\/prensa-francesa-bright-300ml-hario.jpg\" \/>\n\t<meta property=\"og:image:width\" content=\"600\" \/>\n\t<meta property=\"og:image:height\" content=\"600\" \/>\n\t<meta property=\"og:image:type\" content=\"image\/jpeg\" \/>\n<meta name=\"twitter:card\" content=\"summary_large_image\" \/>\n<script type=\"application\/ld+json\" class=\"yoast-schema-graph\">{\"@context\":\"https:\/\/schema.org\",\"@graph\":[{\"@type\":\"WebPage\",\"@id\":\"https:\/\/preprod.cafesnovell.com\/ca\/producto\/prensa-francesa\/\",\"url\":\"https:\/\/preprod.cafesnovell.com\/ca\/producto\/prensa-francesa\/\",\"name\":\"Prensa Francesa\",\"isPartOf\":{\"@id\":\"https:\/\/preprod.cafesnovell.com\/ca\/#website\"},\"primaryImageOfPage\":{\"@id\":\"https:\/\/preprod.cafesnovell.com\/ca\/producto\/prensa-francesa\/#primaryimage\"},\"image\":{\"@id\":\"https:\/\/preprod.cafesnovell.com\/ca\/producto\/prensa-francesa\/#primaryimage\"},\"thumbnailUrl\":\"https:\/\/preprod.cafesnovell.com\/wp-content\/uploads\/2021\/12\/prensa-francesa-bright-300ml-hario.jpg\",\"datePublished\":\"2021-12-07T11:46:56+00:00\",\"dateModified\":\"2024-11-15T07:45:22+00:00\",\"description\":\"Aquesta nova premsa de caf\u00e8 aconsegueix una extracci\u00f3 perfecta de la teva beguda preferida: temperatura adequada, immersi\u00f3 total i filtrat r\u00e0pid.\",\"breadcrumb\":{\"@id\":\"https:\/\/preprod.cafesnovell.com\/ca\/producto\/prensa-francesa\/#breadcrumb\"},\"inLanguage\":\"ca\",\"potentialAction\":[{\"@type\":\"ReadAction\",\"target\":[\"https:\/\/preprod.cafesnovell.com\/ca\/producto\/prensa-francesa\/\"]}]},{\"@type\":\"ImageObject\",\"inLanguage\":\"ca\",\"@id\":\"https:\/\/preprod.cafesnovell.com\/ca\/producto\/prensa-francesa\/#primaryimage\",\"url\":\"https:\/\/preprod.cafesnovell.com\/wp-content\/uploads\/2021\/12\/prensa-francesa-bright-300ml-hario.jpg\",\"contentUrl\":\"https:\/\/preprod.cafesnovell.com\/wp-content\/uploads\/2021\/12\/prensa-francesa-bright-300ml-hario.jpg\",\"width\":600,\"height\":600},{\"@type\":\"BreadcrumbList\",\"@id\":\"https:\/\/preprod.cafesnovell.com\/ca\/producto\/prensa-francesa\/#breadcrumb\",\"itemListElement\":[{\"@type\":\"ListItem\",\"position\":1,\"name\":\"Inici\",\"item\":\"https:\/\/preprod.cafesnovell.com\/ca\/\"},{\"@type\":\"ListItem\",\"position\":2,\"name\":\"Botiga\",\"item\":\"https:\/\/preprod.cafesnovell.com\/ca\/botiga\/\"},{\"@type\":\"ListItem\",\"position\":3,\"name\":\"Prensa Francesa\"}]},{\"@type\":\"WebSite\",\"@id\":\"https:\/\/preprod.cafesnovell.com\/ca\/#website\",\"url\":\"https:\/\/preprod.cafesnovell.com\/ca\/\",\"name\":\"Caf\u00e8s Novell\",\"description\":\"Organic Premium Coffee\",\"potentialAction\":[{\"@type\":\"SearchAction\",\"target\":{\"@type\":\"EntryPoint\",\"urlTemplate\":\"https:\/\/preprod.cafesnovell.com\/ca\/?s={search_term_string}\"},\"query-input\":{\"@type\":\"PropertyValueSpecification\",\"valueRequired\":true,\"valueName\":\"search_term_string\"}}],\"inLanguage\":\"ca\"}]}<\/script>\n<!-- \/ Yoast SEO plugin. -->","yoast_head_json":{"title":"Prensa Francesa","description":"Aquesta nova premsa de caf\u00e8 aconsegueix una extracci\u00f3 perfecta de la teva beguda preferida: temperatura adequada, immersi\u00f3 total i filtrat r\u00e0pid.","robots":{"index":"noindex","follow":"follow","max-snippet":"max-snippet:-1","max-image-preview":"max-image-preview:large","max-video-preview":"max-video-preview:-1"},"og_locale":"ca_ES","og_type":"article","og_title":"Prensa Francesa","og_description":"Aquesta nova premsa de caf\u00e8 aconsegueix una extracci\u00f3 perfecta de la teva beguda preferida: temperatura adequada, immersi\u00f3 total i filtrat r\u00e0pid.","og_url":"https:\/\/preprod.cafesnovell.com\/ca\/producto\/prensa-francesa\/","og_site_name":"Caf\u00e8s Novell","article_modified_time":"2024-11-15T07:45:22+00:00","og_image":[{"width":600,"height":600,"url":"https:\/\/preprod.cafesnovell.com\/wp-content\/uploads\/2021\/12\/prensa-francesa-bright-300ml-hario.jpg","type":"image\/jpeg"}],"twitter_card":"summary_large_image","schema":{"@context":"https:\/\/schema.org","@graph":[{"@type":"WebPage","@id":"https:\/\/preprod.cafesnovell.com\/ca\/producto\/prensa-francesa\/","url":"https:\/\/preprod.cafesnovell.com\/ca\/producto\/prensa-francesa\/","name":"Prensa Francesa","isPartOf":{"@id":"https:\/\/preprod.cafesnovell.com\/ca\/#website"},"primaryImageOfPage":{"@id":"https:\/\/preprod.cafesnovell.com\/ca\/producto\/prensa-francesa\/#primaryimage"},"image":{"@id":"https:\/\/preprod.cafesnovell.com\/ca\/producto\/prensa-francesa\/#primaryimage"},"thumbnailUrl":"https:\/\/preprod.cafesnovell.com\/wp-content\/uploads\/2021\/12\/prensa-francesa-bright-300ml-hario.jpg","datePublished":"2021-12-07T11:46:56+00:00","dateModified":"2024-11-15T07:45:22+00:00","description":"Aquesta nova premsa de caf\u00e8 aconsegueix una extracci\u00f3 perfecta de la teva beguda preferida: temperatura adequada, immersi\u00f3 total i filtrat r\u00e0pid.","breadcrumb":{"@id":"https:\/\/preprod.cafesnovell.com\/ca\/producto\/prensa-francesa\/#breadcrumb"},"inLanguage":"ca","potentialAction":[{"@type":"ReadAction","target":["https:\/\/preprod.cafesnovell.com\/ca\/producto\/prensa-francesa\/"]}]},{"@type":"ImageObject","inLanguage":"ca","@id":"https:\/\/preprod.cafesnovell.com\/ca\/producto\/prensa-francesa\/#primaryimage","url":"https:\/\/preprod.cafesnovell.com\/wp-content\/uploads\/2021\/12\/prensa-francesa-bright-300ml-hario.jpg","contentUrl":"https:\/\/preprod.cafesnovell.com\/wp-content\/uploads\/2021\/12\/prensa-francesa-bright-300ml-hario.jpg","width":600,"height":600},{"@type":"BreadcrumbList","@id":"https:\/\/preprod.cafesnovell.com\/ca\/producto\/prensa-francesa\/#breadcrumb","itemListElement":[{"@type":"ListItem","position":1,"name":"Inici","item":"https:\/\/preprod.cafesnovell.com\/ca\/"},{"@type":"ListItem","position":2,"name":"Botiga","item":"https:\/\/preprod.cafesnovell.com\/ca\/botiga\/"},{"@type":"ListItem","position":3,"name":"Prensa Francesa"}]},{"@type":"WebSite","@id":"https:\/\/preprod.cafesnovell.com\/ca\/#website","url":"https:\/\/preprod.cafesnovell.com\/ca\/","name":"Caf\u00e8s Novell","description":"Organic Premium Coffee","potentialAction":[{"@type":"SearchAction","target":{"@type":"EntryPoint","urlTemplate":"https:\/\/preprod.cafesnovell.com\/ca\/?s={search_term_string}"},"query-input":{"@type":"PropertyValueSpecification","valueRequired":true,"valueName":"search_term_string"}}],"inLanguage":"ca"}]}},"df_price":29.9,"df_sale_price":"","df_regular_price":29.9,"df_image_link":"https:\/\/preprod.cafesnovell.com\/wp-content\/uploads\/2021\/12\/prensa-francesa-bright-300ml-hario-300x300.jpg","_links":{"self":[{"href":"https:\/\/preprod.cafesnovell.com\/ca\/wp-json\/wp\/v2\/product\/62174","targetHints":{"allow":["GET"]}}],"collection":[{"href":"https:\/\/preprod.cafesnovell.com\/ca\/wp-json\/wp\/v2\/product"}],"about":[{"href":"https:\/\/preprod.cafesnovell.com\/ca\/wp-json\/wp\/v2\/types\/product"}],"wp:featuredmedia":[{"embeddable":true,"href":"https:\/\/preprod.cafesnovell.com\/ca\/wp-json\/wp\/v2\/media\/62178"}],"wp:attachment":[{"href":"https:\/\/preprod.cafesnovell.com\/ca\/wp-json\/wp\/v2\/media?parent=62174"}],"wp:term":[{"taxonomy":"product_brand","embeddable":true,"href":"https:\/\/preprod.cafesnovell.com\/ca\/wp-json\/wp\/v2\/product_brand?post=62174"},{"taxonomy":"product_cat","embeddable":true,"href":"https:\/\/preprod.cafesnovell.com\/ca\/wp-json\/wp\/v2\/product_cat?post=62174"},{"taxonomy":"product_tag","embeddable":true,"href":"https:\/\/preprod.cafesnovell.com\/ca\/wp-json\/wp\/v2\/product_tag?post=62174"}],"curies":[{"name":"wp","href":"https:\/\/api.w.org\/{rel}","templated":true}]}}