{"id":72787,"date":"2022-12-01T18:25:52","date_gmt":"2022-12-01T16:28:32","guid":{"rendered":"https:\/\/cafesnovell.com\/?post_type=product&#038;p=72787"},"modified":"2024-12-03T00:01:40","modified_gmt":"2024-12-02T23:01:40","slug":"molinet-de-cafe-smeg","status":"publish","type":"product","link":"https:\/\/preprod.cafesnovell.com\/ca\/producto\/molinet-de-cafe-smeg\/","title":{"rendered":"Molinet de caf\u00e8 Smeg"},"content":{"rendered":"","protected":false},"excerpt":{"rendered":"<p>El molinet CGF01CREU de la marca Smeg et permet obtenir el m\u00f2lt perfecte per a tots els gustos conservant les delicioses aromes del caf\u00e8 sense alterar el sabor.<\/p>\n<p>Compta amb fins a 9 programes i ajustaments perqu\u00e8 et puguis prendre el caf\u00e8 com m\u00e9s t&#8217;agradi. Segons la funci\u00f3 seleccionada i l&#8217;\u00fas desitjat, el caf\u00e8 es pot molar al recipient especial Tritan\u2122 o directament al portafiltre de la teva m\u00e0quina de caf\u00e8 espresso.<\/p>\n","protected":false},"featured_media":72847,"template":"","meta":{"_acf_changed":false},"product_brand":[],"product_cat":[2553,131,125,1229],"product_tag":[],"class_list":{"0":"post-72787","1":"product","2":"type-product","3":"status-publish","4":"has-post-thumbnail","6":"product_cat-descomptes-en-cafeteres-i-complements","7":"product_cat-cafeteres","8":"product_cat-complements","9":"product_cat-accessoris-cafeteres","10":"pa_color-negre","12":"first","13":"instock","14":"taxable","15":"shipping-taxable","16":"purchasable","17":"product-type-variable"},"bundled_by":[],"bundle_stock_status":"instock","bundle_stock_quantity":null,"bundle_virtual":false,"bundle_layout":"","bundle_add_to_cart_form_location":"","bundle_editable_in_cart":false,"bundle_sold_individually_context":"","bundle_item_grouping":"","bundle_min_size":"","bundle_max_size":"","bundle_price":[],"bundled_items":[],"bundle_sell_ids":[],"acf":[],"yoast_head":"<!-- This site is optimized with the Yoast SEO plugin v24.4 - https:\/\/yoast.com\/wordpress\/plugins\/seo\/ -->\n<title>Molinet de caf\u00e8 Smeg - Caf\u00e8s Novell<\/title>\n<meta name=\"robots\" content=\"noindex, follow, max-snippet:-1, max-image-preview:large, max-video-preview:-1\" \/>\n<meta property=\"og:locale\" content=\"ca_ES\" \/>\n<meta property=\"og:type\" content=\"article\" \/>\n<meta property=\"og:title\" content=\"Molinet de caf\u00e8 Smeg - Caf\u00e8s Novell\" \/>\n<meta property=\"og:description\" content=\"El molinet CGF01CREU de la marca Smeg et permet obtenir el m\u00f2lt perfecte per a tots els gustos conservant les delicioses aromes del caf\u00e8 sense alterar el sabor.  Compta amb fins a 9 programes i ajustaments perqu\u00e8 et puguis prendre el caf\u00e8 com m\u00e9s t&#039;agradi. Segons la funci\u00f3 seleccionada i l&#039;\u00fas desitjat, el caf\u00e8 es pot molar al recipient especial Tritan\u2122 o directament al portafiltre de la teva m\u00e0quina de caf\u00e8 espresso.\" \/>\n<meta property=\"og:url\" content=\"https:\/\/preprod.cafesnovell.com\/ca\/producto\/molinet-de-cafe-smeg\/\" \/>\n<meta property=\"og:site_name\" content=\"Caf\u00e8s Novell\" \/>\n<meta property=\"article:modified_time\" content=\"2024-12-02T23:01:40+00:00\" \/>\n<meta property=\"og:image\" content=\"https:\/\/preprod.cafesnovell.com\/wp-content\/uploads\/2022\/12\/cgf01creu-1.jpg\" \/>\n\t<meta property=\"og:image:width\" content=\"600\" \/>\n\t<meta property=\"og:image:height\" content=\"600\" \/>\n\t<meta property=\"og:image:type\" content=\"image\/jpeg\" \/>\n<meta name=\"twitter:card\" content=\"summary_large_image\" \/>\n<script type=\"application\/ld+json\" class=\"yoast-schema-graph\">{\"@context\":\"https:\/\/schema.org\",\"@graph\":[{\"@type\":\"WebPage\",\"@id\":\"https:\/\/preprod.cafesnovell.com\/ca\/producto\/molinet-de-cafe-smeg\/\",\"url\":\"https:\/\/preprod.cafesnovell.com\/ca\/producto\/molinet-de-cafe-smeg\/\",\"name\":\"Molinet de caf\u00e8 Smeg - Caf\u00e8s Novell\",\"isPartOf\":{\"@id\":\"https:\/\/preprod.cafesnovell.com\/ca\/#website\"},\"primaryImageOfPage\":{\"@id\":\"https:\/\/preprod.cafesnovell.com\/ca\/producto\/molinet-de-cafe-smeg\/#primaryimage\"},\"image\":{\"@id\":\"https:\/\/preprod.cafesnovell.com\/ca\/producto\/molinet-de-cafe-smeg\/#primaryimage\"},\"thumbnailUrl\":\"https:\/\/preprod.cafesnovell.com\/wp-content\/uploads\/2022\/12\/cgf01creu-1.jpg\",\"datePublished\":\"2022-12-01T16:28:32+00:00\",\"dateModified\":\"2024-12-02T23:01:40+00:00\",\"breadcrumb\":{\"@id\":\"https:\/\/preprod.cafesnovell.com\/ca\/producto\/molinet-de-cafe-smeg\/#breadcrumb\"},\"inLanguage\":\"ca\",\"potentialAction\":[{\"@type\":\"ReadAction\",\"target\":[\"https:\/\/preprod.cafesnovell.com\/ca\/producto\/molinet-de-cafe-smeg\/\"]}]},{\"@type\":\"ImageObject\",\"inLanguage\":\"ca\",\"@id\":\"https:\/\/preprod.cafesnovell.com\/ca\/producto\/molinet-de-cafe-smeg\/#primaryimage\",\"url\":\"https:\/\/preprod.cafesnovell.com\/wp-content\/uploads\/2022\/12\/cgf01creu-1.jpg\",\"contentUrl\":\"https:\/\/preprod.cafesnovell.com\/wp-content\/uploads\/2022\/12\/cgf01creu-1.jpg\",\"width\":600,\"height\":600},{\"@type\":\"BreadcrumbList\",\"@id\":\"https:\/\/preprod.cafesnovell.com\/ca\/producto\/molinet-de-cafe-smeg\/#breadcrumb\",\"itemListElement\":[{\"@type\":\"ListItem\",\"position\":1,\"name\":\"Inici\",\"item\":\"https:\/\/preprod.cafesnovell.com\/ca\/\"},{\"@type\":\"ListItem\",\"position\":2,\"name\":\"Botiga\",\"item\":\"https:\/\/preprod.cafesnovell.com\/ca\/botiga\/\"},{\"@type\":\"ListItem\",\"position\":3,\"name\":\"Molinet de caf\u00e8 Smeg\"}]},{\"@type\":\"WebSite\",\"@id\":\"https:\/\/preprod.cafesnovell.com\/ca\/#website\",\"url\":\"https:\/\/preprod.cafesnovell.com\/ca\/\",\"name\":\"Caf\u00e8s Novell\",\"description\":\"Organic Premium Coffee\",\"potentialAction\":[{\"@type\":\"SearchAction\",\"target\":{\"@type\":\"EntryPoint\",\"urlTemplate\":\"https:\/\/preprod.cafesnovell.com\/ca\/?s={search_term_string}\"},\"query-input\":{\"@type\":\"PropertyValueSpecification\",\"valueRequired\":true,\"valueName\":\"search_term_string\"}}],\"inLanguage\":\"ca\"}]}<\/script>\n<!-- \/ Yoast SEO plugin. -->","yoast_head_json":{"title":"Molinet de caf\u00e8 Smeg - Caf\u00e8s Novell","robots":{"index":"noindex","follow":"follow","max-snippet":"max-snippet:-1","max-image-preview":"max-image-preview:large","max-video-preview":"max-video-preview:-1"},"og_locale":"ca_ES","og_type":"article","og_title":"Molinet de caf\u00e8 Smeg - Caf\u00e8s Novell","og_description":"El molinet CGF01CREU de la marca Smeg et permet obtenir el m\u00f2lt perfecte per a tots els gustos conservant les delicioses aromes del caf\u00e8 sense alterar el sabor.  Compta amb fins a 9 programes i ajustaments perqu\u00e8 et puguis prendre el caf\u00e8 com m\u00e9s t'agradi. Segons la funci\u00f3 seleccionada i l'\u00fas desitjat, el caf\u00e8 es pot molar al recipient especial Tritan\u2122 o directament al portafiltre de la teva m\u00e0quina de caf\u00e8 espresso.","og_url":"https:\/\/preprod.cafesnovell.com\/ca\/producto\/molinet-de-cafe-smeg\/","og_site_name":"Caf\u00e8s Novell","article_modified_time":"2024-12-02T23:01:40+00:00","og_image":[{"width":600,"height":600,"url":"https:\/\/preprod.cafesnovell.com\/wp-content\/uploads\/2022\/12\/cgf01creu-1.jpg","type":"image\/jpeg"}],"twitter_card":"summary_large_image","schema":{"@context":"https:\/\/schema.org","@graph":[{"@type":"WebPage","@id":"https:\/\/preprod.cafesnovell.com\/ca\/producto\/molinet-de-cafe-smeg\/","url":"https:\/\/preprod.cafesnovell.com\/ca\/producto\/molinet-de-cafe-smeg\/","name":"Molinet de caf\u00e8 Smeg - Caf\u00e8s Novell","isPartOf":{"@id":"https:\/\/preprod.cafesnovell.com\/ca\/#website"},"primaryImageOfPage":{"@id":"https:\/\/preprod.cafesnovell.com\/ca\/producto\/molinet-de-cafe-smeg\/#primaryimage"},"image":{"@id":"https:\/\/preprod.cafesnovell.com\/ca\/producto\/molinet-de-cafe-smeg\/#primaryimage"},"thumbnailUrl":"https:\/\/preprod.cafesnovell.com\/wp-content\/uploads\/2022\/12\/cgf01creu-1.jpg","datePublished":"2022-12-01T16:28:32+00:00","dateModified":"2024-12-02T23:01:40+00:00","breadcrumb":{"@id":"https:\/\/preprod.cafesnovell.com\/ca\/producto\/molinet-de-cafe-smeg\/#breadcrumb"},"inLanguage":"ca","potentialAction":[{"@type":"ReadAction","target":["https:\/\/preprod.cafesnovell.com\/ca\/producto\/molinet-de-cafe-smeg\/"]}]},{"@type":"ImageObject","inLanguage":"ca","@id":"https:\/\/preprod.cafesnovell.com\/ca\/producto\/molinet-de-cafe-smeg\/#primaryimage","url":"https:\/\/preprod.cafesnovell.com\/wp-content\/uploads\/2022\/12\/cgf01creu-1.jpg","contentUrl":"https:\/\/preprod.cafesnovell.com\/wp-content\/uploads\/2022\/12\/cgf01creu-1.jpg","width":600,"height":600},{"@type":"BreadcrumbList","@id":"https:\/\/preprod.cafesnovell.com\/ca\/producto\/molinet-de-cafe-smeg\/#breadcrumb","itemListElement":[{"@type":"ListItem","position":1,"name":"Inici","item":"https:\/\/preprod.cafesnovell.com\/ca\/"},{"@type":"ListItem","position":2,"name":"Botiga","item":"https:\/\/preprod.cafesnovell.com\/ca\/botiga\/"},{"@type":"ListItem","position":3,"name":"Molinet de caf\u00e8 Smeg"}]},{"@type":"WebSite","@id":"https:\/\/preprod.cafesnovell.com\/ca\/#website","url":"https:\/\/preprod.cafesnovell.com\/ca\/","name":"Caf\u00e8s Novell","description":"Organic Premium Coffee","potentialAction":[{"@type":"SearchAction","target":{"@type":"EntryPoint","urlTemplate":"https:\/\/preprod.cafesnovell.com\/ca\/?s={search_term_string}"},"query-input":{"@type":"PropertyValueSpecification","valueRequired":true,"valueName":"search_term_string"}}],"inLanguage":"ca"}]}},"df_price":269,"df_sale_price":"","df_regular_price":269,"df_image_link":"https:\/\/preprod.cafesnovell.com\/wp-content\/uploads\/2022\/12\/cgf01creu-1-300x300.jpg","_links":{"self":[{"href":"https:\/\/preprod.cafesnovell.com\/ca\/wp-json\/wp\/v2\/product\/72787","targetHints":{"allow":["GET"]}}],"collection":[{"href":"https:\/\/preprod.cafesnovell.com\/ca\/wp-json\/wp\/v2\/product"}],"about":[{"href":"https:\/\/preprod.cafesnovell.com\/ca\/wp-json\/wp\/v2\/types\/product"}],"wp:featuredmedia":[{"embeddable":true,"href":"https:\/\/preprod.cafesnovell.com\/ca\/wp-json\/wp\/v2\/media\/72847"}],"wp:attachment":[{"href":"https:\/\/preprod.cafesnovell.com\/ca\/wp-json\/wp\/v2\/media?parent=72787"}],"wp:term":[{"taxonomy":"product_brand","embeddable":true,"href":"https:\/\/preprod.cafesnovell.com\/ca\/wp-json\/wp\/v2\/product_brand?post=72787"},{"taxonomy":"product_cat","embeddable":true,"href":"https:\/\/preprod.cafesnovell.com\/ca\/wp-json\/wp\/v2\/product_cat?post=72787"},{"taxonomy":"product_tag","embeddable":true,"href":"https:\/\/preprod.cafesnovell.com\/ca\/wp-json\/wp\/v2\/product_tag?post=72787"}],"curies":[{"name":"wp","href":"https:\/\/api.w.org\/{rel}","templated":true}]}}