{"id":73174,"date":"2022-12-01T19:50:23","date_gmt":"2022-12-02T11:25:57","guid":{"rendered":"https:\/\/cafesnovell.com\/?post_type=product&#038;p=73174"},"modified":"2023-01-13T09:21:14","modified_gmt":"2023-01-13T08:21:14","slug":"pack-cafetera-smeg-auto-cafe","status":"publish","type":"product","link":"https:\/\/preprod.cafesnovell.com\/ca\/producto\/pack-cafetera-smeg-auto-cafe\/","title":{"rendered":"Cafetera Smeg Superautom\u00e0tica + Degustaci\u00f3 de Caf\u00e8s"},"content":{"rendered":"","protected":false},"excerpt":{"rendered":"","protected":false},"featured_media":72904,"template":"","meta":{"_acf_changed":false},"product_brand":[],"product_cat":[2538,131,1265,2506],"product_tag":[],"class_list":{"0":"post-73174","1":"product","2":"type-product","3":"status-publish","4":"has-post-thumbnail","6":"product_cat-cafeteres-i-complements-en-promocio","7":"product_cat-cafeteres","8":"product_cat-idees-per-regalar","9":"product_cat-packs-regalo-cafeteras","11":"first","12":"outofstock","13":"sale","14":"virtual","15":"taxable","16":"product-type-bundle"},"bundled_by":[],"bundle_stock_status":"outofstock","bundle_stock_quantity":0,"bundle_virtual":false,"bundle_layout":"default","bundle_add_to_cart_form_location":"default","bundle_editable_in_cart":false,"bundle_sold_individually_context":"product","bundle_item_grouping":"parent","bundle_min_size":"","bundle_max_size":"","bundle_price":{"price":{"min":{"incl_tax":"719","excl_tax":"719"},"max":{"incl_tax":"719","excl_tax":"719"}},"regular_price":{"min":{"incl_tax":"794","excl_tax":"794"},"max":{"incl_tax":"794","excl_tax":"794"}}},"bundled_items":[{"bundled_item_id":296,"product_id":84141,"menu_order":0,"quantity_min":1,"quantity_max":1,"quantity_default":1,"priced_individually":false,"shipped_individually":false,"override_title":false,"title":"Cafetera Superautom\u00e1tica Smeg Taupe","override_description":true,"description":"","optional":false,"hide_thumbnail":false,"discount":"","override_variations":false,"allowed_variations":[""],"override_default_variation_attributes":false,"default_variation_attributes":[],"single_product_visibility":"hidden","cart_visibility":"visible","order_visibility":"visible","single_product_price_visibility":"visible","cart_price_visibility":"visible","order_price_visibility":"visible","stock_status":"in_stock"},{"bundled_item_id":297,"product_id":38292,"menu_order":1,"quantity_min":1,"quantity_max":1,"quantity_default":1,"priced_individually":false,"shipped_individually":false,"override_title":false,"title":"Pack Degustaci\u00f3 Caf\u00e8 En Gra Residu 0","override_description":false,"description":"Pack Degustaci\u00f3 Caf\u00e8 En Gra Residu 0","optional":false,"hide_thumbnail":false,"discount":"","override_variations":false,"allowed_variations":[""],"override_default_variation_attributes":false,"default_variation_attributes":[],"single_product_visibility":"hidden","cart_visibility":"visible","order_visibility":"visible","single_product_price_visibility":"visible","cart_price_visibility":"visible","order_price_visibility":"visible","stock_status":"in_stock"},{"bundled_item_id":298,"product_id":38292,"menu_order":1,"quantity_min":1,"quantity_max":1,"quantity_default":1,"priced_individually":false,"shipped_individually":false,"override_title":false,"title":"Pack Degustaci\u00f3 Caf\u00e8 En Gra Residu 0","override_description":false,"description":"Pack Degustaci\u00f3 Caf\u00e8 En Gra Residu 0","optional":false,"hide_thumbnail":false,"discount":"","override_variations":false,"allowed_variations":[""],"override_default_variation_attributes":false,"default_variation_attributes":[],"single_product_visibility":"hidden","cart_visibility":"visible","order_visibility":"visible","single_product_price_visibility":"visible","cart_price_visibility":"visible","order_price_visibility":"visible","stock_status":"in_stock"},{"bundled_item_id":312,"product_id":82955,"menu_order":3,"quantity_min":1,"quantity_max":1,"quantity_default":1,"priced_individually":false,"shipped_individually":false,"override_title":false,"title":"Caf\u00e8 en Gra &#8211; Brasil (250g)","override_description":false,"description":"Caf\u00e8 en Gra &#8211; Brasil (250g)","optional":false,"hide_thumbnail":false,"discount":"","override_variations":false,"allowed_variations":[""],"override_default_variation_attributes":false,"default_variation_attributes":[],"single_product_visibility":"hidden","cart_visibility":"visible","order_visibility":"visible","single_product_price_visibility":"visible","cart_price_visibility":"visible","order_price_visibility":"visible","stock_status":"in_stock"},{"bundled_item_id":313,"product_id":82727,"menu_order":4,"quantity_min":1,"quantity_max":1,"quantity_default":1,"priced_individually":false,"shipped_individually":false,"override_title":false,"title":"Caf\u00e8 en Gra &#8211; Papua New Guinea (250g)","override_description":false,"description":"Caf\u00e8 en Gra &#8211; Papua New Guinea (250g)","optional":false,"hide_thumbnail":false,"discount":"","override_variations":false,"allowed_variations":[""],"override_default_variation_attributes":false,"default_variation_attributes":[],"single_product_visibility":"hidden","cart_visibility":"visible","order_visibility":"visible","single_product_price_visibility":"visible","cart_price_visibility":"visible","order_price_visibility":"visible","stock_status":"in_stock"},{"bundled_item_id":81,"product_id":38403,"menu_order":8,"quantity_min":2,"quantity_max":2,"quantity_default":2,"priced_individually":false,"shipped_individually":false,"override_title":false,"title":"Tassa i Plat caf\u00e8 colors Novell","override_description":false,"description":null,"optional":false,"hide_thumbnail":false,"discount":"","override_variations":false,"allowed_variations":[""],"override_default_variation_attributes":false,"default_variation_attributes":[],"single_product_visibility":"hidden","cart_visibility":"visible","order_visibility":"visible","single_product_price_visibility":"visible","cart_price_visibility":"visible","order_price_visibility":"visible","stock_status":"in_stock"},{"bundled_item_id":82,"product_id":38413,"menu_order":9,"quantity_min":2,"quantity_max":2,"quantity_default":2,"priced_individually":false,"shipped_individually":false,"override_title":false,"title":"Tassa i Plat caf\u00e8 amb llet colors Novell","override_description":false,"description":null,"optional":false,"hide_thumbnail":false,"discount":"","override_variations":false,"allowed_variations":[""],"override_default_variation_attributes":false,"default_variation_attributes":[],"single_product_visibility":"hidden","cart_visibility":"visible","order_visibility":"visible","single_product_price_visibility":"visible","cart_price_visibility":"visible","order_price_visibility":"visible","stock_status":"in_stock"}],"bundle_sell_ids":[],"acf":[],"yoast_head":"<!-- This site is optimized with the Yoast SEO plugin v24.4 - https:\/\/yoast.com\/wordpress\/plugins\/seo\/ -->\n<title>Cafetera Smeg Superautom\u00e0tica + Degustaci\u00f3 de Caf\u00e8s - Caf\u00e8s Novell<\/title>\n<meta name=\"robots\" content=\"noindex, follow, max-snippet:-1, max-image-preview:large, max-video-preview:-1\" \/>\n<meta property=\"og:locale\" content=\"ca_ES\" \/>\n<meta property=\"og:type\" content=\"article\" \/>\n<meta property=\"og:title\" content=\"Cafetera Smeg Superautom\u00e0tica + Degustaci\u00f3 de Caf\u00e8s - Caf\u00e8s Novell\" \/>\n<meta property=\"og:url\" content=\"https:\/\/preprod.cafesnovell.com\/ca\/producto\/pack-cafetera-smeg-auto-cafe\/\" \/>\n<meta property=\"og:site_name\" content=\"Caf\u00e8s Novell\" \/>\n<meta property=\"article:modified_time\" content=\"2023-01-13T08:21:14+00:00\" \/>\n<meta property=\"og:image\" content=\"https:\/\/preprod.cafesnovell.com\/wp-content\/uploads\/2022\/12\/pack-smeg-superautomatica-1.jpg\" \/>\n\t<meta property=\"og:image:width\" content=\"2500\" \/>\n\t<meta property=\"og:image:height\" content=\"2500\" \/>\n\t<meta property=\"og:image:type\" content=\"image\/jpeg\" \/>\n<meta name=\"twitter:card\" content=\"summary_large_image\" \/>\n<script type=\"application\/ld+json\" class=\"yoast-schema-graph\">{\"@context\":\"https:\/\/schema.org\",\"@graph\":[{\"@type\":\"WebPage\",\"@id\":\"https:\/\/preprod.cafesnovell.com\/ca\/producto\/pack-cafetera-smeg-auto-cafe\/\",\"url\":\"https:\/\/preprod.cafesnovell.com\/ca\/producto\/pack-cafetera-smeg-auto-cafe\/\",\"name\":\"Cafetera Smeg Superautom\u00e0tica + Degustaci\u00f3 de Caf\u00e8s - Caf\u00e8s Novell\",\"isPartOf\":{\"@id\":\"https:\/\/preprod.cafesnovell.com\/ca\/#website\"},\"primaryImageOfPage\":{\"@id\":\"https:\/\/preprod.cafesnovell.com\/ca\/producto\/pack-cafetera-smeg-auto-cafe\/#primaryimage\"},\"image\":{\"@id\":\"https:\/\/preprod.cafesnovell.com\/ca\/producto\/pack-cafetera-smeg-auto-cafe\/#primaryimage\"},\"thumbnailUrl\":\"https:\/\/preprod.cafesnovell.com\/wp-content\/uploads\/2022\/12\/cafetera-auto-smeg-crema-6.jpg\",\"datePublished\":\"2022-12-02T11:25:57+00:00\",\"dateModified\":\"2023-01-13T08:21:14+00:00\",\"breadcrumb\":{\"@id\":\"https:\/\/preprod.cafesnovell.com\/ca\/producto\/pack-cafetera-smeg-auto-cafe\/#breadcrumb\"},\"inLanguage\":\"ca\",\"potentialAction\":[{\"@type\":\"ReadAction\",\"target\":[\"https:\/\/preprod.cafesnovell.com\/ca\/producto\/pack-cafetera-smeg-auto-cafe\/\"]}]},{\"@type\":\"ImageObject\",\"inLanguage\":\"ca\",\"@id\":\"https:\/\/preprod.cafesnovell.com\/ca\/producto\/pack-cafetera-smeg-auto-cafe\/#primaryimage\",\"url\":\"https:\/\/preprod.cafesnovell.com\/wp-content\/uploads\/2022\/12\/cafetera-auto-smeg-crema-6.jpg\",\"contentUrl\":\"https:\/\/preprod.cafesnovell.com\/wp-content\/uploads\/2022\/12\/cafetera-auto-smeg-crema-6.jpg\",\"width\":600,\"height\":600},{\"@type\":\"BreadcrumbList\",\"@id\":\"https:\/\/preprod.cafesnovell.com\/ca\/producto\/pack-cafetera-smeg-auto-cafe\/#breadcrumb\",\"itemListElement\":[{\"@type\":\"ListItem\",\"position\":1,\"name\":\"Inici\",\"item\":\"https:\/\/preprod.cafesnovell.com\/ca\/\"},{\"@type\":\"ListItem\",\"position\":2,\"name\":\"Botiga\",\"item\":\"https:\/\/preprod.cafesnovell.com\/ca\/botiga\/\"},{\"@type\":\"ListItem\",\"position\":3,\"name\":\"Cafetera Smeg Superautom\u00e0tica + Degustaci\u00f3 de Caf\u00e8s\"}]},{\"@type\":\"WebSite\",\"@id\":\"https:\/\/preprod.cafesnovell.com\/ca\/#website\",\"url\":\"https:\/\/preprod.cafesnovell.com\/ca\/\",\"name\":\"Caf\u00e8s Novell\",\"description\":\"Organic Premium Coffee\",\"potentialAction\":[{\"@type\":\"SearchAction\",\"target\":{\"@type\":\"EntryPoint\",\"urlTemplate\":\"https:\/\/preprod.cafesnovell.com\/ca\/?s={search_term_string}\"},\"query-input\":{\"@type\":\"PropertyValueSpecification\",\"valueRequired\":true,\"valueName\":\"search_term_string\"}}],\"inLanguage\":\"ca\"}]}<\/script>\n<!-- \/ Yoast SEO plugin. -->","yoast_head_json":{"title":"Cafetera Smeg Superautom\u00e0tica + Degustaci\u00f3 de Caf\u00e8s - Caf\u00e8s Novell","robots":{"index":"noindex","follow":"follow","max-snippet":"max-snippet:-1","max-image-preview":"max-image-preview:large","max-video-preview":"max-video-preview:-1"},"og_locale":"ca_ES","og_type":"article","og_title":"Cafetera Smeg Superautom\u00e0tica + Degustaci\u00f3 de Caf\u00e8s - Caf\u00e8s Novell","og_url":"https:\/\/preprod.cafesnovell.com\/ca\/producto\/pack-cafetera-smeg-auto-cafe\/","og_site_name":"Caf\u00e8s Novell","article_modified_time":"2023-01-13T08:21:14+00:00","og_image":[{"width":2500,"height":2500,"url":"https:\/\/preprod.cafesnovell.com\/wp-content\/uploads\/2022\/12\/pack-smeg-superautomatica-1.jpg","type":"image\/jpeg"}],"twitter_card":"summary_large_image","schema":{"@context":"https:\/\/schema.org","@graph":[{"@type":"WebPage","@id":"https:\/\/preprod.cafesnovell.com\/ca\/producto\/pack-cafetera-smeg-auto-cafe\/","url":"https:\/\/preprod.cafesnovell.com\/ca\/producto\/pack-cafetera-smeg-auto-cafe\/","name":"Cafetera Smeg Superautom\u00e0tica + Degustaci\u00f3 de Caf\u00e8s - Caf\u00e8s Novell","isPartOf":{"@id":"https:\/\/preprod.cafesnovell.com\/ca\/#website"},"primaryImageOfPage":{"@id":"https:\/\/preprod.cafesnovell.com\/ca\/producto\/pack-cafetera-smeg-auto-cafe\/#primaryimage"},"image":{"@id":"https:\/\/preprod.cafesnovell.com\/ca\/producto\/pack-cafetera-smeg-auto-cafe\/#primaryimage"},"thumbnailUrl":"https:\/\/preprod.cafesnovell.com\/wp-content\/uploads\/2022\/12\/cafetera-auto-smeg-crema-6.jpg","datePublished":"2022-12-02T11:25:57+00:00","dateModified":"2023-01-13T08:21:14+00:00","breadcrumb":{"@id":"https:\/\/preprod.cafesnovell.com\/ca\/producto\/pack-cafetera-smeg-auto-cafe\/#breadcrumb"},"inLanguage":"ca","potentialAction":[{"@type":"ReadAction","target":["https:\/\/preprod.cafesnovell.com\/ca\/producto\/pack-cafetera-smeg-auto-cafe\/"]}]},{"@type":"ImageObject","inLanguage":"ca","@id":"https:\/\/preprod.cafesnovell.com\/ca\/producto\/pack-cafetera-smeg-auto-cafe\/#primaryimage","url":"https:\/\/preprod.cafesnovell.com\/wp-content\/uploads\/2022\/12\/cafetera-auto-smeg-crema-6.jpg","contentUrl":"https:\/\/preprod.cafesnovell.com\/wp-content\/uploads\/2022\/12\/cafetera-auto-smeg-crema-6.jpg","width":600,"height":600},{"@type":"BreadcrumbList","@id":"https:\/\/preprod.cafesnovell.com\/ca\/producto\/pack-cafetera-smeg-auto-cafe\/#breadcrumb","itemListElement":[{"@type":"ListItem","position":1,"name":"Inici","item":"https:\/\/preprod.cafesnovell.com\/ca\/"},{"@type":"ListItem","position":2,"name":"Botiga","item":"https:\/\/preprod.cafesnovell.com\/ca\/botiga\/"},{"@type":"ListItem","position":3,"name":"Cafetera Smeg Superautom\u00e0tica + Degustaci\u00f3 de Caf\u00e8s"}]},{"@type":"WebSite","@id":"https:\/\/preprod.cafesnovell.com\/ca\/#website","url":"https:\/\/preprod.cafesnovell.com\/ca\/","name":"Caf\u00e8s Novell","description":"Organic Premium Coffee","potentialAction":[{"@type":"SearchAction","target":{"@type":"EntryPoint","urlTemplate":"https:\/\/preprod.cafesnovell.com\/ca\/?s={search_term_string}"},"query-input":{"@type":"PropertyValueSpecification","valueRequired":true,"valueName":"search_term_string"}}],"inLanguage":"ca"}]}},"df_price":719,"df_sale_price":719,"df_regular_price":794,"df_image_link":"https:\/\/preprod.cafesnovell.com\/wp-content\/uploads\/2022\/12\/cafetera-auto-smeg-crema-6-300x300.jpg","_links":{"self":[{"href":"https:\/\/preprod.cafesnovell.com\/ca\/wp-json\/wp\/v2\/product\/73174","targetHints":{"allow":["GET"]}}],"collection":[{"href":"https:\/\/preprod.cafesnovell.com\/ca\/wp-json\/wp\/v2\/product"}],"about":[{"href":"https:\/\/preprod.cafesnovell.com\/ca\/wp-json\/wp\/v2\/types\/product"}],"wp:featuredmedia":[{"embeddable":true,"href":"https:\/\/preprod.cafesnovell.com\/ca\/wp-json\/wp\/v2\/media\/72904"}],"wp:attachment":[{"href":"https:\/\/preprod.cafesnovell.com\/ca\/wp-json\/wp\/v2\/media?parent=73174"}],"wp:term":[{"taxonomy":"product_brand","embeddable":true,"href":"https:\/\/preprod.cafesnovell.com\/ca\/wp-json\/wp\/v2\/product_brand?post=73174"},{"taxonomy":"product_cat","embeddable":true,"href":"https:\/\/preprod.cafesnovell.com\/ca\/wp-json\/wp\/v2\/product_cat?post=73174"},{"taxonomy":"product_tag","embeddable":true,"href":"https:\/\/preprod.cafesnovell.com\/ca\/wp-json\/wp\/v2\/product_tag?post=73174"}],"curies":[{"name":"wp","href":"https:\/\/api.w.org\/{rel}","templated":true}]}}