{"id":84003,"date":"2023-11-17T11:03:19","date_gmt":"2023-11-17T10:03:19","guid":{"rendered":"https:\/\/cafesnovell.com\/?post_type=product&#038;p=84003"},"modified":"2023-11-28T23:00:16","modified_gmt":"2023-11-28T22:00:16","slug":"cafetera-krups-inissia-vermella","status":"publish","type":"product","link":"https:\/\/preprod.cafesnovell.com\/ca\/producto\/cafetera-krups-inissia-vermella\/","title":{"rendered":"Cafetera Krups Inissia Vermella"},"content":{"rendered":"","protected":false},"excerpt":{"rendered":"<p><span class=\"bold-product\">Com aconseguir la teva cafetera amb caf\u00e8 de regal?<br \/>\n<\/span>Aconsegueix la cafetera espresso autom\u00e0tica De&#8217;Longhi Essenza EN85L + 20\u20ac de CAF\u00c8 DE REGAL, i prepara un espresso de forma \u00e1gil i c\u00f2mode.<\/p>\n<p>Nom\u00e9s has de seguir 3 passes:<br \/>\n1. Comprar la teva cafetera De\u2019Longhi<br \/>\n2. Rebr\u00e0s un cup\u00f3 amb 20\u20ac per a gastar en caf\u00e8<br \/>\n3. Gasta el teu cup\u00f3 en les teves properes compres!<\/p>\n<p><span class=\"bold-product\">Propietats Principals:<br \/>\n<\/span>La cafetera De&#8217;Longhi Inissa \u00e9s perfecta per c\u00e0psules Novell Residu 0 de caf\u00e8 org\u00e0nic, 100% compostables.<br \/>\nGaudeix de les millors combinacions de caf\u00e8, de sabor intens i aut\u00e8ntic.<\/p>\n<ul>\n<li>Permet preparar dues grand\u00e0ries de tassa: Espresso (40 ml) i Llarg (110 ml).<\/li>\n<li>Bomba de 19 bars de pressi\u00f3.<\/li>\n<li>Temps d&#8217;escalfament 25 segons.<\/li>\n<li>Contenidor de c\u00e0psules per a 6 c\u00e0psules usades.<\/li>\n<li>Manera Eco despr\u00e9s de 3 minuts d&#8217;inactivitat.<\/li>\n<li>Classe energ\u00e8tica A-40%<\/li>\n<\/ul>\n<p style=\"text-align: left;\"><span class=\"bold-product\">Caracter\u00edstiques:<br \/>\n<\/span>Dimensions: 110x325x205<br \/>\nPes: 2,3 kg<br \/>\nPot\u00e8ncia: 1150 W<br \/>\nPressi\u00f3 (bar): 19. Proporciona la quantitat correcta de pressi\u00f3 i flux d&#8217;aigua segons el tipus de beguda seleccionada.<\/p>\n<p><em>Garantia oferida pel fabricant De&#8217;Longhi.<\/em><\/p>\n","protected":false},"featured_media":84024,"template":"","meta":{"_acf_changed":false},"product_brand":[],"product_cat":[131,1227],"product_tag":[],"class_list":{"0":"post-84003","1":"product","2":"type-product","3":"status-publish","4":"has-post-thumbnail","6":"product_cat-cafeteres","7":"product_cat-compatibles-capsules-nespresso","9":"first","10":"outofstock","11":"taxable","12":"shipping-taxable","13":"purchasable","14":"product-type-simple"},"bundled_by":[],"bundle_stock_status":"outofstock","bundle_stock_quantity":0,"bundle_virtual":false,"bundle_layout":"","bundle_add_to_cart_form_location":"","bundle_editable_in_cart":false,"bundle_sold_individually_context":"","bundle_item_grouping":"","bundle_min_size":"","bundle_max_size":"","bundle_price":[],"bundled_items":[],"bundle_sell_ids":[],"acf":[],"yoast_head":"<!-- This site is optimized with the Yoast SEO plugin v24.4 - https:\/\/yoast.com\/wordpress\/plugins\/seo\/ -->\n<title>Cafetera Krups Inissia Vermella - C\u00e0psules Novell Residuo 0<\/title>\n<meta name=\"description\" content=\"Aconsegueix la teva cafetera compatible con c\u00e0psules Nespresso\u00ae* de la marca Krups Inissia en color vermell.\" \/>\n<meta name=\"robots\" content=\"noindex, follow, max-snippet:-1, max-image-preview:large, max-video-preview:-1\" \/>\n<meta property=\"og:locale\" content=\"ca_ES\" \/>\n<meta property=\"og:type\" content=\"article\" \/>\n<meta property=\"og:title\" content=\"Cafetera Krups Inissia Vermella - C\u00e0psules Novell Residuo 0\" \/>\n<meta property=\"og:description\" content=\"Aconsegueix la teva cafetera compatible con c\u00e0psules Nespresso\u00ae* de la marca Krups Inissia en color vermell.\" \/>\n<meta property=\"og:url\" content=\"https:\/\/preprod.cafesnovell.com\/ca\/producto\/cafetera-krups-inissia-vermella\/\" \/>\n<meta property=\"og:site_name\" content=\"Caf\u00e8s Novell\" \/>\n<meta property=\"article:modified_time\" content=\"2023-11-28T22:00:16+00:00\" \/>\n<meta property=\"og:image\" content=\"https:\/\/preprod.cafesnovell.com\/wp-content\/uploads\/2023\/11\/krups-roja-xn1005-1.jpg\" \/>\n\t<meta property=\"og:image:width\" content=\"600\" \/>\n\t<meta property=\"og:image:height\" content=\"600\" \/>\n\t<meta property=\"og:image:type\" content=\"image\/jpeg\" \/>\n<meta name=\"twitter:card\" content=\"summary_large_image\" \/>\n<script type=\"application\/ld+json\" class=\"yoast-schema-graph\">{\"@context\":\"https:\/\/schema.org\",\"@graph\":[{\"@type\":\"WebPage\",\"@id\":\"https:\/\/preprod.cafesnovell.com\/ca\/producto\/cafetera-krups-inissia-vermella\/\",\"url\":\"https:\/\/preprod.cafesnovell.com\/ca\/producto\/cafetera-krups-inissia-vermella\/\",\"name\":\"Cafetera Krups Inissia Vermella - C\u00e0psules Novell Residuo 0\",\"isPartOf\":{\"@id\":\"https:\/\/preprod.cafesnovell.com\/ca\/#website\"},\"primaryImageOfPage\":{\"@id\":\"https:\/\/preprod.cafesnovell.com\/ca\/producto\/cafetera-krups-inissia-vermella\/#primaryimage\"},\"image\":{\"@id\":\"https:\/\/preprod.cafesnovell.com\/ca\/producto\/cafetera-krups-inissia-vermella\/#primaryimage\"},\"thumbnailUrl\":\"https:\/\/preprod.cafesnovell.com\/wp-content\/uploads\/2023\/11\/krups-roja-xn1005-1.jpg\",\"datePublished\":\"2023-11-17T10:03:19+00:00\",\"dateModified\":\"2023-11-28T22:00:16+00:00\",\"description\":\"Aconsegueix la teva cafetera compatible con c\u00e0psules Nespresso\u00ae* de la marca Krups Inissia en color vermell.\",\"breadcrumb\":{\"@id\":\"https:\/\/preprod.cafesnovell.com\/ca\/producto\/cafetera-krups-inissia-vermella\/#breadcrumb\"},\"inLanguage\":\"ca\",\"potentialAction\":[{\"@type\":\"ReadAction\",\"target\":[\"https:\/\/preprod.cafesnovell.com\/ca\/producto\/cafetera-krups-inissia-vermella\/\"]}]},{\"@type\":\"ImageObject\",\"inLanguage\":\"ca\",\"@id\":\"https:\/\/preprod.cafesnovell.com\/ca\/producto\/cafetera-krups-inissia-vermella\/#primaryimage\",\"url\":\"https:\/\/preprod.cafesnovell.com\/wp-content\/uploads\/2023\/11\/krups-roja-xn1005-1.jpg\",\"contentUrl\":\"https:\/\/preprod.cafesnovell.com\/wp-content\/uploads\/2023\/11\/krups-roja-xn1005-1.jpg\",\"width\":600,\"height\":600},{\"@type\":\"BreadcrumbList\",\"@id\":\"https:\/\/preprod.cafesnovell.com\/ca\/producto\/cafetera-krups-inissia-vermella\/#breadcrumb\",\"itemListElement\":[{\"@type\":\"ListItem\",\"position\":1,\"name\":\"Inici\",\"item\":\"https:\/\/preprod.cafesnovell.com\/ca\/\"},{\"@type\":\"ListItem\",\"position\":2,\"name\":\"Botiga\",\"item\":\"https:\/\/preprod.cafesnovell.com\/ca\/botiga\/\"},{\"@type\":\"ListItem\",\"position\":3,\"name\":\"Cafetera Krups Inissia Vermella\"}]},{\"@type\":\"WebSite\",\"@id\":\"https:\/\/preprod.cafesnovell.com\/ca\/#website\",\"url\":\"https:\/\/preprod.cafesnovell.com\/ca\/\",\"name\":\"Caf\u00e8s Novell\",\"description\":\"Organic Premium Coffee\",\"potentialAction\":[{\"@type\":\"SearchAction\",\"target\":{\"@type\":\"EntryPoint\",\"urlTemplate\":\"https:\/\/preprod.cafesnovell.com\/ca\/?s={search_term_string}\"},\"query-input\":{\"@type\":\"PropertyValueSpecification\",\"valueRequired\":true,\"valueName\":\"search_term_string\"}}],\"inLanguage\":\"ca\"}]}<\/script>\n<!-- \/ Yoast SEO plugin. -->","yoast_head_json":{"title":"Cafetera Krups Inissia Vermella - C\u00e0psules Novell Residuo 0","description":"Aconsegueix la teva cafetera compatible con c\u00e0psules Nespresso\u00ae* de la marca Krups Inissia en color vermell.","robots":{"index":"noindex","follow":"follow","max-snippet":"max-snippet:-1","max-image-preview":"max-image-preview:large","max-video-preview":"max-video-preview:-1"},"og_locale":"ca_ES","og_type":"article","og_title":"Cafetera Krups Inissia Vermella - C\u00e0psules Novell Residuo 0","og_description":"Aconsegueix la teva cafetera compatible con c\u00e0psules Nespresso\u00ae* de la marca Krups Inissia en color vermell.","og_url":"https:\/\/preprod.cafesnovell.com\/ca\/producto\/cafetera-krups-inissia-vermella\/","og_site_name":"Caf\u00e8s Novell","article_modified_time":"2023-11-28T22:00:16+00:00","og_image":[{"width":600,"height":600,"url":"https:\/\/preprod.cafesnovell.com\/wp-content\/uploads\/2023\/11\/krups-roja-xn1005-1.jpg","type":"image\/jpeg"}],"twitter_card":"summary_large_image","schema":{"@context":"https:\/\/schema.org","@graph":[{"@type":"WebPage","@id":"https:\/\/preprod.cafesnovell.com\/ca\/producto\/cafetera-krups-inissia-vermella\/","url":"https:\/\/preprod.cafesnovell.com\/ca\/producto\/cafetera-krups-inissia-vermella\/","name":"Cafetera Krups Inissia Vermella - C\u00e0psules Novell Residuo 0","isPartOf":{"@id":"https:\/\/preprod.cafesnovell.com\/ca\/#website"},"primaryImageOfPage":{"@id":"https:\/\/preprod.cafesnovell.com\/ca\/producto\/cafetera-krups-inissia-vermella\/#primaryimage"},"image":{"@id":"https:\/\/preprod.cafesnovell.com\/ca\/producto\/cafetera-krups-inissia-vermella\/#primaryimage"},"thumbnailUrl":"https:\/\/preprod.cafesnovell.com\/wp-content\/uploads\/2023\/11\/krups-roja-xn1005-1.jpg","datePublished":"2023-11-17T10:03:19+00:00","dateModified":"2023-11-28T22:00:16+00:00","description":"Aconsegueix la teva cafetera compatible con c\u00e0psules Nespresso\u00ae* de la marca Krups Inissia en color vermell.","breadcrumb":{"@id":"https:\/\/preprod.cafesnovell.com\/ca\/producto\/cafetera-krups-inissia-vermella\/#breadcrumb"},"inLanguage":"ca","potentialAction":[{"@type":"ReadAction","target":["https:\/\/preprod.cafesnovell.com\/ca\/producto\/cafetera-krups-inissia-vermella\/"]}]},{"@type":"ImageObject","inLanguage":"ca","@id":"https:\/\/preprod.cafesnovell.com\/ca\/producto\/cafetera-krups-inissia-vermella\/#primaryimage","url":"https:\/\/preprod.cafesnovell.com\/wp-content\/uploads\/2023\/11\/krups-roja-xn1005-1.jpg","contentUrl":"https:\/\/preprod.cafesnovell.com\/wp-content\/uploads\/2023\/11\/krups-roja-xn1005-1.jpg","width":600,"height":600},{"@type":"BreadcrumbList","@id":"https:\/\/preprod.cafesnovell.com\/ca\/producto\/cafetera-krups-inissia-vermella\/#breadcrumb","itemListElement":[{"@type":"ListItem","position":1,"name":"Inici","item":"https:\/\/preprod.cafesnovell.com\/ca\/"},{"@type":"ListItem","position":2,"name":"Botiga","item":"https:\/\/preprod.cafesnovell.com\/ca\/botiga\/"},{"@type":"ListItem","position":3,"name":"Cafetera Krups Inissia Vermella"}]},{"@type":"WebSite","@id":"https:\/\/preprod.cafesnovell.com\/ca\/#website","url":"https:\/\/preprod.cafesnovell.com\/ca\/","name":"Caf\u00e8s Novell","description":"Organic Premium Coffee","potentialAction":[{"@type":"SearchAction","target":{"@type":"EntryPoint","urlTemplate":"https:\/\/preprod.cafesnovell.com\/ca\/?s={search_term_string}"},"query-input":{"@type":"PropertyValueSpecification","valueRequired":true,"valueName":"search_term_string"}}],"inLanguage":"ca"}]}},"df_price":109.9,"df_sale_price":"","df_regular_price":109.9,"df_image_link":"https:\/\/preprod.cafesnovell.com\/wp-content\/uploads\/2023\/11\/krups-roja-xn1005-1-300x300.jpg","_links":{"self":[{"href":"https:\/\/preprod.cafesnovell.com\/ca\/wp-json\/wp\/v2\/product\/84003","targetHints":{"allow":["GET"]}}],"collection":[{"href":"https:\/\/preprod.cafesnovell.com\/ca\/wp-json\/wp\/v2\/product"}],"about":[{"href":"https:\/\/preprod.cafesnovell.com\/ca\/wp-json\/wp\/v2\/types\/product"}],"wp:featuredmedia":[{"embeddable":true,"href":"https:\/\/preprod.cafesnovell.com\/ca\/wp-json\/wp\/v2\/media\/84024"}],"wp:attachment":[{"href":"https:\/\/preprod.cafesnovell.com\/ca\/wp-json\/wp\/v2\/media?parent=84003"}],"wp:term":[{"taxonomy":"product_brand","embeddable":true,"href":"https:\/\/preprod.cafesnovell.com\/ca\/wp-json\/wp\/v2\/product_brand?post=84003"},{"taxonomy":"product_cat","embeddable":true,"href":"https:\/\/preprod.cafesnovell.com\/ca\/wp-json\/wp\/v2\/product_cat?post=84003"},{"taxonomy":"product_tag","embeddable":true,"href":"https:\/\/preprod.cafesnovell.com\/ca\/wp-json\/wp\/v2\/product_tag?post=84003"}],"curies":[{"name":"wp","href":"https:\/\/api.w.org\/{rel}","templated":true}]}}