{"id":84114,"date":"2023-11-18T09:53:23","date_gmt":"2023-11-18T08:53:23","guid":{"rendered":"https:\/\/cafesnovell.com\/?post_type=product&#038;p=84114"},"modified":"2023-11-18T10:26:20","modified_gmt":"2023-11-18T09:26:20","slug":"cafetera-superautomatica-delonghi-ecam22022gb","status":"publish","type":"product","link":"https:\/\/preprod.cafesnovell.com\/ca\/producto\/cafetera-superautomatica-delonghi-ecam22022gb\/","title":{"rendered":"Cafetera Superautom\u00e0tica De&#8217;Longhi Magnifica Start"},"content":{"rendered":"","protected":false},"excerpt":{"rendered":"","protected":false},"featured_media":84128,"template":"","meta":{"_acf_changed":false},"product_brand":[],"product_cat":[2538,131,1225],"product_tag":[],"class_list":{"0":"post-84114","1":"product","2":"type-product","3":"status-publish","4":"has-post-thumbnail","6":"product_cat-cafeteres-i-complements-en-promocio","7":"product_cat-cafeteres","8":"product_cat-cafeteres-superautomatiques","10":"first","11":"outofstock","12":"taxable","13":"shipping-taxable","14":"purchasable","15":"product-type-simple"},"bundled_by":[],"bundle_stock_status":"outofstock","bundle_stock_quantity":0,"bundle_virtual":false,"bundle_layout":"","bundle_add_to_cart_form_location":"","bundle_editable_in_cart":false,"bundle_sold_individually_context":"","bundle_item_grouping":"","bundle_min_size":"","bundle_max_size":"","bundle_price":[],"bundled_items":[],"bundle_sell_ids":[],"acf":[],"yoast_head":"<!-- This site is optimized with the Yoast SEO plugin v24.4 - https:\/\/yoast.com\/wordpress\/plugins\/seo\/ -->\n<title>Cafetera Superautom\u00e0tica De&#039;Longhi Magnifica Start<\/title>\n<meta name=\"description\" content=\"Gaudeix de la teva cafetera superautom\u00e0tica De&#039;Longhi Magnifica Start ECAM 220.22.GB i prepara&#039;t el caf\u00e8 cada mat\u00ed com un aut\u00e8ntic barista.\" \/>\n<meta name=\"robots\" content=\"noindex, follow, max-snippet:-1, max-image-preview:large, max-video-preview:-1\" \/>\n<meta property=\"og:locale\" content=\"ca_ES\" \/>\n<meta property=\"og:type\" content=\"article\" \/>\n<meta property=\"og:title\" content=\"Cafetera Superautom\u00e0tica De&#039;Longhi Magnifica Start\" \/>\n<meta property=\"og:description\" content=\"Gaudeix de la teva cafetera superautom\u00e0tica De&#039;Longhi Magnifica Start ECAM 220.22.GB i prepara&#039;t el caf\u00e8 cada mat\u00ed com un aut\u00e8ntic barista.\" \/>\n<meta property=\"og:url\" content=\"https:\/\/preprod.cafesnovell.com\/ca\/producto\/cafetera-superautomatica-delonghi-ecam22022gb\/\" \/>\n<meta property=\"og:site_name\" content=\"Caf\u00e8s Novell\" \/>\n<meta property=\"article:modified_time\" content=\"2023-11-18T09:26:20+00:00\" \/>\n<meta property=\"og:image\" content=\"https:\/\/preprod.cafesnovell.com\/wp-content\/uploads\/2023\/11\/delonghi-ecam22022gb-1.jpg\" \/>\n\t<meta property=\"og:image:width\" content=\"600\" \/>\n\t<meta property=\"og:image:height\" content=\"600\" \/>\n\t<meta property=\"og:image:type\" content=\"image\/jpeg\" \/>\n<meta name=\"twitter:card\" content=\"summary_large_image\" \/>\n<script type=\"application\/ld+json\" class=\"yoast-schema-graph\">{\"@context\":\"https:\/\/schema.org\",\"@graph\":[{\"@type\":\"WebPage\",\"@id\":\"https:\/\/preprod.cafesnovell.com\/ca\/producto\/cafetera-superautomatica-delonghi-ecam22022gb\/\",\"url\":\"https:\/\/preprod.cafesnovell.com\/ca\/producto\/cafetera-superautomatica-delonghi-ecam22022gb\/\",\"name\":\"Cafetera Superautom\u00e0tica De'Longhi Magnifica Start\",\"isPartOf\":{\"@id\":\"https:\/\/preprod.cafesnovell.com\/ca\/#website\"},\"primaryImageOfPage\":{\"@id\":\"https:\/\/preprod.cafesnovell.com\/ca\/producto\/cafetera-superautomatica-delonghi-ecam22022gb\/#primaryimage\"},\"image\":{\"@id\":\"https:\/\/preprod.cafesnovell.com\/ca\/producto\/cafetera-superautomatica-delonghi-ecam22022gb\/#primaryimage\"},\"thumbnailUrl\":\"https:\/\/preprod.cafesnovell.com\/wp-content\/uploads\/2023\/11\/delonghi-ecam22022gb-1.jpg\",\"datePublished\":\"2023-11-18T08:53:23+00:00\",\"dateModified\":\"2023-11-18T09:26:20+00:00\",\"description\":\"Gaudeix de la teva cafetera superautom\u00e0tica De'Longhi Magnifica Start ECAM 220.22.GB i prepara't el caf\u00e8 cada mat\u00ed com un aut\u00e8ntic barista.\",\"breadcrumb\":{\"@id\":\"https:\/\/preprod.cafesnovell.com\/ca\/producto\/cafetera-superautomatica-delonghi-ecam22022gb\/#breadcrumb\"},\"inLanguage\":\"ca\",\"potentialAction\":[{\"@type\":\"ReadAction\",\"target\":[\"https:\/\/preprod.cafesnovell.com\/ca\/producto\/cafetera-superautomatica-delonghi-ecam22022gb\/\"]}]},{\"@type\":\"ImageObject\",\"inLanguage\":\"ca\",\"@id\":\"https:\/\/preprod.cafesnovell.com\/ca\/producto\/cafetera-superautomatica-delonghi-ecam22022gb\/#primaryimage\",\"url\":\"https:\/\/preprod.cafesnovell.com\/wp-content\/uploads\/2023\/11\/delonghi-ecam22022gb-1.jpg\",\"contentUrl\":\"https:\/\/preprod.cafesnovell.com\/wp-content\/uploads\/2023\/11\/delonghi-ecam22022gb-1.jpg\",\"width\":600,\"height\":600},{\"@type\":\"BreadcrumbList\",\"@id\":\"https:\/\/preprod.cafesnovell.com\/ca\/producto\/cafetera-superautomatica-delonghi-ecam22022gb\/#breadcrumb\",\"itemListElement\":[{\"@type\":\"ListItem\",\"position\":1,\"name\":\"Inici\",\"item\":\"https:\/\/preprod.cafesnovell.com\/ca\/\"},{\"@type\":\"ListItem\",\"position\":2,\"name\":\"Botiga\",\"item\":\"https:\/\/preprod.cafesnovell.com\/ca\/botiga\/\"},{\"@type\":\"ListItem\",\"position\":3,\"name\":\"Cafetera Superautom\u00e0tica De&#8217;Longhi Magnifica Start\"}]},{\"@type\":\"WebSite\",\"@id\":\"https:\/\/preprod.cafesnovell.com\/ca\/#website\",\"url\":\"https:\/\/preprod.cafesnovell.com\/ca\/\",\"name\":\"Caf\u00e8s Novell\",\"description\":\"Organic Premium Coffee\",\"potentialAction\":[{\"@type\":\"SearchAction\",\"target\":{\"@type\":\"EntryPoint\",\"urlTemplate\":\"https:\/\/preprod.cafesnovell.com\/ca\/?s={search_term_string}\"},\"query-input\":{\"@type\":\"PropertyValueSpecification\",\"valueRequired\":true,\"valueName\":\"search_term_string\"}}],\"inLanguage\":\"ca\"}]}<\/script>\n<!-- \/ Yoast SEO plugin. -->","yoast_head_json":{"title":"Cafetera Superautom\u00e0tica De'Longhi Magnifica Start","description":"Gaudeix de la teva cafetera superautom\u00e0tica De'Longhi Magnifica Start ECAM 220.22.GB i prepara't el caf\u00e8 cada mat\u00ed com un aut\u00e8ntic barista.","robots":{"index":"noindex","follow":"follow","max-snippet":"max-snippet:-1","max-image-preview":"max-image-preview:large","max-video-preview":"max-video-preview:-1"},"og_locale":"ca_ES","og_type":"article","og_title":"Cafetera Superautom\u00e0tica De'Longhi Magnifica Start","og_description":"Gaudeix de la teva cafetera superautom\u00e0tica De'Longhi Magnifica Start ECAM 220.22.GB i prepara't el caf\u00e8 cada mat\u00ed com un aut\u00e8ntic barista.","og_url":"https:\/\/preprod.cafesnovell.com\/ca\/producto\/cafetera-superautomatica-delonghi-ecam22022gb\/","og_site_name":"Caf\u00e8s Novell","article_modified_time":"2023-11-18T09:26:20+00:00","og_image":[{"width":600,"height":600,"url":"https:\/\/preprod.cafesnovell.com\/wp-content\/uploads\/2023\/11\/delonghi-ecam22022gb-1.jpg","type":"image\/jpeg"}],"twitter_card":"summary_large_image","schema":{"@context":"https:\/\/schema.org","@graph":[{"@type":"WebPage","@id":"https:\/\/preprod.cafesnovell.com\/ca\/producto\/cafetera-superautomatica-delonghi-ecam22022gb\/","url":"https:\/\/preprod.cafesnovell.com\/ca\/producto\/cafetera-superautomatica-delonghi-ecam22022gb\/","name":"Cafetera Superautom\u00e0tica De'Longhi Magnifica Start","isPartOf":{"@id":"https:\/\/preprod.cafesnovell.com\/ca\/#website"},"primaryImageOfPage":{"@id":"https:\/\/preprod.cafesnovell.com\/ca\/producto\/cafetera-superautomatica-delonghi-ecam22022gb\/#primaryimage"},"image":{"@id":"https:\/\/preprod.cafesnovell.com\/ca\/producto\/cafetera-superautomatica-delonghi-ecam22022gb\/#primaryimage"},"thumbnailUrl":"https:\/\/preprod.cafesnovell.com\/wp-content\/uploads\/2023\/11\/delonghi-ecam22022gb-1.jpg","datePublished":"2023-11-18T08:53:23+00:00","dateModified":"2023-11-18T09:26:20+00:00","description":"Gaudeix de la teva cafetera superautom\u00e0tica De'Longhi Magnifica Start ECAM 220.22.GB i prepara't el caf\u00e8 cada mat\u00ed com un aut\u00e8ntic barista.","breadcrumb":{"@id":"https:\/\/preprod.cafesnovell.com\/ca\/producto\/cafetera-superautomatica-delonghi-ecam22022gb\/#breadcrumb"},"inLanguage":"ca","potentialAction":[{"@type":"ReadAction","target":["https:\/\/preprod.cafesnovell.com\/ca\/producto\/cafetera-superautomatica-delonghi-ecam22022gb\/"]}]},{"@type":"ImageObject","inLanguage":"ca","@id":"https:\/\/preprod.cafesnovell.com\/ca\/producto\/cafetera-superautomatica-delonghi-ecam22022gb\/#primaryimage","url":"https:\/\/preprod.cafesnovell.com\/wp-content\/uploads\/2023\/11\/delonghi-ecam22022gb-1.jpg","contentUrl":"https:\/\/preprod.cafesnovell.com\/wp-content\/uploads\/2023\/11\/delonghi-ecam22022gb-1.jpg","width":600,"height":600},{"@type":"BreadcrumbList","@id":"https:\/\/preprod.cafesnovell.com\/ca\/producto\/cafetera-superautomatica-delonghi-ecam22022gb\/#breadcrumb","itemListElement":[{"@type":"ListItem","position":1,"name":"Inici","item":"https:\/\/preprod.cafesnovell.com\/ca\/"},{"@type":"ListItem","position":2,"name":"Botiga","item":"https:\/\/preprod.cafesnovell.com\/ca\/botiga\/"},{"@type":"ListItem","position":3,"name":"Cafetera Superautom\u00e0tica De&#8217;Longhi Magnifica Start"}]},{"@type":"WebSite","@id":"https:\/\/preprod.cafesnovell.com\/ca\/#website","url":"https:\/\/preprod.cafesnovell.com\/ca\/","name":"Caf\u00e8s Novell","description":"Organic Premium Coffee","potentialAction":[{"@type":"SearchAction","target":{"@type":"EntryPoint","urlTemplate":"https:\/\/preprod.cafesnovell.com\/ca\/?s={search_term_string}"},"query-input":{"@type":"PropertyValueSpecification","valueRequired":true,"valueName":"search_term_string"}}],"inLanguage":"ca"}]}},"df_price":399,"df_sale_price":"","df_regular_price":399,"df_image_link":"https:\/\/preprod.cafesnovell.com\/wp-content\/uploads\/2023\/11\/delonghi-ecam22022gb-1-300x300.jpg","_links":{"self":[{"href":"https:\/\/preprod.cafesnovell.com\/ca\/wp-json\/wp\/v2\/product\/84114","targetHints":{"allow":["GET"]}}],"collection":[{"href":"https:\/\/preprod.cafesnovell.com\/ca\/wp-json\/wp\/v2\/product"}],"about":[{"href":"https:\/\/preprod.cafesnovell.com\/ca\/wp-json\/wp\/v2\/types\/product"}],"wp:featuredmedia":[{"embeddable":true,"href":"https:\/\/preprod.cafesnovell.com\/ca\/wp-json\/wp\/v2\/media\/84128"}],"wp:attachment":[{"href":"https:\/\/preprod.cafesnovell.com\/ca\/wp-json\/wp\/v2\/media?parent=84114"}],"wp:term":[{"taxonomy":"product_brand","embeddable":true,"href":"https:\/\/preprod.cafesnovell.com\/ca\/wp-json\/wp\/v2\/product_brand?post=84114"},{"taxonomy":"product_cat","embeddable":true,"href":"https:\/\/preprod.cafesnovell.com\/ca\/wp-json\/wp\/v2\/product_cat?post=84114"},{"taxonomy":"product_tag","embeddable":true,"href":"https:\/\/preprod.cafesnovell.com\/ca\/wp-json\/wp\/v2\/product_tag?post=84114"}],"curies":[{"name":"wp","href":"https:\/\/api.w.org\/{rel}","templated":true}]}}