{"id":84196,"date":"2023-11-19T20:23:52","date_gmt":"2023-11-19T19:32:22","guid":{"rendered":"https:\/\/cafesnovell.com\/?post_type=product&#038;p=84196"},"modified":"2023-11-28T23:00:39","modified_gmt":"2023-11-28T22:00:39","slug":"termo-fellow-carter-move","status":"publish","type":"product","link":"https:\/\/preprod.cafesnovell.com\/ca\/producto\/termo-fellow-carter-move\/","title":{"rendered":"Termo Fellow Carter Move"},"content":{"rendered":"","protected":false},"excerpt":{"rendered":"","protected":false},"featured_media":84193,"template":"","meta":{"_acf_changed":false},"product_brand":[],"product_cat":[2553,2538,125,1249],"product_tag":[],"class_list":{"0":"post-84196","1":"product","2":"type-product","3":"status-publish","4":"has-post-thumbnail","6":"product_cat-descomptes-en-cafeteres-i-complements","7":"product_cat-cafeteres-i-complements-en-promocio","8":"product_cat-complements","9":"product_cat-tasses-mugs-cafe","11":"first","12":"instock","13":"taxable","14":"shipping-taxable","15":"purchasable","16":"product-type-simple"},"bundled_by":[],"bundle_stock_status":"instock","bundle_stock_quantity":2,"bundle_virtual":false,"bundle_layout":"","bundle_add_to_cart_form_location":"","bundle_editable_in_cart":false,"bundle_sold_individually_context":"","bundle_item_grouping":"","bundle_min_size":"","bundle_max_size":"","bundle_price":[],"bundled_items":[],"bundle_sell_ids":[],"acf":[],"yoast_head":"<!-- This site is optimized with the Yoast SEO plugin v24.4 - https:\/\/yoast.com\/wordpress\/plugins\/seo\/ -->\n<title>Termo Fellow Carter Move<\/title>\n<meta name=\"description\" content=\"Tassa t\u00e8rmica take away especialment dissenyada per assaborir el caf\u00e8 amb tots els seus matissos all\u00e0 on vagis. Noved\u00f3s sistema anti-esquitxades.\" \/>\n<meta name=\"robots\" content=\"noindex, follow, max-snippet:-1, max-image-preview:large, max-video-preview:-1\" \/>\n<meta property=\"og:locale\" content=\"ca_ES\" \/>\n<meta property=\"og:type\" content=\"article\" \/>\n<meta property=\"og:title\" content=\"Termo Fellow Carter Move\" \/>\n<meta property=\"og:description\" content=\"Tassa t\u00e8rmica take away especialment dissenyada per assaborir el caf\u00e8 amb tots els seus matissos all\u00e0 on vagis. Noved\u00f3s sistema anti-esquitxades.\" \/>\n<meta property=\"og:url\" content=\"https:\/\/preprod.cafesnovell.com\/ca\/producto\/termo-fellow-carter-move\/\" \/>\n<meta property=\"og:site_name\" content=\"Caf\u00e8s Novell\" \/>\n<meta property=\"article:modified_time\" content=\"2023-11-28T22:00:39+00:00\" \/>\n<meta property=\"og:image\" content=\"https:\/\/preprod.cafesnovell.com\/wp-content\/uploads\/2023\/11\/fellow-carter-move-1.jpg\" \/>\n\t<meta property=\"og:image:width\" content=\"600\" \/>\n\t<meta property=\"og:image:height\" content=\"600\" \/>\n\t<meta property=\"og:image:type\" content=\"image\/jpeg\" \/>\n<meta name=\"twitter:card\" content=\"summary_large_image\" \/>\n<script type=\"application\/ld+json\" class=\"yoast-schema-graph\">{\"@context\":\"https:\/\/schema.org\",\"@graph\":[{\"@type\":\"WebPage\",\"@id\":\"https:\/\/preprod.cafesnovell.com\/ca\/producto\/termo-fellow-carter-move\/\",\"url\":\"https:\/\/preprod.cafesnovell.com\/ca\/producto\/termo-fellow-carter-move\/\",\"name\":\"Termo Fellow Carter Move\",\"isPartOf\":{\"@id\":\"https:\/\/preprod.cafesnovell.com\/ca\/#website\"},\"primaryImageOfPage\":{\"@id\":\"https:\/\/preprod.cafesnovell.com\/ca\/producto\/termo-fellow-carter-move\/#primaryimage\"},\"image\":{\"@id\":\"https:\/\/preprod.cafesnovell.com\/ca\/producto\/termo-fellow-carter-move\/#primaryimage\"},\"thumbnailUrl\":\"https:\/\/preprod.cafesnovell.com\/wp-content\/uploads\/2023\/11\/fellow-carter-move-1.jpg\",\"datePublished\":\"2023-11-19T19:32:22+00:00\",\"dateModified\":\"2023-11-28T22:00:39+00:00\",\"description\":\"Tassa t\u00e8rmica take away especialment dissenyada per assaborir el caf\u00e8 amb tots els seus matissos all\u00e0 on vagis. Noved\u00f3s sistema anti-esquitxades.\",\"breadcrumb\":{\"@id\":\"https:\/\/preprod.cafesnovell.com\/ca\/producto\/termo-fellow-carter-move\/#breadcrumb\"},\"inLanguage\":\"ca\",\"potentialAction\":[{\"@type\":\"ReadAction\",\"target\":[\"https:\/\/preprod.cafesnovell.com\/ca\/producto\/termo-fellow-carter-move\/\"]}]},{\"@type\":\"ImageObject\",\"inLanguage\":\"ca\",\"@id\":\"https:\/\/preprod.cafesnovell.com\/ca\/producto\/termo-fellow-carter-move\/#primaryimage\",\"url\":\"https:\/\/preprod.cafesnovell.com\/wp-content\/uploads\/2023\/11\/fellow-carter-move-1.jpg\",\"contentUrl\":\"https:\/\/preprod.cafesnovell.com\/wp-content\/uploads\/2023\/11\/fellow-carter-move-1.jpg\",\"width\":600,\"height\":600},{\"@type\":\"BreadcrumbList\",\"@id\":\"https:\/\/preprod.cafesnovell.com\/ca\/producto\/termo-fellow-carter-move\/#breadcrumb\",\"itemListElement\":[{\"@type\":\"ListItem\",\"position\":1,\"name\":\"Inici\",\"item\":\"https:\/\/preprod.cafesnovell.com\/ca\/\"},{\"@type\":\"ListItem\",\"position\":2,\"name\":\"Botiga\",\"item\":\"https:\/\/preprod.cafesnovell.com\/ca\/botiga\/\"},{\"@type\":\"ListItem\",\"position\":3,\"name\":\"Termo Fellow Carter Move\"}]},{\"@type\":\"WebSite\",\"@id\":\"https:\/\/preprod.cafesnovell.com\/ca\/#website\",\"url\":\"https:\/\/preprod.cafesnovell.com\/ca\/\",\"name\":\"Caf\u00e8s Novell\",\"description\":\"Organic Premium Coffee\",\"potentialAction\":[{\"@type\":\"SearchAction\",\"target\":{\"@type\":\"EntryPoint\",\"urlTemplate\":\"https:\/\/preprod.cafesnovell.com\/ca\/?s={search_term_string}\"},\"query-input\":{\"@type\":\"PropertyValueSpecification\",\"valueRequired\":true,\"valueName\":\"search_term_string\"}}],\"inLanguage\":\"ca\"}]}<\/script>\n<!-- \/ Yoast SEO plugin. -->","yoast_head_json":{"title":"Termo Fellow Carter Move","description":"Tassa t\u00e8rmica take away especialment dissenyada per assaborir el caf\u00e8 amb tots els seus matissos all\u00e0 on vagis. Noved\u00f3s sistema anti-esquitxades.","robots":{"index":"noindex","follow":"follow","max-snippet":"max-snippet:-1","max-image-preview":"max-image-preview:large","max-video-preview":"max-video-preview:-1"},"og_locale":"ca_ES","og_type":"article","og_title":"Termo Fellow Carter Move","og_description":"Tassa t\u00e8rmica take away especialment dissenyada per assaborir el caf\u00e8 amb tots els seus matissos all\u00e0 on vagis. Noved\u00f3s sistema anti-esquitxades.","og_url":"https:\/\/preprod.cafesnovell.com\/ca\/producto\/termo-fellow-carter-move\/","og_site_name":"Caf\u00e8s Novell","article_modified_time":"2023-11-28T22:00:39+00:00","og_image":[{"width":600,"height":600,"url":"https:\/\/preprod.cafesnovell.com\/wp-content\/uploads\/2023\/11\/fellow-carter-move-1.jpg","type":"image\/jpeg"}],"twitter_card":"summary_large_image","schema":{"@context":"https:\/\/schema.org","@graph":[{"@type":"WebPage","@id":"https:\/\/preprod.cafesnovell.com\/ca\/producto\/termo-fellow-carter-move\/","url":"https:\/\/preprod.cafesnovell.com\/ca\/producto\/termo-fellow-carter-move\/","name":"Termo Fellow Carter Move","isPartOf":{"@id":"https:\/\/preprod.cafesnovell.com\/ca\/#website"},"primaryImageOfPage":{"@id":"https:\/\/preprod.cafesnovell.com\/ca\/producto\/termo-fellow-carter-move\/#primaryimage"},"image":{"@id":"https:\/\/preprod.cafesnovell.com\/ca\/producto\/termo-fellow-carter-move\/#primaryimage"},"thumbnailUrl":"https:\/\/preprod.cafesnovell.com\/wp-content\/uploads\/2023\/11\/fellow-carter-move-1.jpg","datePublished":"2023-11-19T19:32:22+00:00","dateModified":"2023-11-28T22:00:39+00:00","description":"Tassa t\u00e8rmica take away especialment dissenyada per assaborir el caf\u00e8 amb tots els seus matissos all\u00e0 on vagis. Noved\u00f3s sistema anti-esquitxades.","breadcrumb":{"@id":"https:\/\/preprod.cafesnovell.com\/ca\/producto\/termo-fellow-carter-move\/#breadcrumb"},"inLanguage":"ca","potentialAction":[{"@type":"ReadAction","target":["https:\/\/preprod.cafesnovell.com\/ca\/producto\/termo-fellow-carter-move\/"]}]},{"@type":"ImageObject","inLanguage":"ca","@id":"https:\/\/preprod.cafesnovell.com\/ca\/producto\/termo-fellow-carter-move\/#primaryimage","url":"https:\/\/preprod.cafesnovell.com\/wp-content\/uploads\/2023\/11\/fellow-carter-move-1.jpg","contentUrl":"https:\/\/preprod.cafesnovell.com\/wp-content\/uploads\/2023\/11\/fellow-carter-move-1.jpg","width":600,"height":600},{"@type":"BreadcrumbList","@id":"https:\/\/preprod.cafesnovell.com\/ca\/producto\/termo-fellow-carter-move\/#breadcrumb","itemListElement":[{"@type":"ListItem","position":1,"name":"Inici","item":"https:\/\/preprod.cafesnovell.com\/ca\/"},{"@type":"ListItem","position":2,"name":"Botiga","item":"https:\/\/preprod.cafesnovell.com\/ca\/botiga\/"},{"@type":"ListItem","position":3,"name":"Termo Fellow Carter Move"}]},{"@type":"WebSite","@id":"https:\/\/preprod.cafesnovell.com\/ca\/#website","url":"https:\/\/preprod.cafesnovell.com\/ca\/","name":"Caf\u00e8s Novell","description":"Organic Premium Coffee","potentialAction":[{"@type":"SearchAction","target":{"@type":"EntryPoint","urlTemplate":"https:\/\/preprod.cafesnovell.com\/ca\/?s={search_term_string}"},"query-input":{"@type":"PropertyValueSpecification","valueRequired":true,"valueName":"search_term_string"}}],"inLanguage":"ca"}]}},"df_price":34.95,"df_sale_price":"","df_regular_price":34.95,"df_image_link":"https:\/\/preprod.cafesnovell.com\/wp-content\/uploads\/2023\/11\/fellow-carter-move-1-300x300.jpg","_links":{"self":[{"href":"https:\/\/preprod.cafesnovell.com\/ca\/wp-json\/wp\/v2\/product\/84196","targetHints":{"allow":["GET"]}}],"collection":[{"href":"https:\/\/preprod.cafesnovell.com\/ca\/wp-json\/wp\/v2\/product"}],"about":[{"href":"https:\/\/preprod.cafesnovell.com\/ca\/wp-json\/wp\/v2\/types\/product"}],"wp:featuredmedia":[{"embeddable":true,"href":"https:\/\/preprod.cafesnovell.com\/ca\/wp-json\/wp\/v2\/media\/84193"}],"wp:attachment":[{"href":"https:\/\/preprod.cafesnovell.com\/ca\/wp-json\/wp\/v2\/media?parent=84196"}],"wp:term":[{"taxonomy":"product_brand","embeddable":true,"href":"https:\/\/preprod.cafesnovell.com\/ca\/wp-json\/wp\/v2\/product_brand?post=84196"},{"taxonomy":"product_cat","embeddable":true,"href":"https:\/\/preprod.cafesnovell.com\/ca\/wp-json\/wp\/v2\/product_cat?post=84196"},{"taxonomy":"product_tag","embeddable":true,"href":"https:\/\/preprod.cafesnovell.com\/ca\/wp-json\/wp\/v2\/product_tag?post=84196"}],"curies":[{"name":"wp","href":"https:\/\/api.w.org\/{rel}","templated":true}]}}