{"id":85184,"date":"2023-12-05T11:43:02","date_gmt":"2023-12-05T10:43:03","guid":{"rendered":"https:\/\/cafesnovell.com\/?post_type=product&#038;p=85184"},"modified":"2023-12-14T15:29:41","modified_gmt":"2023-12-14T14:29:41","slug":"cafetera-chemex-classica-copia","status":"publish","type":"product","link":"https:\/\/preprod.cafesnovell.com\/ca\/producto\/cafetera-chemex-classica-copia\/","title":{"rendered":"Pack Cafetera Chemex + Caf\u00e8 M\u00f2lt d\u00b4especialitat"},"content":{"rendered":"","protected":false},"excerpt":{"rendered":"<p><span class=\"bold-product\">Propietats Principals:<\/span><br \/>\nConsiderat un objecte de culte dins el m\u00f3n del caf\u00e8, la seva eleg\u00e0ncia visual i simple funcionalitat es combinen per elaborar amb el m\u00e0xim control un caf\u00e8 de filtre d&#8217;exquisit resultat en nom\u00e9s 5 minuts. Disseny i funcionalitat s&#8217;uneixen en aquesta cafetera reconeguda internacionalment. Utilitzada per baristes professionals i amants del bon caf\u00e8.<\/p>\n<p><span class=\"bold-product\">Caracter\u00edstiques:<br \/>\n<\/span>Amb collar de fusta polida i lla\u00e7 de cuir.<br \/>\nSeleccionada per l&#8217;Institut de Tecnologia d&#8217;Illinois com un dels 100 productes millor dissenyats de l&#8217;era moderna.<br \/>\nCapacitat per 880 ml (6 tasses).<\/p>\n","protected":false},"featured_media":88384,"template":"","meta":{"_acf_changed":false},"product_brand":[],"product_cat":[1265,2506],"product_tag":[],"class_list":{"0":"post-85184","1":"product","2":"type-product","3":"status-publish","4":"has-post-thumbnail","6":"product_cat-idees-per-regalar","7":"product_cat-packs-regalo-cafeteras","9":"first","10":"instock","11":"taxable","12":"shipping-taxable","13":"purchasable","14":"product-type-bundle"},"bundled_by":[],"bundle_stock_status":"instock","bundle_stock_quantity":20,"bundle_virtual":false,"bundle_layout":"default","bundle_add_to_cart_form_location":"default","bundle_editable_in_cart":false,"bundle_sold_individually_context":"product","bundle_item_grouping":"parent","bundle_min_size":"","bundle_max_size":"","bundle_price":{"price":{"min":{"incl_tax":"53.4","excl_tax":"53.4"},"max":{"incl_tax":"53.4","excl_tax":"53.4"}},"regular_price":{"min":{"incl_tax":"53.4","excl_tax":"53.4"},"max":{"incl_tax":"53.4","excl_tax":"53.4"}}},"bundled_items":[{"bundled_item_id":350,"product_id":37411,"menu_order":0,"quantity_min":1,"quantity_max":1,"quantity_default":1,"priced_individually":false,"shipped_individually":false,"override_title":false,"title":"Cafetera Chemex Cl\u00e0ssica","override_description":false,"description":"Cafetera Chemex Cl\u00e0ssica","optional":false,"hide_thumbnail":false,"discount":"","override_variations":false,"allowed_variations":[""],"override_default_variation_attributes":false,"default_variation_attributes":[],"single_product_visibility":"hidden","cart_visibility":"visible","order_visibility":"visible","single_product_price_visibility":"visible","cart_price_visibility":"visible","order_price_visibility":"visible","stock_status":"in_stock"}],"bundle_sell_ids":[],"acf":[],"yoast_head":"<!-- This site is optimized with the Yoast SEO plugin v24.4 - https:\/\/yoast.com\/wordpress\/plugins\/seo\/ -->\n<title>Pack Cafetera Chemex + Caf\u00e8 M\u00f2lt d\u00b4especialitat<\/title>\n<meta name=\"description\" content=\"Considerat un objecte de culte en el m\u00f3n del caf\u00e8, la seva eleg\u00e0ncia visual i funcionalitat es combinen per a elaborar un caf\u00e8 exquisit.\" \/>\n<meta name=\"robots\" content=\"noindex, follow, max-snippet:-1, max-image-preview:large, max-video-preview:-1\" \/>\n<meta property=\"og:locale\" content=\"ca_ES\" \/>\n<meta property=\"og:type\" content=\"article\" \/>\n<meta property=\"og:title\" content=\"Pack Cafetera Chemex + Caf\u00e8 M\u00f2lt d\u00b4especialitat\" \/>\n<meta property=\"og:description\" content=\"Considerat un objecte de culte en el m\u00f3n del caf\u00e8, la seva eleg\u00e0ncia visual i funcionalitat es combinen per a elaborar un caf\u00e8 exquisit.\" \/>\n<meta property=\"og:url\" content=\"https:\/\/preprod.cafesnovell.com\/ca\/producto\/cafetera-chemex-classica-copia\/\" \/>\n<meta property=\"og:site_name\" content=\"Caf\u00e8s Novell\" \/>\n<meta property=\"article:modified_time\" content=\"2023-12-14T14:29:41+00:00\" \/>\n<meta property=\"og:image\" content=\"https:\/\/preprod.cafesnovell.com\/wp-content\/uploads\/2023\/12\/chemex-cafe.jpg\" \/>\n\t<meta property=\"og:image:width\" content=\"600\" \/>\n\t<meta property=\"og:image:height\" content=\"600\" \/>\n\t<meta property=\"og:image:type\" content=\"image\/jpeg\" \/>\n<meta name=\"twitter:card\" content=\"summary_large_image\" \/>\n<script type=\"application\/ld+json\" class=\"yoast-schema-graph\">{\"@context\":\"https:\/\/schema.org\",\"@graph\":[{\"@type\":\"WebPage\",\"@id\":\"https:\/\/preprod.cafesnovell.com\/ca\/producto\/cafetera-chemex-classica-copia\/\",\"url\":\"https:\/\/preprod.cafesnovell.com\/ca\/producto\/cafetera-chemex-classica-copia\/\",\"name\":\"Pack Cafetera Chemex + Caf\u00e8 M\u00f2lt d\u00b4especialitat\",\"isPartOf\":{\"@id\":\"https:\/\/preprod.cafesnovell.com\/ca\/#website\"},\"primaryImageOfPage\":{\"@id\":\"https:\/\/preprod.cafesnovell.com\/ca\/producto\/cafetera-chemex-classica-copia\/#primaryimage\"},\"image\":{\"@id\":\"https:\/\/preprod.cafesnovell.com\/ca\/producto\/cafetera-chemex-classica-copia\/#primaryimage\"},\"thumbnailUrl\":\"https:\/\/preprod.cafesnovell.com\/wp-content\/uploads\/2023\/12\/chemex-cafe-india.jpg\",\"datePublished\":\"2023-12-05T10:43:03+00:00\",\"dateModified\":\"2023-12-14T14:29:41+00:00\",\"description\":\"Considerat un objecte de culte en el m\u00f3n del caf\u00e8, la seva eleg\u00e0ncia visual i funcionalitat es combinen per a elaborar un caf\u00e8 exquisit.\",\"breadcrumb\":{\"@id\":\"https:\/\/preprod.cafesnovell.com\/ca\/producto\/cafetera-chemex-classica-copia\/#breadcrumb\"},\"inLanguage\":\"ca\",\"potentialAction\":[{\"@type\":\"ReadAction\",\"target\":[\"https:\/\/preprod.cafesnovell.com\/ca\/producto\/cafetera-chemex-classica-copia\/\"]}]},{\"@type\":\"ImageObject\",\"inLanguage\":\"ca\",\"@id\":\"https:\/\/preprod.cafesnovell.com\/ca\/producto\/cafetera-chemex-classica-copia\/#primaryimage\",\"url\":\"https:\/\/preprod.cafesnovell.com\/wp-content\/uploads\/2023\/12\/chemex-cafe-india.jpg\",\"contentUrl\":\"https:\/\/preprod.cafesnovell.com\/wp-content\/uploads\/2023\/12\/chemex-cafe-india.jpg\",\"width\":600,\"height\":600},{\"@type\":\"BreadcrumbList\",\"@id\":\"https:\/\/preprod.cafesnovell.com\/ca\/producto\/cafetera-chemex-classica-copia\/#breadcrumb\",\"itemListElement\":[{\"@type\":\"ListItem\",\"position\":1,\"name\":\"Inici\",\"item\":\"https:\/\/preprod.cafesnovell.com\/ca\/\"},{\"@type\":\"ListItem\",\"position\":2,\"name\":\"Botiga\",\"item\":\"https:\/\/preprod.cafesnovell.com\/ca\/botiga\/\"},{\"@type\":\"ListItem\",\"position\":3,\"name\":\"Pack Cafetera Chemex + Caf\u00e8 M\u00f2lt d\u00b4especialitat\"}]},{\"@type\":\"WebSite\",\"@id\":\"https:\/\/preprod.cafesnovell.com\/ca\/#website\",\"url\":\"https:\/\/preprod.cafesnovell.com\/ca\/\",\"name\":\"Caf\u00e8s Novell\",\"description\":\"Organic Premium Coffee\",\"potentialAction\":[{\"@type\":\"SearchAction\",\"target\":{\"@type\":\"EntryPoint\",\"urlTemplate\":\"https:\/\/preprod.cafesnovell.com\/ca\/?s={search_term_string}\"},\"query-input\":{\"@type\":\"PropertyValueSpecification\",\"valueRequired\":true,\"valueName\":\"search_term_string\"}}],\"inLanguage\":\"ca\"}]}<\/script>\n<!-- \/ Yoast SEO plugin. -->","yoast_head_json":{"title":"Pack Cafetera Chemex + Caf\u00e8 M\u00f2lt d\u00b4especialitat","description":"Considerat un objecte de culte en el m\u00f3n del caf\u00e8, la seva eleg\u00e0ncia visual i funcionalitat es combinen per a elaborar un caf\u00e8 exquisit.","robots":{"index":"noindex","follow":"follow","max-snippet":"max-snippet:-1","max-image-preview":"max-image-preview:large","max-video-preview":"max-video-preview:-1"},"og_locale":"ca_ES","og_type":"article","og_title":"Pack Cafetera Chemex + Caf\u00e8 M\u00f2lt d\u00b4especialitat","og_description":"Considerat un objecte de culte en el m\u00f3n del caf\u00e8, la seva eleg\u00e0ncia visual i funcionalitat es combinen per a elaborar un caf\u00e8 exquisit.","og_url":"https:\/\/preprod.cafesnovell.com\/ca\/producto\/cafetera-chemex-classica-copia\/","og_site_name":"Caf\u00e8s Novell","article_modified_time":"2023-12-14T14:29:41+00:00","og_image":[{"width":600,"height":600,"url":"https:\/\/preprod.cafesnovell.com\/wp-content\/uploads\/2023\/12\/chemex-cafe.jpg","type":"image\/jpeg"}],"twitter_card":"summary_large_image","schema":{"@context":"https:\/\/schema.org","@graph":[{"@type":"WebPage","@id":"https:\/\/preprod.cafesnovell.com\/ca\/producto\/cafetera-chemex-classica-copia\/","url":"https:\/\/preprod.cafesnovell.com\/ca\/producto\/cafetera-chemex-classica-copia\/","name":"Pack Cafetera Chemex + Caf\u00e8 M\u00f2lt d\u00b4especialitat","isPartOf":{"@id":"https:\/\/preprod.cafesnovell.com\/ca\/#website"},"primaryImageOfPage":{"@id":"https:\/\/preprod.cafesnovell.com\/ca\/producto\/cafetera-chemex-classica-copia\/#primaryimage"},"image":{"@id":"https:\/\/preprod.cafesnovell.com\/ca\/producto\/cafetera-chemex-classica-copia\/#primaryimage"},"thumbnailUrl":"https:\/\/preprod.cafesnovell.com\/wp-content\/uploads\/2023\/12\/chemex-cafe-india.jpg","datePublished":"2023-12-05T10:43:03+00:00","dateModified":"2023-12-14T14:29:41+00:00","description":"Considerat un objecte de culte en el m\u00f3n del caf\u00e8, la seva eleg\u00e0ncia visual i funcionalitat es combinen per a elaborar un caf\u00e8 exquisit.","breadcrumb":{"@id":"https:\/\/preprod.cafesnovell.com\/ca\/producto\/cafetera-chemex-classica-copia\/#breadcrumb"},"inLanguage":"ca","potentialAction":[{"@type":"ReadAction","target":["https:\/\/preprod.cafesnovell.com\/ca\/producto\/cafetera-chemex-classica-copia\/"]}]},{"@type":"ImageObject","inLanguage":"ca","@id":"https:\/\/preprod.cafesnovell.com\/ca\/producto\/cafetera-chemex-classica-copia\/#primaryimage","url":"https:\/\/preprod.cafesnovell.com\/wp-content\/uploads\/2023\/12\/chemex-cafe-india.jpg","contentUrl":"https:\/\/preprod.cafesnovell.com\/wp-content\/uploads\/2023\/12\/chemex-cafe-india.jpg","width":600,"height":600},{"@type":"BreadcrumbList","@id":"https:\/\/preprod.cafesnovell.com\/ca\/producto\/cafetera-chemex-classica-copia\/#breadcrumb","itemListElement":[{"@type":"ListItem","position":1,"name":"Inici","item":"https:\/\/preprod.cafesnovell.com\/ca\/"},{"@type":"ListItem","position":2,"name":"Botiga","item":"https:\/\/preprod.cafesnovell.com\/ca\/botiga\/"},{"@type":"ListItem","position":3,"name":"Pack Cafetera Chemex + Caf\u00e8 M\u00f2lt d\u00b4especialitat"}]},{"@type":"WebSite","@id":"https:\/\/preprod.cafesnovell.com\/ca\/#website","url":"https:\/\/preprod.cafesnovell.com\/ca\/","name":"Caf\u00e8s Novell","description":"Organic Premium Coffee","potentialAction":[{"@type":"SearchAction","target":{"@type":"EntryPoint","urlTemplate":"https:\/\/preprod.cafesnovell.com\/ca\/?s={search_term_string}"},"query-input":{"@type":"PropertyValueSpecification","valueRequired":true,"valueName":"search_term_string"}}],"inLanguage":"ca"}]}},"df_price":53.4,"df_sale_price":"","df_regular_price":53.4,"df_image_link":"https:\/\/preprod.cafesnovell.com\/wp-content\/uploads\/2023\/12\/chemex-cafe-india-300x300.jpg","_links":{"self":[{"href":"https:\/\/preprod.cafesnovell.com\/ca\/wp-json\/wp\/v2\/product\/85184","targetHints":{"allow":["GET"]}}],"collection":[{"href":"https:\/\/preprod.cafesnovell.com\/ca\/wp-json\/wp\/v2\/product"}],"about":[{"href":"https:\/\/preprod.cafesnovell.com\/ca\/wp-json\/wp\/v2\/types\/product"}],"wp:featuredmedia":[{"embeddable":true,"href":"https:\/\/preprod.cafesnovell.com\/ca\/wp-json\/wp\/v2\/media\/88384"}],"wp:attachment":[{"href":"https:\/\/preprod.cafesnovell.com\/ca\/wp-json\/wp\/v2\/media?parent=85184"}],"wp:term":[{"taxonomy":"product_brand","embeddable":true,"href":"https:\/\/preprod.cafesnovell.com\/ca\/wp-json\/wp\/v2\/product_brand?post=85184"},{"taxonomy":"product_cat","embeddable":true,"href":"https:\/\/preprod.cafesnovell.com\/ca\/wp-json\/wp\/v2\/product_cat?post=85184"},{"taxonomy":"product_tag","embeddable":true,"href":"https:\/\/preprod.cafesnovell.com\/ca\/wp-json\/wp\/v2\/product_tag?post=85184"}],"curies":[{"name":"wp","href":"https:\/\/api.w.org\/{rel}","templated":true}]}}