{"id":98867,"date":"2024-10-22T11:09:31","date_gmt":"2024-10-25T12:01:29","guid":{"rendered":"https:\/\/cafesnovell.com\/?post_type=product&#038;p=98867"},"modified":"2024-10-28T11:10:32","modified_gmt":"2024-10-28T10:10:32","slug":"cafe-molt-guatemala-250g","status":"publish","type":"product","link":"https:\/\/preprod.cafesnovell.com\/ca\/producto\/cafe-molt-guatemala-250g\/","title":{"rendered":"Caf\u00e8 M\u00f2lt &#8211; Guatemala (250g)"},"content":{"rendered":"","protected":false},"excerpt":{"rendered":"","protected":false},"featured_media":98213,"template":"","meta":{"_acf_changed":false},"product_brand":[],"product_cat":[116,123,2480],"product_tag":[],"class_list":{"0":"post-98867","1":"product","2":"type-product","3":"status-publish","4":"has-post-thumbnail","6":"product_cat-cafes-ca","7":"product_cat-molt","8":"product_cat-cafes-de-especialitat","10":"first","11":"instock","12":"taxable","13":"shipping-taxable","14":"purchasable","15":"product-type-simple"},"bundled_by":["101308"],"bundle_stock_status":"instock","bundle_stock_quantity":null,"bundle_virtual":false,"bundle_layout":"","bundle_add_to_cart_form_location":"","bundle_editable_in_cart":false,"bundle_sold_individually_context":"","bundle_item_grouping":"","bundle_min_size":"","bundle_max_size":"","bundle_price":[],"bundled_items":[],"bundle_sell_ids":[],"acf":[],"yoast_head":"<!-- This site is optimized with the Yoast SEO plugin v24.4 - https:\/\/yoast.com\/wordpress\/plugins\/seo\/ -->\n<title>Caf\u00e8 M\u00f2lt - Guatemala (250g) - Caf\u00e8s Novell<\/title>\n<meta name=\"robots\" content=\"noindex, follow, max-snippet:-1, max-image-preview:large, max-video-preview:-1\" \/>\n<meta property=\"og:locale\" content=\"ca_ES\" \/>\n<meta property=\"og:type\" content=\"article\" \/>\n<meta property=\"og:title\" content=\"Caf\u00e8 M\u00f2lt - Guatemala (250g) - Caf\u00e8s Novell\" \/>\n<meta property=\"og:url\" content=\"https:\/\/preprod.cafesnovell.com\/ca\/producto\/cafe-molt-guatemala-250g\/\" \/>\n<meta property=\"og:site_name\" content=\"Caf\u00e8s Novell\" \/>\n<meta property=\"article:modified_time\" content=\"2024-10-28T10:10:32+00:00\" \/>\n<meta property=\"og:image\" content=\"https:\/\/preprod.cafesnovell.com\/wp-content\/uploads\/2024\/10\/guatelema_molt-min.jpg\" \/>\n\t<meta property=\"og:image:width\" content=\"1120\" \/>\n\t<meta property=\"og:image:height\" content=\"1120\" \/>\n\t<meta property=\"og:image:type\" content=\"image\/jpeg\" \/>\n<meta name=\"twitter:card\" content=\"summary_large_image\" \/>\n<script type=\"application\/ld+json\" class=\"yoast-schema-graph\">{\"@context\":\"https:\/\/schema.org\",\"@graph\":[{\"@type\":\"WebPage\",\"@id\":\"https:\/\/preprod.cafesnovell.com\/ca\/producto\/cafe-molt-guatemala-250g\/\",\"url\":\"https:\/\/preprod.cafesnovell.com\/ca\/producto\/cafe-molt-guatemala-250g\/\",\"name\":\"Caf\u00e8 M\u00f2lt - Guatemala (250g) - Caf\u00e8s Novell\",\"isPartOf\":{\"@id\":\"https:\/\/preprod.cafesnovell.com\/ca\/#website\"},\"primaryImageOfPage\":{\"@id\":\"https:\/\/preprod.cafesnovell.com\/ca\/producto\/cafe-molt-guatemala-250g\/#primaryimage\"},\"image\":{\"@id\":\"https:\/\/preprod.cafesnovell.com\/ca\/producto\/cafe-molt-guatemala-250g\/#primaryimage\"},\"thumbnailUrl\":\"https:\/\/preprod.cafesnovell.com\/wp-content\/uploads\/2024\/10\/guatelema_molt-min.jpg\",\"datePublished\":\"2024-10-25T12:01:29+00:00\",\"dateModified\":\"2024-10-28T10:10:32+00:00\",\"breadcrumb\":{\"@id\":\"https:\/\/preprod.cafesnovell.com\/ca\/producto\/cafe-molt-guatemala-250g\/#breadcrumb\"},\"inLanguage\":\"ca\",\"potentialAction\":[{\"@type\":\"ReadAction\",\"target\":[\"https:\/\/preprod.cafesnovell.com\/ca\/producto\/cafe-molt-guatemala-250g\/\"]}]},{\"@type\":\"ImageObject\",\"inLanguage\":\"ca\",\"@id\":\"https:\/\/preprod.cafesnovell.com\/ca\/producto\/cafe-molt-guatemala-250g\/#primaryimage\",\"url\":\"https:\/\/preprod.cafesnovell.com\/wp-content\/uploads\/2024\/10\/guatelema_molt-min.jpg\",\"contentUrl\":\"https:\/\/preprod.cafesnovell.com\/wp-content\/uploads\/2024\/10\/guatelema_molt-min.jpg\",\"width\":1120,\"height\":1120},{\"@type\":\"BreadcrumbList\",\"@id\":\"https:\/\/preprod.cafesnovell.com\/ca\/producto\/cafe-molt-guatemala-250g\/#breadcrumb\",\"itemListElement\":[{\"@type\":\"ListItem\",\"position\":1,\"name\":\"Inici\",\"item\":\"https:\/\/preprod.cafesnovell.com\/ca\/\"},{\"@type\":\"ListItem\",\"position\":2,\"name\":\"Botiga\",\"item\":\"https:\/\/preprod.cafesnovell.com\/ca\/botiga\/\"},{\"@type\":\"ListItem\",\"position\":3,\"name\":\"Caf\u00e8 M\u00f2lt &#8211; Guatemala (250g)\"}]},{\"@type\":\"WebSite\",\"@id\":\"https:\/\/preprod.cafesnovell.com\/ca\/#website\",\"url\":\"https:\/\/preprod.cafesnovell.com\/ca\/\",\"name\":\"Caf\u00e8s Novell\",\"description\":\"Organic Premium Coffee\",\"potentialAction\":[{\"@type\":\"SearchAction\",\"target\":{\"@type\":\"EntryPoint\",\"urlTemplate\":\"https:\/\/preprod.cafesnovell.com\/ca\/?s={search_term_string}\"},\"query-input\":{\"@type\":\"PropertyValueSpecification\",\"valueRequired\":true,\"valueName\":\"search_term_string\"}}],\"inLanguage\":\"ca\"}]}<\/script>\n<!-- \/ Yoast SEO plugin. -->","yoast_head_json":{"title":"Caf\u00e8 M\u00f2lt - Guatemala (250g) - Caf\u00e8s Novell","robots":{"index":"noindex","follow":"follow","max-snippet":"max-snippet:-1","max-image-preview":"max-image-preview:large","max-video-preview":"max-video-preview:-1"},"og_locale":"ca_ES","og_type":"article","og_title":"Caf\u00e8 M\u00f2lt - Guatemala (250g) - Caf\u00e8s Novell","og_url":"https:\/\/preprod.cafesnovell.com\/ca\/producto\/cafe-molt-guatemala-250g\/","og_site_name":"Caf\u00e8s Novell","article_modified_time":"2024-10-28T10:10:32+00:00","og_image":[{"width":1120,"height":1120,"url":"https:\/\/preprod.cafesnovell.com\/wp-content\/uploads\/2024\/10\/guatelema_molt-min.jpg","type":"image\/jpeg"}],"twitter_card":"summary_large_image","schema":{"@context":"https:\/\/schema.org","@graph":[{"@type":"WebPage","@id":"https:\/\/preprod.cafesnovell.com\/ca\/producto\/cafe-molt-guatemala-250g\/","url":"https:\/\/preprod.cafesnovell.com\/ca\/producto\/cafe-molt-guatemala-250g\/","name":"Caf\u00e8 M\u00f2lt - Guatemala (250g) - Caf\u00e8s Novell","isPartOf":{"@id":"https:\/\/preprod.cafesnovell.com\/ca\/#website"},"primaryImageOfPage":{"@id":"https:\/\/preprod.cafesnovell.com\/ca\/producto\/cafe-molt-guatemala-250g\/#primaryimage"},"image":{"@id":"https:\/\/preprod.cafesnovell.com\/ca\/producto\/cafe-molt-guatemala-250g\/#primaryimage"},"thumbnailUrl":"https:\/\/preprod.cafesnovell.com\/wp-content\/uploads\/2024\/10\/guatelema_molt-min.jpg","datePublished":"2024-10-25T12:01:29+00:00","dateModified":"2024-10-28T10:10:32+00:00","breadcrumb":{"@id":"https:\/\/preprod.cafesnovell.com\/ca\/producto\/cafe-molt-guatemala-250g\/#breadcrumb"},"inLanguage":"ca","potentialAction":[{"@type":"ReadAction","target":["https:\/\/preprod.cafesnovell.com\/ca\/producto\/cafe-molt-guatemala-250g\/"]}]},{"@type":"ImageObject","inLanguage":"ca","@id":"https:\/\/preprod.cafesnovell.com\/ca\/producto\/cafe-molt-guatemala-250g\/#primaryimage","url":"https:\/\/preprod.cafesnovell.com\/wp-content\/uploads\/2024\/10\/guatelema_molt-min.jpg","contentUrl":"https:\/\/preprod.cafesnovell.com\/wp-content\/uploads\/2024\/10\/guatelema_molt-min.jpg","width":1120,"height":1120},{"@type":"BreadcrumbList","@id":"https:\/\/preprod.cafesnovell.com\/ca\/producto\/cafe-molt-guatemala-250g\/#breadcrumb","itemListElement":[{"@type":"ListItem","position":1,"name":"Inici","item":"https:\/\/preprod.cafesnovell.com\/ca\/"},{"@type":"ListItem","position":2,"name":"Botiga","item":"https:\/\/preprod.cafesnovell.com\/ca\/botiga\/"},{"@type":"ListItem","position":3,"name":"Caf\u00e8 M\u00f2lt &#8211; Guatemala (250g)"}]},{"@type":"WebSite","@id":"https:\/\/preprod.cafesnovell.com\/ca\/#website","url":"https:\/\/preprod.cafesnovell.com\/ca\/","name":"Caf\u00e8s Novell","description":"Organic Premium Coffee","potentialAction":[{"@type":"SearchAction","target":{"@type":"EntryPoint","urlTemplate":"https:\/\/preprod.cafesnovell.com\/ca\/?s={search_term_string}"},"query-input":{"@type":"PropertyValueSpecification","valueRequired":true,"valueName":"search_term_string"}}],"inLanguage":"ca"}]}},"df_price":4.8,"df_sale_price":"","df_regular_price":4.8,"df_image_link":"https:\/\/preprod.cafesnovell.com\/wp-content\/uploads\/2024\/10\/guatelema_molt-min-300x300.jpg","_links":{"self":[{"href":"https:\/\/preprod.cafesnovell.com\/ca\/wp-json\/wp\/v2\/product\/98867","targetHints":{"allow":["GET"]}}],"collection":[{"href":"https:\/\/preprod.cafesnovell.com\/ca\/wp-json\/wp\/v2\/product"}],"about":[{"href":"https:\/\/preprod.cafesnovell.com\/ca\/wp-json\/wp\/v2\/types\/product"}],"wp:featuredmedia":[{"embeddable":true,"href":"https:\/\/preprod.cafesnovell.com\/ca\/wp-json\/wp\/v2\/media\/98213"}],"wp:attachment":[{"href":"https:\/\/preprod.cafesnovell.com\/ca\/wp-json\/wp\/v2\/media?parent=98867"}],"wp:term":[{"taxonomy":"product_brand","embeddable":true,"href":"https:\/\/preprod.cafesnovell.com\/ca\/wp-json\/wp\/v2\/product_brand?post=98867"},{"taxonomy":"product_cat","embeddable":true,"href":"https:\/\/preprod.cafesnovell.com\/ca\/wp-json\/wp\/v2\/product_cat?post=98867"},{"taxonomy":"product_tag","embeddable":true,"href":"https:\/\/preprod.cafesnovell.com\/ca\/wp-json\/wp\/v2\/product_tag?post=98867"}],"curies":[{"name":"wp","href":"https:\/\/api.w.org\/{rel}","templated":true}]}}