{"id":32078,"date":"2019-10-02T14:18:21","date_gmt":"2020-01-21T11:40:47","guid":{"rendered":"https:\/\/cafesnovell.com\/eshop\/uncategorized\/green-mate\/"},"modified":"2020-04-23T11:28:08","modified_gmt":"2020-04-23T10:28:08","slug":"green-mate","status":"publish","type":"product","link":"https:\/\/preprod.cafesnovell.com\/en\/producto\/green-mate\/","title":{"rendered":"GREEN MATE (200g)"},"content":{"rendered":"<p><span class=\"bold-product\">Main properties:<\/span><br \/>\nA stimulating beverage known to eliminate fatigue<\/p>\n<p style=\"padding: 0px; margin: 0px 0px 0.9em 0px;\"><span class=\"bold-product\">Consumer recommendations:<\/span><br \/>\n<strong style=\"font-weight: bold;\"><span style=\"font-weight: normal;\">Perfect to kick start the day.<\/span><\/strong><\/p>\n<p style=\"padding: 0px; margin: 0px 0px 0.9em 0px;\"><span class=\"bold-product\">Origin and characteristics:<br \/>\n<\/span><strong style=\"font-weight: bold;\"><span style=\"font-weight: normal;\"><strong style=\"font-weight: bold;\"><span style=\"font-weight: normal;\">Dried leaves and trunk from the Ilex paraguariensis plant (yerba mate) from Argentina. A characteristic mature flavour, between sweet and bitter, it is an energy source for mind and body.<\/span><\/strong><\/span><\/strong><\/p>\n<p style=\"padding: 0px; margin: 0px 0px 0.9em 0px;\"><span class=\"bold-product\">Format:<span style=\"font-weight: normal;\"><br \/>\n<\/span><span style=\"font-weight: normal;\"><strong style=\"font-weight: bold;\"><span style=\"font-weight: normal;\">200gm bag.<\/span><\/strong><\/span><\/span><\/p>\n","protected":false},"excerpt":{"rendered":"<p>Dried leaves and trunk from the Ilex paraguariensis plant (yerba mate) from Argentina. An energy source for mind and body, it is a stimulating beverage known to eliminate fatigue. A characteristic mature flavour, between sweet and bitter.<\/p>\n","protected":false},"featured_media":5332,"template":"","meta":{"_acf_changed":false},"product_brand":[],"product_cat":[167,171],"product_tag":[],"class_list":{"0":"post-32078","1":"product","2":"type-product","3":"status-publish","4":"has-post-thumbnail","6":"product_cat-herbal-teas-and-infusions","7":"product_cat-loose-leaf","9":"first","10":"outofstock","11":"taxable","12":"shipping-taxable","13":"purchasable","14":"product-type-simple"},"bundled_by":[],"bundle_stock_status":"outofstock","bundle_stock_quantity":null,"bundle_virtual":false,"bundle_layout":"","bundle_add_to_cart_form_location":"","bundle_editable_in_cart":false,"bundle_sold_individually_context":"","bundle_item_grouping":"","bundle_min_size":"","bundle_max_size":"","bundle_price":[],"bundled_items":[],"bundle_sell_ids":[],"acf":[],"yoast_head":"<!-- This site is optimized with the Yoast SEO plugin v24.4 - https:\/\/yoast.com\/wordpress\/plugins\/seo\/ -->\n<title>GREEN MATE (200g) - Caf\u00e8s Novell<\/title>\n<meta name=\"description\" content=\"Bebida estimulante que elimina la fatiga. De caracter\u00edstico sabor maduro, entre dulce y amargo es una fuente energ\u00e9tica de la mente y el cuerpo.\" \/>\n<meta name=\"robots\" content=\"noindex, follow, max-snippet:-1, max-image-preview:large, max-video-preview:-1\" \/>\n<meta property=\"og:locale\" content=\"en_US\" \/>\n<meta property=\"og:type\" content=\"article\" \/>\n<meta property=\"og:title\" content=\"GREEN MATE (200g) - Caf\u00e8s Novell\" \/>\n<meta property=\"og:description\" content=\"Bebida estimulante que elimina la fatiga. De caracter\u00edstico sabor maduro, entre dulce y amargo es una fuente energ\u00e9tica de la mente y el cuerpo.\" \/>\n<meta property=\"og:url\" content=\"https:\/\/preprod.cafesnovell.com\/en\/producto\/green-mate\/\" \/>\n<meta property=\"og:site_name\" content=\"Caf\u00e8s Novell\" \/>\n<meta property=\"article:modified_time\" content=\"2020-04-23T10:28:08+00:00\" \/>\n<meta property=\"og:image\" content=\"https:\/\/preprod.cafesnovell.com\/wp-content\/uploads\/2019\/10\/0629.jpg\" \/>\n\t<meta property=\"og:image:width\" content=\"600\" \/>\n\t<meta property=\"og:image:height\" content=\"600\" \/>\n\t<meta property=\"og:image:type\" content=\"image\/jpeg\" \/>\n<meta name=\"twitter:card\" content=\"summary_large_image\" \/>\n<script type=\"application\/ld+json\" class=\"yoast-schema-graph\">{\"@context\":\"https:\/\/schema.org\",\"@graph\":[{\"@type\":\"WebPage\",\"@id\":\"https:\/\/preprod.cafesnovell.com\/en\/producto\/green-mate\/\",\"url\":\"https:\/\/preprod.cafesnovell.com\/en\/producto\/green-mate\/\",\"name\":\"GREEN MATE (200g) - Caf\u00e8s Novell\",\"isPartOf\":{\"@id\":\"https:\/\/preprod.cafesnovell.com\/en\/#website\"},\"primaryImageOfPage\":{\"@id\":\"https:\/\/preprod.cafesnovell.com\/en\/producto\/green-mate\/#primaryimage\"},\"image\":{\"@id\":\"https:\/\/preprod.cafesnovell.com\/en\/producto\/green-mate\/#primaryimage\"},\"thumbnailUrl\":\"https:\/\/preprod.cafesnovell.com\/wp-content\/uploads\/2019\/10\/0629.jpg\",\"datePublished\":\"2020-01-21T11:40:47+00:00\",\"dateModified\":\"2020-04-23T10:28:08+00:00\",\"description\":\"Bebida estimulante que elimina la fatiga. De caracter\u00edstico sabor maduro, entre dulce y amargo es una fuente energ\u00e9tica de la mente y el cuerpo.\",\"breadcrumb\":{\"@id\":\"https:\/\/preprod.cafesnovell.com\/en\/producto\/green-mate\/#breadcrumb\"},\"inLanguage\":\"en-US\",\"potentialAction\":[{\"@type\":\"ReadAction\",\"target\":[\"https:\/\/preprod.cafesnovell.com\/en\/producto\/green-mate\/\"]}]},{\"@type\":\"ImageObject\",\"inLanguage\":\"en-US\",\"@id\":\"https:\/\/preprod.cafesnovell.com\/en\/producto\/green-mate\/#primaryimage\",\"url\":\"https:\/\/preprod.cafesnovell.com\/wp-content\/uploads\/2019\/10\/0629.jpg\",\"contentUrl\":\"https:\/\/preprod.cafesnovell.com\/wp-content\/uploads\/2019\/10\/0629.jpg\",\"width\":600,\"height\":600,\"caption\":\"herbal & teas green mate\"},{\"@type\":\"BreadcrumbList\",\"@id\":\"https:\/\/preprod.cafesnovell.com\/en\/producto\/green-mate\/#breadcrumb\",\"itemListElement\":[{\"@type\":\"ListItem\",\"position\":1,\"name\":\"Home\",\"item\":\"https:\/\/preprod.cafesnovell.com\/en\/\"},{\"@type\":\"ListItem\",\"position\":2,\"name\":\"Shop\",\"item\":\"https:\/\/preprod.cafesnovell.com\/en\/shop\/\"},{\"@type\":\"ListItem\",\"position\":3,\"name\":\"GREEN MATE (200g)\"}]},{\"@type\":\"WebSite\",\"@id\":\"https:\/\/preprod.cafesnovell.com\/en\/#website\",\"url\":\"https:\/\/preprod.cafesnovell.com\/en\/\",\"name\":\"Caf\u00e8s Novell\",\"description\":\"Organic Premium Coffee\",\"potentialAction\":[{\"@type\":\"SearchAction\",\"target\":{\"@type\":\"EntryPoint\",\"urlTemplate\":\"https:\/\/preprod.cafesnovell.com\/en\/?s={search_term_string}\"},\"query-input\":{\"@type\":\"PropertyValueSpecification\",\"valueRequired\":true,\"valueName\":\"search_term_string\"}}],\"inLanguage\":\"en-US\"}]}<\/script>\n<!-- \/ Yoast SEO plugin. -->","yoast_head_json":{"title":"GREEN MATE (200g) - Caf\u00e8s Novell","description":"Bebida estimulante que elimina la fatiga. De caracter\u00edstico sabor maduro, entre dulce y amargo es una fuente energ\u00e9tica de la mente y el cuerpo.","robots":{"index":"noindex","follow":"follow","max-snippet":"max-snippet:-1","max-image-preview":"max-image-preview:large","max-video-preview":"max-video-preview:-1"},"og_locale":"en_US","og_type":"article","og_title":"GREEN MATE (200g) - Caf\u00e8s Novell","og_description":"Bebida estimulante que elimina la fatiga. De caracter\u00edstico sabor maduro, entre dulce y amargo es una fuente energ\u00e9tica de la mente y el cuerpo.","og_url":"https:\/\/preprod.cafesnovell.com\/en\/producto\/green-mate\/","og_site_name":"Caf\u00e8s Novell","article_modified_time":"2020-04-23T10:28:08+00:00","og_image":[{"width":600,"height":600,"url":"https:\/\/preprod.cafesnovell.com\/wp-content\/uploads\/2019\/10\/0629.jpg","type":"image\/jpeg"}],"twitter_card":"summary_large_image","schema":{"@context":"https:\/\/schema.org","@graph":[{"@type":"WebPage","@id":"https:\/\/preprod.cafesnovell.com\/en\/producto\/green-mate\/","url":"https:\/\/preprod.cafesnovell.com\/en\/producto\/green-mate\/","name":"GREEN MATE (200g) - Caf\u00e8s Novell","isPartOf":{"@id":"https:\/\/preprod.cafesnovell.com\/en\/#website"},"primaryImageOfPage":{"@id":"https:\/\/preprod.cafesnovell.com\/en\/producto\/green-mate\/#primaryimage"},"image":{"@id":"https:\/\/preprod.cafesnovell.com\/en\/producto\/green-mate\/#primaryimage"},"thumbnailUrl":"https:\/\/preprod.cafesnovell.com\/wp-content\/uploads\/2019\/10\/0629.jpg","datePublished":"2020-01-21T11:40:47+00:00","dateModified":"2020-04-23T10:28:08+00:00","description":"Bebida estimulante que elimina la fatiga. De caracter\u00edstico sabor maduro, entre dulce y amargo es una fuente energ\u00e9tica de la mente y el cuerpo.","breadcrumb":{"@id":"https:\/\/preprod.cafesnovell.com\/en\/producto\/green-mate\/#breadcrumb"},"inLanguage":"en-US","potentialAction":[{"@type":"ReadAction","target":["https:\/\/preprod.cafesnovell.com\/en\/producto\/green-mate\/"]}]},{"@type":"ImageObject","inLanguage":"en-US","@id":"https:\/\/preprod.cafesnovell.com\/en\/producto\/green-mate\/#primaryimage","url":"https:\/\/preprod.cafesnovell.com\/wp-content\/uploads\/2019\/10\/0629.jpg","contentUrl":"https:\/\/preprod.cafesnovell.com\/wp-content\/uploads\/2019\/10\/0629.jpg","width":600,"height":600,"caption":"herbal & teas green mate"},{"@type":"BreadcrumbList","@id":"https:\/\/preprod.cafesnovell.com\/en\/producto\/green-mate\/#breadcrumb","itemListElement":[{"@type":"ListItem","position":1,"name":"Home","item":"https:\/\/preprod.cafesnovell.com\/en\/"},{"@type":"ListItem","position":2,"name":"Shop","item":"https:\/\/preprod.cafesnovell.com\/en\/shop\/"},{"@type":"ListItem","position":3,"name":"GREEN MATE (200g)"}]},{"@type":"WebSite","@id":"https:\/\/preprod.cafesnovell.com\/en\/#website","url":"https:\/\/preprod.cafesnovell.com\/en\/","name":"Caf\u00e8s Novell","description":"Organic Premium Coffee","potentialAction":[{"@type":"SearchAction","target":{"@type":"EntryPoint","urlTemplate":"https:\/\/preprod.cafesnovell.com\/en\/?s={search_term_string}"},"query-input":{"@type":"PropertyValueSpecification","valueRequired":true,"valueName":"search_term_string"}}],"inLanguage":"en-US"}]}},"df_price":5.8,"df_sale_price":"","df_regular_price":5.8,"df_image_link":"https:\/\/preprod.cafesnovell.com\/wp-content\/uploads\/2019\/10\/0629-300x300.jpg","_links":{"self":[{"href":"https:\/\/preprod.cafesnovell.com\/en\/wp-json\/wp\/v2\/product\/32078","targetHints":{"allow":["GET"]}}],"collection":[{"href":"https:\/\/preprod.cafesnovell.com\/en\/wp-json\/wp\/v2\/product"}],"about":[{"href":"https:\/\/preprod.cafesnovell.com\/en\/wp-json\/wp\/v2\/types\/product"}],"wp:featuredmedia":[{"embeddable":true,"href":"https:\/\/preprod.cafesnovell.com\/en\/wp-json\/wp\/v2\/media\/5332"}],"wp:attachment":[{"href":"https:\/\/preprod.cafesnovell.com\/en\/wp-json\/wp\/v2\/media?parent=32078"}],"wp:term":[{"taxonomy":"product_brand","embeddable":true,"href":"https:\/\/preprod.cafesnovell.com\/en\/wp-json\/wp\/v2\/product_brand?post=32078"},{"taxonomy":"product_cat","embeddable":true,"href":"https:\/\/preprod.cafesnovell.com\/en\/wp-json\/wp\/v2\/product_cat?post=32078"},{"taxonomy":"product_tag","embeddable":true,"href":"https:\/\/preprod.cafesnovell.com\/en\/wp-json\/wp\/v2\/product_tag?post=32078"}],"curies":[{"name":"wp","href":"https:\/\/api.w.org\/{rel}","templated":true}]}}